{"id":522,"date":"2025-11-17T05:19:24","date_gmt":"2025-11-17T05:19:24","guid":{"rendered":"https:\/\/bestfitnessstore.com\/?post_type=product&#038;p=522"},"modified":"2025-11-17T05:19:24","modified_gmt":"2025-11-17T05:19:24","slug":"shua-x5-b6500e-elliptical-cross-trainer","status":"publish","type":"product","link":"https:\/\/bestfitnessstore.com\/fr\/product\/shua-x5-b6500e-elliptical-cross-trainer\/","title":{"rendered":"SHUA X5 B6500E Entra\u00eeneur elliptique Cross Trainer"},"content":{"rendered":"<div id=\"fullDescription\" class=\"full-description\">\n<div class=\"text-container\">\n<div id=\"fullDescription\" class=\"full-description\">\n<div class=\"text-container\">\n<div class=\"product-attribute-container-desktop desktop-only\">\n<div class=\"additional-attributes-wrapper table-wrapper\">\n<h4>INFORMATIONS SUR LES PRODUITS<\/h4>\n<div class=\"attributes-container\">\n<ul class=\"product-attributes-container\">\n<li><span class=\"specification-title\">Poids de l'emballage (KG) :\u00a0<\/span><span class=\"specification-data\">113.250000<\/span><\/li>\n<li><span class=\"specification-title\">M\u00e9thode d'alimentation :\u00a0<\/span><span class=\"specification-data\">\u00c9lectricit\u00e9 de r\u00e9seau<\/span><\/li>\n<li><span class=\"specification-title\">Position du volant :\u00a0<\/span><span class=\"specification-data\">Front<\/span><\/li>\n<li><span class=\"specification-title\">Longueur de la foul\u00e9e :\u00a0<\/span><span class=\"specification-data\">50.80<\/span><\/li>\n<li><span class=\"specification-title\">Poids maximal de l'utilisateur (kg) :\u00a0<\/span><span class=\"specification-data\">150,00 (Kg)<\/span><\/li>\n<\/ul>\n<ul class=\"product-attributes-container\">\n<li><span class=\"specification-title\">Poids du produit (KG) :\u00a0<\/span><span class=\"specification-data\">113<\/span><\/li>\n<li><span class=\"specification-title\">Roues de transport :\u00a0<\/span><span class=\"specification-data\">Oui<\/span><\/li>\n<li><span class=\"specification-title\">Poids du volant (KG) :\u00a0<\/span><span class=\"specification-data\">10<\/span><\/li>\n<li><span class=\"specification-title\">Surveillance de la fr\u00e9quence cardiaque :\u00a0<\/span><span class=\"specification-data\">Capteurs int\u00e9gr\u00e9s<\/span><\/li>\n<li><span class=\"specification-title\">Dimensions du produit (LxLxH) :\u00a0<\/span><span class=\"specification-data\">172,10 x 72,50 x 163,80 cm<\/span><\/li>\n<\/ul>\n<\/div>\n<\/div>\n<\/div>\n<div class=\"product-features\">\n<h4>CARACT\u00c9RISTIQUES SUPPL\u00c9MENTAIRES<\/h4>\n<div class=\"more-container\">\n<div class=\"unshow-text\">\n<ul class=\"product-features-container\">\n<li><span class=\"specification-title\">Console :<\/span>\u00a0<span class=\"specification-data\">LCD DE 7 POUCES<\/span><\/li>\n<li><span class=\"specification-title\">Volant moteur :<\/span>\u00a0<span class=\"specification-data\">Volant \u00e9lectromagn\u00e9tique bidirectionnel de 10 kg<\/span><\/li>\n<li><span class=\"specification-title\">Niveaux de r\u00e9sistance :<\/span>\u00a0<span class=\"specification-data\">24<\/span><\/li>\n<li><span class=\"specification-title\">Niveaux d'inclinaison :<\/span>\u00a0<span class=\"specification-data\">3 - 5\u00b0, 10\u00b0 et 15\u00b0.<\/span><\/li>\n<li><span class=\"specification-title\">P\u00e9dales surdimensionn\u00e9es :<\/span>\u00a0<span class=\"specification-data\">Ultra-large et rembourr\u00e9<\/span><\/li>\n<li><span class=\"specification-title\">Guidon :<\/span>\u00a0<span class=\"specification-data\">Capteurs de pouls de la main<\/span><\/li>\n<\/ul>\n<\/div>\n<\/div>\n<\/div>\n<div class=\"product-warranty\">\n<h4>GARANTIE<\/h4>\n<div class=\"text-container\"><strong>Usage domestique et commercial l\u00e9ger :<\/strong>\u00a03 ans pi\u00e8ces et main d'\u0153uvre pour un usage domestique, 1 an dans les environnements commerciaux l\u00e9gers. La garantie ne couvre pas les dommages ou les pannes dus \u00e0 un mauvais emplacement, y compris, mais sans s'y limiter, les environnements humides, poussi\u00e9reux ou ext\u00e9rieurs. Par exemple, les garages et les caves, etc.<\/div>\n<\/div>\n<div class=\"product-next-day\">\n<h4>LIVRAISON EXPRESS<\/h4>\n<div class=\"text-container\">Un grand nombre de nos produits sont livrables en express ou \u00e0 date fixe, ce qui signifie que vous pouvez recevoir votre produit d\u00e8s le lendemain ou \u00e0 la date qui vous convient. Veuillez v\u00e9rifier les options de livraison au moment du paiement pour conna\u00eetre les disponibilit\u00e9s pour votre panier et votre code postal. Les conditions de livraison s'appliquent.<\/div>\n<\/div>\n<\/div>\n<\/div>\n<\/div>\n<\/div>","protected":false},"excerpt":{"rendered":"<div id=\"fullDescription\" class=\"full-description\">\n<div class=\"text-container\">L'exerciseur elliptique SHUA X5 B6500E est \u00e9quip\u00e9 d'un volant \u00e9lectromagn\u00e9tique bidirectionnel de 10 kg qui, associ\u00e9 \u00e0 une longueur de foul\u00e9e naturelle de 20 pouces, garantit une exp\u00e9rience elliptique douce et confortable \u00e0 chaque pas. Il y a 24 niveaux de r\u00e9sistance \u00e9lectromagn\u00e9tique, avec des r\u00e9glages pr\u00e9cis et d\u00e9licats et une perte de friction nulle. L'intensit\u00e9 peut \u00eatre encore augment\u00e9e gr\u00e2ce aux r\u00e9glages manuels de l'inclinaison du B6500E. En utilisant la poign\u00e9e situ\u00e9e entre les p\u00e9dales, les utilisateurs peuvent r\u00e9gler la rampe \u00e0 5\u00b0, 10\u00b0 ou 15\u00b0 pour simuler un entra\u00eenement en c\u00f4te. L'\u00e9cran LCD de 7 pouces affiche toutes les mesures dont vous avez besoin, et b\u00e9n\u00e9ficie de haut-parleurs st\u00e9r\u00e9o int\u00e9gr\u00e9s et d'un grand ventilateur. Vous pouvez \u00e9galement choisir parmi une s\u00e9lection d'entra\u00eenements int\u00e9gr\u00e9s, ainsi qu'une option manuelle lorsque vous souhaitez simplement vous mettre en mouvement. Le guidon mobile fait travailler le haut du corps, tandis qu'une paire de poign\u00e9es statiques abrite des capteurs de pouls pour mesurer avec pr\u00e9cision la fr\u00e9quence cardiaque. Le B6500E est \u00e9quip\u00e9 de p\u00e9dales ultra-larges qui s'adaptent \u00e0 diff\u00e9rentes tailles de chaussures et d'une couche de coussin EVA qui r\u00e9duit l'impact sur les articulations.&nbsp;<\/p>\n<\/div>\n<\/div>\n<div class=\"product-attribute-container-desktop desktop-only\">\n<div class=\"additional-attributes-wrapper table-wrapper\"><\/div>\n<\/div>","protected":false},"featured_media":524,"comment_status":"open","ping_status":"closed","template":"","meta":{"site-sidebar-layout":"default","site-content-layout":"","ast-site-content-layout":"default","site-content-style":"default","site-sidebar-style":"default","ast-global-header-display":"","ast-banner-title-visibility":"","ast-main-header-display":"","ast-hfb-above-header-display":"","ast-hfb-below-header-display":"","ast-hfb-mobile-header-display":"","site-post-title":"","ast-breadcrumbs-content":"","ast-featured-img":"","footer-sml-layout":"","theme-transparent-header-meta":"default","adv-header-id-meta":"","stick-header-meta":"","header-above-stick-meta":"","header-main-stick-meta":"","header-below-stick-meta":"","astra-migrate-meta-layouts":"set","ast-page-background-enabled":"default","ast-page-background-meta":{"desktop":{"background-color":"var(--ast-global-color-5)","background-image":"","background-repeat":"repeat","background-position":"center center","background-size":"auto","background-attachment":"scroll","background-type":"","background-media":"","overlay-type":"","overlay-color":"","overlay-opacity":"","overlay-gradient":""},"tablet":{"background-color":"","background-image":"","background-repeat":"repeat","background-position":"center center","background-size":"auto","background-attachment":"scroll","background-type":"","background-media":"","overlay-type":"","overlay-color":"","overlay-opacity":"","overlay-gradient":""},"mobile":{"background-color":"","background-image":"","background-repeat":"repeat","background-position":"center center","background-size":"auto","background-attachment":"scroll","background-type":"","background-media":"","overlay-type":"","overlay-color":"","overlay-opacity":"","overlay-gradient":""}},"ast-content-background-meta":{"desktop":{"background-color":"var(--ast-global-color-4)","background-image":"","background-repeat":"repeat","background-position":"center center","background-size":"auto","background-attachment":"scroll","background-type":"","background-media":"","overlay-type":"","overlay-color":"","overlay-opacity":"","overlay-gradient":""},"tablet":{"background-color":"var(--ast-global-color-4)","background-image":"","background-repeat":"repeat","background-position":"center center","background-size":"auto","background-attachment":"scroll","background-type":"","background-media":"","overlay-type":"","overlay-color":"","overlay-opacity":"","overlay-gradient":""},"mobile":{"background-color":"var(--ast-global-color-4)","background-image":"","background-repeat":"repeat","background-position":"center center","background-size":"auto","background-attachment":"scroll","background-type":"","background-media":"","overlay-type":"","overlay-color":"","overlay-opacity":"","overlay-gradient":""}}},"product_brand":[],"product_cat":[18],"product_tag":[23],"class_list":{"0":"post-522","1":"product","2":"type-product","3":"status-publish","4":"has-post-thumbnail","6":"product_cat-cross-trainers","7":"product_tag-cross-trainers","8":"desktop-align-left","9":"tablet-align-left","10":"mobile-align-left","12":"first","13":"instock","14":"sale","15":"taxable","16":"shipping-taxable","17":"purchasable","18":"product-type-simple"},"_links":{"self":[{"href":"https:\/\/bestfitnessstore.com\/fr\/wp-json\/wp\/v2\/product\/522","targetHints":{"allow":["GET"]}}],"collection":[{"href":"https:\/\/bestfitnessstore.com\/fr\/wp-json\/wp\/v2\/product"}],"about":[{"href":"https:\/\/bestfitnessstore.com\/fr\/wp-json\/wp\/v2\/types\/product"}],"replies":[{"embeddable":true,"href":"https:\/\/bestfitnessstore.com\/fr\/wp-json\/wp\/v2\/comments?post=522"}],"wp:featuredmedia":[{"embeddable":true,"href":"https:\/\/bestfitnessstore.com\/fr\/wp-json\/wp\/v2\/media\/524"}],"wp:attachment":[{"href":"https:\/\/bestfitnessstore.com\/fr\/wp-json\/wp\/v2\/media?parent=522"}],"wp:term":[{"taxonomy":"product_brand","embeddable":true,"href":"https:\/\/bestfitnessstore.com\/fr\/wp-json\/wp\/v2\/product_brand?post=522"},{"taxonomy":"product_cat","embeddable":true,"href":"https:\/\/bestfitnessstore.com\/fr\/wp-json\/wp\/v2\/product_cat?post=522"},{"taxonomy":"product_tag","embeddable":true,"href":"https:\/\/bestfitnessstore.com\/fr\/wp-json\/wp\/v2\/product_tag?post=522"}],"curies":[{"name":"wp","href":"https:\/\/api.w.org\/{rel}","templated":true}]}}