{"id":518,"date":"2025-11-17T05:16:19","date_gmt":"2025-11-17T05:16:19","guid":{"rendered":"https:\/\/bestfitnessstore.com\/?post_type=product&#038;p=518"},"modified":"2025-11-17T05:16:19","modified_gmt":"2025-11-17T05:16:19","slug":"shua-v8-e800-elliptical-cross-trainer","status":"publish","type":"product","link":"https:\/\/bestfitnessstore.com\/fr\/product\/shua-v8-e800-elliptical-cross-trainer\/","title":{"rendered":"Cross Trainer elliptique SHUA V8 E800"},"content":{"rendered":"<div class=\"product-attribute-container-desktop desktop-only\">\n<div class=\"additional-attributes-wrapper table-wrapper\">\n<h4>INFORMATIONS SUR LES PRODUITS<\/h4>\n<div class=\"attributes-container\">\n<ul class=\"product-attributes-container\">\n<li><span class=\"specification-title\">Poids de l'emballage (KG) :\u00a0<\/span><span class=\"specification-data\">162.000000<\/span><\/li>\n<li><span class=\"specification-title\">M\u00e9thode d'alimentation :\u00a0<\/span><span class=\"specification-data\">Autoaliment\u00e9<\/span><\/li>\n<li><span class=\"specification-title\">Poids du volant (KG) :\u00a0<\/span><span class=\"specification-data\">12<\/span><\/li>\n<li><span class=\"specification-title\">Surveillance de la fr\u00e9quence cardiaque :\u00a0<\/span><span class=\"specification-data\">Capteurs int\u00e9gr\u00e9s<\/span><\/li>\n<li><span class=\"specification-title\">Programmes int\u00e9gr\u00e9s :\u00a0<\/span><span class=\"specification-data\">Watts constants, Intervalle, Br\u00fbler les graisses, Cardio<\/span><\/li>\n<li><span class=\"specification-title\">Dimensions de la bo\u00eete (LxLxH) :\u00a0<\/span><span class=\"specification-data\">200 x 66 x 101,50 cm<\/span><\/li>\n<\/ul>\n<ul class=\"product-attributes-container\">\n<li><span class=\"specification-title\">Poids du produit (KG) :\u00a0<\/span><span class=\"specification-data\">130<\/span><\/li>\n<li><span class=\"specification-title\">Position du volant :\u00a0<\/span><span class=\"specification-data\">Front<\/span><\/li>\n<li><span class=\"specification-title\">Longueur de la foul\u00e9e :\u00a0<\/span><span class=\"specification-data\">51<\/span><\/li>\n<li><span class=\"specification-title\">Poids maximal de l'utilisateur (kg) :\u00a0<\/span><span class=\"specification-data\">160.00 (Kg)<\/span><\/li>\n<li><span class=\"specification-title\">Dimensions du produit (LxLxH) :\u00a0<\/span><span class=\"specification-data\">190 x 86 x 177,70 cm<\/span><\/li>\n<\/ul>\n<\/div>\n<\/div>\n<\/div>\n<div class=\"product-features\">\n<h4>CARACT\u00c9RISTIQUES SUPPL\u00c9MENTAIRES<\/h4>\n<div class=\"more-container\">\n<div class=\"unshow-text\">\n<ul class=\"product-features-container\">\n<li><span class=\"specification-title\">Affichage :<\/span>\u00a0<span class=\"specification-data\">15\u201d LED<\/span><\/li>\n<li><span class=\"specification-title\">Syst\u00e8me d'entra\u00eenement SEEC :<\/span>\u00a0<span class=\"specification-data\">Auto-g\u00e9n\u00e9rateur<\/span><\/li>\n<li><span class=\"specification-title\">Niveaux de r\u00e9sistance :<\/span>\u00a0<span class=\"specification-data\">32<\/span><\/li>\n<li><span class=\"specification-title\">Guidon :<\/span>\u00a0<span class=\"specification-data\">Capteurs de pouls de la main ; contr\u00f4les de r\u00e9sistance int\u00e9gr\u00e9s<\/span><\/li>\n<li><span class=\"specification-title\">P\u00e9dales coussin\u00e9es :<\/span>\u00a0<span class=\"specification-data\">Con\u00e7u pour all\u00e9ger la pression sur les articulations<\/span><\/li>\n<\/ul>\n<\/div>\n<\/div>\n<\/div>\n<div class=\"product-warranty\">\n<h4>GARANTIE<\/h4>\n<div class=\"text-container\"><strong>Utilisation domestique et commerciale l\u00e9g\u00e8re\/compl\u00e8te :<\/strong>\u00a0Usage domestique : Cadre - dur\u00e9e de vie, pi\u00e8ces - 5 ans, moteurs - 10 ans, main-d'\u0153uvre - 3 ans. Usage commercial l\u00e9ger : Ch\u00e2ssis - 1 an, pi\u00e8ces - 1 an, moteurs - 1 an, main-d'\u0153uvre - 1 an. Si votre produit est destin\u00e9 \u00e0 \u00eatre utilis\u00e9 dans un environnement commercial complet, veuillez acheter l'extension de garantie SHUA pour un usage commercial complet afin de vous assurer que votre produit est couvert. Les environnements commerciaux l\u00e9gers sont consid\u00e9r\u00e9s comme des environnements \u00e0 faible utilisation o\u00f9 les machines et les \u00e9quipements sont utilis\u00e9s entre 3 et 5 heures par jour dans des environnements professionnels ou d'entreprise tels que les studios de t\u00e9l\u00e9vision, les gymnases d'entreprise, les \u00e9coles et les coll\u00e8ges (o\u00f9 seuls le personnel et les \u00e9tudiants ont acc\u00e8s). Les environnements enti\u00e8rement commerciaux sont consid\u00e9r\u00e9s comme des lieux o\u00f9 l'utilisation est beaucoup plus importante et o\u00f9 l'\u00e9quipement est utilis\u00e9 plus de 5 heures par jour. Par exemple, les grandes salles de sport d'entreprise, les salles de sport des universit\u00e9s, des coll\u00e8ges et des \u00e9coles (o\u00f9 l'acc\u00e8s est ouvert au public) et les salles de sport des h\u00f4tels avec des membres externes.<\/div>\n<\/div>","protected":false},"excerpt":{"rendered":"<div id=\"fullDescription\" class=\"full-description\">\n<div class=\"text-container\">Appareil robuste, le SHUA E800 Elliptical Cross Trainer excelle dans les salles de sport commerciales. Il est dot\u00e9 d'un syst\u00e8me d'entra\u00eenement SEEC qui g\u00e9n\u00e8re deux fois plus de puissance gr\u00e2ce aux seuls mouvements de l'utilisateur, ce qui signifie qu'il n'est pas n\u00e9cessaire de trouver un endroit o\u00f9 brancher l'appareil. Quatre rails en alliage d'aluminium assurent un mouvement de marche fluide, avec une roue d'inertie avant de 12 kg et un espacement optimis\u00e9 entre les p\u00e9dales. Les p\u00e9dales sont \u00e9galement dot\u00e9es d'une couche d'amortissement en EVA con\u00e7ue pour r\u00e9duire la pression sur les articulations et limiter les risques de blessure. Le syst\u00e8me de r\u00e9sistance magn\u00e9tique de l'E800 offre 32 r\u00e9glages diff\u00e9rents, adapt\u00e9s \u00e0 une grande vari\u00e9t\u00e9 d'intensit\u00e9s d'entra\u00eenement. La r\u00e9sistance peut \u00eatre r\u00e9gl\u00e9e \u00e0 l'aide des commandes situ\u00e9es sur les poign\u00e9es statiques, qui int\u00e8grent \u00e9galement des capteurs de pouls pour la surveillance de la fr\u00e9quence cardiaque. L'E800 est \u00e9galement dot\u00e9 d'un guidon mobile qui offre plusieurs positions de pr\u00e9hension pour solliciter le haut du corps. Un \u00e9cran LED de 15 pouces permet aux utilisateurs de visualiser leur temps, leur distance et d'autres statistiques. Il permet \u00e9galement d'acc\u00e9der rapidement \u00e0 une s\u00e9rie de programmes d'entra\u00eenement pr\u00e9d\u00e9finis, notamment le mode Watt constant, le mode Intervalle, le mode Br\u00fbleur de graisse et le mode Cardio. La console dispose \u00e9galement de boutons de raccourci de r\u00e9sistance pour des changements plus rapides en cours d'entra\u00eenement.&nbsp;<\/p>\n<\/div>\n<\/div>\n<div class=\"product-attribute-container-desktop desktop-only\">\n<div class=\"additional-attributes-wrapper table-wrapper\"><\/div>\n<\/div>","protected":false},"featured_media":520,"comment_status":"open","ping_status":"closed","template":"","meta":{"site-sidebar-layout":"default","site-content-layout":"","ast-site-content-layout":"default","site-content-style":"default","site-sidebar-style":"default","ast-global-header-display":"","ast-banner-title-visibility":"","ast-main-header-display":"","ast-hfb-above-header-display":"","ast-hfb-below-header-display":"","ast-hfb-mobile-header-display":"","site-post-title":"","ast-breadcrumbs-content":"","ast-featured-img":"","footer-sml-layout":"","theme-transparent-header-meta":"default","adv-header-id-meta":"","stick-header-meta":"","header-above-stick-meta":"","header-main-stick-meta":"","header-below-stick-meta":"","astra-migrate-meta-layouts":"set","ast-page-background-enabled":"default","ast-page-background-meta":{"desktop":{"background-color":"var(--ast-global-color-5)","background-image":"","background-repeat":"repeat","background-position":"center center","background-size":"auto","background-attachment":"scroll","background-type":"","background-media":"","overlay-type":"","overlay-color":"","overlay-opacity":"","overlay-gradient":""},"tablet":{"background-color":"","background-image":"","background-repeat":"repeat","background-position":"center center","background-size":"auto","background-attachment":"scroll","background-type":"","background-media":"","overlay-type":"","overlay-color":"","overlay-opacity":"","overlay-gradient":""},"mobile":{"background-color":"","background-image":"","background-repeat":"repeat","background-position":"center center","background-size":"auto","background-attachment":"scroll","background-type":"","background-media":"","overlay-type":"","overlay-color":"","overlay-opacity":"","overlay-gradient":""}},"ast-content-background-meta":{"desktop":{"background-color":"var(--ast-global-color-4)","background-image":"","background-repeat":"repeat","background-position":"center center","background-size":"auto","background-attachment":"scroll","background-type":"","background-media":"","overlay-type":"","overlay-color":"","overlay-opacity":"","overlay-gradient":""},"tablet":{"background-color":"var(--ast-global-color-4)","background-image":"","background-repeat":"repeat","background-position":"center center","background-size":"auto","background-attachment":"scroll","background-type":"","background-media":"","overlay-type":"","overlay-color":"","overlay-opacity":"","overlay-gradient":""},"mobile":{"background-color":"var(--ast-global-color-4)","background-image":"","background-repeat":"repeat","background-position":"center center","background-size":"auto","background-attachment":"scroll","background-type":"","background-media":"","overlay-type":"","overlay-color":"","overlay-opacity":"","overlay-gradient":""}}},"product_brand":[],"product_cat":[18],"product_tag":[23],"class_list":{"0":"post-518","1":"product","2":"type-product","3":"status-publish","4":"has-post-thumbnail","6":"product_cat-cross-trainers","7":"product_tag-cross-trainers","8":"desktop-align-left","9":"tablet-align-left","10":"mobile-align-left","12":"first","13":"instock","14":"sale","15":"taxable","16":"shipping-taxable","17":"purchasable","18":"product-type-simple"},"_links":{"self":[{"href":"https:\/\/bestfitnessstore.com\/fr\/wp-json\/wp\/v2\/product\/518","targetHints":{"allow":["GET"]}}],"collection":[{"href":"https:\/\/bestfitnessstore.com\/fr\/wp-json\/wp\/v2\/product"}],"about":[{"href":"https:\/\/bestfitnessstore.com\/fr\/wp-json\/wp\/v2\/types\/product"}],"replies":[{"embeddable":true,"href":"https:\/\/bestfitnessstore.com\/fr\/wp-json\/wp\/v2\/comments?post=518"}],"wp:featuredmedia":[{"embeddable":true,"href":"https:\/\/bestfitnessstore.com\/fr\/wp-json\/wp\/v2\/media\/520"}],"wp:attachment":[{"href":"https:\/\/bestfitnessstore.com\/fr\/wp-json\/wp\/v2\/media?parent=518"}],"wp:term":[{"taxonomy":"product_brand","embeddable":true,"href":"https:\/\/bestfitnessstore.com\/fr\/wp-json\/wp\/v2\/product_brand?post=518"},{"taxonomy":"product_cat","embeddable":true,"href":"https:\/\/bestfitnessstore.com\/fr\/wp-json\/wp\/v2\/product_cat?post=518"},{"taxonomy":"product_tag","embeddable":true,"href":"https:\/\/bestfitnessstore.com\/fr\/wp-json\/wp\/v2\/product_tag?post=518"}],"curies":[{"name":"wp","href":"https:\/\/api.w.org\/{rel}","templated":true}]}}