{"id":505,"date":"2025-11-17T05:06:54","date_gmt":"2025-11-17T05:06:54","guid":{"rendered":"https:\/\/bestfitnessstore.com\/?post_type=product&#038;p=505"},"modified":"2025-11-17T05:06:54","modified_gmt":"2025-11-17T05:06:54","slug":"proform-sport-elliptical-cross-trainer","status":"publish","type":"product","link":"https:\/\/bestfitnessstore.com\/fr\/product\/proform-sport-elliptical-cross-trainer\/","title":{"rendered":"ProForm Sport Elliptical Cross Trainer"},"content":{"rendered":"<div class=\"product-attribute-container-desktop desktop-only\">\n<div class=\"additional-attributes-wrapper table-wrapper\">\n<h4>INFORMATIONS SUR LES PRODUITS<\/h4>\n<div class=\"attributes-container\">\n<ul class=\"product-attributes-container\">\n<li><span class=\"specification-title\">Poids de l'emballage (KG) :\u00a0<\/span><span class=\"specification-data\">62.000000<\/span><\/li>\n<li><span class=\"specification-title\">Int\u00e9gration des applications :\u00a0<\/span><span class=\"specification-data\">iFIT<\/span><\/li>\n<li><span class=\"specification-title\">Roues de transport :\u00a0<\/span><span class=\"specification-data\">Oui<\/span><\/li>\n<li><span class=\"specification-title\">Longueur de la foul\u00e9e :\u00a0<\/span><span class=\"specification-data\">40.60<\/span><\/li>\n<li><span class=\"specification-title\">Dimensions du produit (LxLxH) :\u00a0<\/span><span class=\"specification-data\">150,10 x 64,80 x 156 cm<\/span><\/li>\n<\/ul>\n<ul class=\"product-attributes-container\">\n<li><span class=\"specification-title\">M\u00e9thode d'alimentation :\u00a0<\/span><span class=\"specification-data\">\u00c9lectricit\u00e9 de r\u00e9seau<\/span><\/li>\n<li><span class=\"specification-title\">Support de tablette :\u00a0<\/span><span class=\"specification-data\">Oui<\/span><\/li>\n<li><span class=\"specification-title\">Position du volant :\u00a0<\/span><span class=\"specification-data\">Arri\u00e8re<\/span><\/li>\n<li><span class=\"specification-title\">Poids maximal de l'utilisateur (kg) :\u00a0<\/span><span class=\"specification-data\">113,00 (Kg)<\/span><\/li>\n<li><span class=\"specification-title\">Dimensions de la bo\u00eete (LxLxH) :\u00a0<\/span><span class=\"specification-data\">135 x 39 x 66 cm<\/span><\/li>\n<\/ul>\n<\/div>\n<\/div>\n<\/div>\n<div class=\"product-features\">\n<h4>CARACT\u00c9RISTIQUES SUPPL\u00c9MENTAIRES<\/h4>\n<div class=\"more-container\">\n<div class=\"unshow-text\">\n<ul class=\"product-features-container\">\n<li><span class=\"specification-title\">Affichage :<\/span>\u00a0<span class=\"specification-data\">\u00c9cran LCD de 5 pouces. La tablette\/le t\u00e9l\u00e9phone intelligent illustr\u00e9(e) n'est pas inclus(e).<\/span><\/li>\n<li><span class=\"specification-title\">R\u00e9sistance magn\u00e9tique silencieuse\u2122 :<\/span>\u00a0<span class=\"specification-data\">Changements en douceur et sans friction<\/span><\/li>\n<li><span class=\"specification-title\">Niveaux de r\u00e9sistance :<\/span>\u00a0<span class=\"specification-data\">20<\/span><\/li>\n<li><span class=\"specification-title\">P\u00e9dales :<\/span>\u00a0<span class=\"specification-data\">P\u00e9dales surdimensionn\u00e9es et amorties<\/span><\/li>\n<li><span class=\"specification-title\">IFIT :<\/span>\u00a0<span class=\"specification-data\">Acc\u00e9dez \u00e0 plus de 10 000 s\u00e9ances d'entra\u00eenement et \u00e0 des fonctions intelligentes pour une exp\u00e9rience personnalis\u00e9e. Adh\u00e9sion \u00e0 iFIT Train requise.<\/span><\/li>\n<li><span class=\"specification-title\">Boutons de r\u00e9sistance :<\/span>\u00a0<span class=\"specification-data\">Modifier rapidement l'intensit\u00e9<\/span><\/li>\n<li><span class=\"specification-title\">\u00c9tag\u00e8re de l'appareil :<\/span>\u00a0<span class=\"specification-data\">Connectez votre appareil et placez-le sur l'\u00e9tag\u00e8re<\/span><\/li>\n<li><span class=\"specification-title\">Port USB-C :<\/span>\u00a0<span class=\"specification-data\">Gardez votre t\u00e9l\u00e9phone ou votre tablette bien charg\u00e9(e) pendant l'entra\u00eenement<\/span><\/li>\n<li><span class=\"specification-title\">Essai de l'IFIT :<\/span>\u00a0<span class=\"specification-data\">Essai de 30 jours de iFIT Train inclus. Carte de cr\u00e9dit requise pour l'activation. L'adh\u00e9sion \u00e0 iFIT Train se renouvelle automatiquement \u00e0 moins qu'elle ne soit annul\u00e9e \u00e0 l'avance. La p\u00e9riode d'essai de 30 jours ne s'applique qu'aux nouvelles adh\u00e9sions.<\/span><\/li>\n<\/ul>\n<\/div>\n<\/div>\n<\/div>\n<div class=\"product-warranty\">\n<h4>GARANTIE<\/h4>\n<div class=\"text-container\"><strong>Utilisation \u00e0 domicile :<\/strong>\u00a0Deux ans pi\u00e8ces et main d'\u0153uvre (conditions applicables) sous r\u00e9serve d'enregistrement du produit dans les 28 jours suivant l'achat. La garantie standard est de 12 mois pi\u00e8ces et main d'\u0153uvre Conditions Cette garantie ne s'applique qu'\u00e0 l'acheteur initial (vous) et n'est pas transf\u00e9rable. La garantie ne couvre pas 1. L'usure normale (les courroies de marche, les courroies d'entra\u00eenement, les batteries, les plaquettes de frein et les tapis de saut sont des exemples de pi\u00e8ces d'usure normale). 2. les r\u00e9parations, adaptations ou modifications de fortune visant \u00e0 modifier l'usage et le fonctionnement normaux de ce produit, tels que d\u00e9crits dans le manuel de l'utilisateur 3. Les dommages r\u00e9sultant : a) d'actes volontaires ou malveillants. b) du transport. c) d'une installation, d'un assemblage ou d'un raccordement non conforme aux sp\u00e9cifications ou aux recommandations d'ICON. d) d'un abus, d'une mauvaise utilisation, du non-respect des instructions ou d'une utilisation incorrecte ou anormale. e) du non-respect des instructions figurant dans votre manuel d'utilisation (comme l'utilisation de produits de nettoyage et d'entretien autres que ceux recommand\u00e9s, le fait de ne pas \u00e9teindre le produit apr\u00e8s l'avoir utilis\u00e9, etc.) ). f) Utilisation hors domicile (y compris, mais sans s'y limiter, utilisation dans un cadre commercial, professionnel, locatif ou institutionnel). g) R\u00e9parations non effectu\u00e9es par un prestataire de services agr\u00e9\u00e9 par ICON ou utilisation de pi\u00e8ces non fournies ou autoris\u00e9es par ICON. h) Accidents, chocs, fluctuations de puissance, foudre, temp\u00eates, eau, feu, animaux ou toute autre cause ind\u00e9pendante de la volont\u00e9 d'ICON. i) Emplacement inappropri\u00e9, y compris, mais sans s'y limiter, environnements humides, poussi\u00e9reux ou ext\u00e9rieurs (par exemple, garages, caves, porches et patios).<\/div>\n<\/div>\n<div class=\"product-next-day\">\n<h4>LIVRAISON EXPRESS<\/h4>\n<div class=\"text-container\">Un grand nombre de nos produits sont livrables en express ou \u00e0 date fixe, ce qui signifie que vous pouvez recevoir votre produit d\u00e8s le lendemain ou \u00e0 la date qui vous convient. Veuillez v\u00e9rifier les options de livraison au moment du paiement pour conna\u00eetre les disponibilit\u00e9s pour votre panier et votre code postal. Les conditions de livraison s'appliquent.<\/div>\n<\/div>","protected":false},"excerpt":{"rendered":"<p>Simple, solide et stable, le ProForm Sport Elliptical Cross Trainer facilite l'acc\u00e8s \u00e0 l'entra\u00eenement. Il dispose de 20 niveaux de r\u00e9sistance num\u00e9rique, s'adaptant \u00e0 toutes les situations, des s\u00e9ances d'entra\u00eenement de haute intensit\u00e9 aux s\u00e9ances de r\u00e9cup\u00e9ration. Ce syst\u00e8me Silent Magnetic Resistance\u2122 offre une exp\u00e9rience douce et silencieuse, con\u00e7ue pour aider votre mouvement \u00e0 \u00eatre plus fluide pour un entra\u00eenement complet du corps. Avec une longueur de foul\u00e9e de 40,6 cm, le Sport Elliptical Cross Trainer est con\u00e7u pour offrir une grande amplitude de mouvement avec un impact r\u00e9duit. Avec un compte iFIT Train, vous pouvez tirer le meilleur parti du ProForm Sport Elliptical Cross Trainer. Connectez-vous \u00e0 votre compte iFIT* sur votre tablette ou votre t\u00e9l\u00e9phone intelligent (la tablette\/le t\u00e9l\u00e9phone intelligent illustr\u00e9 n'est pas inclus) et connectez-le au ProForm Sport Elliptical Cross Trainer pour pr\u00e9parer la prochaine s\u00e9ance d'entra\u00eenement de votre programme personnalis\u00e9. Pendant que vous vous entra\u00eenez, iFIT suit vos performances et modifie automatiquement les 20 niveaux de r\u00e9sistance en fonction de vos besoins. Avec iFIT, vous avez acc\u00e8s \u00e0 plus de 10 000 s\u00e9ances d'entra\u00eenement, \u00e0 des fonctions intelligentes et \u00e0 un encadrement par des formateurs iFIT experts dans des sites internationaux attrayants. Les entra\u00eeneurs sont l\u00e0 pour vous aider \u00e0 am\u00e9liorer votre forme, vous motiver \u00e0 terminer en force et vous donner des informations sur les sites internationaux afin que vous restiez impliqu\u00e9 dans les sessions courtes et longues. Prenez votre \u00e9lan et effectuez chaque rotation sur des p\u00e9dales souples et surdimensionn\u00e9es qui s'adaptent \u00e0 toutes les tailles de pieds, tout en sollicitant le haut de votre corps gr\u00e2ce aux poign\u00e9es mobiles. * Essai iFIT Train de 30 jours inclus. Carte de cr\u00e9dit requise pour l'activation. L'adh\u00e9sion \u00e0 iFIT Train se renouvelle automatiquement sauf si elle est annul\u00e9e \u00e0 l'avance. La p\u00e9riode d'essai de 30 jours ne s'applique qu'aux nouvelles adh\u00e9sions.<\/p>\n<div class=\"product-attribute-container-desktop desktop-only\">\n<div class=\"additional-attributes-wrapper table-wrapper\"><\/div>\n<\/div>","protected":false},"featured_media":508,"comment_status":"open","ping_status":"closed","template":"","meta":{"site-sidebar-layout":"default","site-content-layout":"","ast-site-content-layout":"default","site-content-style":"default","site-sidebar-style":"default","ast-global-header-display":"","ast-banner-title-visibility":"","ast-main-header-display":"","ast-hfb-above-header-display":"","ast-hfb-below-header-display":"","ast-hfb-mobile-header-display":"","site-post-title":"","ast-breadcrumbs-content":"","ast-featured-img":"","footer-sml-layout":"","theme-transparent-header-meta":"default","adv-header-id-meta":"","stick-header-meta":"","header-above-stick-meta":"","header-main-stick-meta":"","header-below-stick-meta":"","astra-migrate-meta-layouts":"set","ast-page-background-enabled":"default","ast-page-background-meta":{"desktop":{"background-color":"var(--ast-global-color-5)","background-image":"","background-repeat":"repeat","background-position":"center center","background-size":"auto","background-attachment":"scroll","background-type":"","background-media":"","overlay-type":"","overlay-color":"","overlay-opacity":"","overlay-gradient":""},"tablet":{"background-color":"","background-image":"","background-repeat":"repeat","background-position":"center center","background-size":"auto","background-attachment":"scroll","background-type":"","background-media":"","overlay-type":"","overlay-color":"","overlay-opacity":"","overlay-gradient":""},"mobile":{"background-color":"","background-image":"","background-repeat":"repeat","background-position":"center center","background-size":"auto","background-attachment":"scroll","background-type":"","background-media":"","overlay-type":"","overlay-color":"","overlay-opacity":"","overlay-gradient":""}},"ast-content-background-meta":{"desktop":{"background-color":"var(--ast-global-color-4)","background-image":"","background-repeat":"repeat","background-position":"center center","background-size":"auto","background-attachment":"scroll","background-type":"","background-media":"","overlay-type":"","overlay-color":"","overlay-opacity":"","overlay-gradient":""},"tablet":{"background-color":"var(--ast-global-color-4)","background-image":"","background-repeat":"repeat","background-position":"center center","background-size":"auto","background-attachment":"scroll","background-type":"","background-media":"","overlay-type":"","overlay-color":"","overlay-opacity":"","overlay-gradient":""},"mobile":{"background-color":"var(--ast-global-color-4)","background-image":"","background-repeat":"repeat","background-position":"center center","background-size":"auto","background-attachment":"scroll","background-type":"","background-media":"","overlay-type":"","overlay-color":"","overlay-opacity":"","overlay-gradient":""}}},"product_brand":[],"product_cat":[18],"product_tag":[23],"class_list":{"0":"post-505","1":"product","2":"type-product","3":"status-publish","4":"has-post-thumbnail","6":"product_cat-cross-trainers","7":"product_tag-cross-trainers","8":"desktop-align-left","9":"tablet-align-left","10":"mobile-align-left","12":"first","13":"instock","14":"sale","15":"taxable","16":"shipping-taxable","17":"purchasable","18":"product-type-simple"},"_links":{"self":[{"href":"https:\/\/bestfitnessstore.com\/fr\/wp-json\/wp\/v2\/product\/505","targetHints":{"allow":["GET"]}}],"collection":[{"href":"https:\/\/bestfitnessstore.com\/fr\/wp-json\/wp\/v2\/product"}],"about":[{"href":"https:\/\/bestfitnessstore.com\/fr\/wp-json\/wp\/v2\/types\/product"}],"replies":[{"embeddable":true,"href":"https:\/\/bestfitnessstore.com\/fr\/wp-json\/wp\/v2\/comments?post=505"}],"wp:featuredmedia":[{"embeddable":true,"href":"https:\/\/bestfitnessstore.com\/fr\/wp-json\/wp\/v2\/media\/508"}],"wp:attachment":[{"href":"https:\/\/bestfitnessstore.com\/fr\/wp-json\/wp\/v2\/media?parent=505"}],"wp:term":[{"taxonomy":"product_brand","embeddable":true,"href":"https:\/\/bestfitnessstore.com\/fr\/wp-json\/wp\/v2\/product_brand?post=505"},{"taxonomy":"product_cat","embeddable":true,"href":"https:\/\/bestfitnessstore.com\/fr\/wp-json\/wp\/v2\/product_cat?post=505"},{"taxonomy":"product_tag","embeddable":true,"href":"https:\/\/bestfitnessstore.com\/fr\/wp-json\/wp\/v2\/product_tag?post=505"}],"curies":[{"name":"wp","href":"https:\/\/api.w.org\/{rel}","templated":true}]}}