{"id":1267,"date":"2025-11-25T16:07:34","date_gmt":"2025-11-25T16:07:34","guid":{"rendered":"https:\/\/bestfitnessstore.com\/?post_type=product&#038;p=1267"},"modified":"2025-11-25T16:07:34","modified_gmt":"2025-11-25T16:07:34","slug":"matrix-fitness-tf50-folding-treadmill-with-xir-console","status":"publish","type":"product","link":"https:\/\/bestfitnessstore.com\/fr\/product\/matrix-fitness-tf50-folding-treadmill-with-xir-console\/","title":{"rendered":"Tapis de course pliant Matrix Fitness TF50 avec console XIR"},"content":{"rendered":"<div class=\"product-attribute-container-desktop desktop-only\">\n<div class=\"additional-attributes-wrapper table-wrapper\">\n<h5>INFORMATIONS SUR LES PRODUITS<\/h5>\n<div class=\"attributes-container\">\n<ul class=\"product-attributes-container\">\n<li><span class=\"specification-title\">Poids de l'emballage (KG) :\u00a0<\/span><span class=\"specification-data\">158.400000<\/span><\/li>\n<li><span class=\"specification-title\">M\u00e9thode d'alimentation :\u00a0<\/span><span class=\"specification-data\">\u00c9lectricit\u00e9 de r\u00e9seau<\/span><\/li>\n<li><span class=\"specification-title\">Support de tablette :\u00a0<\/span><span class=\"specification-data\">Oui<\/span><\/li>\n<li><span class=\"specification-title\">Pliage :\u00a0<\/span><span class=\"specification-data\">Oui<\/span><\/li>\n<li><span class=\"specification-title\">Poids maximal de l'utilisateur (kg) :\u00a0<\/span><span class=\"specification-data\">181.00 (Kg)<\/span><\/li>\n<li><span class=\"specification-title\">Roues de transport :\u00a0<\/span><span class=\"specification-data\">Oui<\/span><\/li>\n<li><span class=\"specification-title\">Pli\u00e9 Dimensions (LxLxH) :\u00a0<\/span><span class=\"specification-data\">106 x 91 x 192 cm<\/span><\/li>\n<\/ul>\n<ul class=\"product-attributes-container\">\n<li><span class=\"specification-title\">Poids du produit (KG) :\u00a0<\/span><span class=\"specification-data\">140.50<\/span><\/li>\n<li><span class=\"specification-title\">Int\u00e9gration des applications :\u00a0<\/span><span class=\"specification-data\">KinoMap, Zwift<\/span><\/li>\n<li><span class=\"specification-title\">Bluetooth :\u00a0<\/span><span class=\"specification-data\">Oui<\/span><\/li>\n<li><span class=\"specification-title\">Surveillance de la fr\u00e9quence cardiaque :\u00a0<\/span><span class=\"specification-data\">Capteurs int\u00e9gr\u00e9s et Bluetooth<\/span><\/li>\n<li><span class=\"specification-title\">Programmes int\u00e9gr\u00e9s :\u00a0<\/span><span class=\"specification-data\">Manuel, collines roulantes, intervalles, objectif de temps, objectif de distance, objectif de calories, fr\u00e9quence cardiaque cible (vitesse), fr\u00e9quence cardiaque cible (inclinaison), sprint 8, personnalis\u00e9.<\/span><\/li>\n<li><span class=\"specification-title\">Dimensions du produit (LxLxH) :\u00a0<\/span><span class=\"specification-data\">206 x 91 x 158 cm<\/span><\/li>\n<\/ul>\n<\/div>\n<\/div>\n<\/div>\n<div class=\"product-features\">\n<h5>CARACT\u00c9RISTIQUES SUPPL\u00c9MENTAIRES<\/h5>\n<div class=\"more-container\">\n<div class=\"unshow-text\">\n<ul class=\"product-features-container\">\n<li><span class=\"specification-title\">Moteur :<\/span>\u00a0<span class=\"specification-data\">Syst\u00e8me d'entra\u00eenement Johnson \u00e0 service continu de 3,25 HP<\/span><\/li>\n<li><span class=\"specification-title\">Vitesse :<\/span>\u00a0<span class=\"specification-data\">0,8 - 20 km\/h<\/span><\/li>\n<li><span class=\"specification-title\">Inclinaison :<\/span>\u00a0<span class=\"specification-data\">0-15%<\/span><\/li>\n<li><span class=\"specification-title\">Zone de fonctionnement :<\/span>\u00a0<span class=\"specification-data\">51 x 152 cm<\/span><\/li>\n<li><span class=\"specification-title\">\u00c9paisseur de la ceinture\/du plateau :<\/span>\u00a0<span class=\"specification-data\">2 plis, 2,2 mm \/ 25,4 mm<\/span><\/li>\n<li><span class=\"specification-title\">Console XIR :<\/span>\u00a0<span class=\"specification-data\">\u00c9cran tactile HD de 16 pouces avec connectivit\u00e9 Bluetooth \u00e9tendue, port USB, port HDMI, applications de console, support de lecture, mode d'\u00e9conomie d'\u00e9nergie, connectivit\u00e9 ViewFit (int\u00e9gration avec des applications de fitness). WiFi requis pour les applications et les mises \u00e0 jour logicielles.<\/span><\/li>\n<li><span class=\"specification-title\">Programmes d'entra\u00eenement :<\/span>\u00a0<span class=\"specification-data\">12<\/span><\/li>\n<li><span class=\"specification-title\">Applications de la console :<\/span>\u00a0<span class=\"specification-data\">Virtual Active, Sprint8, YouTube, Spotify, Netflix et plus encore. Abonnements non inclus.<\/span><\/li>\n<li><span class=\"specification-title\">Syst\u00e8me de pont ultime :<\/span>\u00a0<span class=\"specification-data\">Ch\u00e2ssis robuste, plateau extra-\u00e9pais et rembourrage de qualit\u00e9 industrielle.<\/span><\/li>\n<li><span class=\"specification-title\">Accessoires :<\/span>\u00a0<span class=\"specification-data\">Water bottle holders, device rack, soft-touch buttons, aluminium side rails, and a 4-wheel transport system, 5w speakers<\/span><\/li>\n<li><span class=\"specification-title\">Surveillance de la fr\u00e9quence cardiaque :<\/span>\u00a0<span class=\"specification-data\">Surveillance sans fil de la fr\u00e9quence cardiaque avec les poign\u00e9es de fr\u00e9quence cardiaque sur les rails lat\u00e9raux et la sangle Polar HR incluse<\/span><\/li>\n<li><span class=\"specification-title\">Poids maximum de l'utilisateur :<\/span>\u00a0<span class=\"specification-data\">181 kg \/ 400 lbs<\/span><\/li>\n<li><span class=\"specification-title\">Dimensions du produit (LxLxH) :<\/span>\u00a0<span class=\"specification-data\">206 x 90 x 158 cm \/ 81\u201d x 35\u201d x 62\u201d<\/span><\/li>\n<li><span class=\"specification-title\">Pli\u00e9 Dimensions (LxLxH) :<\/span>\u00a0<span class=\"specification-data\">106 x 90 x 192 cm \/ 42\u201d x 35\u201d x 76\u201d<\/span><\/li>\n<li><span class=\"specification-title\">Poids assembl\u00e9 :<\/span>\u00a0<span class=\"specification-data\">140.5 kg<\/span><\/li>\n<\/ul>\n<\/div>\n<\/div>\n<\/div>\n<div class=\"product-warranty\">\n<h5>GARANTIE<\/h5>\n<div class=\"text-container\"><strong>Utilisation \u00e0 domicile :<\/strong>\u00a0Maison - 10 ans de moteur, 3 ans de P\/L,<\/div>\n<\/div>","protected":false},"excerpt":{"rendered":"<p>The Matrix TF50 Folding Treadmill brings you sophisticated home training that will keep you motivated and comfortable. Complete with an Ultimate Deck System, the treadmill boasts a heavy-duty frame, extra-thick deck and industrial-grade cushioning for both support and durability. Featuring a 3.25 HP Johnson Drive System, you stay in perfect rhythm as the system recalibrates with every footfall, as you push towards its 20 km\/h top speed, and hit inclines of up to 15%. This is all on a spacious, extended length 51 x 152 cm running belt. Complete with the advanced XIR console, it\u2019s easy to keep every workout fresh with 12 metric-driven cardio programmes like Sprint 8. You can sync to the apps you already use, like MyFitnessPal, Strava, Fitbit and more via ViewFit connectivity, and enjoy entertainment favourites including Netflix, Spotify and YouTube (subscriptions not included). Connect your console via WiFi for software updates, ViewFit, web browsing and entertainment apps. Get the most accurate heart rate feedback fitness equipment can provide with integrated Polar heart rate technology, with a Polar heart rate strap included with the XIR. The TF50 features a convenient Space Saver design, enabling you to store the machine in a vertical position when not in use. It also features water bottle holders, a device rack, soft-touch buttons, aluminium side rails and a 4-wheel transport system.<\/p>\n<div class=\"product-attribute-container-desktop desktop-only\">\n<div class=\"additional-attributes-wrapper table-wrapper\"><\/div>\n<\/div>","protected":false},"featured_media":1271,"comment_status":"open","ping_status":"closed","template":"","meta":{"site-sidebar-layout":"default","site-content-layout":"","ast-site-content-layout":"default","site-content-style":"default","site-sidebar-style":"default","ast-global-header-display":"","ast-banner-title-visibility":"","ast-main-header-display":"","ast-hfb-above-header-display":"","ast-hfb-below-header-display":"","ast-hfb-mobile-header-display":"","site-post-title":"","ast-breadcrumbs-content":"","ast-featured-img":"","footer-sml-layout":"","theme-transparent-header-meta":"default","adv-header-id-meta":"","stick-header-meta":"","header-above-stick-meta":"","header-main-stick-meta":"","header-below-stick-meta":"","astra-migrate-meta-layouts":"set","ast-page-background-enabled":"default","ast-page-background-meta":{"desktop":{"background-color":"var(--ast-global-color-5)","background-image":"","background-repeat":"repeat","background-position":"center center","background-size":"auto","background-attachment":"scroll","background-type":"","background-media":"","overlay-type":"","overlay-color":"","overlay-opacity":"","overlay-gradient":""},"tablet":{"background-color":"","background-image":"","background-repeat":"repeat","background-position":"center center","background-size":"auto","background-attachment":"scroll","background-type":"","background-media":"","overlay-type":"","overlay-color":"","overlay-opacity":"","overlay-gradient":""},"mobile":{"background-color":"","background-image":"","background-repeat":"repeat","background-position":"center center","background-size":"auto","background-attachment":"scroll","background-type":"","background-media":"","overlay-type":"","overlay-color":"","overlay-opacity":"","overlay-gradient":""}},"ast-content-background-meta":{"desktop":{"background-color":"var(--ast-global-color-4)","background-image":"","background-repeat":"repeat","background-position":"center center","background-size":"auto","background-attachment":"scroll","background-type":"","background-media":"","overlay-type":"","overlay-color":"","overlay-opacity":"","overlay-gradient":""},"tablet":{"background-color":"var(--ast-global-color-4)","background-image":"","background-repeat":"repeat","background-position":"center center","background-size":"auto","background-attachment":"scroll","background-type":"","background-media":"","overlay-type":"","overlay-color":"","overlay-opacity":"","overlay-gradient":""},"mobile":{"background-color":"var(--ast-global-color-4)","background-image":"","background-repeat":"repeat","background-position":"center center","background-size":"auto","background-attachment":"scroll","background-type":"","background-media":"","overlay-type":"","overlay-color":"","overlay-opacity":"","overlay-gradient":""}}},"product_brand":[],"product_cat":[21],"product_tag":[25],"class_list":{"0":"post-1267","1":"product","2":"type-product","3":"status-publish","4":"has-post-thumbnail","6":"product_cat-treadmills","7":"product_tag-treadmills","8":"desktop-align-left","9":"tablet-align-left","10":"mobile-align-left","12":"first","13":"instock","14":"sale","15":"taxable","16":"shipping-taxable","17":"purchasable","18":"product-type-simple"},"_links":{"self":[{"href":"https:\/\/bestfitnessstore.com\/fr\/wp-json\/wp\/v2\/product\/1267","targetHints":{"allow":["GET"]}}],"collection":[{"href":"https:\/\/bestfitnessstore.com\/fr\/wp-json\/wp\/v2\/product"}],"about":[{"href":"https:\/\/bestfitnessstore.com\/fr\/wp-json\/wp\/v2\/types\/product"}],"replies":[{"embeddable":true,"href":"https:\/\/bestfitnessstore.com\/fr\/wp-json\/wp\/v2\/comments?post=1267"}],"wp:featuredmedia":[{"embeddable":true,"href":"https:\/\/bestfitnessstore.com\/fr\/wp-json\/wp\/v2\/media\/1271"}],"wp:attachment":[{"href":"https:\/\/bestfitnessstore.com\/fr\/wp-json\/wp\/v2\/media?parent=1267"}],"wp:term":[{"taxonomy":"product_brand","embeddable":true,"href":"https:\/\/bestfitnessstore.com\/fr\/wp-json\/wp\/v2\/product_brand?post=1267"},{"taxonomy":"product_cat","embeddable":true,"href":"https:\/\/bestfitnessstore.com\/fr\/wp-json\/wp\/v2\/product_cat?post=1267"},{"taxonomy":"product_tag","embeddable":true,"href":"https:\/\/bestfitnessstore.com\/fr\/wp-json\/wp\/v2\/product_tag?post=1267"}],"curies":[{"name":"wp","href":"https:\/\/api.w.org\/{rel}","templated":true}]}}