{"id":1257,"date":"2025-11-25T16:03:48","date_gmt":"2025-11-25T16:03:48","guid":{"rendered":"https:\/\/bestfitnessstore.com\/?post_type=product&#038;p=1257"},"modified":"2025-11-25T16:03:48","modified_gmt":"2025-11-25T16:03:48","slug":"matrix-fitness-tf30-tapis-de-course-pliant-avec-console-xr","status":"publish","type":"product","link":"https:\/\/bestfitnessstore.com\/fr\/product\/matrix-fitness-tf30-folding-treadmill-with-xr-console\/","title":{"rendered":"Tapis de course pliant Matrix Fitness TF30 avec console XR"},"content":{"rendered":"<div class=\"product-attribute-container-desktop desktop-only\">\n<div class=\"additional-attributes-wrapper table-wrapper\">\n<h4>INFORMATIONS SUR LES PRODUITS<\/h4>\n<div class=\"attributes-container\">\n<ul class=\"product-attributes-container\">\n<li><span class=\"specification-title\">Poids de l'emballage (KG) :\u00a0<\/span><span class=\"specification-data\">148.400000<\/span><\/li>\n<li><span class=\"specification-title\">Int\u00e9gration des applications :\u00a0<\/span><span class=\"specification-data\">KinoMap, Zwift<\/span><\/li>\n<li><span class=\"specification-title\">Bluetooth :\u00a0<\/span><span class=\"specification-data\">Oui<\/span><\/li>\n<li><span class=\"specification-title\">Surveillance de la fr\u00e9quence cardiaque :\u00a0<\/span><span class=\"specification-data\">Capteurs int\u00e9gr\u00e9s et Bluetooth<\/span><\/li>\n<li><span class=\"specification-title\">Programmes int\u00e9gr\u00e9s :\u00a0<\/span><span class=\"specification-data\">Manuel, collines roulantes, intervalles, objectif de temps, objectif de distance, objectif de calories, fr\u00e9quence cardiaque cible (vitesse), fr\u00e9quence cardiaque cible (inclinaison), sprint 8, personnalis\u00e9.<\/span><\/li>\n<li><span class=\"specification-title\">Dimensions du produit (LxLxH) :\u00a0<\/span><span class=\"specification-data\">195 x 90 x 157 cm<\/span><\/li>\n<\/ul>\n<ul class=\"product-attributes-container\">\n<li><span class=\"specification-title\">M\u00e9thode d'alimentation :\u00a0<\/span><span class=\"specification-data\">\u00c9lectricit\u00e9 de r\u00e9seau<\/span><\/li>\n<li><span class=\"specification-title\">Support de tablette :\u00a0<\/span><span class=\"specification-data\">Oui<\/span><\/li>\n<li><span class=\"specification-title\">Pliage :\u00a0<\/span><span class=\"specification-data\">Oui<\/span><\/li>\n<li><span class=\"specification-title\">Poids maximal de l'utilisateur (kg) :\u00a0<\/span><span class=\"specification-data\">159.00 (Kg)<\/span><\/li>\n<li><span class=\"specification-title\">Roues de transport :\u00a0<\/span><span class=\"specification-data\">Oui<\/span><\/li>\n<li><span class=\"specification-title\">Pli\u00e9 Dimensions (LxLxH) :\u00a0<\/span><span class=\"specification-data\">106 x 90 x 181 cm<\/span><\/li>\n<\/ul>\n<\/div>\n<\/div>\n<\/div>\n<div class=\"product-features\">\n<h4>CARACT\u00c9RISTIQUES SUPPL\u00c9MENTAIRES<\/h4>\n<div class=\"more-container\">\n<div class=\"unshow-text\">\n<ul class=\"product-features-container\">\n<li><span class=\"specification-title\">Moteur :<\/span>\u00a0<span class=\"specification-data\">Syst\u00e8me d'entra\u00eenement Johnson \u00e0 service continu de 3,25 HP<\/span><\/li>\n<li><span class=\"specification-title\">Vitesse :<\/span>\u00a0<span class=\"specification-data\">0,8 - 20 km\/h<\/span><\/li>\n<li><span class=\"specification-title\">Inclinaison :<\/span>\u00a0<span class=\"specification-data\">0-15%<\/span><\/li>\n<li><span class=\"specification-title\">Zone de fonctionnement :<\/span>\u00a0<span class=\"specification-data\">51 x 140 cm<\/span><\/li>\n<li><span class=\"specification-title\">\u00c9paisseur de la ceinture\/du plateau :<\/span>\u00a0<span class=\"specification-data\">2 plis, 1,6 mm \/ 25,4 mm<\/span><\/li>\n<li><span class=\"specification-title\">Console XR :<\/span>\u00a0<span class=\"specification-data\">\u00c9cran LCD bleu extra-large de 8,5 pouces avec grille de lecture, mode d'\u00e9conomie d'\u00e9nergie, connectivit\u00e9 ViewFit (int\u00e9gration avec les applications de fitness)<\/span><\/li>\n<li><span class=\"specification-title\">Programmes d'entra\u00eenement :<\/span>\u00a0<span class=\"specification-data\">5, Sprint 8 inclus<\/span><\/li>\n<li><span class=\"specification-title\">Surveillance de la fr\u00e9quence cardiaque :<\/span>\u00a0<span class=\"specification-data\">Poign\u00e9es de fr\u00e9quence cardiaque sur les rails lat\u00e9raux<\/span><\/li>\n<li><span class=\"specification-title\">Syst\u00e8me de pont ultime :<\/span>\u00a0<span class=\"specification-data\">Ch\u00e2ssis robuste, plateau extra-\u00e9pais et rembourrage de qualit\u00e9 industrielle.<\/span><\/li>\n<li><span class=\"specification-title\">Accessoires :<\/span>\u00a0<span class=\"specification-data\">Porte-bouteilles, porte-bouteilles, roues de transport<\/span><\/li>\n<li><span class=\"specification-title\">Poids maximum de l'utilisateur :<\/span>\u00a0<span class=\"specification-data\">159 kg \/ 25st approx.<\/span><\/li>\n<li><span class=\"specification-title\">Dimensions (LxLxH) :<\/span>\u00a0<span class=\"specification-data\">195 x 90 x 157 cm \/ 77\u201d x 35\u201d x 62\u201d<\/span><\/li>\n<li><span class=\"specification-title\">Pli\u00e9 Dimensions (LxLxH) :<\/span>\u00a0<span class=\"specification-data\">106 x 90 x 181 cm \/ 42\u201d x 35\u201d x 71\u201d<\/span><\/li>\n<\/ul>\n<\/div>\n<\/div>\n<\/div>\n<div class=\"product-warranty\">\n<h4>GARANTIE<\/h4>\n<div class=\"text-container\"><strong>Utilisation \u00e0 domicile :<\/strong>\u00a0Maison - 10 ans de moteur, 3 ans de P\/L,<\/div>\n<\/div>","protected":false},"excerpt":{"rendered":"<p>Le tapis de course pliant TF30 de Matrix Fitness est dot\u00e9 du cadre et de la plate-forme les plus avanc\u00e9s, ce qui en fait une plate-forme fiable pour votre entra\u00eenement \u00e0 domicile. Dot\u00e9 d'un syst\u00e8me d'entra\u00eenement Johnson de 3,25 CV, vous gardez un rythme parfait car le syst\u00e8me se recalibre \u00e0 chaque pas. Le TF30 est \u00e9quip\u00e9 de l'Ultimate Desk System exclusif de Matrix, qui comprend un cadre robuste, une plate-forme extra-\u00e9paisse et des coussins de qualit\u00e9 industrielle pour des performances durables sur des kilom\u00e8tres. La zone de course spacieuse de 51 x 140 cm permet d'atteindre des vitesses maximales de 20 km\/h et des inclinaisons allant jusqu'\u00e0 15%. \u00c9quip\u00e9 de la console avanc\u00e9e XIR, il est facile de renouveler chaque entra\u00eenement gr\u00e2ce \u00e0 12 programmes cardio m\u00e9triques tels que Sprint 8. Vous pouvez vous synchroniser avec les applications que vous utilisez d\u00e9j\u00e0, comme MyFitnessPal, Strava, Fitbit et plus encore gr\u00e2ce \u00e0 la connectivit\u00e9 ViewFit, et profiter de vos divertissements pr\u00e9f\u00e9r\u00e9s comme Netflix, Spotify et YouTube (abonnements non inclus). Connectez votre console en WiFi pour les mises \u00e0 jour logicielles, ViewFit, la navigation sur Internet et les applications de divertissement. Obtenez le retour d'information le plus pr\u00e9cis sur votre fr\u00e9quence cardiaque gr\u00e2ce \u00e0 la technologie de fr\u00e9quence cardiaque Polar int\u00e9gr\u00e9e, avec une sangle de fr\u00e9quence cardiaque Polar incluse avec le XIR. Le tapis de course pliant TF30 est dot\u00e9 d'un design pratique permettant d'\u00e9conomiser de l'espace et de ranger l'appareil en position verticale lorsqu'il n'est pas utilis\u00e9. Il est \u00e9galement \u00e9quip\u00e9 de porte-bouteilles, d'un porte-appareil, d'un port USB, d'un port HDMI pour la mise en miroir du t\u00e9l\u00e9phone, de haut-parleurs de 5 watts et de roues de transport.<\/p>\n<div class=\"product-attribute-container-desktop desktop-only\">\n<div class=\"additional-attributes-wrapper table-wrapper\"><\/div>\n<\/div>","protected":false},"featured_media":1261,"comment_status":"open","ping_status":"closed","template":"","meta":{"site-sidebar-layout":"default","site-content-layout":"","ast-site-content-layout":"default","site-content-style":"default","site-sidebar-style":"default","ast-global-header-display":"","ast-banner-title-visibility":"","ast-main-header-display":"","ast-hfb-above-header-display":"","ast-hfb-below-header-display":"","ast-hfb-mobile-header-display":"","site-post-title":"","ast-breadcrumbs-content":"","ast-featured-img":"","footer-sml-layout":"","theme-transparent-header-meta":"default","adv-header-id-meta":"","stick-header-meta":"","header-above-stick-meta":"","header-main-stick-meta":"","header-below-stick-meta":"","astra-migrate-meta-layouts":"set","ast-page-background-enabled":"default","ast-page-background-meta":{"desktop":{"background-color":"var(--ast-global-color-5)","background-image":"","background-repeat":"repeat","background-position":"center center","background-size":"auto","background-attachment":"scroll","background-type":"","background-media":"","overlay-type":"","overlay-color":"","overlay-opacity":"","overlay-gradient":""},"tablet":{"background-color":"","background-image":"","background-repeat":"repeat","background-position":"center center","background-size":"auto","background-attachment":"scroll","background-type":"","background-media":"","overlay-type":"","overlay-color":"","overlay-opacity":"","overlay-gradient":""},"mobile":{"background-color":"","background-image":"","background-repeat":"repeat","background-position":"center center","background-size":"auto","background-attachment":"scroll","background-type":"","background-media":"","overlay-type":"","overlay-color":"","overlay-opacity":"","overlay-gradient":""}},"ast-content-background-meta":{"desktop":{"background-color":"var(--ast-global-color-4)","background-image":"","background-repeat":"repeat","background-position":"center center","background-size":"auto","background-attachment":"scroll","background-type":"","background-media":"","overlay-type":"","overlay-color":"","overlay-opacity":"","overlay-gradient":""},"tablet":{"background-color":"var(--ast-global-color-4)","background-image":"","background-repeat":"repeat","background-position":"center center","background-size":"auto","background-attachment":"scroll","background-type":"","background-media":"","overlay-type":"","overlay-color":"","overlay-opacity":"","overlay-gradient":""},"mobile":{"background-color":"var(--ast-global-color-4)","background-image":"","background-repeat":"repeat","background-position":"center center","background-size":"auto","background-attachment":"scroll","background-type":"","background-media":"","overlay-type":"","overlay-color":"","overlay-opacity":"","overlay-gradient":""}}},"product_brand":[],"product_cat":[21],"product_tag":[25],"class_list":{"0":"post-1257","1":"product","2":"type-product","3":"status-publish","4":"has-post-thumbnail","6":"product_cat-treadmills","7":"product_tag-treadmills","8":"desktop-align-left","9":"tablet-align-left","10":"mobile-align-left","12":"first","13":"instock","14":"sale","15":"taxable","16":"shipping-taxable","17":"purchasable","18":"product-type-simple"},"_links":{"self":[{"href":"https:\/\/bestfitnessstore.com\/fr\/wp-json\/wp\/v2\/product\/1257","targetHints":{"allow":["GET"]}}],"collection":[{"href":"https:\/\/bestfitnessstore.com\/fr\/wp-json\/wp\/v2\/product"}],"about":[{"href":"https:\/\/bestfitnessstore.com\/fr\/wp-json\/wp\/v2\/types\/product"}],"replies":[{"embeddable":true,"href":"https:\/\/bestfitnessstore.com\/fr\/wp-json\/wp\/v2\/comments?post=1257"}],"wp:featuredmedia":[{"embeddable":true,"href":"https:\/\/bestfitnessstore.com\/fr\/wp-json\/wp\/v2\/media\/1261"}],"wp:attachment":[{"href":"https:\/\/bestfitnessstore.com\/fr\/wp-json\/wp\/v2\/media?parent=1257"}],"wp:term":[{"taxonomy":"product_brand","embeddable":true,"href":"https:\/\/bestfitnessstore.com\/fr\/wp-json\/wp\/v2\/product_brand?post=1257"},{"taxonomy":"product_cat","embeddable":true,"href":"https:\/\/bestfitnessstore.com\/fr\/wp-json\/wp\/v2\/product_cat?post=1257"},{"taxonomy":"product_tag","embeddable":true,"href":"https:\/\/bestfitnessstore.com\/fr\/wp-json\/wp\/v2\/product_tag?post=1257"}],"curies":[{"name":"wp","href":"https:\/\/api.w.org\/{rel}","templated":true}]}}