{"id":888,"date":"2025-11-24T13:39:28","date_gmt":"2025-11-24T13:39:28","guid":{"rendered":"https:\/\/bestfitnessstore.com\/?post_type=product&#038;p=888"},"modified":"2025-11-24T13:39:28","modified_gmt":"2025-11-24T13:39:28","slug":"shua-x5-b6500u-pystysuora-kuntopyora","status":"publish","type":"product","link":"https:\/\/bestfitnessstore.com\/fi\/product\/shua-x5-b6500u-upright-exercise-bike\/","title":{"rendered":"SHUA X5 B6500U Pystyasennossa oleva kuntopy\u00f6r\u00e4"},"content":{"rendered":"<div class=\"product-attribute-container-desktop desktop-only\">\n<div class=\"additional-attributes-wrapper table-wrapper\">\n<h4>TUOTETIEDOT<\/h4>\n<div class=\"attributes-container\">\n<ul class=\"product-attributes-container\">\n<li><span class=\"specification-title\">Pakkauksen paino (KG):\u00a0<\/span><span class=\"specification-data\">59.250000<\/span><\/li>\n<li><span class=\"specification-title\">Teho menetelm\u00e4:\u00a0<\/span><span class=\"specification-data\">S\u00e4hk\u00f6verkko<\/span><\/li>\n<li><span class=\"specification-title\">Rungon s\u00e4\u00e4dett\u00e4vyys:\u00a0<\/span><span class=\"specification-data\">Satula yl\u00f6s ja alas<\/span><\/li>\n<li><span class=\"specification-title\">Kuljetuspy\u00f6r\u00e4t:\u00a0<\/span><span class=\"specification-data\">Kyll\u00e4<\/span><\/li>\n<li><span class=\"specification-title\">K\u00e4ytt\u00e4j\u00e4n enimm\u00e4iskorkeus (cm):\u00a0<\/span><span class=\"specification-data\">210<\/span><\/li>\n<li><span class=\"specification-title\">Vauhtipy\u00f6r\u00e4n paino (KG):\u00a0<\/span><span class=\"specification-data\">7<\/span><\/li>\n<li><span class=\"specification-title\">K\u00e4ytt\u00e4j\u00e4n enimm\u00e4ispaino (kg):\u00a0<\/span><span class=\"specification-data\">150,00 (kg)<\/span><\/li>\n<\/ul>\n<ul class=\"product-attributes-container\">\n<li><span class=\"specification-title\">Tuotteen paino (KG):\u00a0<\/span><span class=\"specification-data\">50<\/span><\/li>\n<li><span class=\"specification-title\">Polkimet:\u00a0<\/span><span class=\"specification-data\">Hihna<\/span><\/li>\n<li><span class=\"specification-title\">Py\u00f6r\u00e4tyyppi:\u00a0<\/span><span class=\"specification-data\">Pystyasennossa<\/span><\/li>\n<li><span class=\"specification-title\">K\u00e4ytt\u00e4j\u00e4n v\u00e4himm\u00e4iskorkeus (cm):\u00a0<\/span><span class=\"specification-data\">150<\/span><\/li>\n<li><span class=\"specification-title\">Vastusj\u00e4rjestelm\u00e4:\u00a0<\/span><span class=\"specification-data\">Magneettinen<\/span><\/li>\n<li><span class=\"specification-title\">Sykkeen seuranta:\u00a0<\/span><span class=\"specification-data\">Sis\u00e4\u00e4nrakennetut anturit<\/span><\/li>\n<li><span class=\"specification-title\">Tuotteen mitat (LxSxK):\u00a0<\/span><span class=\"specification-data\">113 x 62,50 x 147,50 cm<\/span><\/li>\n<\/ul>\n<\/div>\n<\/div>\n<\/div>\n<div class=\"product-features\">\n<h4>LIS\u00c4OMINAISUUDET<\/h4>\n<div class=\"more-container\">\n<div class=\"unshow-text\">\n<ul class=\"product-features-container\">\n<li><span class=\"specification-title\">Konsoli:<\/span>\u00a0<span class=\"specification-data\">7\u201d LCD-N\u00c4YTT\u00d6<\/span><\/li>\n<li><span class=\"specification-title\">Vauhtipy\u00f6r\u00e4:<\/span>\u00a0<span class=\"specification-data\">7 kg:n s\u00e4hk\u00f6magneettinen ohjausvauhtipy\u00f6r\u00e4<\/span><\/li>\n<li><span class=\"specification-title\">Vastustustasot:<\/span>\u00a0<span class=\"specification-data\">24-tasoinen vastuksen s\u00e4\u00e4t\u00f6<\/span><\/li>\n<li><span class=\"specification-title\">PU-vaahtoistuin:<\/span>\u00a0<span class=\"specification-data\">Pehme\u00e4 ja mukava my\u00f6s pidemmill\u00e4 matkoilla<\/span><\/li>\n<li><span class=\"specification-title\">Ohjaustanko:<\/span>\u00a0<span class=\"specification-data\">Kyyn\u00e4rvarretuet, k\u00e4den pulssianturit, vastuspainikkeet.<\/span><\/li>\n<\/ul>\n<\/div>\n<\/div>\n<\/div>\n<div class=\"product-warranty\">\n<h4>TAKUU<\/h4>\n<div class=\"text-container\"><strong>Koti- ja kevyt kaupallinen k\u00e4ytt\u00f6:<\/strong>\u00a03 vuotta osat ja ty\u00f6 kotik\u00e4yt\u00f6ss\u00e4, 1 vuosi kevyiss\u00e4 kaupallisissa ymp\u00e4rist\u00f6iss\u00e4. Takuu ei kata vaurioita tai rikkoutumisia, jotka johtuvat v\u00e4\u00e4r\u00e4st\u00e4 sijainnista, mukaan lukien, mutta ei rajoittuen, kosteat, p\u00f6lyiset tai ulkoilmaymp\u00e4rist\u00f6t. Esimerkiksi autotallit ja kellarit jne.<\/p>\n<\/div>\n<\/div>\n<div class=\"product-next-day\">\n<h4>PIKATOIMITUS<\/h4>\n<div class=\"text-container\">Monissa tuotteissamme on pikatoimitus- ja nimip\u00e4iv\u00e4vaihtoehdot, jolloin saat tuotteesi toimitettua heti huomenna tai valitsemanasi sinulle sopivana ajankohtana. Tarkista toimitusvaihtoehdot kassalla n\u00e4hd\u00e4ksesi saatavuuden korisi ja postinumerosi osalta. Toimitusehtoja sovelletaan.<\/div>\n<\/div>","protected":false},"excerpt":{"rendered":"<p>SHUA X5 B6500U Upright Exercise Bike on 7 kg painava s\u00e4hk\u00f6magneettinen vauhtipy\u00f6r\u00e4, joka on tasainen ja vakaa riippumatta siit\u00e4, mill\u00e4 nopeudella poljet. Siin\u00e4 on 24 vastustasoa, jotka sopivat t\u00e4ydellisesti kaikille k\u00e4ytt\u00e4jille, ja jokainen muutos on nopea ja tarkka. Vastusta on helppo s\u00e4\u00e4t\u00e4\u00e4 kesken treenin, sill\u00e4 ohjaustangon yl\u00e4osassa olevat painikkeet mahdollistavat nopeat muutokset. Ohjaustangossa on my\u00f6s mukavat kyyn\u00e4rvarretuet ja k\u00e4sipulssianturit sykkeen seurantaa varten. B6500U:ssa on PU-vaahtomuovinen yksiosainen tyyny, joka on pehme\u00e4 ja mukava my\u00f6s pitkill\u00e4 matkoilla. Istuinta voi s\u00e4\u00e4t\u00e4\u00e4 yl\u00f6s- ja alasp\u00e4in, jotta se sopii kaiken pituisille k\u00e4ytt\u00e4jille. 7-tuumainen LCD-n\u00e4ytt\u00f6 n\u00e4ytt\u00e4\u00e4 kaikki tarvitsemasi mittarit, ja hy\u00f6tyj\u00e4 ovat MP3-liit\u00e4nt\u00e4, USB-latausportti, 2.0-korkealuokkainen \u00e4\u00e4ni ja integroitu treenituuletin. Py\u00f6r\u00e4n rungossa on my\u00f6s etukuljetuspy\u00f6r\u00e4t, joiden avulla sit\u00e4 on helppo liikutella kuntosalin lattialla, ja tasauksen s\u00e4\u00e4t\u00f6jalat, jotka tekev\u00e4t ajosta vakaampaa.<\/p>\n<div class=\"product-attribute-container-desktop desktop-only\">\n<div class=\"additional-attributes-wrapper table-wrapper\"><\/div>\n<\/div>","protected":false},"featured_media":892,"comment_status":"open","ping_status":"closed","template":"","meta":{"site-sidebar-layout":"default","site-content-layout":"","ast-site-content-layout":"default","site-content-style":"default","site-sidebar-style":"default","ast-global-header-display":"","ast-banner-title-visibility":"","ast-main-header-display":"","ast-hfb-above-header-display":"","ast-hfb-below-header-display":"","ast-hfb-mobile-header-display":"","site-post-title":"","ast-breadcrumbs-content":"","ast-featured-img":"","footer-sml-layout":"","theme-transparent-header-meta":"default","adv-header-id-meta":"","stick-header-meta":"","header-above-stick-meta":"","header-main-stick-meta":"","header-below-stick-meta":"","astra-migrate-meta-layouts":"set","ast-page-background-enabled":"default","ast-page-background-meta":{"desktop":{"background-color":"var(--ast-global-color-5)","background-image":"","background-repeat":"repeat","background-position":"center center","background-size":"auto","background-attachment":"scroll","background-type":"","background-media":"","overlay-type":"","overlay-color":"","overlay-opacity":"","overlay-gradient":""},"tablet":{"background-color":"","background-image":"","background-repeat":"repeat","background-position":"center center","background-size":"auto","background-attachment":"scroll","background-type":"","background-media":"","overlay-type":"","overlay-color":"","overlay-opacity":"","overlay-gradient":""},"mobile":{"background-color":"","background-image":"","background-repeat":"repeat","background-position":"center center","background-size":"auto","background-attachment":"scroll","background-type":"","background-media":"","overlay-type":"","overlay-color":"","overlay-opacity":"","overlay-gradient":""}},"ast-content-background-meta":{"desktop":{"background-color":"var(--ast-global-color-4)","background-image":"","background-repeat":"repeat","background-position":"center center","background-size":"auto","background-attachment":"scroll","background-type":"","background-media":"","overlay-type":"","overlay-color":"","overlay-opacity":"","overlay-gradient":""},"tablet":{"background-color":"var(--ast-global-color-4)","background-image":"","background-repeat":"repeat","background-position":"center center","background-size":"auto","background-attachment":"scroll","background-type":"","background-media":"","overlay-type":"","overlay-color":"","overlay-opacity":"","overlay-gradient":""},"mobile":{"background-color":"var(--ast-global-color-4)","background-image":"","background-repeat":"repeat","background-position":"center center","background-size":"auto","background-attachment":"scroll","background-type":"","background-media":"","overlay-type":"","overlay-color":"","overlay-opacity":"","overlay-gradient":""}}},"product_brand":[],"product_cat":[19],"product_tag":[22],"class_list":{"0":"post-888","1":"product","2":"type-product","3":"status-publish","4":"has-post-thumbnail","6":"product_cat-excise-bikes","7":"product_tag-exercise-bikes","8":"desktop-align-left","9":"tablet-align-left","10":"mobile-align-left","12":"first","13":"instock","14":"sale","15":"taxable","16":"shipping-taxable","17":"purchasable","18":"product-type-simple"},"_links":{"self":[{"href":"https:\/\/bestfitnessstore.com\/fi\/wp-json\/wp\/v2\/product\/888","targetHints":{"allow":["GET"]}}],"collection":[{"href":"https:\/\/bestfitnessstore.com\/fi\/wp-json\/wp\/v2\/product"}],"about":[{"href":"https:\/\/bestfitnessstore.com\/fi\/wp-json\/wp\/v2\/types\/product"}],"replies":[{"embeddable":true,"href":"https:\/\/bestfitnessstore.com\/fi\/wp-json\/wp\/v2\/comments?post=888"}],"wp:featuredmedia":[{"embeddable":true,"href":"https:\/\/bestfitnessstore.com\/fi\/wp-json\/wp\/v2\/media\/892"}],"wp:attachment":[{"href":"https:\/\/bestfitnessstore.com\/fi\/wp-json\/wp\/v2\/media?parent=888"}],"wp:term":[{"taxonomy":"product_brand","embeddable":true,"href":"https:\/\/bestfitnessstore.com\/fi\/wp-json\/wp\/v2\/product_brand?post=888"},{"taxonomy":"product_cat","embeddable":true,"href":"https:\/\/bestfitnessstore.com\/fi\/wp-json\/wp\/v2\/product_cat?post=888"},{"taxonomy":"product_tag","embeddable":true,"href":"https:\/\/bestfitnessstore.com\/fi\/wp-json\/wp\/v2\/product_tag?post=888"}],"curies":[{"name":"wp","href":"https:\/\/api.w.org\/{rel}","templated":true}]}}