{"id":844,"date":"2025-11-24T12:16:13","date_gmt":"2025-11-24T12:16:13","guid":{"rendered":"https:\/\/bestfitnessstore.com\/?post_type=product&#038;p=844"},"modified":"2025-11-24T12:16:14","modified_gmt":"2025-11-24T12:16:14","slug":"proform-pro-trainer-500-sisapyoraily","status":"publish","type":"product","link":"https:\/\/bestfitnessstore.com\/fi\/product\/proform-pro-trainer-500-indoor-cycle\/","title":{"rendered":"ProForm Pro Trainer 500 sis\u00e4py\u00f6r\u00e4ilij\u00e4"},"content":{"rendered":"<div class=\"product-attribute-container-desktop desktop-only\">\n<div class=\"additional-attributes-wrapper table-wrapper\">\n<h4>TUOTETIEDOT<\/h4>\n<div class=\"attributes-container\">\n<ul class=\"product-attributes-container\">\n<li><span class=\"specification-title\">Pakkauksen paino (KG):\u00a0<\/span><span class=\"specification-data\">47.000000<\/span><\/li>\n<li><span class=\"specification-title\">Sovellusten integrointi:\u00a0<\/span><span class=\"specification-data\">iFIT<\/span><\/li>\n<li><span class=\"specification-title\">Py\u00f6r\u00e4tyyppi:\u00a0<\/span><span class=\"specification-data\">Racer<\/span><\/li>\n<li><span class=\"specification-title\">Vastusj\u00e4rjestelm\u00e4:\u00a0<\/span><span class=\"specification-data\">Magneettinen<\/span><\/li>\n<li><span class=\"specification-title\">K\u00e4ytt\u00e4j\u00e4n enimm\u00e4ispaino (kg):\u00a0<\/span><span class=\"specification-data\">115,00 (kg)<\/span><\/li>\n<\/ul>\n<ul class=\"product-attributes-container\">\n<li><span class=\"specification-title\">Teho menetelm\u00e4:\u00a0<\/span><span class=\"specification-data\">S\u00e4hk\u00f6verkko<\/span><\/li>\n<li><span class=\"specification-title\">Tablettiteline:\u00a0<\/span><span class=\"specification-data\">Kyll\u00e4<\/span><\/li>\n<li><span class=\"specification-title\">Kuljetuspy\u00f6r\u00e4t:\u00a0<\/span><span class=\"specification-data\">Kyll\u00e4<\/span><\/li>\n<li><span class=\"specification-title\">Vauhtipy\u00f6r\u00e4n paino (KG):\u00a0<\/span><span class=\"specification-data\">11<\/span><\/li>\n<li><span class=\"specification-title\">Laatikon mitat (LxSxK):\u00a0<\/span><span class=\"specification-data\">105 x 25 x 80 cm<\/span><\/li>\n<\/ul>\n<\/div>\n<\/div>\n<\/div>\n<div class=\"product-features\">\n<h4>LIS\u00c4OMINAISUUDET<\/h4>\n<div class=\"more-container\">\n<div class=\"unshow-text\">\n<ul class=\"product-features-container\">\n<li><span class=\"specification-title\">SMR\u2122 Silent Magnetic Resistance:<\/span>\u00a0<span class=\"specification-data\">16 digitaalista tasoa<\/span><\/li>\n<li><span class=\"specification-title\">N\u00e4ytt\u00f6:<\/span>\u00a0<span class=\"specification-data\">1-ikkunallinen LCD-n\u00e4ytt\u00f6<\/span><\/li>\n<li><span class=\"specification-title\">Satula:<\/span>\u00a0<span class=\"specification-data\">Ergonominen, pehmustettu satula. S\u00e4\u00e4dett\u00e4viss\u00e4 pysty- ja vaakasuunnassa<\/span><\/li>\n<li><span class=\"specification-title\">Ohjaustanko:<\/span>\u00a0<span class=\"specification-data\">Liukumaton, moniasentoinen ohjaustanko. S\u00e4\u00e4dett\u00e4viss\u00e4 pystysuoraan ja vaakasuoraan Lift Assistin avulla.<\/span><\/li>\n<li><span class=\"specification-title\">Muut ominaisuudet:<\/span>\u00a0<span class=\"specification-data\">Vesipulloteline; polkimet, joissa on varvassuojat; k\u00e4sipainotelineet, joissa on kaksi 1,4 kg:n k\u00e4sipainoa; eteen asennetut kuljetuspy\u00f6r\u00e4t.<\/span><\/li>\n<li><span class=\"specification-title\">IFit Trial:<\/span>\u00a0<span class=\"specification-data\">Mukana 30 p\u00e4iv\u00e4n iFIT-kokeilujakso. Luottokortti vaaditaan aktivointia varten. iFIT-j\u00e4senyys uusitaan automaattisesti, ellei sit\u00e4 peruuteta etuk\u00e4teen. 30 p\u00e4iv\u00e4n kokeilujakso koskee vain uusia j\u00e4senyyksi\u00e4. Kuvissa n\u00e4kyv\u00e4 tabletti ei sis\u00e4lly hintaan.<\/span><\/li>\n<\/ul>\n<\/div>\n<\/div>\n<\/div>\n<div class=\"product-warranty\">\n<h4>TAKUU<\/h4>\n<div class=\"text-container\"><strong>Kotik\u00e4ytt\u00f6:<\/strong>\u00a0Kaksi vuotta osat ja ty\u00f6 (ehtoja sovelletaan), jos tuote rekister\u00f6id\u00e4\u00e4n 28 p\u00e4iv\u00e4n kuluessa ostop\u00e4iv\u00e4st\u00e4. Vakiotakuu on 12 kuukautta osat ja ty\u00f6. Ehdot T\u00e4m\u00e4 takuu koskee vain alkuper\u00e4ist\u00e4 ostajaa (sinua), eik\u00e4 sit\u00e4 voi siirt\u00e4\u00e4. Takuu ei kata: 1. Normaalia kulumista (esimerkkej\u00e4 normaalisti kuluvista osista ovat k\u00e4velyhihnat, k\u00e4ytt\u00f6hihnat, akut, jarrupalat ja hyppymatot). 2 Mit\u00e4\u00e4n tilap\u00e4isi\u00e4 korjauksia, mukautuksia tai muutoksia, joilla t\u00e4t\u00e4 tuotetta muutetaan sen normaalista k\u00e4ytt\u00f6tarkoituksesta ja toiminnasta k\u00e4ytt\u00f6ohjeessa kuvatulla tavalla. 3. Vahingot, jotka johtuvat: a) Tahallisista tai ilkivaltaisista teoista. b) Kuljetuksesta. c) Virheellisest\u00e4 asennuksesta, kokoonpanosta tai kytkenn\u00e4st\u00e4, joka ei ole ICONin eritelmien tai suositusten mukainen. d) V\u00e4\u00e4rink\u00e4yt\u00f6st\u00e4, v\u00e4\u00e4rink\u00e4yt\u00f6st\u00e4, ohjeiden noudattamatta j\u00e4tt\u00e4misest\u00e4 tai ep\u00e4asianmukaisesta tai ep\u00e4normaalista k\u00e4yt\u00f6st\u00e4. e) K\u00e4ytt\u00e4j\u00e4n k\u00e4sikirjan ohjeiden laiminly\u00f6nnist\u00e4 (kuten muiden kuin suositeltujen puhdistus- ja huoltotuotteiden k\u00e4yt\u00f6st\u00e4, tuotteen sammuttamatta j\u00e4tt\u00e4misest\u00e4 k\u00e4yt\u00f6n j\u00e4lkeen jne.) f) Muu kuin kotik\u00e4ytt\u00f6 (mukaan lukien mutta ei rajoittuen k\u00e4ytt\u00f6 kaupallisissa, ammatillisissa, vuokra- tai laitosymp\u00e4rist\u00f6iss\u00e4). g) Korjaukset, joita ei ole suorittanut ICONin valtuuttama huoltoliike, tai sellaisten osien k\u00e4ytt\u00f6, joita ICON ei ole toimittanut tai valtuuttanut. h) Onnettomuudet, t\u00f6rm\u00e4ykset, s\u00e4hk\u00f6virran vaihtelut, salamaniskut, myrskyt, vesi, tulipalo, el\u00e4imet tai muut syyt, jotka eiv\u00e4t ole riippuvaisia ICONista. i) V\u00e4\u00e4r\u00e4nlainen sijoituspaikka, mukaan lukien mutta ei rajoittuen kosteat, p\u00f6lyiset tai ulkotiloissa olevat ymp\u00e4rist\u00f6t (esimerkkein\u00e4 ovat esimerkiksi autotallit, maakellarit, kuistit ja terassit).<\/div>\n<\/div>\n<div class=\"product-next-day\">\n<h4>PIKATOIMITUS<\/h4>\n<div class=\"text-container\">Monissa tuotteissamme on pikatoimitus- ja nimip\u00e4iv\u00e4vaihtoehdot, jolloin saat tuotteesi toimitettua heti huomenna tai valitsemanasi sinulle sopivana ajankohtana. Tarkista toimitusvaihtoehdot kassalla n\u00e4hd\u00e4ksesi saatavuuden korisi ja postinumerosi osalta. Toimitusehtoja sovelletaan.<\/div>\n<\/div>","protected":false},"excerpt":{"rendered":"<p>Nauti maantiepy\u00f6r\u00e4ilyn realistisesta simulaatiosta mukavasti omassa kodissasi ProForm Pro Trainer 500 Indoor Cycle -sis\u00e4py\u00f6r\u00e4ll\u00e4. Sen 11 kg:n vauhtipy\u00f6r\u00e4n ja 16 tasoa SMR\u2122 Silent Magnetic Resistance (hiljainen magneettinen vastus) -tasoa sek\u00e4 hihnavetoj\u00e4rjestelm\u00e4n ansiosta jokainen polkimien painallus on pehme\u00e4 ja luonnollinen. Ergonominen pehmustettu satula ja liukumaton moniasentoinen ohjaustanko ovat sek\u00e4 vaaka- ett\u00e4 pystysuunnassa s\u00e4\u00e4dett\u00e4viss\u00e4, ja varvash\u00e4kkipolkimet tarjoavat turvallisen jalansijan. Tarkastele harjoitustilastojasi - mukaan lukien Watts-tehoa - suurelta 1-ikkunalliselta LCD-n\u00e4yt\u00f6lt\u00e4 tai k\u00e4yt\u00e4 n\u00e4yt\u00f6n edess\u00e4 olevaa tablettitelinett\u00e4. Lataa iFit-sovellus laitteeseesi, niin p\u00e4\u00e4set k\u00e4siksi maailmanlaajuisiin tilausharjoituksiin, jotka ovat maailmanluokan valmentajien ohjaamia ja jotka edist\u00e4v\u00e4t tuloksiesi maksimoimista (30 p\u00e4iv\u00e4n iFit Family -tilaus sis\u00e4ltyy hintaan*). ActivePulse\u2122-teknologia s\u00e4\u00e4t\u00e4\u00e4 Sport CX:n vastusta automaattisesti, jotta pysyt optimaalisella sykevy\u00f6hykkeell\u00e4 (SmartBeat Armband tarvitaan), kun taas SmartAdjust-teknologia antaa vastuksen iFIT-kouluttajiesi k\u00e4siin. Muita ominaisuuksia ovat integroidut kuljetuspy\u00f6r\u00e4t, vesipulloteline ja k\u00e4sipainotelineet, joissa on kaksi 1,4 kg:n k\u00e4sipainoa. *30 p\u00e4iv\u00e4n iFIT-kokeilujakso sis\u00e4ltyy. Aktivointiin tarvitaan luottokortti. iFIT-j\u00e4senyys uusitaan automaattisesti, ellei sit\u00e4 peruuteta etuk\u00e4teen. 30 p\u00e4iv\u00e4n kokeilujakso koskee vain uusia j\u00e4senyyksi\u00e4.<\/p>\n<div class=\"product-attribute-container-desktop desktop-only\">\n<div class=\"additional-attributes-wrapper table-wrapper\"><\/div>\n<\/div>","protected":false},"featured_media":846,"comment_status":"open","ping_status":"closed","template":"","meta":{"site-sidebar-layout":"default","site-content-layout":"","ast-site-content-layout":"default","site-content-style":"default","site-sidebar-style":"default","ast-global-header-display":"","ast-banner-title-visibility":"","ast-main-header-display":"","ast-hfb-above-header-display":"","ast-hfb-below-header-display":"","ast-hfb-mobile-header-display":"","site-post-title":"","ast-breadcrumbs-content":"","ast-featured-img":"","footer-sml-layout":"","theme-transparent-header-meta":"default","adv-header-id-meta":"","stick-header-meta":"","header-above-stick-meta":"","header-main-stick-meta":"","header-below-stick-meta":"","astra-migrate-meta-layouts":"set","ast-page-background-enabled":"default","ast-page-background-meta":{"desktop":{"background-color":"var(--ast-global-color-5)","background-image":"","background-repeat":"repeat","background-position":"center center","background-size":"auto","background-attachment":"scroll","background-type":"","background-media":"","overlay-type":"","overlay-color":"","overlay-opacity":"","overlay-gradient":""},"tablet":{"background-color":"","background-image":"","background-repeat":"repeat","background-position":"center center","background-size":"auto","background-attachment":"scroll","background-type":"","background-media":"","overlay-type":"","overlay-color":"","overlay-opacity":"","overlay-gradient":""},"mobile":{"background-color":"","background-image":"","background-repeat":"repeat","background-position":"center center","background-size":"auto","background-attachment":"scroll","background-type":"","background-media":"","overlay-type":"","overlay-color":"","overlay-opacity":"","overlay-gradient":""}},"ast-content-background-meta":{"desktop":{"background-color":"var(--ast-global-color-4)","background-image":"","background-repeat":"repeat","background-position":"center center","background-size":"auto","background-attachment":"scroll","background-type":"","background-media":"","overlay-type":"","overlay-color":"","overlay-opacity":"","overlay-gradient":""},"tablet":{"background-color":"var(--ast-global-color-4)","background-image":"","background-repeat":"repeat","background-position":"center center","background-size":"auto","background-attachment":"scroll","background-type":"","background-media":"","overlay-type":"","overlay-color":"","overlay-opacity":"","overlay-gradient":""},"mobile":{"background-color":"var(--ast-global-color-4)","background-image":"","background-repeat":"repeat","background-position":"center center","background-size":"auto","background-attachment":"scroll","background-type":"","background-media":"","overlay-type":"","overlay-color":"","overlay-opacity":"","overlay-gradient":""}}},"product_brand":[],"product_cat":[19],"product_tag":[22],"class_list":{"0":"post-844","1":"product","2":"type-product","3":"status-publish","4":"has-post-thumbnail","6":"product_cat-excise-bikes","7":"product_tag-exercise-bikes","8":"desktop-align-left","9":"tablet-align-left","10":"mobile-align-left","12":"first","13":"instock","14":"sale","15":"taxable","16":"shipping-taxable","17":"purchasable","18":"product-type-simple"},"_links":{"self":[{"href":"https:\/\/bestfitnessstore.com\/fi\/wp-json\/wp\/v2\/product\/844","targetHints":{"allow":["GET"]}}],"collection":[{"href":"https:\/\/bestfitnessstore.com\/fi\/wp-json\/wp\/v2\/product"}],"about":[{"href":"https:\/\/bestfitnessstore.com\/fi\/wp-json\/wp\/v2\/types\/product"}],"replies":[{"embeddable":true,"href":"https:\/\/bestfitnessstore.com\/fi\/wp-json\/wp\/v2\/comments?post=844"}],"wp:featuredmedia":[{"embeddable":true,"href":"https:\/\/bestfitnessstore.com\/fi\/wp-json\/wp\/v2\/media\/846"}],"wp:attachment":[{"href":"https:\/\/bestfitnessstore.com\/fi\/wp-json\/wp\/v2\/media?parent=844"}],"wp:term":[{"taxonomy":"product_brand","embeddable":true,"href":"https:\/\/bestfitnessstore.com\/fi\/wp-json\/wp\/v2\/product_brand?post=844"},{"taxonomy":"product_cat","embeddable":true,"href":"https:\/\/bestfitnessstore.com\/fi\/wp-json\/wp\/v2\/product_cat?post=844"},{"taxonomy":"product_tag","embeddable":true,"href":"https:\/\/bestfitnessstore.com\/fi\/wp-json\/wp\/v2\/product_tag?post=844"}],"curies":[{"name":"wp","href":"https:\/\/api.w.org\/{rel}","templated":true}]}}