{"id":836,"date":"2025-11-24T12:09:28","date_gmt":"2025-11-24T12:09:28","guid":{"rendered":"https:\/\/bestfitnessstore.com\/?post_type=product&#038;p=836"},"modified":"2025-11-24T12:09:28","modified_gmt":"2025-11-24T12:09:28","slug":"proform-hybrid-trainer-xt","status":"publish","type":"product","link":"https:\/\/bestfitnessstore.com\/fi\/product\/proform-hybrid-trainer-xt\/","title":{"rendered":"ProForm Hybrid Trainer XT"},"content":{"rendered":"<div class=\"product-attribute-container-desktop desktop-only\">\n<div class=\"additional-attributes-wrapper table-wrapper\">\n<h4>TUOTETIEDOT<\/h4>\n<div class=\"attributes-container\">\n<ul class=\"product-attributes-container\">\n<li><span class=\"specification-title\">Pakkauksen paino (KG):\u00a0<\/span><span class=\"specification-data\">66.000000<\/span><\/li>\n<li><span class=\"specification-title\">Teho menetelm\u00e4:\u00a0<\/span><span class=\"specification-data\">S\u00e4hk\u00f6verkko<\/span><\/li>\n<li><span class=\"specification-title\">Tablettiteline:\u00a0<\/span><span class=\"specification-data\">Kyll\u00e4<\/span><\/li>\n<li><span class=\"specification-title\">Vauhtipy\u00f6r\u00e4n asento:\u00a0<\/span><span class=\"specification-data\">Takana<\/span><\/li>\n<li><span class=\"specification-title\">Askeleen pituus:\u00a0<\/span><span class=\"specification-data\">38<\/span><\/li>\n<li><span class=\"specification-title\">Tuotteen mitat (LxSxK):\u00a0<\/span><span class=\"specification-data\">180 x 64 x 154 cm<\/span><\/li>\n<\/ul>\n<ul class=\"product-attributes-container\">\n<li><span class=\"specification-title\">Tuotteen paino (KG):\u00a0<\/span><span class=\"specification-data\">57<\/span><\/li>\n<li><span class=\"specification-title\">Sovellusten integrointi:\u00a0<\/span><span class=\"specification-data\">iFIT<\/span><\/li>\n<li><span class=\"specification-title\">Kuljetuspy\u00f6r\u00e4t:\u00a0<\/span><span class=\"specification-data\">Kyll\u00e4<\/span><\/li>\n<li><span class=\"specification-title\">Vauhtipy\u00f6r\u00e4n paino (KG):\u00a0<\/span><span class=\"specification-data\">6<\/span><\/li>\n<li><span class=\"specification-title\">K\u00e4ytt\u00e4j\u00e4n enimm\u00e4ispaino (kg):\u00a0<\/span><span class=\"specification-data\">115,00 (kg)<\/span><\/li>\n<li><span class=\"specification-title\">Laatikon mitat (LxSxK):\u00a0<\/span><span class=\"specification-data\">125 x 43 x 64 cm<\/span><\/li>\n<\/ul>\n<\/div>\n<\/div>\n<\/div>\n<div class=\"product-features\">\n<h4>LIS\u00c4OMINAISUUDET<\/h4>\n<div class=\"more-container\">\n<div class=\"unshow-text\">\n<ul class=\"product-features-container\">\n<li><span class=\"specification-title\">SMR\u2122 Silent Magnetic Resistance:<\/span>\u00a0<span class=\"specification-data\">S\u00e4\u00e4dett\u00e4viss\u00e4 16 digitaalisen tason avulla<\/span><\/li>\n<li><span class=\"specification-title\">Hybridikouluttaja:<\/span>\u00a0<span class=\"specification-data\">Yhdist\u00e4\u00e4 kaikki elliptisen ja makuuasentopy\u00f6r\u00e4n edut yhdess\u00e4 tilaa s\u00e4\u00e4st\u00e4v\u00e4ss\u00e4 laitteessa.<\/span><\/li>\n<li><span class=\"specification-title\">N\u00e4ytt\u00f6:<\/span>\u00a0<span class=\"specification-data\">5\u201d kontrastikas moniv\u00e4rin\u00e4ytt\u00f6; korkeuss\u00e4\u00e4dett\u00e4v\u00e4<\/span><\/li>\n<li><span class=\"specification-title\">IFIT\u2122 k\u00e4yt\u00f6ss\u00e4:<\/span>\u00a0<span class=\"specification-data\">Mukana 30 p\u00e4iv\u00e4n iFIT-kokeilujakso. Luottokortti vaaditaan aktivointia varten. iFIT-j\u00e4senyys uusitaan automaattisesti, ellei sit\u00e4 peruuteta etuk\u00e4teen. 30 p\u00e4iv\u00e4n kokeilujakso koskee vain uusia j\u00e4senyyksi\u00e4.<\/span><\/li>\n<li><span class=\"specification-title\">Audio:<\/span>\u00a0<span class=\"specification-data\">Kaksi 2\u201d kaiutinta<\/span><\/li>\n<li><span class=\"specification-title\">Soft Touch Upper Body Grips:<\/span>\u00a0<span class=\"specification-data\">Yl\u00e4vartalon aktivointiin<\/span><\/li>\n<li><span class=\"specification-title\">Istuin:<\/span>\u00a0<span class=\"specification-data\">S\u00e4\u00e4dett\u00e4v\u00e4; pehmustettu<\/span><\/li>\n<\/ul>\n<\/div>\n<\/div>\n<\/div>\n<div class=\"product-warranty\">\n<h4>TAKUU<\/h4>\n<div class=\"text-container\"><strong>Kotik\u00e4ytt\u00f6:<\/strong>\u00a0Kaksi vuotta osat ja ty\u00f6 (ehtoja sovelletaan), jos tuote rekister\u00f6id\u00e4\u00e4n 28 p\u00e4iv\u00e4n kuluessa ostop\u00e4iv\u00e4st\u00e4. Vakiotakuu on 12 kuukautta osat ja ty\u00f6 Ehdot T\u00e4m\u00e4 takuu koskee vain alkuper\u00e4ist\u00e4 ostajaa (sinua), eik\u00e4 sit\u00e4 voi siirt\u00e4\u00e4. Takuu ei kata: 1. Normaalia kulumista (esimerkkej\u00e4 normaalisti kuluvista osista ovat k\u00e4velyhihnat, k\u00e4ytt\u00f6hihnat, akut, jarrupalat ja hyppymatot). 2 Mit\u00e4\u00e4n tilap\u00e4isi\u00e4 korjauksia, mukautuksia tai muutoksia, joilla t\u00e4t\u00e4 tuotetta muutetaan sen normaalista k\u00e4ytt\u00f6tarkoituksesta ja toiminnasta k\u00e4ytt\u00f6ohjeessa kuvatulla tavalla. 3. Vahingot, jotka johtuvat: a) Tahallisista tai ilkivaltaisista teoista. b) Kuljetuksesta. c) Virheellisest\u00e4 asennuksesta, kokoonpanosta tai kytkenn\u00e4st\u00e4, joka ei ole ICONin eritelmien tai suositusten mukainen. d) V\u00e4\u00e4rink\u00e4yt\u00f6st\u00e4, v\u00e4\u00e4rink\u00e4yt\u00f6st\u00e4, ohjeiden noudattamatta j\u00e4tt\u00e4misest\u00e4 tai ep\u00e4asianmukaisesta tai ep\u00e4normaalista k\u00e4yt\u00f6st\u00e4. e) K\u00e4ytt\u00e4j\u00e4n k\u00e4sikirjan ohjeiden laiminly\u00f6nnist\u00e4 (kuten muiden kuin suositeltujen puhdistus- ja huoltotuotteiden k\u00e4yt\u00f6st\u00e4, tuotteen sammuttamatta j\u00e4tt\u00e4misest\u00e4 k\u00e4yt\u00f6n j\u00e4lkeen jne.) f) Muu kuin kotik\u00e4ytt\u00f6 (mukaan lukien mutta ei rajoittuen k\u00e4ytt\u00f6 kaupallisissa, ammatillisissa, vuokra- tai laitosymp\u00e4rist\u00f6iss\u00e4). g) Korjaukset, joita ei ole suorittanut ICONin valtuuttama huoltoliike, tai sellaisten osien k\u00e4ytt\u00f6, joita ICON ei ole toimittanut tai valtuuttanut. h) Onnettomuudet, t\u00f6rm\u00e4ykset, s\u00e4hk\u00f6virran vaihtelut, salamaniskut, myrskyt, vesi, tulipalo, el\u00e4imet tai muut syyt, jotka eiv\u00e4t ole riippuvaisia ICONista. i) V\u00e4\u00e4r\u00e4nlainen sijoituspaikka, mukaan lukien mutta ei rajoittuen kosteat, p\u00f6lyiset tai ulkotiloissa olevat ymp\u00e4rist\u00f6t (esimerkkein\u00e4 ovat esimerkiksi autotallit, maakellarit, kuistit ja terassit).<\/div>\n<\/div>\n<div class=\"product-next-day\">\n<h4>PIKATOIMITUS<\/h4>\n<div class=\"text-container\">Monissa tuotteissamme on pikatoimitus- ja nimip\u00e4iv\u00e4vaihtoehdot, jolloin saat tuotteesi toimitettua heti huomenna tai valitsemanasi sinulle sopivana ajankohtana. Tarkista toimitusvaihtoehdot kassalla n\u00e4hd\u00e4ksesi saatavuuden korisi ja postinumerosi osalta. Toimitusehtoja sovelletaan.<\/div>\n<\/div>","protected":false},"excerpt":{"rendered":"<p>S\u00e4\u00e4st\u00e4 rahaa ja tilaa ProForm Hybrid Trainer XT:ll\u00e4, harkitusti suunnitellulla laitteella, joka yhdist\u00e4\u00e4 elliptisen ja rekumbenttipy\u00f6r\u00e4n samaan runkoon. Hybrid Trainer XT:ss\u00e4 on ProForm SMR\u2122 Silent Magnetic Resistance -j\u00e4rjestelm\u00e4, jota voidaan s\u00e4\u00e4t\u00e4\u00e4 16 digitaalisen tason avulla kullekin harjoitukselle ja k\u00e4ytt\u00e4j\u00e4lle sopivaksi. Hybrid Trainer XT:ss\u00e4, jota k\u00e4ytet\u00e4\u00e4n elliptisen\u00e4, on 38 metrin askelpituus ja pehmustetut polkimet sek\u00e4 pehme\u00e4n tuntuiset yl\u00e4vartalokahvat, jotka harjoittavat sek\u00e4 yl\u00e4- ett\u00e4 alavartaloa samanaikaisesti. K\u00e4\u00e4nn\u00e4 polkimien kanta yl\u00f6s, niin voit k\u00e4ytt\u00e4\u00e4 Hybrid Trainer XT:t\u00e4 makuuasentopy\u00f6r\u00e4n\u00e4. Konsolin voi laskea alas optimaalista katselua varten, ja istuimessa on mukava pehmuste ja t\u00e4ysi s\u00e4\u00e4dett\u00e4vyys. Hybrid Trainer XT on varustettu 5 tuuman kontrastikkaalla moniv\u00e4rin\u00e4yt\u00f6ll\u00e4, jossa on kaksi 2 tuuman kaiutinta, vesipulloteline ja integroitu laitehylly. Lataa iFIT-sovellus tablettiin tai \u00e4lypuhelimeen, jotta saat parhaan mahdollisen hy\u00f6dyn harjoittelustasi Hybrid Trainer XT:ll\u00e4. iFIT-sovelluksen avulla p\u00e4\u00e4set joka p\u00e4iv\u00e4 uuteen harjoitteluun, voit seurata edistymist\u00e4si automaattisesti, j\u00e4ljitell\u00e4 todellisia ajoja ja juoksuja Google Maps\u2122:n avulla, kilpailla yst\u00e4viesi kanssa ja r\u00e4\u00e4t\u00e4l\u00f6id\u00e4 harjoittelusi omien tavoitteidesi mukaan (30 p\u00e4iv\u00e4n iFIT-tilaus sis\u00e4ltyy*). Hybrid Trainer XT:ss\u00e4 on my\u00f6s ActivePulse\u2122-teknologia (SmartBeat-k\u00e4sivarsinauha vaaditaan), joka s\u00e4\u00e4t\u00e4\u00e4 vastusta automaattisesti, jotta sykkeesi pysyy optimaalisella alueella. Etupuolelle asennettujen kuljetuspy\u00f6rien avulla voit helposti siirt\u00e4\u00e4 Hybrid Trainer XT:n pois n\u00e4kyvist\u00e4, kun olet lopettanut treenin. * 30 p\u00e4iv\u00e4n iFIT-kokeilujakso sis\u00e4ltyy. Aktivointiin tarvitaan luottokortti. iFIT-j\u00e4senyys uusitaan automaattisesti, ellei sit\u00e4 peruuteta etuk\u00e4teen. 30 p\u00e4iv\u00e4n kokeilujakso koskee vain uusia j\u00e4senyyksi\u00e4.<\/p>\n<div class=\"product-attribute-container-desktop desktop-only\">\n<div class=\"additional-attributes-wrapper table-wrapper\"><\/div>\n<\/div>","protected":false},"featured_media":839,"comment_status":"open","ping_status":"closed","template":"","meta":{"site-sidebar-layout":"default","site-content-layout":"","ast-site-content-layout":"default","site-content-style":"default","site-sidebar-style":"default","ast-global-header-display":"","ast-banner-title-visibility":"","ast-main-header-display":"","ast-hfb-above-header-display":"","ast-hfb-below-header-display":"","ast-hfb-mobile-header-display":"","site-post-title":"","ast-breadcrumbs-content":"","ast-featured-img":"","footer-sml-layout":"","theme-transparent-header-meta":"default","adv-header-id-meta":"","stick-header-meta":"","header-above-stick-meta":"","header-main-stick-meta":"","header-below-stick-meta":"","astra-migrate-meta-layouts":"set","ast-page-background-enabled":"default","ast-page-background-meta":{"desktop":{"background-color":"var(--ast-global-color-5)","background-image":"","background-repeat":"repeat","background-position":"center center","background-size":"auto","background-attachment":"scroll","background-type":"","background-media":"","overlay-type":"","overlay-color":"","overlay-opacity":"","overlay-gradient":""},"tablet":{"background-color":"","background-image":"","background-repeat":"repeat","background-position":"center center","background-size":"auto","background-attachment":"scroll","background-type":"","background-media":"","overlay-type":"","overlay-color":"","overlay-opacity":"","overlay-gradient":""},"mobile":{"background-color":"","background-image":"","background-repeat":"repeat","background-position":"center center","background-size":"auto","background-attachment":"scroll","background-type":"","background-media":"","overlay-type":"","overlay-color":"","overlay-opacity":"","overlay-gradient":""}},"ast-content-background-meta":{"desktop":{"background-color":"var(--ast-global-color-4)","background-image":"","background-repeat":"repeat","background-position":"center center","background-size":"auto","background-attachment":"scroll","background-type":"","background-media":"","overlay-type":"","overlay-color":"","overlay-opacity":"","overlay-gradient":""},"tablet":{"background-color":"var(--ast-global-color-4)","background-image":"","background-repeat":"repeat","background-position":"center center","background-size":"auto","background-attachment":"scroll","background-type":"","background-media":"","overlay-type":"","overlay-color":"","overlay-opacity":"","overlay-gradient":""},"mobile":{"background-color":"var(--ast-global-color-4)","background-image":"","background-repeat":"repeat","background-position":"center center","background-size":"auto","background-attachment":"scroll","background-type":"","background-media":"","overlay-type":"","overlay-color":"","overlay-opacity":"","overlay-gradient":""}}},"product_brand":[],"product_cat":[19],"product_tag":[22],"class_list":{"0":"post-836","1":"product","2":"type-product","3":"status-publish","4":"has-post-thumbnail","6":"product_cat-excise-bikes","7":"product_tag-exercise-bikes","8":"desktop-align-left","9":"tablet-align-left","10":"mobile-align-left","12":"first","13":"instock","14":"sale","15":"taxable","16":"shipping-taxable","17":"purchasable","18":"product-type-simple"},"_links":{"self":[{"href":"https:\/\/bestfitnessstore.com\/fi\/wp-json\/wp\/v2\/product\/836","targetHints":{"allow":["GET"]}}],"collection":[{"href":"https:\/\/bestfitnessstore.com\/fi\/wp-json\/wp\/v2\/product"}],"about":[{"href":"https:\/\/bestfitnessstore.com\/fi\/wp-json\/wp\/v2\/types\/product"}],"replies":[{"embeddable":true,"href":"https:\/\/bestfitnessstore.com\/fi\/wp-json\/wp\/v2\/comments?post=836"}],"wp:featuredmedia":[{"embeddable":true,"href":"https:\/\/bestfitnessstore.com\/fi\/wp-json\/wp\/v2\/media\/839"}],"wp:attachment":[{"href":"https:\/\/bestfitnessstore.com\/fi\/wp-json\/wp\/v2\/media?parent=836"}],"wp:term":[{"taxonomy":"product_brand","embeddable":true,"href":"https:\/\/bestfitnessstore.com\/fi\/wp-json\/wp\/v2\/product_brand?post=836"},{"taxonomy":"product_cat","embeddable":true,"href":"https:\/\/bestfitnessstore.com\/fi\/wp-json\/wp\/v2\/product_cat?post=836"},{"taxonomy":"product_tag","embeddable":true,"href":"https:\/\/bestfitnessstore.com\/fi\/wp-json\/wp\/v2\/product_tag?post=836"}],"curies":[{"name":"wp","href":"https:\/\/api.w.org\/{rel}","templated":true}]}}