{"id":802,"date":"2025-11-22T17:31:40","date_gmt":"2025-11-22T17:31:40","guid":{"rendered":"https:\/\/bestfitnessstore.com\/?post_type=product&#038;p=802"},"modified":"2025-11-22T17:32:20","modified_gmt":"2025-11-22T17:32:20","slug":"matrix-fitness-u50-pystypyora-xur-konsolilla-varustettuna","status":"publish","type":"product","link":"https:\/\/bestfitnessstore.com\/fi\/product\/matrix-fitness-u50-upright-cycle-with-xur-console\/","title":{"rendered":"Matrix Fitness U50 pystypy\u00f6r\u00e4 XUR-konsolilla varustettuna"},"content":{"rendered":"<div class=\"product-attribute-container-desktop desktop-only\">\n<div class=\"additional-attributes-wrapper table-wrapper\">\n<h4>TUOTETIEDOT<\/h4>\n<div class=\"attributes-container\">\n<ul class=\"product-attributes-container\">\n<li><span class=\"specification-title\">Pakkauksen paino (KG):\u00a0<\/span><span class=\"specification-data\">83.000000<\/span><\/li>\n<li><span class=\"specification-title\">Teho menetelm\u00e4:\u00a0<\/span><span class=\"specification-data\">S\u00e4hk\u00f6verkko<\/span><\/li>\n<li><span class=\"specification-title\">Tablettiteline:\u00a0<\/span><span class=\"specification-data\">Kyll\u00e4<\/span><\/li>\n<li><span class=\"specification-title\">Polkimet:\u00a0<\/span><span class=\"specification-data\">Hihna<\/span><\/li>\n<li><span class=\"specification-title\">Py\u00f6r\u00e4tyyppi:\u00a0<\/span><span class=\"specification-data\">Pystyasennossa<\/span><\/li>\n<li><span class=\"specification-title\">K\u00e4ytt\u00e4j\u00e4n v\u00e4himm\u00e4iskorkeus (cm):\u00a0<\/span><span class=\"specification-data\">147<\/span><\/li>\n<li><span class=\"specification-title\">Vastusj\u00e4rjestelm\u00e4:\u00a0<\/span><span class=\"specification-data\">Induktio<\/span><\/li>\n<li><span class=\"specification-title\">K\u00e4ytt\u00e4j\u00e4n enimm\u00e4ispaino (kg):\u00a0<\/span><span class=\"specification-data\">159,00 (kg)<\/span><\/li>\n<li><span class=\"specification-title\">Tuotteen mitat (LxSxK):\u00a0<\/span><span class=\"specification-data\">122 x 62,50 x 143 cm<\/span><\/li>\n<\/ul>\n<ul class=\"product-attributes-container\">\n<li><span class=\"specification-title\">Tuotteen paino (KG):\u00a0<\/span><span class=\"specification-data\">60<\/span><\/li>\n<li><span class=\"specification-title\">Sovellusten integrointi:\u00a0<\/span><span class=\"specification-data\">KinoMap, Zwift<\/span><\/li>\n<li><span class=\"specification-title\">Bluetooth:\u00a0<\/span><span class=\"specification-data\">Kyll\u00e4<\/span><\/li>\n<li><span class=\"specification-title\">Rungon s\u00e4\u00e4dett\u00e4vyys:\u00a0<\/span><span class=\"specification-data\">K\u00e4densijat ja konsoli liikkuvat eteen- ja taaksep\u00e4in, satula yl\u00f6s- ja alasp\u00e4in<\/span><\/li>\n<li><span class=\"specification-title\">Kuljetuspy\u00f6r\u00e4t:\u00a0<\/span><span class=\"specification-data\">Kyll\u00e4<\/span><\/li>\n<li><span class=\"specification-title\">K\u00e4ytt\u00e4j\u00e4n enimm\u00e4iskorkeus (cm):\u00a0<\/span><span class=\"specification-data\">201<\/span><\/li>\n<li><span class=\"specification-title\">Sykkeen seuranta:\u00a0<\/span><span class=\"specification-data\">Sis\u00e4\u00e4nrakennetut anturit ja Bluetooth<\/span><\/li>\n<li><span class=\"specification-title\">Sis\u00e4\u00e4nrakennetut ohjelmat:\u00a0<\/span><span class=\"specification-data\">Manuaalinen, Rasvanpoltto, Vieriv\u00e4t m\u00e4et, Intervallit, Aikatavoite, Et\u00e4isyystavoite, Tavoitesyke, Sprintti 8, Mukautettu<\/span><\/li>\n<\/ul>\n<\/div>\n<\/div>\n<\/div>\n<div class=\"product-features\">\n<h4>LIS\u00c4OMINAISUUDET<\/h4>\n<div class=\"more-container\">\n<div class=\"unshow-text\">\n<ul class=\"product-features-container\">\n<li><span class=\"specification-title\">Kehys:<\/span>\u00a0<span class=\"specification-data\">Kaksoismuotoinen l\u00e4pivienti pystyasennossa<\/span><\/li>\n<li><span class=\"specification-title\">Poljin tyyppi:<\/span>\u00a0<span class=\"specification-data\">Ylimitoitetut, kaupallisen luokan, itsetasapainottuvat polkimet, joissa on s\u00e4\u00e4dett\u00e4v\u00e4t hihnat.<\/span><\/li>\n<li><span class=\"specification-title\">Istuintyyppi:<\/span>\u00a0<span class=\"specification-data\">Comfort Arc pystyistuin, vaihdettava<\/span><\/li>\n<li><span class=\"specification-title\">Vastusj\u00e4rjestelm\u00e4:<\/span>\u00a0<span class=\"specification-data\">Exact Force induktiojarru<\/span><\/li>\n<li><span class=\"specification-title\">Vastustustasot:<\/span>\u00a0<span class=\"specification-data\">30 tasoa, elektroninen<\/span><\/li>\n<li><span class=\"specification-title\">Ohjaustangon tyyppi:<\/span>\u00a0<span class=\"specification-data\">S\u00e4\u00e4dett\u00e4v\u00e4 monikahvainen ohjaustanko, jossa on vastuskytkimet ja sykekahvat, vaihdettavissa kesken\u00e4\u00e4n.<\/span><\/li>\n<li><span class=\"specification-title\">XUR-konsoli:<\/span>\u00a0<span class=\"specification-data\">22\u201d kirkas HD-kosketusn\u00e4ytt\u00f6, jossa on laajennettu Bluetooth-yhteys, USB-portti, HDMI-portti, konsolisovellukset, lukuteline, energians\u00e4\u00e4st\u00f6tila, ViewFit-yhteys (integroitavissa kuntosovelluksiin). WiFi vaaditaan sovelluksia ja ohjelmistop\u00e4ivityksi\u00e4 varten.<\/span><\/li>\n<li><span class=\"specification-title\">Harjoitusohjelmat:<\/span>\u00a0<span class=\"specification-data\">12<\/span><\/li>\n<li><span class=\"specification-title\">Konsolisovellukset:<\/span>\u00a0<span class=\"specification-data\">Virtual Active, Sprint8, YouTube, Spotify, Netflix ja muut. Tilaukset eiv\u00e4t sis\u00e4lly<\/span><\/li>\n<li><span class=\"specification-title\">Lis\u00e4varusteet:<\/span>\u00a0<span class=\"specification-data\">Vesipulloteline, integroitu lukuteline, energians\u00e4\u00e4st\u00f6tila<\/span><\/li>\n<li><span class=\"specification-title\">Mitat (LxSxK):<\/span>\u00a0<span class=\"specification-data\">122 x 62,5 x 143 cm \/ 48\u201d x 24,6\u201d x 56,3\u201d \/ 48\" x 24,6\" x 56,3\".\u201d<\/span><\/li>\n<li><span class=\"specification-title\">Paino koottuna:<\/span>\u00a0<span class=\"specification-data\">71 kg<\/span><\/li>\n<li><span class=\"specification-title\">K\u00e4ytt\u00e4j\u00e4n painokapasiteetti:<\/span>\u00a0<span class=\"specification-data\">159 kg \/ 350 lbs<\/span><\/li>\n<li><span class=\"specification-title\">K\u00e4ytt\u00e4j\u00e4n korkeusalue:<\/span>\u00a0<span class=\"specification-data\">150 - 193 cm \/ 4\u201911\u201d - 6\u20194\u201d<\/span><\/li>\n<\/ul>\n<\/div>\n<\/div>\n<\/div>\n<div class=\"product-warranty\">\n<h4>TAKUU<\/h4>\n<div class=\"text-container\">\n<p><strong>Kotik\u00e4ytt\u00f6:<\/strong>\u00a03 vuotta P\/L<\/p>\n<\/div>\n<\/div>\n<div class=\"product-next-day\">\n<h4>PIKATOIMITUS<\/h4>\n<div class=\"text-container\">Monissa tuotteissamme on pikatoimitus- ja nimip\u00e4iv\u00e4vaihtoehdot, jolloin saat tuotteesi toimitettua heti huomenna tai valitsemanasi sinulle sopivana ajankohtana. Tarkista toimitusvaihtoehdot kassalla n\u00e4hd\u00e4ksesi saatavuuden korisi ja postinumerosi osalta. Toimitusehtoja sovelletaan.<\/div>\n<\/div>","protected":false},"excerpt":{"rendered":"<p>Nauti kaupallisilta kuntopy\u00f6rilt\u00e4 odottamastasi laadusta, muotoilusta ja vakaudesta kotona Matrix Fitness U50 Upright Cycle -py\u00f6r\u00e4ll\u00e4. Dual Form Frame -runkorakenteen ansiosta U50 on huomattavasti vakaampi ja kest\u00e4v\u00e4mpi kuin muut py\u00f6r\u00e4t, joissa on vain yksi pylv\u00e4s, ja se hy\u00f6tyy matalasta askelkorkeudesta, joka helpottaa sis\u00e4\u00e4np\u00e4\u00e4sy\u00e4. Laaja 30-tasoinen vastusalue takaa haasteita kuntotasostasi riippumatta, ja Exact Force -induktiojarruj\u00e4rjestelm\u00e4 tarjoaa realistisen py\u00f6r\u00e4ilytuntuman. U50:ss\u00e4 on Comfort Arc -istuin, joka on muotoiltu ergonomisesti tarjoamaan vertaansa vailla olevaa mukavuutta, tukea ja tasapainoa treenin aikana. \u00c4lyk\u00e4s ergonomia, kuten optimoitu poljinv\u00e4li, varmistaa, ett\u00e4 jokainen ajo on tehokas ja niveli\u00e4 s\u00e4\u00e4st\u00e4v\u00e4, kun taas ylisuuret, kaupallisen luokan itsetasapainottuvat polkimet takaavat jalkojen turvallisen sijoittumisen koko kierroksen ajan. Jos haluat erilaisen satulan, ohjaustangon tai polkimet, voit kiinnitt\u00e4\u00e4 vakiovarusteita ulkok\u00e4ytt\u00f6\u00f6n ja mukauttaa py\u00f6r\u00e4si yksil\u00f6lliseen tyyliisi. Matrixin t\u00e4ysin uudella, ensiluokkaisella XUR-konsolilla varustettuna voit kokea Matrixin suurimman ja kirkkaimman 22 tuuman HD-kosketusn\u00e4yt\u00f6n, joka her\u00e4tt\u00e4\u00e4 virtuaaliset matkat, elokuvat ja videot eloon. Edistyksellisen Bluetooth- ja ViewFit-yhteyden ansiosta voit synkronoida jo k\u00e4ytt\u00e4mi\u00e4si sovelluksia, kuten MyFitnessPal, Strava, Fitbit ja muut, tai nauttia viihdesuosikeistasi, kuten Netflixist\u00e4, Spotifysta ja YouTubesta (tilaukset eiv\u00e4t sis\u00e4lly). Kytke puhelimesi tai tablettisi HDMI-liit\u00e4nn\u00e4n kautta peilataksesi laitteesi HD-n\u00e4yt\u00f6lle, selataksesi netti\u00e4, kuunnellaksesi musiikkia integroiduilla 5 watin kaiuttimilla ja paljon muuta! Pid\u00e4 jokainen harjoitus monipuolisena ja motivoivana 12 sis\u00e4\u00e4nrakennetun metriikkaan perustuvan harjoitusohjelman avulla (mukaan lukien tunnettu Sprint8 HIIT -ohjelma), luo omia mukautettuja harjoituksia ja toista harjoitukset, jotka tallennetaan automaattisesti harjoituskalenteriin. Saat tarkimman mahdollisen sykepalautteen kuntoilulaitteista integroidun Polar-syketeknologian avulla, ja XUR:n mukana toimitetaan Polar-sykehihna. Vaihda 30 vastustasoa ohjaustangossa olevilla vastuksen s\u00e4\u00e4timill\u00e4 ja seuraa sykett\u00e4si kosketuskahvoilla (tai liit\u00e4 sykehihna Bluetooth-yhteydell\u00e4 - hihna ei sis\u00e4lly toimitukseen). Muita ominaisuuksia ovat vesipulloteline, integroitu lukuteline ja energians\u00e4\u00e4st\u00f6tila.<\/p>\n<div class=\"product-attribute-container-desktop desktop-only\">\n<div class=\"additional-attributes-wrapper table-wrapper\"><\/div>\n<\/div>","protected":false},"featured_media":805,"comment_status":"open","ping_status":"closed","template":"","meta":{"site-sidebar-layout":"default","site-content-layout":"","ast-site-content-layout":"default","site-content-style":"default","site-sidebar-style":"default","ast-global-header-display":"","ast-banner-title-visibility":"","ast-main-header-display":"","ast-hfb-above-header-display":"","ast-hfb-below-header-display":"","ast-hfb-mobile-header-display":"","site-post-title":"","ast-breadcrumbs-content":"","ast-featured-img":"","footer-sml-layout":"","theme-transparent-header-meta":"default","adv-header-id-meta":"","stick-header-meta":"","header-above-stick-meta":"","header-main-stick-meta":"","header-below-stick-meta":"","astra-migrate-meta-layouts":"set","ast-page-background-enabled":"default","ast-page-background-meta":{"desktop":{"background-color":"var(--ast-global-color-5)","background-image":"","background-repeat":"repeat","background-position":"center center","background-size":"auto","background-attachment":"scroll","background-type":"","background-media":"","overlay-type":"","overlay-color":"","overlay-opacity":"","overlay-gradient":""},"tablet":{"background-color":"","background-image":"","background-repeat":"repeat","background-position":"center center","background-size":"auto","background-attachment":"scroll","background-type":"","background-media":"","overlay-type":"","overlay-color":"","overlay-opacity":"","overlay-gradient":""},"mobile":{"background-color":"","background-image":"","background-repeat":"repeat","background-position":"center center","background-size":"auto","background-attachment":"scroll","background-type":"","background-media":"","overlay-type":"","overlay-color":"","overlay-opacity":"","overlay-gradient":""}},"ast-content-background-meta":{"desktop":{"background-color":"var(--ast-global-color-4)","background-image":"","background-repeat":"repeat","background-position":"center center","background-size":"auto","background-attachment":"scroll","background-type":"","background-media":"","overlay-type":"","overlay-color":"","overlay-opacity":"","overlay-gradient":""},"tablet":{"background-color":"var(--ast-global-color-4)","background-image":"","background-repeat":"repeat","background-position":"center center","background-size":"auto","background-attachment":"scroll","background-type":"","background-media":"","overlay-type":"","overlay-color":"","overlay-opacity":"","overlay-gradient":""},"mobile":{"background-color":"var(--ast-global-color-4)","background-image":"","background-repeat":"repeat","background-position":"center center","background-size":"auto","background-attachment":"scroll","background-type":"","background-media":"","overlay-type":"","overlay-color":"","overlay-opacity":"","overlay-gradient":""}}},"product_brand":[],"product_cat":[19],"product_tag":[29],"class_list":{"0":"post-802","1":"product","2":"type-product","3":"status-publish","4":"has-post-thumbnail","6":"product_cat-excise-bikes","7":"product_tag-exercise","8":"desktop-align-left","9":"tablet-align-left","10":"mobile-align-left","12":"first","13":"instock","14":"sale","15":"taxable","16":"shipping-taxable","17":"purchasable","18":"product-type-simple"},"_links":{"self":[{"href":"https:\/\/bestfitnessstore.com\/fi\/wp-json\/wp\/v2\/product\/802","targetHints":{"allow":["GET"]}}],"collection":[{"href":"https:\/\/bestfitnessstore.com\/fi\/wp-json\/wp\/v2\/product"}],"about":[{"href":"https:\/\/bestfitnessstore.com\/fi\/wp-json\/wp\/v2\/types\/product"}],"replies":[{"embeddable":true,"href":"https:\/\/bestfitnessstore.com\/fi\/wp-json\/wp\/v2\/comments?post=802"}],"wp:featuredmedia":[{"embeddable":true,"href":"https:\/\/bestfitnessstore.com\/fi\/wp-json\/wp\/v2\/media\/805"}],"wp:attachment":[{"href":"https:\/\/bestfitnessstore.com\/fi\/wp-json\/wp\/v2\/media?parent=802"}],"wp:term":[{"taxonomy":"product_brand","embeddable":true,"href":"https:\/\/bestfitnessstore.com\/fi\/wp-json\/wp\/v2\/product_brand?post=802"},{"taxonomy":"product_cat","embeddable":true,"href":"https:\/\/bestfitnessstore.com\/fi\/wp-json\/wp\/v2\/product_cat?post=802"},{"taxonomy":"product_tag","embeddable":true,"href":"https:\/\/bestfitnessstore.com\/fi\/wp-json\/wp\/v2\/product_tag?post=802"}],"curies":[{"name":"wp","href":"https:\/\/api.w.org\/{rel}","templated":true}]}}