{"id":761,"date":"2025-11-22T17:00:25","date_gmt":"2025-11-22T17:00:25","guid":{"rendered":"https:\/\/bestfitnessstore.com\/?post_type=product&#038;p=761"},"modified":"2025-11-22T17:00:52","modified_gmt":"2025-11-22T17:00:52","slug":"matrix-fitness-r50-rekumbenttipyora-xer-konsolilla-varustettuna","status":"publish","type":"product","link":"https:\/\/bestfitnessstore.com\/fi\/product\/matrix-fitness-r50-recumbent-cycle-with-xer-console\/","title":{"rendered":"Matrix Fitness R50 Recumbent-py\u00f6r\u00e4 XER-konsolilla"},"content":{"rendered":"<div class=\"product-attribute-container-desktop desktop-only\">\n<div class=\"additional-attributes-wrapper table-wrapper\">\n<h4>TUOTETIEDOT<\/h4>\n<div class=\"attributes-container\">\n<ul class=\"product-attributes-container\">\n<li><span class=\"specification-title\">Pakkauksen paino (KG):\u00a0<\/span><span class=\"specification-data\">101.400000<\/span><\/li>\n<li><span class=\"specification-title\">Teho menetelm\u00e4:\u00a0<\/span><span class=\"specification-data\">S\u00e4hk\u00f6verkko<\/span><\/li>\n<li><span class=\"specification-title\">Tablettiteline:\u00a0<\/span><span class=\"specification-data\">Kyll\u00e4<\/span><\/li>\n<li><span class=\"specification-title\">Polkimet:\u00a0<\/span><span class=\"specification-data\">Hihna<\/span><\/li>\n<li><span class=\"specification-title\">Kuljetuspy\u00f6r\u00e4t:\u00a0<\/span><span class=\"specification-data\">Kyll\u00e4<\/span><\/li>\n<li><span class=\"specification-title\">K\u00e4ytt\u00e4j\u00e4n enimm\u00e4iskorkeus (cm):\u00a0<\/span><span class=\"specification-data\">201<\/span><\/li>\n<li><span class=\"specification-title\">Sykkeen seuranta:\u00a0<\/span><span class=\"specification-data\">Sis\u00e4\u00e4nrakennetut anturit ja Bluetooth<\/span><\/li>\n<li><span class=\"specification-title\">Sis\u00e4\u00e4nrakennetut ohjelmat:\u00a0<\/span><span class=\"specification-data\">Manuaalinen, Rasvanpoltto, Vieriv\u00e4t m\u00e4et, Intervallit, Aikatavoite, Et\u00e4isyystavoite, Tavoitesyke, Sprintti 8, Mukautettu<\/span><\/li>\n<\/ul>\n<ul class=\"product-attributes-container\">\n<li><span class=\"specification-title\">Tuotteen paino (KG):\u00a0<\/span><span class=\"specification-data\">78<\/span><\/li>\n<li><span class=\"specification-title\">Sovellusten integrointi:\u00a0<\/span><span class=\"specification-data\">KinoMap, Zwift<\/span><\/li>\n<li><span class=\"specification-title\">Bluetooth:\u00a0<\/span><span class=\"specification-data\">Kyll\u00e4<\/span><\/li>\n<li><span class=\"specification-title\">Rungon s\u00e4\u00e4dett\u00e4vyys:\u00a0<\/span><span class=\"specification-data\">Satula eteen- ja taaksep\u00e4in<\/span><\/li>\n<li><span class=\"specification-title\">K\u00e4ytt\u00e4j\u00e4n v\u00e4himm\u00e4iskorkeus (cm):\u00a0<\/span><span class=\"specification-data\">147<\/span><\/li>\n<li><span class=\"specification-title\">Vastusj\u00e4rjestelm\u00e4:\u00a0<\/span><span class=\"specification-data\">Induktio<\/span><\/li>\n<li><span class=\"specification-title\">K\u00e4ytt\u00e4j\u00e4n enimm\u00e4ispaino (kg):\u00a0<\/span><span class=\"specification-data\">159,00 (kg)<\/span><\/li>\n<li><span class=\"specification-title\">Tuotteen mitat (LxSxK):\u00a0<\/span><span class=\"specification-data\">163 x 64 x 136 cm<\/span><\/li>\n<\/ul>\n<\/div>\n<\/div>\n<\/div>\n<div class=\"product-features\">\n<h4>LIS\u00c4OMINAISUUDET<\/h4>\n<div class=\"more-container\">\n<div class=\"unshow-text\">\n<ul class=\"product-features-container\">\n<li><span class=\"specification-title\">Dual Form Frame:<\/span>\u00a0<span class=\"specification-data\">Erinomainen vakaus, makuuasento<\/span><\/li>\n<li><span class=\"specification-title\">Vastustustasot:<\/span>\u00a0<span class=\"specification-data\">30 (s\u00e4hk\u00f6inen)<\/span><\/li>\n<li><span class=\"specification-title\">Exact Force Induction -jarruvastusj\u00e4rjestelm\u00e4:<\/span>\u00a0<span class=\"specification-data\">V\u00e4litt\u00f6m\u00e4t, pehme\u00e4t ja tarkat vastuksen muutokset<\/span><\/li>\n<li><span class=\"specification-title\">S\u00e4\u00e4dett\u00e4v\u00e4 istuin:<\/span>\u00a0<span class=\"specification-data\">Keula\/taaksep\u00e4in helposti s\u00e4\u00e4dett\u00e4v\u00e4n tason avulla<\/span><\/li>\n<li><span class=\"specification-title\">Comfort Arc -istuin:<\/span>\u00a0<span class=\"specification-data\">Makuuhuoneen selk\u00e4noja verkkomuotoinen<\/span><\/li>\n<li><span class=\"specification-title\">Polkimet:<\/span>\u00a0<span class=\"specification-data\">Ylimitoitettu, itsetasapainottuva ja s\u00e4\u00e4dett\u00e4vill\u00e4 hihnoilla varustettu malli<\/span><\/li>\n<li><span class=\"specification-title\">Ohjaustanko:<\/span>\u00a0<span class=\"specification-data\">Istuimelle asennettu vastusvalitsimet ja sykekahvat<\/span><\/li>\n<li><span class=\"specification-title\">XER-konsoli:<\/span>\u00a0<span class=\"specification-data\">10\u201d luokan kosketusn\u00e4ytt\u00f6 Bluetooth-yhteydell\u00e4, USB-portti, konsolisovellukset, lukuteline, energians\u00e4\u00e4st\u00f6tila, Viewfit-yhteys (integroitavissa Fitness-sovelluksiin). WiFi vaaditaan sovelluksia ja ohjelmistop\u00e4ivityksi\u00e4 varten.<\/span><\/li>\n<li><span class=\"specification-title\">Harjoitusohjelmat:<\/span>\u00a0<span class=\"specification-data\">11 rakennettu<\/span><\/li>\n<li><span class=\"specification-title\">Konsolisovellukset:<\/span>\u00a0<span class=\"specification-data\">Virtual Active, Sprint8, YouTube, Spotify, Netflix ja muut. Tilaukset eiv\u00e4t sis\u00e4lly.<\/span><\/li>\n<li><span class=\"specification-title\">Lis\u00e4varusteet:<\/span>\u00a0<span class=\"specification-data\">Vesipulloteline, integroitu lukuteline, energians\u00e4\u00e4st\u00f6tila<\/span><\/li>\n<li><span class=\"specification-title\">Mitat (LxSxK):<\/span>\u00a0<span class=\"specification-data\">163 x 64 x 136 cm \/ 64.2\u201d x 25.2\u201d x 53.5\u201d<\/span><\/li>\n<li><span class=\"specification-title\">Paino koottuna:<\/span>\u00a0<span class=\"specification-data\">87,5 kg<\/span><\/li>\n<li><span class=\"specification-title\">K\u00e4ytt\u00e4j\u00e4n enimm\u00e4ispaino:<\/span>\u00a0<span class=\"specification-data\">159 kg \/ 350 lbs<\/span><\/li>\n<\/ul>\n<\/div>\n<\/div>\n<\/div>\n<div class=\"product-warranty\">\n<h4>TAKUU<\/h4>\n<div class=\"text-container\"><strong>Kotik\u00e4ytt\u00f6:<\/strong>\u00a03 vuotta P\/L<\/p>\n<\/div>\n<\/div>\n<div class=\"product-next-day\">\n<h4>PIKATOIMITUS<\/h4>\n<div class=\"text-container\">Monissa tuotteissamme on pikatoimitus- ja nimip\u00e4iv\u00e4vaihtoehdot, jolloin saat tuotteesi toimitettua heti huomenna tai valitsemanasi sinulle sopivana ajankohtana. Tarkista toimitusvaihtoehdot kassalla n\u00e4hd\u00e4ksesi saatavuuden korisi ja postinumerosi osalta. Toimitusehtoja sovelletaan.<\/div>\n<\/div>","protected":false},"excerpt":{"rendered":"<p>Tutustu rennompaan py\u00f6r\u00e4ilyyn Matrix Fitness R50 Recumbent Cycle -py\u00f6r\u00e4ll\u00e4. Sen Dual Form Frame -runko on tukeva ja kest\u00e4v\u00e4, ja se tarjoaa paremman saavutettavuuden helppok\u00e4ytt\u00f6isen askelmallinsa ansiosta. Exact Force -induktiojarruj\u00e4rjestelm\u00e4 tarjoaa 30 elektronisen vastuksen tasoa, joita voidaan helposti s\u00e4\u00e4t\u00e4\u00e4 kesken harjoituksen istuimeen kiinnitetyn ohjaustangon vastuksen s\u00e4\u00e4timill\u00e4, kun haluat lis\u00e4t\u00e4 haastetta. Tartu ohjaustangon integroituihin kosketuskahvoihin, jotta voit seurata sykett\u00e4si my\u00f6s liikkeell\u00e4 ollessasi! R50:ss\u00e4 on parannettu Comfort Arc -istuin, jossa on ylisuuri verkkomainen selk\u00e4noja, jonka voi asettaa taaksep\u00e4in optimaalisen mukavuuden saavuttamiseksi, ja ylisuuret, itsetasapainottuvat polkimet, jotka takaavat turvallisen jalansijan. P\u00e4ivitetyll\u00e4 XER-konsolilla varustettuna voit tarkastella kaikkia harjoitustilastojasi helposti selke\u00e4lt\u00e4 10 tuuman intuitiiviselta kosketusn\u00e4yt\u00f6lt\u00e4. Mukana on 11 sis\u00e4\u00e4nrakennettua harjoitusohjelmaa, ja voit tarkastella konsolin sovelluksia, kuten Sprint 8, Virtual Active ja MyFitnessPal, sek\u00e4 viihdesuosikkeja, kuten Netflix, Spotify ja YouTube (tilaukset eiv\u00e4t sis\u00e4lly). Yhdist\u00e4 konsoli WiFi:n kautta ohjelmistop\u00e4ivityksi\u00e4, ViewFit-yhteytt\u00e4, verkkoselausta ja viihdesovelluksia varten. Lis\u00e4ominaisuuksiin kuuluvat vesipulloteline, integroitu lukuteline ja energians\u00e4\u00e4st\u00f6tila.<\/p>\n<div class=\"product-attribute-container-desktop desktop-only\">\n<div class=\"additional-attributes-wrapper table-wrapper\"><\/div>\n<\/div>","protected":false},"featured_media":764,"comment_status":"open","ping_status":"closed","template":"","meta":{"site-sidebar-layout":"default","site-content-layout":"","ast-site-content-layout":"default","site-content-style":"default","site-sidebar-style":"default","ast-global-header-display":"","ast-banner-title-visibility":"","ast-main-header-display":"","ast-hfb-above-header-display":"","ast-hfb-below-header-display":"","ast-hfb-mobile-header-display":"","site-post-title":"","ast-breadcrumbs-content":"","ast-featured-img":"","footer-sml-layout":"","theme-transparent-header-meta":"default","adv-header-id-meta":"","stick-header-meta":"","header-above-stick-meta":"","header-main-stick-meta":"","header-below-stick-meta":"","astra-migrate-meta-layouts":"set","ast-page-background-enabled":"default","ast-page-background-meta":{"desktop":{"background-color":"var(--ast-global-color-5)","background-image":"","background-repeat":"repeat","background-position":"center center","background-size":"auto","background-attachment":"scroll","background-type":"","background-media":"","overlay-type":"","overlay-color":"","overlay-opacity":"","overlay-gradient":""},"tablet":{"background-color":"","background-image":"","background-repeat":"repeat","background-position":"center center","background-size":"auto","background-attachment":"scroll","background-type":"","background-media":"","overlay-type":"","overlay-color":"","overlay-opacity":"","overlay-gradient":""},"mobile":{"background-color":"","background-image":"","background-repeat":"repeat","background-position":"center center","background-size":"auto","background-attachment":"scroll","background-type":"","background-media":"","overlay-type":"","overlay-color":"","overlay-opacity":"","overlay-gradient":""}},"ast-content-background-meta":{"desktop":{"background-color":"var(--ast-global-color-4)","background-image":"","background-repeat":"repeat","background-position":"center center","background-size":"auto","background-attachment":"scroll","background-type":"","background-media":"","overlay-type":"","overlay-color":"","overlay-opacity":"","overlay-gradient":""},"tablet":{"background-color":"var(--ast-global-color-4)","background-image":"","background-repeat":"repeat","background-position":"center center","background-size":"auto","background-attachment":"scroll","background-type":"","background-media":"","overlay-type":"","overlay-color":"","overlay-opacity":"","overlay-gradient":""},"mobile":{"background-color":"var(--ast-global-color-4)","background-image":"","background-repeat":"repeat","background-position":"center center","background-size":"auto","background-attachment":"scroll","background-type":"","background-media":"","overlay-type":"","overlay-color":"","overlay-opacity":"","overlay-gradient":""}}},"product_brand":[],"product_cat":[19],"product_tag":[22],"class_list":{"0":"post-761","1":"product","2":"type-product","3":"status-publish","4":"has-post-thumbnail","6":"product_cat-excise-bikes","7":"product_tag-exercise-bikes","8":"desktop-align-left","9":"tablet-align-left","10":"mobile-align-left","12":"first","13":"instock","14":"sale","15":"taxable","16":"shipping-taxable","17":"purchasable","18":"product-type-simple"},"_links":{"self":[{"href":"https:\/\/bestfitnessstore.com\/fi\/wp-json\/wp\/v2\/product\/761","targetHints":{"allow":["GET"]}}],"collection":[{"href":"https:\/\/bestfitnessstore.com\/fi\/wp-json\/wp\/v2\/product"}],"about":[{"href":"https:\/\/bestfitnessstore.com\/fi\/wp-json\/wp\/v2\/types\/product"}],"replies":[{"embeddable":true,"href":"https:\/\/bestfitnessstore.com\/fi\/wp-json\/wp\/v2\/comments?post=761"}],"wp:featuredmedia":[{"embeddable":true,"href":"https:\/\/bestfitnessstore.com\/fi\/wp-json\/wp\/v2\/media\/764"}],"wp:attachment":[{"href":"https:\/\/bestfitnessstore.com\/fi\/wp-json\/wp\/v2\/media?parent=761"}],"wp:term":[{"taxonomy":"product_brand","embeddable":true,"href":"https:\/\/bestfitnessstore.com\/fi\/wp-json\/wp\/v2\/product_brand?post=761"},{"taxonomy":"product_cat","embeddable":true,"href":"https:\/\/bestfitnessstore.com\/fi\/wp-json\/wp\/v2\/product_cat?post=761"},{"taxonomy":"product_tag","embeddable":true,"href":"https:\/\/bestfitnessstore.com\/fi\/wp-json\/wp\/v2\/product_tag?post=761"}],"curies":[{"name":"wp","href":"https:\/\/api.w.org\/{rel}","templated":true}]}}