{"id":628,"date":"2025-11-22T14:29:18","date_gmt":"2025-11-22T14:29:18","guid":{"rendered":"https:\/\/bestfitnessstore.com\/?post_type=product&#038;p=628"},"modified":"2025-11-22T14:29:19","modified_gmt":"2025-11-22T14:29:19","slug":"life-fitness-c1-pystypyora-track-connect-2-0-konsolilla-varustettuna","status":"publish","type":"product","link":"https:\/\/bestfitnessstore.com\/fi\/product\/life-fitness-c1-upright-cycle-with-track-connect-2-0-console\/","title":{"rendered":"Life Fitness C1 Pystypy\u00f6r\u00e4 Track Connect 2.0 -konsolin kanssa"},"content":{"rendered":"<div class=\"product-attribute-container-desktop desktop-only\">\n<div class=\"additional-attributes-wrapper table-wrapper\">\n<h4>TUOTETIEDOT<\/h4>\n<div class=\"attributes-container\">\n<ul class=\"product-attributes-container\">\n<li><span class=\"specification-title\">Pakkauksen paino (KG):\u00a0<\/span><span class=\"specification-data\">60.000000<\/span><\/li>\n<li><span class=\"specification-title\">Sovellusten integrointi:\u00a0<\/span><span class=\"specification-data\">FulGaz, Life Fitness Connect, Rouvy, Zwift<\/span><\/li>\n<li><span class=\"specification-title\">Bluetooth:\u00a0<\/span><span class=\"specification-data\">Kyll\u00e4<\/span><\/li>\n<li><span class=\"specification-title\">Rungon s\u00e4\u00e4dett\u00e4vyys:\u00a0<\/span><span class=\"specification-data\">Satula yl\u00f6s ja alas<\/span><\/li>\n<li><span class=\"specification-title\">Kuljetuspy\u00f6r\u00e4t:\u00a0<\/span><span class=\"specification-data\">Kyll\u00e4<\/span><\/li>\n<li><span class=\"specification-title\">Vauhtipy\u00f6r\u00e4n paino (KG):\u00a0<\/span><span class=\"specification-data\">11<\/span><\/li>\n<li><span class=\"specification-title\">K\u00e4ytt\u00e4j\u00e4n enimm\u00e4ispaino (kg):\u00a0<\/span><span class=\"specification-data\">135,00 (kg)<\/span><\/li>\n<li><span class=\"specification-title\">Tuotteen mitat (LxSxK):\u00a0<\/span><span class=\"specification-data\">114 x 69 x 142 cm<\/span><\/li>\n<\/ul>\n<ul class=\"product-attributes-container\">\n<li><span class=\"specification-title\">Teho menetelm\u00e4:\u00a0<\/span><span class=\"specification-data\">S\u00e4hk\u00f6verkko<\/span><\/li>\n<li><span class=\"specification-title\">Tablettiteline:\u00a0<\/span><span class=\"specification-data\">Kyll\u00e4<\/span><\/li>\n<li><span class=\"specification-title\">Polkimet:\u00a0<\/span><span class=\"specification-data\">Hihna<\/span><\/li>\n<li><span class=\"specification-title\">Py\u00f6r\u00e4tyyppi:\u00a0<\/span><span class=\"specification-data\">Pystyasennossa<\/span><\/li>\n<li><span class=\"specification-title\">Vastusj\u00e4rjestelm\u00e4:\u00a0<\/span><span class=\"specification-data\">Py\u00f6rrevirta<\/span><\/li>\n<li><span class=\"specification-title\">Sykkeen seuranta:\u00a0<\/span><span class=\"specification-data\">Analogiset, sis\u00e4\u00e4nrakennetut anturit<\/span><\/li>\n<li><span class=\"specification-title\">Sis\u00e4\u00e4nrakennetut ohjelmat:\u00a0<\/span><span class=\"specification-data\">15 esiasetettua harjoitusta: Sport Training, Fit Test, Kalorit, Et\u00e4isyys, Tavoitesyke, Syke Hill\u2122, Syke Interval\u2122, \u00c4\u00e4rimm\u00e4inen syke\u2122, Rasvanpoltto, Cardio, Mukautettu korkean intensiteetin intervalliharjoittelu  workou<\/span><\/li>\n<\/ul>\n<\/div>\n<\/div>\n<\/div>\n<div class=\"product-features\">\n<h4>LIS\u00c4OMINAISUUDET<\/h4>\n<div class=\"more-container\">\n<div class=\"unshow-text\">\n<ul class=\"product-features-container\">\n<li><span class=\"specification-title\">Vastustuskyky:<\/span>\u00a0<span class=\"specification-data\">Py\u00f6rrevirta 20 tasolla<\/span><\/li>\n<li><span class=\"specification-title\">N\u00e4ytt\u00f6:<\/span>\u00a0<span class=\"specification-data\">7\u201d LCD-n\u00e4ytt\u00f6, jossa on opastava viestikeskus ja kapasitiiviset kosketusn\u00e4pp\u00e4imet.<\/span><\/li>\n<li><span class=\"specification-title\">N\u00e4yt\u00f6n palaute:<\/span>\u00a0<span class=\"specification-data\">Kalorit, et\u00e4isyys, nopeus (mph, km\/h, rpm), taso\/kaltevuus, aika, syke, tavoitesyke, MET-arvot animoitujen symbolien avulla.<\/span><\/li>\n<li><span class=\"specification-title\">Mukautetut harjoitukset:<\/span>\u00a0<span class=\"specification-data\">3 per k\u00e4ytt\u00e4j\u00e4profiili<\/span><\/li>\n<li><span class=\"specification-title\">Erityisominaisuudet:<\/span>\u00a0<span class=\"specification-data\">Automaattinen tallennus, Pikak\u00e4ynnistys, Energians\u00e4\u00e4st\u00f6, L\u00e4mpenemis- ja j\u00e4\u00e4htymistila, 4 k\u00e4ytt\u00e4j\u00e4profiilia.<\/span><\/li>\n<li><span class=\"specification-title\">LFconnectin saavutettavuus osoitteessa LFconnect.com:<\/span>\u00a0<span class=\"specification-data\">Rajoittamaton r\u00e4\u00e4t\u00e4l\u00f6inti, harjoitusten seuranta, USB-portti (ohjelmistop\u00e4ivitykset, harjoitusohjelmien tallentaminen), LFconnect-sovellus (ladattavissa iTunes\u00ae App Storesta tai Google Play\u2122:st\u00e4).<\/span><\/li>\n<li><span class=\"specification-title\">Yhteensopivuus:<\/span>\u00a0<span class=\"specification-data\">Yhteensopiva kolmannen osapuolen sovellusten kanssa (luettelo yhteensopivista sovelluksista l\u00f6ytyy osoitteesta LifeFitness.com\/MoreApps).<\/span><\/li>\n<li><span class=\"specification-title\">S\u00e4\u00e4dett\u00e4v\u00e4 pystyasennossa oleva istuin:<\/span>\u00a0<span class=\"specification-data\">14 paikkaa<\/span><\/li>\n<li><span class=\"specification-title\">Itsetasapainottuvat polkimet:<\/span>\u00a0<span class=\"specification-data\">Helppoja s\u00e4\u00e4t\u00f6j\u00e4 varten raksahihnat<\/span><\/li>\n<li><span class=\"specification-title\">Ohjaustanko:<\/span>\u00a0<span class=\"specification-data\">Ergonomisesti muotoiltu kilpa-ajotyylinen ohjaustanko<\/span><\/li>\n<li><span class=\"specification-title\">Sykkeen seuranta:<\/span>\u00a0<span class=\"specification-data\">K\u00e4sianturit ohjaustangossa ja langaton rintahihna<\/span><\/li>\n<li><span class=\"specification-title\">Lis\u00e4varusteet:<\/span>\u00a0<span class=\"specification-data\">Vesipulloteline, integroitu \u00e4lypuhelimen\/tabletin pakkausteline<\/span><\/li>\n<li><span class=\"specification-title\">Kielet:<\/span>\u00a0<span class=\"specification-data\">4 (englanti, ven\u00e4j\u00e4, espanja, saksa)<\/span><\/li>\n<\/ul>\n<\/div>\n<\/div>\n<\/div>\n<div class=\"product-warranty\">\n<h4>TAKUU<\/h4>\n<div class=\"text-container\"><strong>Kotik\u00e4ytt\u00f6:<\/strong>\u00a010 vuotta rungolle, 5 vuotta moottorille, 3 vuotta osille ja ty\u00f6lle, 3 kuukautta kosmeettisille tuotteille.<\/div>\n<\/div>\n<div class=\"product-next-day\">\n<h4>PIKATOIMITUS<\/h4>\n<div class=\"text-container\">Monissa tuotteissamme on pikatoimitus- ja nimip\u00e4iv\u00e4vaihtoehdot, jolloin saat tuotteesi toimitettua heti huomenna tai valitsemanasi sinulle sopivana ajankohtana. Tarkista toimitusvaihtoehdot kassalla n\u00e4hd\u00e4ksesi saatavuuden korisi ja postinumerosi osalta. Toimitusehtoja sovelletaan.<\/div>\n<\/div>","protected":false},"excerpt":{"rendered":"<p>Mukavuus ja motivaatio ovat olennainen osa Life Fitness C1 Upright Cycle -py\u00f6r\u00e4\u00e4. Siin\u00e4 on monia mukavuusominaisuuksia, kuten uskomattoman hiljainen liike, vakiomallinen pystysuora istuin, jossa on 14 asentoa, ja itsetasapainottuvat polkimet, joissa on helpon s\u00e4\u00e4d\u00f6n mahdollistavat raksahihnat. Uuden Track Connect 2.0 -konsolin 18 cm:n valkoisella LCD-n\u00e4yt\u00f6ll\u00e4 on opastava viestikeskus ja 3 mukautettua harjoitusta k\u00e4ytt\u00e4j\u00e4profiilia kohti sek\u00e4 15 harjoitusvaihtoehtoa. Klassiset harjoitukset: Manuaalinen, satunnainen, m\u00e4kihyppy: Manuaalinen, satunnainen, m\u00e4kihyppy. Edistyneet harjoitukset: EZ Resistance, Sport Training, Fit Test. Sykesykes\u00e4\u00e4dellyt harjoitukset: Rasvanpoltto, Cardio, Heart Rate Hill\u2122, Heart Rate Interval\u2122, Extreme Heart Rate\u2122. Tavoiteharjoitukset: Kalorit, et\u00e4isyys, tavoitesyke. Track Connect 2.0:ssa on parannettu Bluetooth\u00ae, joka mahdollistaa pariliitoksen Apple Watch\u00ae- tai Samsung Galaxy Watch\u00ae -kellon sek\u00e4 Apple\u00ae- tai Android\u2122-\u00e4lypuhelimien kanssa. N\u00e4in voit muodostaa saumattoman yhteyden py\u00f6r\u00e4\u00e4n ja saada eritt\u00e4in tarkkoja harjoitustietoja. Kahden vy\u00f6hykkeen muotoilu erottaa viihde- ja treenikohtaiset alueet toisistaan. Sis\u00e4\u00e4nrakennettujen k\u00e4siantureiden ja valinnaisen langattoman rintahihnan liitett\u00e4vyyden ansiosta sykkeen seuranta on k\u00e4ytett\u00e4viss\u00e4si. C1-py\u00f6r\u00e4ss\u00e4 on my\u00f6s energians\u00e4\u00e4st\u00f6tila, jonka avulla voit pienent\u00e4\u00e4 energiankulutusta huomattavasti, kun laite on p\u00e4\u00e4ll\u00e4 mutta ei k\u00e4yt\u00f6ss\u00e4.<\/p>\n<div class=\"product-attribute-container-desktop desktop-only\">\n<div class=\"additional-attributes-wrapper table-wrapper\"><\/div>\n<\/div>","protected":false},"featured_media":630,"comment_status":"open","ping_status":"closed","template":"","meta":{"site-sidebar-layout":"default","site-content-layout":"","ast-site-content-layout":"default","site-content-style":"default","site-sidebar-style":"default","ast-global-header-display":"","ast-banner-title-visibility":"","ast-main-header-display":"","ast-hfb-above-header-display":"","ast-hfb-below-header-display":"","ast-hfb-mobile-header-display":"","site-post-title":"","ast-breadcrumbs-content":"","ast-featured-img":"","footer-sml-layout":"","theme-transparent-header-meta":"default","adv-header-id-meta":"","stick-header-meta":"","header-above-stick-meta":"","header-main-stick-meta":"","header-below-stick-meta":"","astra-migrate-meta-layouts":"set","ast-page-background-enabled":"default","ast-page-background-meta":{"desktop":{"background-color":"var(--ast-global-color-5)","background-image":"","background-repeat":"repeat","background-position":"center center","background-size":"auto","background-attachment":"scroll","background-type":"","background-media":"","overlay-type":"","overlay-color":"","overlay-opacity":"","overlay-gradient":""},"tablet":{"background-color":"","background-image":"","background-repeat":"repeat","background-position":"center center","background-size":"auto","background-attachment":"scroll","background-type":"","background-media":"","overlay-type":"","overlay-color":"","overlay-opacity":"","overlay-gradient":""},"mobile":{"background-color":"","background-image":"","background-repeat":"repeat","background-position":"center center","background-size":"auto","background-attachment":"scroll","background-type":"","background-media":"","overlay-type":"","overlay-color":"","overlay-opacity":"","overlay-gradient":""}},"ast-content-background-meta":{"desktop":{"background-color":"var(--ast-global-color-4)","background-image":"","background-repeat":"repeat","background-position":"center center","background-size":"auto","background-attachment":"scroll","background-type":"","background-media":"","overlay-type":"","overlay-color":"","overlay-opacity":"","overlay-gradient":""},"tablet":{"background-color":"var(--ast-global-color-4)","background-image":"","background-repeat":"repeat","background-position":"center center","background-size":"auto","background-attachment":"scroll","background-type":"","background-media":"","overlay-type":"","overlay-color":"","overlay-opacity":"","overlay-gradient":""},"mobile":{"background-color":"var(--ast-global-color-4)","background-image":"","background-repeat":"repeat","background-position":"center center","background-size":"auto","background-attachment":"scroll","background-type":"","background-media":"","overlay-type":"","overlay-color":"","overlay-opacity":"","overlay-gradient":""}}},"product_brand":[],"product_cat":[19],"product_tag":[22],"class_list":{"0":"post-628","1":"product","2":"type-product","3":"status-publish","4":"has-post-thumbnail","6":"product_cat-excise-bikes","7":"product_tag-exercise-bikes","8":"desktop-align-left","9":"tablet-align-left","10":"mobile-align-left","12":"first","13":"instock","14":"sale","15":"taxable","16":"shipping-taxable","17":"purchasable","18":"product-type-simple"},"_links":{"self":[{"href":"https:\/\/bestfitnessstore.com\/fi\/wp-json\/wp\/v2\/product\/628","targetHints":{"allow":["GET"]}}],"collection":[{"href":"https:\/\/bestfitnessstore.com\/fi\/wp-json\/wp\/v2\/product"}],"about":[{"href":"https:\/\/bestfitnessstore.com\/fi\/wp-json\/wp\/v2\/types\/product"}],"replies":[{"embeddable":true,"href":"https:\/\/bestfitnessstore.com\/fi\/wp-json\/wp\/v2\/comments?post=628"}],"wp:featuredmedia":[{"embeddable":true,"href":"https:\/\/bestfitnessstore.com\/fi\/wp-json\/wp\/v2\/media\/630"}],"wp:attachment":[{"href":"https:\/\/bestfitnessstore.com\/fi\/wp-json\/wp\/v2\/media?parent=628"}],"wp:term":[{"taxonomy":"product_brand","embeddable":true,"href":"https:\/\/bestfitnessstore.com\/fi\/wp-json\/wp\/v2\/product_brand?post=628"},{"taxonomy":"product_cat","embeddable":true,"href":"https:\/\/bestfitnessstore.com\/fi\/wp-json\/wp\/v2\/product_cat?post=628"},{"taxonomy":"product_tag","embeddable":true,"href":"https:\/\/bestfitnessstore.com\/fi\/wp-json\/wp\/v2\/product_tag?post=628"}],"curies":[{"name":"wp","href":"https:\/\/api.w.org\/{rel}","templated":true}]}}