{"id":1450,"date":"2025-11-26T06:34:00","date_gmt":"2025-11-26T06:34:00","guid":{"rendered":"https:\/\/bestfitnessstore.com\/?post_type=product&#038;p=1450"},"modified":"2025-11-26T06:34:00","modified_gmt":"2025-11-26T06:34:00","slug":"spirit-ct850-led-juoksumatto","status":"publish","type":"product","link":"https:\/\/bestfitnessstore.com\/fi\/product\/spirit-ct850-led-treadmill\/","title":{"rendered":"Spirit CT850+ LED-juoksumatto"},"content":{"rendered":"<div class=\"product-attribute-container-desktop desktop-only\">\n<div class=\"additional-attributes-wrapper table-wrapper\">\n<h4>TUOTETIEDOT<\/h4>\n<div class=\"attributes-container\">\n<ul class=\"product-attributes-container\">\n<li><span class=\"specification-title\">Pakkauksen paino (KG):\u00a0<\/span><span class=\"specification-data\">200.600000<\/span><\/li>\n<li><span class=\"specification-title\">Teho menetelm\u00e4:\u00a0<\/span><span class=\"specification-data\">S\u00e4hk\u00f6verkko<\/span><\/li>\n<li><span class=\"specification-title\">Tablettiteline:\u00a0<\/span><span class=\"specification-data\">Kyll\u00e4<\/span><\/li>\n<li><span class=\"specification-title\">Taitto:\u00a0<\/span><span class=\"specification-data\">Ei<\/span><\/li>\n<li><span class=\"specification-title\">K\u00e4ytt\u00e4j\u00e4n enimm\u00e4ispaino (kg):\u00a0<\/span><span class=\"specification-data\">205,00 (kg)<\/span><\/li>\n<li><span class=\"specification-title\">Tuotteen mitat (LxSxK):\u00a0<\/span><span class=\"specification-data\">215,90 x 90,90 x 153,90 cm.<\/span><\/li>\n<\/ul>\n<ul class=\"product-attributes-container\">\n<li><span class=\"specification-title\">Tuotteen paino (KG):\u00a0<\/span><span class=\"specification-data\">180<\/span><\/li>\n<li><span class=\"specification-title\">Sovellusten integrointi:\u00a0<\/span><span class=\"specification-data\">KinoMap, Zwift<\/span><\/li>\n<li><span class=\"specification-title\">Bluetooth:\u00a0<\/span><span class=\"specification-data\">Kyll\u00e4<\/span><\/li>\n<li><span class=\"specification-title\">Sykkeen seuranta:\u00a0<\/span><span class=\"specification-data\">Sis\u00e4\u00e4nrakennetut anturit ja Bluetooth<\/span><\/li>\n<li><span class=\"specification-title\">Sis\u00e4\u00e4nrakennetut ohjelmat:\u00a0<\/span><span class=\"specification-data\">Manuaalinen, Hill, Rasvanpoltto, Cardio, Intervalli, 2 Syke, Custom, HIIT, 5K, 10K, 6 sotilaallista valmiustesti\u00e4 (armeija, laivasto, ilmavoimat, merijalkav\u00e4ki, PEB, rannikkovartiosto).<\/span><\/li>\n<li><span class=\"specification-title\">Laatikon mitat (LxSxK):\u00a0<\/span><span class=\"specification-data\">225 x 95,70 x 54 cm<\/span><\/li>\n<\/ul>\n<\/div>\n<\/div>\n<\/div>\n<div class=\"product-features\">\n<h4>LIS\u00c4OMINAISUUDET<\/h4>\n<div class=\"more-container\">\n<div class=\"unshow-text\">\n<ul class=\"product-features-container\">\n<li><span class=\"specification-title\">Teho:<\/span>\u00a0<span class=\"specification-data\">AC120V, 20A \/ AC230V, 10A<\/span><\/li>\n<li><span class=\"specification-title\">Konsoli:<\/span>\u00a0<span class=\"specification-data\">LED<\/span><\/li>\n<li><span class=\"specification-title\">Konsolin n\u00e4ytt\u00f6:<\/span>\u00a0<span class=\"specification-data\">Valkoiset LEDit, ohjelmaprofiili, 18-merkkinen viesti-ikkuna, nopeusikkuna, kaltevuusikkuna.<\/span><\/li>\n<li><span class=\"specification-title\">USB-portti:<\/span>\u00a0<span class=\"specification-data\">Laitteen lataamista varten<\/span><\/li>\n<li><span class=\"specification-title\">Tuuletin:<\/span>\u00a0<span class=\"specification-data\">Pysy viile\u00e4n\u00e4 harjoitusten aikana<\/span><\/li>\n<li><span class=\"specification-title\">Moottori:<\/span>\u00a0<span class=\"specification-data\">4,0 HP:n taajuusmuuttaja, jossa on H-luokan eristys<\/span><\/li>\n<li><span class=\"specification-title\">Nopeusalue:<\/span>\u00a0<span class=\"specification-data\">0,3-12MPH \/ 0,8-20KPH<\/span><\/li>\n<li><span class=\"specification-title\">Kallistusalue:<\/span>\u00a0<span class=\"specification-data\">0-15%<\/span><\/li>\n<li><span class=\"specification-title\">Juoksupinta:<\/span>\u00a0<span class=\"specification-data\">60\u2033 x 22\u2033 \/ 1525 x 560mm \/ 1525 x 560mm<\/span><\/li>\n<li><span class=\"specification-title\">Vy\u00f6:<\/span>\u00a0<span class=\"specification-data\">Habasit\u00ae - 2-kerroksinen, 2,5mm<\/span><\/li>\n<li><span class=\"specification-title\">Rullan koko:<\/span>\u00a0<span class=\"specification-data\">3.0\u201d \/ 75mm<\/span><\/li>\n<li><span class=\"specification-title\">Kansi:<\/span>\u00a0<span class=\"specification-data\">25mm \/ 1\u201d fenoli, kaksipuolinen, vahapinnoitettu<\/span><\/li>\n<li><span class=\"specification-title\">Kansipehmuste:<\/span>\u00a0<span class=\"specification-data\">6 Pehmustetut elastomeerit<\/span><\/li>\n<li><span class=\"specification-title\">Tuotteen paino:<\/span>\u00a0<span class=\"specification-data\">395lbs \/ 180kg<\/span><\/li>\n<\/ul>\n<\/div>\n<\/div>\n<\/div>\n<div class=\"product-warranty\">\n<h4>TAKUU<\/h4>\n<div class=\"text-container\"><strong>Koti &amp; kevyt\/t\u00e4ysin kaupallinen k\u00e4ytt\u00f6:<\/strong>\u00a03 vuotta osat ja ty\u00f6. Tuotetta on k\u00e4ytett\u00e4v\u00e4\/varastoitava sopivassa ymp\u00e4rist\u00f6ss\u00e4 (paikkoja, joissa on kosteaa, tiivist\u00e4m\u00e4t\u00f6nt\u00e4 betonia tai alueita, joissa on jatkuva ilmavirtaus ulkoalueille, ei pidet\u00e4 sopivina).<\/div>\n<\/div>","protected":false},"excerpt":{"rendered":"<p>Spirit CT850+ LED -juoksumatto, tilava 152,5 x 56 cm, 4,0 hv:n moottorin k\u00e4ytt\u00e4m\u00e4, saavuttaa 20 km\/h huippunopeuden ja jopa 15%:n kaltevuuden. Kaksipuolisessa, vahapinnoitetussa kannessa on 6 pehmustettua elastomeeria, jotka takaavat mukavan askelluksen. Juoksijan edess\u00e4 olevasta ohjaustangosta l\u00f6ytyv\u00e4t pulssikahvat, joiden avulla sykkeen seuranta on helppoa istuntojen aikana, tai voit liitt\u00e4\u00e4 rintavy\u00f6n (ei sis\u00e4lly toimitukseen) Bluetoothin kautta. Seuraa harjoitteluasi (Intervalli, 5k, 10k, Kalori, M\u00e4ki, Rasvanpoltto, Cardio, Fit Test, 2 HR, Mukautettu, 4 Valmiustesti\u00e4) kirkkaanvalkoisella moni-ikkunallisella LED-konsolilla ja vaihda intensiteetti\u00e4 yhden kosketuksen s\u00e4\u00e4timill\u00e4. Konsolissa on USB-portti laitteen lataamista varten, treenituuletin, joka pit\u00e4\u00e4 sinut viile\u00e4n\u00e4 treenin aikana, ja Bluetooth rintahihnan\/sovelluksen ja kuulokkeiden liitt\u00e4mist\u00e4 varten.<\/p>\n<div class=\"product-attribute-container-desktop desktop-only\">\n<div class=\"additional-attributes-wrapper table-wrapper\"><\/div>\n<\/div>","protected":false},"featured_media":1454,"comment_status":"open","ping_status":"closed","template":"","meta":{"site-sidebar-layout":"default","site-content-layout":"","ast-site-content-layout":"default","site-content-style":"default","site-sidebar-style":"default","ast-global-header-display":"","ast-banner-title-visibility":"","ast-main-header-display":"","ast-hfb-above-header-display":"","ast-hfb-below-header-display":"","ast-hfb-mobile-header-display":"","site-post-title":"","ast-breadcrumbs-content":"","ast-featured-img":"","footer-sml-layout":"","theme-transparent-header-meta":"default","adv-header-id-meta":"","stick-header-meta":"","header-above-stick-meta":"","header-main-stick-meta":"","header-below-stick-meta":"","astra-migrate-meta-layouts":"set","ast-page-background-enabled":"default","ast-page-background-meta":{"desktop":{"background-color":"var(--ast-global-color-5)","background-image":"","background-repeat":"repeat","background-position":"center center","background-size":"auto","background-attachment":"scroll","background-type":"","background-media":"","overlay-type":"","overlay-color":"","overlay-opacity":"","overlay-gradient":""},"tablet":{"background-color":"","background-image":"","background-repeat":"repeat","background-position":"center center","background-size":"auto","background-attachment":"scroll","background-type":"","background-media":"","overlay-type":"","overlay-color":"","overlay-opacity":"","overlay-gradient":""},"mobile":{"background-color":"","background-image":"","background-repeat":"repeat","background-position":"center center","background-size":"auto","background-attachment":"scroll","background-type":"","background-media":"","overlay-type":"","overlay-color":"","overlay-opacity":"","overlay-gradient":""}},"ast-content-background-meta":{"desktop":{"background-color":"var(--ast-global-color-4)","background-image":"","background-repeat":"repeat","background-position":"center center","background-size":"auto","background-attachment":"scroll","background-type":"","background-media":"","overlay-type":"","overlay-color":"","overlay-opacity":"","overlay-gradient":""},"tablet":{"background-color":"var(--ast-global-color-4)","background-image":"","background-repeat":"repeat","background-position":"center center","background-size":"auto","background-attachment":"scroll","background-type":"","background-media":"","overlay-type":"","overlay-color":"","overlay-opacity":"","overlay-gradient":""},"mobile":{"background-color":"var(--ast-global-color-4)","background-image":"","background-repeat":"repeat","background-position":"center center","background-size":"auto","background-attachment":"scroll","background-type":"","background-media":"","overlay-type":"","overlay-color":"","overlay-opacity":"","overlay-gradient":""}}},"product_brand":[],"product_cat":[21],"product_tag":[25],"class_list":{"0":"post-1450","1":"product","2":"type-product","3":"status-publish","4":"has-post-thumbnail","6":"product_cat-treadmills","7":"product_tag-treadmills","8":"desktop-align-left","9":"tablet-align-left","10":"mobile-align-left","12":"first","13":"instock","14":"sale","15":"taxable","16":"shipping-taxable","17":"purchasable","18":"product-type-simple"},"_links":{"self":[{"href":"https:\/\/bestfitnessstore.com\/fi\/wp-json\/wp\/v2\/product\/1450","targetHints":{"allow":["GET"]}}],"collection":[{"href":"https:\/\/bestfitnessstore.com\/fi\/wp-json\/wp\/v2\/product"}],"about":[{"href":"https:\/\/bestfitnessstore.com\/fi\/wp-json\/wp\/v2\/types\/product"}],"replies":[{"embeddable":true,"href":"https:\/\/bestfitnessstore.com\/fi\/wp-json\/wp\/v2\/comments?post=1450"}],"wp:featuredmedia":[{"embeddable":true,"href":"https:\/\/bestfitnessstore.com\/fi\/wp-json\/wp\/v2\/media\/1454"}],"wp:attachment":[{"href":"https:\/\/bestfitnessstore.com\/fi\/wp-json\/wp\/v2\/media?parent=1450"}],"wp:term":[{"taxonomy":"product_brand","embeddable":true,"href":"https:\/\/bestfitnessstore.com\/fi\/wp-json\/wp\/v2\/product_brand?post=1450"},{"taxonomy":"product_cat","embeddable":true,"href":"https:\/\/bestfitnessstore.com\/fi\/wp-json\/wp\/v2\/product_cat?post=1450"},{"taxonomy":"product_tag","embeddable":true,"href":"https:\/\/bestfitnessstore.com\/fi\/wp-json\/wp\/v2\/product_tag?post=1450"}],"curies":[{"name":"wp","href":"https:\/\/api.w.org\/{rel}","templated":true}]}}