{"id":1325,"date":"2025-11-25T17:03:15","date_gmt":"2025-11-25T17:03:15","guid":{"rendered":"https:\/\/bestfitnessstore.com\/?post_type=product&#038;p=1325"},"modified":"2025-11-25T17:03:16","modified_gmt":"2025-11-25T17:03:16","slug":"nordictrack-t-series-8-kokoontaitettava-juoksumatto","status":"publish","type":"product","link":"https:\/\/bestfitnessstore.com\/fi\/product\/nordictrack-t-series-8-folding-treadmill\/","title":{"rendered":"NordicTrack T Series 8 kokoontaitettava juoksumatto"},"content":{"rendered":"<div class=\"product-attribute-container-desktop desktop-only\">\n<div class=\"additional-attributes-wrapper table-wrapper\">\n<h4>TUOTETIEDOT<\/h4>\n<div class=\"attributes-container\">\n<ul class=\"product-attributes-container\">\n<li><span class=\"specification-title\">Pakkauksen paino (KG):\u00a0<\/span><span class=\"specification-data\">113.000000<\/span><\/li>\n<li><span class=\"specification-title\">Sovellusten integrointi:\u00a0<\/span><span class=\"specification-data\">iFIT<\/span><\/li>\n<li><span class=\"specification-title\">Taitto:\u00a0<\/span><span class=\"specification-data\">Kyll\u00e4<\/span><\/li>\n<li><span class=\"specification-title\">Kuljetuspy\u00f6r\u00e4t:\u00a0<\/span><span class=\"specification-data\">Kyll\u00e4<\/span><\/li>\n<li><span class=\"specification-title\">Laatikon mitat (LxSxK):\u00a0<\/span><span class=\"specification-data\">207 x 85 x 29 cm<\/span><\/li>\n<\/ul>\n<ul class=\"product-attributes-container\">\n<li><span class=\"specification-title\">Teho menetelm\u00e4:\u00a0<\/span><span class=\"specification-data\">S\u00e4hk\u00f6verkko<\/span><\/li>\n<li><span class=\"specification-title\">Tablettiteline:\u00a0<\/span><span class=\"specification-data\">Kyll\u00e4<\/span><\/li>\n<li><span class=\"specification-title\">K\u00e4ytt\u00e4j\u00e4n enimm\u00e4ispaino (kg):\u00a0<\/span><span class=\"specification-data\">148,00 (kg)<\/span><\/li>\n<li><span class=\"specification-title\">Tuotteen mitat (LxSxK):\u00a0<\/span><span class=\"specification-data\">191 x 87 x 148 cm<\/span><\/li>\n<li><span class=\"specification-title\">Taitettuna Mitat (LxSxK):\u00a0<\/span><span class=\"specification-data\">104 x 87 x 174 cm<\/span><\/li>\n<\/ul>\n<\/div>\n<\/div>\n<\/div>\n<div class=\"product-features\">\n<h4>LIS\u00c4OMINAISUUDET<\/h4>\n<div class=\"more-container\">\n<div class=\"unshow-text\">\n<ul class=\"product-features-container\">\n<li><span class=\"specification-title\">Nopeusalue:<\/span>\u00a0<span class=\"specification-data\">0-20km\/h<\/span><\/li>\n<li><span class=\"specification-title\">Kallistusalue:<\/span>\u00a0<span class=\"specification-data\">0-12%<\/span><\/li>\n<li><span class=\"specification-title\">N\u00e4ytt\u00f6:<\/span>\u00a0<span class=\"specification-data\">7\u201d (17,8 cm) LCD-n\u00e4ytt\u00f6, jossa on laitehylly; mukitelineet; USB-C-portti<\/span><\/li>\n<li><span class=\"specification-title\">IFIT-juna:<\/span>\u00a0<span class=\"specification-data\">Kirjaudu iFITiin omalla laitteellasi ja muodosta yhteys T8-laitteeseen. Mukana 30 p\u00e4iv\u00e4n iFIT Train -kokeilujakso. Aktivointiin tarvitaan luottokortti. iFIT Train -j\u00e4senyys uusitaan automaattisesti, ellei sit\u00e4 peruuteta etuk\u00e4teen. 30 p\u00e4iv\u00e4n kokeilujakso koskee vain uusia j\u00e4senyyksi\u00e4<\/span><\/li>\n<li><span class=\"specification-title\">SelectFlex\u2122-pehmuste:<\/span>\u00a0<span class=\"specification-data\">S\u00e4\u00e4dett\u00e4viss\u00e4 pehme\u00e4n ja lujan v\u00e4lill\u00e4<\/span><\/li>\n<li><span class=\"specification-title\">SmartAdjust\u2122-teknologia:<\/span>\u00a0<span class=\"specification-data\">Sovittaa harjoitukset kuntotasollesi<\/span><\/li>\n<li><span class=\"specification-title\">ActivePulse\u2122-sykkeen seuranta:<\/span>\u00a0<span class=\"specification-data\">S\u00e4\u00e4t\u00e4\u00e4 automaattisesti nopeutta ja kaltevuutta, jotta pysyt tavoitellulla alueella; tarvitaan yhteensopiva Bluetooth\u00ae-yhteensopiva sykemittari (myyd\u00e4\u00e4n erikseen).<\/span><\/li>\n<li><span class=\"specification-title\">K\u00e4densijan hallintalaitteet:<\/span>\u00a0<span class=\"specification-data\">Helpot s\u00e4\u00e4d\u00f6t ja pikavalinnat nopeuteen ja kaltevuuteen Kaiuttimet<\/span><\/li>\n<li><span class=\"specification-title\">AutoBreeze\u2122-tuuletin:<\/span>\u00a0<span class=\"specification-data\">Pit\u00e4\u00e4 sinut viile\u00e4n\u00e4 harjoittelun aikana<\/span><\/li>\n<li><span class=\"specification-title\">Automaattinen taitto:<\/span>\u00a0<span class=\"specification-data\">Yksinkertainen mustan jalkapalkin painallus<\/span><\/li>\n<\/ul>\n<\/div>\n<\/div>\n<\/div>\n<div class=\"product-warranty\">\n<h4>TAKUU<\/h4>\n<div class=\"text-container\"><strong>Kotik\u00e4ytt\u00f6:<\/strong>\u00a0Elinik\u00e4inen runko, 5 vuotta moottori, kaksi vuotta osat ja ty\u00f6 (ehtoja sovelletaan), jos tuote rekister\u00f6id\u00e4\u00e4n 28 p\u00e4iv\u00e4n kuluessa ostosta. Vakiotakuu on 12 kuukautta osien ja ty\u00f6n osalta Ehdot T\u00e4m\u00e4 takuu koskee vain alkuper\u00e4ist\u00e4 ostajaa (sinua), eik\u00e4 sit\u00e4 voi siirt\u00e4\u00e4. Takuu ei kata: 1. Normaalia kulumista (esimerkkej\u00e4 normaalisti kuluvista osista ovat k\u00e4velyhihnat, k\u00e4ytt\u00f6hihnat, akut, jarrupalat ja hyppymatot). 2 Mit\u00e4\u00e4n tilap\u00e4isi\u00e4 korjauksia, mukautuksia tai muutoksia, joilla t\u00e4t\u00e4 tuotetta muutetaan sen normaalista k\u00e4ytt\u00f6tarkoituksesta ja toiminnasta k\u00e4ytt\u00f6ohjeessa kuvatulla tavalla. 3. Vahingot, jotka johtuvat: a) Tahallisista tai ilkivaltaisista teoista. b) Kuljetuksesta. c) Virheellisest\u00e4 asennuksesta, kokoonpanosta tai kytkenn\u00e4st\u00e4, joka ei ole ICONin eritelmien tai suositusten mukainen. d) V\u00e4\u00e4rink\u00e4yt\u00f6st\u00e4, v\u00e4\u00e4rink\u00e4yt\u00f6st\u00e4, ohjeiden noudattamatta j\u00e4tt\u00e4misest\u00e4 tai ep\u00e4asianmukaisesta tai ep\u00e4normaalista k\u00e4yt\u00f6st\u00e4. e) K\u00e4ytt\u00e4j\u00e4n k\u00e4sikirjan ohjeiden laiminly\u00f6nnist\u00e4 (kuten muiden kuin suositeltujen puhdistus- ja huoltotuotteiden k\u00e4yt\u00f6st\u00e4, tuotteen sammuttamatta j\u00e4tt\u00e4misest\u00e4 k\u00e4yt\u00f6n j\u00e4lkeen jne.) f) Muu kuin kotik\u00e4ytt\u00f6 (mukaan lukien mutta ei rajoittuen k\u00e4ytt\u00f6 kaupallisissa, ammatillisissa, vuokra- tai laitosymp\u00e4rist\u00f6iss\u00e4). g) Korjaukset, joita ei ole suorittanut ICONin valtuuttama huoltoliike, tai sellaisten osien k\u00e4ytt\u00f6, joita ICON ei ole toimittanut tai valtuuttanut. h) Onnettomuudet, t\u00f6rm\u00e4ykset, s\u00e4hk\u00f6virran vaihtelut, salamaniskut, myrskyt, vesi, tulipalo, el\u00e4imet tai muut syyt, jotka eiv\u00e4t ole riippuvaisia ICONista. i) V\u00e4\u00e4r\u00e4nlainen sijoituspaikka, mukaan lukien mutta ei rajoittuen kosteat, p\u00f6lyiset tai ulkotiloissa olevat ymp\u00e4rist\u00f6t (esimerkkein\u00e4 ovat esimerkiksi autotallit, maakellarit, kuistit ja terassit).<\/div>\n<\/div>\n<div class=\"product-next-day\">\n<h4>PIKATOIMITUS<\/h4>\n<div class=\"text-container\">Monissa tuotteissamme on pikatoimitus- ja nimip\u00e4iv\u00e4vaihtoehdot, jolloin saat tuotteesi toimitettua heti huomenna tai valitsemanasi sinulle sopivana ajankohtana. Tarkista toimitusvaihtoehdot kassalla n\u00e4hd\u00e4ksesi saatavuuden korisi ja postinumerosi osalta. Toimitusehtoja sovelletaan.<\/div>\n<\/div>","protected":false},"excerpt":{"rendered":"<p>NordicTrack T Series 8 -taittuva juoksumatto on varustettu useilla erinomaisilla ominaisuuksilla: 20 km\/h huippunopeus, 12 kaltevuusastetta, k\u00e4tev\u00e4 kokoontaitettava muotoilu ja SelectFlex\u2122-pehmuste, jonka avulla voit s\u00e4\u00e4t\u00e4\u00e4 juoksuvy\u00f6n pehmusteen pehme\u00e4st\u00e4 kiinte\u00e4\u00e4n mieltymystesi mukaan. iFIT Train -j\u00e4senyys* tarjoaa p\u00e4\u00e4syn kehittyneeseen suorituskyvyn seurantaan ja yli 10 000 harjoitusta, jotta pysyt motivoituneena. Kirjaudu sis\u00e4\u00e4n omalla laitteellasi ja yhdist\u00e4 sitten T Series 8 -laitteeseen. Yksinkertainen ja helppok\u00e4ytt\u00f6inen 7 tuuman n\u00e4ytt\u00f6 tekee suorituskyvyn seurannasta helppoa, ja nopeuden ja kaltevuuden pikan\u00e4pp\u00e4imet mahdollistavat nopeat muutokset. Pysy viile\u00e4n\u00e4 k\u00e4tev\u00e4sti sijoitetun AutoBreeze\u2122-tuulettimen ja juomapullon mukitelineiden avulla. \u00c4lyk\u00e4s ActivePulse\u2122-sykkeenseuranta (monitori ja iFIT-j\u00e4senyys myyd\u00e4\u00e4n erikseen) ja mukautuvat harjoitukset muuttavat kallistus- ja nopeustasoja automaattisesti puolestasi. T Series 8 ei tarjoa ainoastaan mukavaa ja k\u00e4tev\u00e4\u00e4 harjoittelualustaa, vaan siin\u00e4 on my\u00f6s helppok\u00e4ytt\u00f6inen taittomekanismi. Yksinkertainen jalkatangon painallus ja juoksumatto taittuu kokoon, jolloin sen jalkatila muuttuu huomattavasti ja se voidaan rullata valittuun tilaan. * Mukana 30 p\u00e4iv\u00e4n iFIT Train -kokeilujakso. Aktivointiin tarvitaan luottokortti. iFIT Train -j\u00e4senyys uusitaan automaattisesti, ellei sit\u00e4 peruuteta etuk\u00e4teen. 30 p\u00e4iv\u00e4n kokeilujakso koskee vain uusia j\u00e4senyyksi\u00e4.<\/p>\n<div class=\"product-attribute-container-desktop desktop-only\">\n<div class=\"additional-attributes-wrapper table-wrapper\"><\/div>\n<\/div>","protected":false},"featured_media":1326,"comment_status":"open","ping_status":"closed","template":"","meta":{"site-sidebar-layout":"default","site-content-layout":"","ast-site-content-layout":"default","site-content-style":"default","site-sidebar-style":"default","ast-global-header-display":"","ast-banner-title-visibility":"","ast-main-header-display":"","ast-hfb-above-header-display":"","ast-hfb-below-header-display":"","ast-hfb-mobile-header-display":"","site-post-title":"","ast-breadcrumbs-content":"","ast-featured-img":"","footer-sml-layout":"","theme-transparent-header-meta":"default","adv-header-id-meta":"","stick-header-meta":"","header-above-stick-meta":"","header-main-stick-meta":"","header-below-stick-meta":"","astra-migrate-meta-layouts":"set","ast-page-background-enabled":"default","ast-page-background-meta":{"desktop":{"background-color":"var(--ast-global-color-5)","background-image":"","background-repeat":"repeat","background-position":"center center","background-size":"auto","background-attachment":"scroll","background-type":"","background-media":"","overlay-type":"","overlay-color":"","overlay-opacity":"","overlay-gradient":""},"tablet":{"background-color":"","background-image":"","background-repeat":"repeat","background-position":"center center","background-size":"auto","background-attachment":"scroll","background-type":"","background-media":"","overlay-type":"","overlay-color":"","overlay-opacity":"","overlay-gradient":""},"mobile":{"background-color":"","background-image":"","background-repeat":"repeat","background-position":"center center","background-size":"auto","background-attachment":"scroll","background-type":"","background-media":"","overlay-type":"","overlay-color":"","overlay-opacity":"","overlay-gradient":""}},"ast-content-background-meta":{"desktop":{"background-color":"var(--ast-global-color-4)","background-image":"","background-repeat":"repeat","background-position":"center center","background-size":"auto","background-attachment":"scroll","background-type":"","background-media":"","overlay-type":"","overlay-color":"","overlay-opacity":"","overlay-gradient":""},"tablet":{"background-color":"var(--ast-global-color-4)","background-image":"","background-repeat":"repeat","background-position":"center center","background-size":"auto","background-attachment":"scroll","background-type":"","background-media":"","overlay-type":"","overlay-color":"","overlay-opacity":"","overlay-gradient":""},"mobile":{"background-color":"var(--ast-global-color-4)","background-image":"","background-repeat":"repeat","background-position":"center center","background-size":"auto","background-attachment":"scroll","background-type":"","background-media":"","overlay-type":"","overlay-color":"","overlay-opacity":"","overlay-gradient":""}}},"product_brand":[],"product_cat":[21],"product_tag":[25],"class_list":{"0":"post-1325","1":"product","2":"type-product","3":"status-publish","4":"has-post-thumbnail","6":"product_cat-treadmills","7":"product_tag-treadmills","8":"desktop-align-left","9":"tablet-align-left","10":"mobile-align-left","12":"first","13":"instock","14":"sale","15":"taxable","16":"shipping-taxable","17":"purchasable","18":"product-type-simple"},"_links":{"self":[{"href":"https:\/\/bestfitnessstore.com\/fi\/wp-json\/wp\/v2\/product\/1325","targetHints":{"allow":["GET"]}}],"collection":[{"href":"https:\/\/bestfitnessstore.com\/fi\/wp-json\/wp\/v2\/product"}],"about":[{"href":"https:\/\/bestfitnessstore.com\/fi\/wp-json\/wp\/v2\/types\/product"}],"replies":[{"embeddable":true,"href":"https:\/\/bestfitnessstore.com\/fi\/wp-json\/wp\/v2\/comments?post=1325"}],"wp:featuredmedia":[{"embeddable":true,"href":"https:\/\/bestfitnessstore.com\/fi\/wp-json\/wp\/v2\/media\/1326"}],"wp:attachment":[{"href":"https:\/\/bestfitnessstore.com\/fi\/wp-json\/wp\/v2\/media?parent=1325"}],"wp:term":[{"taxonomy":"product_brand","embeddable":true,"href":"https:\/\/bestfitnessstore.com\/fi\/wp-json\/wp\/v2\/product_brand?post=1325"},{"taxonomy":"product_cat","embeddable":true,"href":"https:\/\/bestfitnessstore.com\/fi\/wp-json\/wp\/v2\/product_cat?post=1325"},{"taxonomy":"product_tag","embeddable":true,"href":"https:\/\/bestfitnessstore.com\/fi\/wp-json\/wp\/v2\/product_tag?post=1325"}],"curies":[{"name":"wp","href":"https:\/\/api.w.org\/{rel}","templated":true}]}}