{"id":1272,"date":"2025-11-25T16:10:33","date_gmt":"2025-11-25T16:10:33","guid":{"rendered":"https:\/\/bestfitnessstore.com\/?post_type=product&#038;p=1272"},"modified":"2025-11-25T16:10:33","modified_gmt":"2025-11-25T16:10:33","slug":"matrix-fitness-tf50-kokoontaitettava-juoksumatto-xr-konsolilla-varustettuna","status":"publish","type":"product","link":"https:\/\/bestfitnessstore.com\/fi\/product\/matrix-fitness-tf50-folding-treadmill-with-xr-console\/","title":{"rendered":"Matrix Fitness TF50 kokoontaitettava juoksumatto, jossa on XR-konsoli"},"content":{"rendered":"<div class=\"product-attribute-container-desktop desktop-only\">\n<div class=\"additional-attributes-wrapper table-wrapper\">\n<h5>TUOTETIEDOT<\/h5>\n<div class=\"attributes-container\">\n<ul class=\"product-attributes-container\">\n<li><span class=\"specification-title\">Pakkauksen paino (KG):\u00a0<\/span><span class=\"specification-data\">156.400000<\/span><\/li>\n<li><span class=\"specification-title\">Teho menetelm\u00e4:\u00a0<\/span><span class=\"specification-data\">S\u00e4hk\u00f6verkko<\/span><\/li>\n<li><span class=\"specification-title\">Tablettiteline:\u00a0<\/span><span class=\"specification-data\">Kyll\u00e4<\/span><\/li>\n<li><span class=\"specification-title\">Taitto:\u00a0<\/span><span class=\"specification-data\">Kyll\u00e4<\/span><\/li>\n<li><span class=\"specification-title\">K\u00e4ytt\u00e4j\u00e4n enimm\u00e4ispaino (kg):\u00a0<\/span><span class=\"specification-data\">181,00 (kg)<\/span><\/li>\n<li><span class=\"specification-title\">Kuljetuspy\u00f6r\u00e4t:\u00a0<\/span><span class=\"specification-data\">Kyll\u00e4<\/span><\/li>\n<li><span class=\"specification-title\">Taitettuna Mitat (LxSxK):\u00a0<\/span><span class=\"specification-data\">106 x 91 x 192 cm<\/span><\/li>\n<\/ul>\n<ul class=\"product-attributes-container\">\n<li><span class=\"specification-title\">Tuotteen paino (KG):\u00a0<\/span><span class=\"specification-data\">138.50<\/span><\/li>\n<li><span class=\"specification-title\">Sovellusten integrointi:\u00a0<\/span><span class=\"specification-data\">KinoMap, Zwift<\/span><\/li>\n<li><span class=\"specification-title\">Bluetooth:\u00a0<\/span><span class=\"specification-data\">Kyll\u00e4<\/span><\/li>\n<li><span class=\"specification-title\">Sykkeen seuranta:\u00a0<\/span><span class=\"specification-data\">Sis\u00e4\u00e4nrakennetut anturit ja Bluetooth<\/span><\/li>\n<li><span class=\"specification-title\">Sis\u00e4\u00e4nrakennetut ohjelmat:\u00a0<\/span><span class=\"specification-data\">Manuaalinen, Rolling Hills, Intervallit, Aikatavoite, Et\u00e4isyystavoite, Kaloritavoite, Tavoitesyke (nopeus), Tavoitesyke (kaltevuus), Sprint 8, Mukautettu<\/span><\/li>\n<li><span class=\"specification-title\">Tuotteen mitat (LxSxK):\u00a0<\/span><span class=\"specification-data\">206 x 91 x 158 cm<\/span><\/li>\n<\/ul>\n<\/div>\n<\/div>\n<\/div>\n<div class=\"product-features\">\n<h5>LIS\u00c4OMINAISUUDET<\/h5>\n<div class=\"more-container\">\n<div class=\"unshow-text\">\n<ul class=\"product-features-container\">\n<li><span class=\"specification-title\">Moottori:<\/span>\u00a0<span class=\"specification-data\">3,25 HP:n jatkuvatoiminen Johnson-k\u00e4ytt\u00f6j\u00e4rjestelm\u00e4<\/span><\/li>\n<li><span class=\"specification-title\">Nopeus:<\/span>\u00a0<span class=\"specification-data\">0,8 - 20 km\/h<\/span><\/li>\n<li><span class=\"specification-title\">Kallistus:<\/span>\u00a0<span class=\"specification-data\">0-15%<\/span><\/li>\n<li><span class=\"specification-title\">Juoksualue:<\/span>\u00a0<span class=\"specification-data\">51 x 152 cm<\/span><\/li>\n<li><span class=\"specification-title\">Vy\u00f6n\/kannen paksuus:<\/span>\u00a0<span class=\"specification-data\">2-kerroksinen, 2,2mm \/ 25,4mm<\/span><\/li>\n<li><span class=\"specification-title\">XR-konsoli:<\/span>\u00a0<span class=\"specification-data\">8,5\u201d eritt\u00e4in leve\u00e4 sininen LCD-n\u00e4ytt\u00f6, jossa on lukuteline, energians\u00e4\u00e4st\u00f6tila, ViewFit-liitett\u00e4vyys (integroitavissa Fitness-sovelluksiin).<\/span><\/li>\n<li><span class=\"specification-title\">Harjoitusohjelmat:<\/span>\u00a0<span class=\"specification-data\">5, Sprint 8 mukana<\/span><\/li>\n<li><span class=\"specification-title\">Sykkeen seuranta:<\/span>\u00a0<span class=\"specification-data\">Sykkeenmittauskahvat sivukiskoissa<\/span><\/li>\n<li><span class=\"specification-title\">Ultimate Deck System:<\/span>\u00a0<span class=\"specification-data\">Raskas runko, eritt\u00e4in paksu kansi ja teollisuusk\u00e4ytt\u00f6\u00f6n soveltuva pehmuste.<\/span><\/li>\n<li><span class=\"specification-title\">Lis\u00e4varusteet:<\/span>\u00a0<span class=\"specification-data\">Vesipullotelineet, laiteteline, soft-touch-painikkeet, alumiiniset sivukiskot ja nelipy\u00f6r\u00e4inen kuljetusj\u00e4rjestelm\u00e4.<\/span><\/li>\n<li><span class=\"specification-title\">K\u00e4ytt\u00e4j\u00e4n enimm\u00e4ispaino:<\/span>\u00a0<span class=\"specification-data\">181 kg \/ 400 lbs<\/span><\/li>\n<li><span class=\"specification-title\">Tuotteen mitat (LxSxK):<\/span>\u00a0<span class=\"specification-data\">206 x 90 x 158 cm \/ 81\u201d x 35\u201d x 62\u201d<\/span><\/li>\n<li><span class=\"specification-title\">Taitettuna Mitat (LxSxK):<\/span>\u00a0<span class=\"specification-data\">106 x 90 x 192 cm \/ 42\u201d x 35\u201d x 76\u201d<\/span><\/li>\n<li><span class=\"specification-title\">Kokoonpainettu paino:<\/span>\u00a0<span class=\"specification-data\">138,5 kg<\/span><\/li>\n<\/ul>\n<\/div>\n<\/div>\n<\/div>\n<div class=\"product-warranty\">\n<h5>TAKUU<\/h5>\n<div class=\"text-container\"><strong>Kotik\u00e4ytt\u00f6:<\/strong>\u00a0Home- 10 vuotta moottori, 3 vuotta P\/L,<\/div>\n<\/div>","protected":false},"excerpt":{"rendered":"<p>Matrix Fitness TF50 -taittuva juoksumatto tarjoaa sinulle hienostuneen kotiharjoittelun, joka pit\u00e4\u00e4 sinut motivoituneena ja mukavana. Ultimate Deck -j\u00e4rjestelm\u00e4ll\u00e4 varustetussa juoksumatossa on raskas runko, eritt\u00e4in paksu kansi ja teollisen luokan pehmusteet, jotka tarjoavat tukea ja kest\u00e4vyytt\u00e4. Juoksumatto on varustettu 3,25 hv Johnson Drive System -j\u00e4rjestelm\u00e4ll\u00e4, joten pysyt t\u00e4ydellisess\u00e4 rytmiss\u00e4, kun j\u00e4rjestelm\u00e4 kalibroituu uudelleen jokaisen askeleen kohdalla, kun ponnistat kohti 20 km\/h huippunopeutta ja saavutat jopa 15%:n kaltevuuden. T\u00e4m\u00e4 kaikki tilavalla, pidennetyll\u00e4 51 x 152 cm:n juoksuhihnalla. XR-konsolilla varustettuna voit tarkastella kaikkia harjoitustilastojasi helposti kirkkaalta 8,5 tuuman LCD-n\u00e4yt\u00f6lt\u00e4. Mukana on 5 sis\u00e4\u00e4nrakennettua harjoitusohjelmaa, mukaan lukien Sprint 8 HIIT -ohjelma intensiivist\u00e4 kotiharjoittelua varten. Painamalla WiFi \u201dConnect &amp; Sync\u201c -painiketta voit liitt\u00e4\u00e4 XR-konsolin langattomaan kotiverkkoon ohjelmistop\u00e4ivityksi\u00e4 ja ViewFit-yhteytt\u00e4 varten, jolloin harjoitustiedot l\u00e4hetet\u00e4\u00e4n jo k\u00e4ytt\u00e4miisi kuntosovelluksiin ja -ty\u00f6kaluihin (kuten MyFitnessPal, Fitbit, Strava ja muut). TF50-juoksumatto on k\u00e4tev\u00e4 Space Saver -malli, jonka ansiosta voit s\u00e4ilytt\u00e4\u00e4 laitetta pystyasennossa, kun sit\u00e4 ei k\u00e4ytet\u00e4. Siin\u00e4 on my\u00f6s langaton syke (kosketussykesensoreiden avulla), vesipullotelineet, laiteteline, soft-touch-painikkeet, alumiiniset sivukiskot ja nelipy\u00f6r\u00e4inen kuljetusj\u00e4rjestelm\u00e4.<\/p>\n<div class=\"product-attribute-container-desktop desktop-only\">\n<div class=\"additional-attributes-wrapper table-wrapper\"><\/div>\n<\/div>","protected":false},"featured_media":1276,"comment_status":"open","ping_status":"closed","template":"","meta":{"site-sidebar-layout":"default","site-content-layout":"","ast-site-content-layout":"default","site-content-style":"default","site-sidebar-style":"default","ast-global-header-display":"","ast-banner-title-visibility":"","ast-main-header-display":"","ast-hfb-above-header-display":"","ast-hfb-below-header-display":"","ast-hfb-mobile-header-display":"","site-post-title":"","ast-breadcrumbs-content":"","ast-featured-img":"","footer-sml-layout":"","theme-transparent-header-meta":"default","adv-header-id-meta":"","stick-header-meta":"","header-above-stick-meta":"","header-main-stick-meta":"","header-below-stick-meta":"","astra-migrate-meta-layouts":"set","ast-page-background-enabled":"default","ast-page-background-meta":{"desktop":{"background-color":"var(--ast-global-color-5)","background-image":"","background-repeat":"repeat","background-position":"center center","background-size":"auto","background-attachment":"scroll","background-type":"","background-media":"","overlay-type":"","overlay-color":"","overlay-opacity":"","overlay-gradient":""},"tablet":{"background-color":"","background-image":"","background-repeat":"repeat","background-position":"center center","background-size":"auto","background-attachment":"scroll","background-type":"","background-media":"","overlay-type":"","overlay-color":"","overlay-opacity":"","overlay-gradient":""},"mobile":{"background-color":"","background-image":"","background-repeat":"repeat","background-position":"center center","background-size":"auto","background-attachment":"scroll","background-type":"","background-media":"","overlay-type":"","overlay-color":"","overlay-opacity":"","overlay-gradient":""}},"ast-content-background-meta":{"desktop":{"background-color":"var(--ast-global-color-4)","background-image":"","background-repeat":"repeat","background-position":"center center","background-size":"auto","background-attachment":"scroll","background-type":"","background-media":"","overlay-type":"","overlay-color":"","overlay-opacity":"","overlay-gradient":""},"tablet":{"background-color":"var(--ast-global-color-4)","background-image":"","background-repeat":"repeat","background-position":"center center","background-size":"auto","background-attachment":"scroll","background-type":"","background-media":"","overlay-type":"","overlay-color":"","overlay-opacity":"","overlay-gradient":""},"mobile":{"background-color":"var(--ast-global-color-4)","background-image":"","background-repeat":"repeat","background-position":"center center","background-size":"auto","background-attachment":"scroll","background-type":"","background-media":"","overlay-type":"","overlay-color":"","overlay-opacity":"","overlay-gradient":""}}},"product_brand":[],"product_cat":[21],"product_tag":[25],"class_list":{"0":"post-1272","1":"product","2":"type-product","3":"status-publish","4":"has-post-thumbnail","6":"product_cat-treadmills","7":"product_tag-treadmills","8":"desktop-align-left","9":"tablet-align-left","10":"mobile-align-left","12":"first","13":"instock","14":"sale","15":"taxable","16":"shipping-taxable","17":"purchasable","18":"product-type-simple"},"_links":{"self":[{"href":"https:\/\/bestfitnessstore.com\/fi\/wp-json\/wp\/v2\/product\/1272","targetHints":{"allow":["GET"]}}],"collection":[{"href":"https:\/\/bestfitnessstore.com\/fi\/wp-json\/wp\/v2\/product"}],"about":[{"href":"https:\/\/bestfitnessstore.com\/fi\/wp-json\/wp\/v2\/types\/product"}],"replies":[{"embeddable":true,"href":"https:\/\/bestfitnessstore.com\/fi\/wp-json\/wp\/v2\/comments?post=1272"}],"wp:featuredmedia":[{"embeddable":true,"href":"https:\/\/bestfitnessstore.com\/fi\/wp-json\/wp\/v2\/media\/1276"}],"wp:attachment":[{"href":"https:\/\/bestfitnessstore.com\/fi\/wp-json\/wp\/v2\/media?parent=1272"}],"wp:term":[{"taxonomy":"product_brand","embeddable":true,"href":"https:\/\/bestfitnessstore.com\/fi\/wp-json\/wp\/v2\/product_brand?post=1272"},{"taxonomy":"product_cat","embeddable":true,"href":"https:\/\/bestfitnessstore.com\/fi\/wp-json\/wp\/v2\/product_cat?post=1272"},{"taxonomy":"product_tag","embeddable":true,"href":"https:\/\/bestfitnessstore.com\/fi\/wp-json\/wp\/v2\/product_tag?post=1272"}],"curies":[{"name":"wp","href":"https:\/\/api.w.org\/{rel}","templated":true}]}}