{"id":1257,"date":"2025-11-25T16:03:48","date_gmt":"2025-11-25T16:03:48","guid":{"rendered":"https:\/\/bestfitnessstore.com\/?post_type=product&#038;p=1257"},"modified":"2025-11-25T16:03:48","modified_gmt":"2025-11-25T16:03:48","slug":"matrix-fitness-tf30-kokoontaitettava-juoksumatto-xr-konsolilla-varustettuna","status":"publish","type":"product","link":"https:\/\/bestfitnessstore.com\/fi\/product\/matrix-fitness-tf30-folding-treadmill-with-xr-console\/","title":{"rendered":"Matrix Fitness TF30 kokoontaitettava juoksumatto, jossa on XR-konsoli"},"content":{"rendered":"<div class=\"product-attribute-container-desktop desktop-only\">\n<div class=\"additional-attributes-wrapper table-wrapper\">\n<h4>TUOTETIEDOT<\/h4>\n<div class=\"attributes-container\">\n<ul class=\"product-attributes-container\">\n<li><span class=\"specification-title\">Pakkauksen paino (KG):\u00a0<\/span><span class=\"specification-data\">148.400000<\/span><\/li>\n<li><span class=\"specification-title\">Sovellusten integrointi:\u00a0<\/span><span class=\"specification-data\">KinoMap, Zwift<\/span><\/li>\n<li><span class=\"specification-title\">Bluetooth:\u00a0<\/span><span class=\"specification-data\">Kyll\u00e4<\/span><\/li>\n<li><span class=\"specification-title\">Sykkeen seuranta:\u00a0<\/span><span class=\"specification-data\">Sis\u00e4\u00e4nrakennetut anturit ja Bluetooth<\/span><\/li>\n<li><span class=\"specification-title\">Sis\u00e4\u00e4nrakennetut ohjelmat:\u00a0<\/span><span class=\"specification-data\">Manuaalinen, Rolling Hills, Intervallit, Aikatavoite, Et\u00e4isyystavoite, Kaloritavoite, Tavoitesyke (nopeus), Tavoitesyke (kaltevuus), Sprint 8, Mukautettu<\/span><\/li>\n<li><span class=\"specification-title\">Tuotteen mitat (LxSxK):\u00a0<\/span><span class=\"specification-data\">195 x 90 x 157 cm<\/span><\/li>\n<\/ul>\n<ul class=\"product-attributes-container\">\n<li><span class=\"specification-title\">Teho menetelm\u00e4:\u00a0<\/span><span class=\"specification-data\">S\u00e4hk\u00f6verkko<\/span><\/li>\n<li><span class=\"specification-title\">Tablettiteline:\u00a0<\/span><span class=\"specification-data\">Kyll\u00e4<\/span><\/li>\n<li><span class=\"specification-title\">Taitto:\u00a0<\/span><span class=\"specification-data\">Kyll\u00e4<\/span><\/li>\n<li><span class=\"specification-title\">K\u00e4ytt\u00e4j\u00e4n enimm\u00e4ispaino (kg):\u00a0<\/span><span class=\"specification-data\">159,00 (kg)<\/span><\/li>\n<li><span class=\"specification-title\">Kuljetuspy\u00f6r\u00e4t:\u00a0<\/span><span class=\"specification-data\">Kyll\u00e4<\/span><\/li>\n<li><span class=\"specification-title\">Taitettuna Mitat (LxSxK):\u00a0<\/span><span class=\"specification-data\">106 x 90 x 181 cm<\/span><\/li>\n<\/ul>\n<\/div>\n<\/div>\n<\/div>\n<div class=\"product-features\">\n<h4>LIS\u00c4OMINAISUUDET<\/h4>\n<div class=\"more-container\">\n<div class=\"unshow-text\">\n<ul class=\"product-features-container\">\n<li><span class=\"specification-title\">Moottori:<\/span>\u00a0<span class=\"specification-data\">3,25 HP:n jatkuvatoiminen Johnson-k\u00e4ytt\u00f6j\u00e4rjestelm\u00e4<\/span><\/li>\n<li><span class=\"specification-title\">Nopeus:<\/span>\u00a0<span class=\"specification-data\">0,8 - 20 km\/h<\/span><\/li>\n<li><span class=\"specification-title\">Kallistus:<\/span>\u00a0<span class=\"specification-data\">0-15%<\/span><\/li>\n<li><span class=\"specification-title\">Juoksualue:<\/span>\u00a0<span class=\"specification-data\">51 x 140 cm<\/span><\/li>\n<li><span class=\"specification-title\">Vy\u00f6n\/kannen paksuus:<\/span>\u00a0<span class=\"specification-data\">2-kerroksinen, 1.6mm \/ 25.4mm<\/span><\/li>\n<li><span class=\"specification-title\">XR-konsoli:<\/span>\u00a0<span class=\"specification-data\">8,5\u201d eritt\u00e4in leve\u00e4 sininen LCD-n\u00e4ytt\u00f6, jossa on lukuteline, energians\u00e4\u00e4st\u00f6tila, ViewFit-liitett\u00e4vyys (integroitavissa Fitness-sovelluksiin).<\/span><\/li>\n<li><span class=\"specification-title\">Harjoitusohjelmat:<\/span>\u00a0<span class=\"specification-data\">5, Sprint 8 mukana<\/span><\/li>\n<li><span class=\"specification-title\">Sykkeen seuranta:<\/span>\u00a0<span class=\"specification-data\">Sykkeenmittauskahvat sivukiskoissa<\/span><\/li>\n<li><span class=\"specification-title\">Ultimate Deck System:<\/span>\u00a0<span class=\"specification-data\">Raskas runko, eritt\u00e4in paksu kansi ja teollisuusk\u00e4ytt\u00f6\u00f6n soveltuva pehmuste.<\/span><\/li>\n<li><span class=\"specification-title\">Lis\u00e4varusteet:<\/span>\u00a0<span class=\"specification-data\">Vesipullotelineet, laiteteline, kuljetuspy\u00f6r\u00e4t<\/span><\/li>\n<li><span class=\"specification-title\">K\u00e4ytt\u00e4j\u00e4n enimm\u00e4ispaino:<\/span>\u00a0<span class=\"specification-data\">159 kg \/ 25st noin.<\/span><\/li>\n<li><span class=\"specification-title\">Mitat (LxSxK):<\/span>\u00a0<span class=\"specification-data\">195 x 90 x 157 cm \/ 77\u201d x 35\u201d x 62\u201d<\/span><\/li>\n<li><span class=\"specification-title\">Taitettuna Mitat (LxSxK):<\/span>\u00a0<span class=\"specification-data\">106 x 90 x 181 cm \/ 42\u201d x 35\u201d x 71\u201d<\/span><\/li>\n<\/ul>\n<\/div>\n<\/div>\n<\/div>\n<div class=\"product-warranty\">\n<h4>TAKUU<\/h4>\n<div class=\"text-container\"><strong>Kotik\u00e4ytt\u00f6:<\/strong>\u00a0Home- 10 vuotta moottori, 3 vuotta P\/L,<\/div>\n<\/div>","protected":false},"excerpt":{"rendered":"<p>Matrix Fitness TF30 -taittuva juoksumatto tarjoaa edistyksellisimm\u00e4n rungon ja kannen yhdistelm\u00e4n, joka tarjoaa luotettavan alustan kotiharjoitteluun. 3,25 hv Johnson Drive -j\u00e4rjestelm\u00e4ll\u00e4 varustetussa juoksupy\u00f6r\u00e4ss\u00e4 pysyt t\u00e4ydellisess\u00e4 rytmiss\u00e4, sill\u00e4 j\u00e4rjestelm\u00e4 kalibroi itsens\u00e4 uudelleen jokaisen askeleen my\u00f6t\u00e4. TF30 on varustettu Matrixin ainutlaatuisella Ultimate Desk System -j\u00e4rjestelm\u00e4ll\u00e4, joka sis\u00e4lt\u00e4\u00e4 raskaan rungon, eritt\u00e4in paksun kannen ja teollisen luokan pehmusteet, jotka takaavat kilometrien kest\u00e4v\u00e4n suorituskyvyn. Saavuta 20 km\/h huippunopeus tilavalla 51 x 140 cm:n juoksualueella ja saavuta jopa 15%:n kaltevuus. Kehittyneell\u00e4 XIR-konsolilla varustetussa laitteessa on helppo pit\u00e4\u00e4 jokainen harjoitus tuoreena 12 metriikkaan perustuvan syd\u00e4nohjelman, kuten Sprint 8:n, avulla. Voit synkronoida jo k\u00e4ytt\u00e4mi\u00e4si sovelluksia, kuten MyFitnessPal, Strava, Fitbit ja muut, ViewFit-liit\u00e4nn\u00e4n avulla ja nauttia viihdesuosikeista, kuten Netflixist\u00e4, Spotifysta ja YouTubesta (tilaukset eiv\u00e4t sis\u00e4lly). Yhdist\u00e4 konsoli WiFi:n kautta ohjelmistop\u00e4ivityksi\u00e4, ViewFiti\u00e4, verkkoselausta ja viihdesovelluksia varten. Saat tarkimman mahdollisen sykepalautteen kuntoilulaitteista integroidun Polar-syketeknologian avulla, ja XIR:n mukana toimitetaan Polar-sykehihna. TF30-taittuvassa juoksumatossa on k\u00e4tev\u00e4 Space Saver -suunnittelu, jonka ansiosta voit s\u00e4ilytt\u00e4\u00e4 laitetta pystyasennossa, kun sit\u00e4 ei k\u00e4ytet\u00e4. Siin\u00e4 on my\u00f6s vesipullotelineet, laiteteline, USB-portti, HDMI-portti puhelimen peilausta varten, 5 watin kaiuttimet ja kuljetuspy\u00f6r\u00e4t.<\/p>\n<div class=\"product-attribute-container-desktop desktop-only\">\n<div class=\"additional-attributes-wrapper table-wrapper\"><\/div>\n<\/div>","protected":false},"featured_media":1261,"comment_status":"open","ping_status":"closed","template":"","meta":{"site-sidebar-layout":"default","site-content-layout":"","ast-site-content-layout":"default","site-content-style":"default","site-sidebar-style":"default","ast-global-header-display":"","ast-banner-title-visibility":"","ast-main-header-display":"","ast-hfb-above-header-display":"","ast-hfb-below-header-display":"","ast-hfb-mobile-header-display":"","site-post-title":"","ast-breadcrumbs-content":"","ast-featured-img":"","footer-sml-layout":"","theme-transparent-header-meta":"default","adv-header-id-meta":"","stick-header-meta":"","header-above-stick-meta":"","header-main-stick-meta":"","header-below-stick-meta":"","astra-migrate-meta-layouts":"set","ast-page-background-enabled":"default","ast-page-background-meta":{"desktop":{"background-color":"var(--ast-global-color-5)","background-image":"","background-repeat":"repeat","background-position":"center center","background-size":"auto","background-attachment":"scroll","background-type":"","background-media":"","overlay-type":"","overlay-color":"","overlay-opacity":"","overlay-gradient":""},"tablet":{"background-color":"","background-image":"","background-repeat":"repeat","background-position":"center center","background-size":"auto","background-attachment":"scroll","background-type":"","background-media":"","overlay-type":"","overlay-color":"","overlay-opacity":"","overlay-gradient":""},"mobile":{"background-color":"","background-image":"","background-repeat":"repeat","background-position":"center center","background-size":"auto","background-attachment":"scroll","background-type":"","background-media":"","overlay-type":"","overlay-color":"","overlay-opacity":"","overlay-gradient":""}},"ast-content-background-meta":{"desktop":{"background-color":"var(--ast-global-color-4)","background-image":"","background-repeat":"repeat","background-position":"center center","background-size":"auto","background-attachment":"scroll","background-type":"","background-media":"","overlay-type":"","overlay-color":"","overlay-opacity":"","overlay-gradient":""},"tablet":{"background-color":"var(--ast-global-color-4)","background-image":"","background-repeat":"repeat","background-position":"center center","background-size":"auto","background-attachment":"scroll","background-type":"","background-media":"","overlay-type":"","overlay-color":"","overlay-opacity":"","overlay-gradient":""},"mobile":{"background-color":"var(--ast-global-color-4)","background-image":"","background-repeat":"repeat","background-position":"center center","background-size":"auto","background-attachment":"scroll","background-type":"","background-media":"","overlay-type":"","overlay-color":"","overlay-opacity":"","overlay-gradient":""}}},"product_brand":[],"product_cat":[21],"product_tag":[25],"class_list":{"0":"post-1257","1":"product","2":"type-product","3":"status-publish","4":"has-post-thumbnail","6":"product_cat-treadmills","7":"product_tag-treadmills","8":"desktop-align-left","9":"tablet-align-left","10":"mobile-align-left","12":"first","13":"instock","14":"sale","15":"taxable","16":"shipping-taxable","17":"purchasable","18":"product-type-simple"},"_links":{"self":[{"href":"https:\/\/bestfitnessstore.com\/fi\/wp-json\/wp\/v2\/product\/1257","targetHints":{"allow":["GET"]}}],"collection":[{"href":"https:\/\/bestfitnessstore.com\/fi\/wp-json\/wp\/v2\/product"}],"about":[{"href":"https:\/\/bestfitnessstore.com\/fi\/wp-json\/wp\/v2\/types\/product"}],"replies":[{"embeddable":true,"href":"https:\/\/bestfitnessstore.com\/fi\/wp-json\/wp\/v2\/comments?post=1257"}],"wp:featuredmedia":[{"embeddable":true,"href":"https:\/\/bestfitnessstore.com\/fi\/wp-json\/wp\/v2\/media\/1261"}],"wp:attachment":[{"href":"https:\/\/bestfitnessstore.com\/fi\/wp-json\/wp\/v2\/media?parent=1257"}],"wp:term":[{"taxonomy":"product_brand","embeddable":true,"href":"https:\/\/bestfitnessstore.com\/fi\/wp-json\/wp\/v2\/product_brand?post=1257"},{"taxonomy":"product_cat","embeddable":true,"href":"https:\/\/bestfitnessstore.com\/fi\/wp-json\/wp\/v2\/product_cat?post=1257"},{"taxonomy":"product_tag","embeddable":true,"href":"https:\/\/bestfitnessstore.com\/fi\/wp-json\/wp\/v2\/product_tag?post=1257"}],"curies":[{"name":"wp","href":"https:\/\/api.w.org\/{rel}","templated":true}]}}