{"id":1059,"date":"2025-11-25T09:28:06","date_gmt":"2025-11-25T09:28:06","guid":{"rendered":"https:\/\/bestfitnessstore.com\/?post_type=product&#038;p=1059"},"modified":"2025-11-25T09:28:06","modified_gmt":"2025-11-25T09:28:06","slug":"life-fitness-lampo-soutukone-lcd","status":"publish","type":"product","link":"https:\/\/bestfitnessstore.com\/fi\/product\/life-fitness-heat-rowing-machine-lcd\/","title":{"rendered":"Life Fitness Heat soutukone LCD"},"content":{"rendered":"<div id=\"fullDescription\" class=\"full-description\">\n<div class=\"text-container\">\n<div class=\"product-attribute-container-desktop desktop-only\">\n<div class=\"additional-attributes-wrapper table-wrapper\">\n<h4>TUOTETIEDOT<\/h4>\n<div class=\"attributes-container\">\n<ul class=\"product-attributes-container\">\n<li><span class=\"specification-title\">Pakkauksen paino (KG):\u00a0<\/span><span class=\"specification-data\">65.000000<\/span><\/li>\n<\/ul>\n<\/div>\n<\/div>\n<\/div>\n<div class=\"product-features\">\n<h4>LIS\u00c4OMINAISUUDET<\/h4>\n<div class=\"more-container\">\n<div class=\"unshow-text\">\n<ul class=\"product-features-container\">\n<li><span class=\"specification-title\">Konsoli:<\/span>\u00a0<span class=\"specification-data\">LCD-konsoli<\/span><\/li>\n<li><span class=\"specification-title\">Liitett\u00e4vyys:<\/span>\u00a0<span class=\"specification-data\">Polar\/Analoginen<\/span><\/li>\n<li><span class=\"specification-title\">Harjoitusohjelmat:<\/span>\u00a0<span class=\"specification-data\">Pikak\u00e4ynnistys; Intervalli 30-30; Intervalli 60-60; Intervalli Mukautettu; Tavoiteaika, kalorit, et\u00e4isyys, syke.<\/span><\/li>\n<li><span class=\"specification-title\">Harjoitusmittarit:<\/span>\u00a0<span class=\"specification-data\">Aika, et\u00e4isyys, SPM, 500 metrin jaettu aika, vastustaso, kalorit, watit, syke, syketaajuus<\/span><\/li>\n<li><span class=\"specification-title\">Tehon mittaus (WATT):<\/span>\u00a0<span class=\"specification-data\">WattRate\u00ae-tehomittari<\/span><\/li>\n<li><span class=\"specification-title\">Vastustustekniikka:<\/span>\u00a0<span class=\"specification-data\">Staattinen ilma ja magneetti 300\u00b0 asteikon kautta<\/span><\/li>\n<li><span class=\"specification-title\">Vastustustasot:<\/span>\u00a0<span class=\"specification-data\">100<\/span><\/li>\n<li><span class=\"specification-title\">Ajovoimansiirto:<\/span>\u00a0<span class=\"specification-data\">Poly-V-hihna<\/span><\/li>\n<li><span class=\"specification-title\">Vetomekanismi:<\/span>\u00a0<span class=\"specification-data\">Ketju<\/span><\/li>\n<li><span class=\"specification-title\">Ohjaustanko:<\/span>\u00a0<span class=\"specification-data\">Ergonominen kahva<\/span><\/li>\n<li><span class=\"specification-title\">Jalkahihna:<\/span>\u00a0<span class=\"specification-data\">Salpauss\u00e4\u00e4t\u00f6mekanismi<\/span><\/li>\n<li><span class=\"specification-title\">Konsolin virtal\u00e4hde:<\/span>\u00a0<span class=\"specification-data\">2D-paristot<\/span><\/li>\n<li><span class=\"specification-title\">Rungon\/kiskon v\u00e4ri:<\/span>\u00a0<span class=\"specification-data\">Hiili musta<\/span><\/li>\n<li><span class=\"specification-title\">Rungon materiaali:<\/span>\u00a0<span class=\"specification-data\">Ter\u00e4s<\/span><\/li>\n<li><span class=\"specification-title\">Kiskomateriaali:<\/span>\u00a0<span class=\"specification-data\">Alumiini<\/span><\/li>\n<li><span class=\"specification-title\">Puhelimen pidike:<\/span>\u00a0<span class=\"specification-data\">Kyll\u00e4<\/span><\/li>\n<li><span class=\"specification-title\">Kuljetuskahva:<\/span>\u00a0<span class=\"specification-data\">Kyll\u00e4<\/span><\/li>\n<li><span class=\"specification-title\">Kuljetuspy\u00f6r\u00e4t:<\/span>\u00a0<span class=\"specification-data\">2<\/span><\/li>\n<li><span class=\"specification-title\">K\u00e4ytt\u00e4j\u00e4n enimm\u00e4ispaino:<\/span>\u00a0<span class=\"specification-data\">150 kg (330 lbs)<\/span><\/li>\n<li><span class=\"specification-title\">Paino koottuna:<\/span>\u00a0<span class=\"specification-data\">61 kg (134 lbs)<\/span><\/li>\n<li><span class=\"specification-title\">Kokoonpantu mitat:<\/span>\u00a0<span class=\"specification-data\">85\u201d x 28\u201d x 47\u201d (216cm x 71cm x 120cm)<\/span><\/li>\n<li><span class=\"specification-title\">Et\u00e4isyys - istuimelta kiskolle:<\/span>\u00a0<span class=\"specification-data\">2.4\u201d (6cm)<\/span><\/li>\n<li><span class=\"specification-title\">Et\u00e4isyys - istuimesta lattiaan:<\/span>\u00a0<span class=\"specification-data\">17.7\u201d (45cm)<\/span><\/li>\n<li><span class=\"specification-title\">Huom:<\/span>\u00a0<span class=\"specification-data\">4 viikon toimitusaika<\/span><\/li>\n<\/ul>\n<\/div>\n<\/div>\n<\/div>\n<div class=\"product-warranty\">\n<h4>TAKUU<\/h4>\n<div class=\"text-container\"><strong>Koti &amp; kevyt\/t\u00e4ysin kaupallinen k\u00e4ytt\u00f6:<\/strong>\u00a03 vuotta osat ja ty\u00f6 (koti), 2 vuotta osat ja ty\u00f6 (kaupallinen)<\/div>\n<\/div>\n<\/div>\n<\/div>","protected":false},"excerpt":{"rendered":"<div id=\"fullDescription\" class=\"full-description\">\n<div class=\"text-container\">Life Fitness ponnisti \u00e4\u00e4rimmilleen luodakseen virtaviivaisen soutulaitteen, joka auttaa treenaajia ylitt\u00e4m\u00e4\u00e4n rajansa. Yhdistetyll\u00e4 ilma- ja magneettivastusj\u00e4rjestelm\u00e4ll\u00e4 suunniteltu Life Fitness Heat Rowing Machine LCD tarjoaa 100 vastustasoa, jotka ovat s\u00e4\u00e4dett\u00e4viss\u00e4 300\u00b0:n vastuss\u00e4\u00e4timell\u00e4, jonka avulla harjoittajat voivat hienos\u00e4\u00e4t\u00e4\u00e4 harjoituksensa mille tahansa intensiteettitasolle. Intuitiivisen LCD-konsolin avulla ohjaajat voivat optimoida pienryhm\u00e4harjoittelun ja harjoitukset voivat helposti harjoitella yksin yksinkertaisilla ohjelmilla, joihin kuuluvat tavoiteharjoitukset, et\u00e4isyys, aika, kalorit ja intervallit. T\u00e4m\u00e4 helppok\u00e4ytt\u00f6inen digitaalinen konsoli k\u00e4ynnistyy pikak\u00e4ynnistystilaan, jolloin harjoittelijat voivat aloittaa harjoittelun nopeasti ja keskeytyksett\u00e4. Heat Row on suunniteltu harjoittelijoita ajatellen, ja siin\u00e4 on monia \u00e4lykk\u00e4it\u00e4 muotoilutekij\u00f6it\u00e4, jotka takaavat miellytt\u00e4v\u00e4n harjoittelukokemuksen. LCD-n\u00e4yt\u00f6n yl\u00e4puolella on matkapuhelimen pidike, jonka avulla voit pit\u00e4\u00e4 yhteytt\u00e4 harjoittelun aikana, ja upotettu rullaohjainj\u00e4rjestelm\u00e4 ja nopeasti irrotettava raksilla varustettu jalkahihna pit\u00e4v\u00e4t sinut tukevasti paikallaan ja vakaana soutuessasi. Heat Row on my\u00f6s helppo kuljettaa, sill\u00e4 sen p\u00e4\u00e4dyss\u00e4 on piilotettu kahva ja edess\u00e4 on kuljetuspy\u00f6r\u00e4t.&nbsp;<\/p>\n<\/div>\n<\/div>\n<div class=\"product-attribute-container-desktop desktop-only\">\n<div class=\"additional-attributes-wrapper table-wrapper\"><\/div>\n<\/div>","protected":false},"featured_media":1061,"comment_status":"open","ping_status":"closed","template":"","meta":{"site-sidebar-layout":"default","site-content-layout":"","ast-site-content-layout":"default","site-content-style":"default","site-sidebar-style":"default","ast-global-header-display":"","ast-banner-title-visibility":"","ast-main-header-display":"","ast-hfb-above-header-display":"","ast-hfb-below-header-display":"","ast-hfb-mobile-header-display":"","site-post-title":"","ast-breadcrumbs-content":"","ast-featured-img":"","footer-sml-layout":"","theme-transparent-header-meta":"default","adv-header-id-meta":"","stick-header-meta":"","header-above-stick-meta":"","header-main-stick-meta":"","header-below-stick-meta":"","astra-migrate-meta-layouts":"set","ast-page-background-enabled":"default","ast-page-background-meta":{"desktop":{"background-color":"var(--ast-global-color-5)","background-image":"","background-repeat":"repeat","background-position":"center center","background-size":"auto","background-attachment":"scroll","background-type":"","background-media":"","overlay-type":"","overlay-color":"","overlay-opacity":"","overlay-gradient":""},"tablet":{"background-color":"","background-image":"","background-repeat":"repeat","background-position":"center center","background-size":"auto","background-attachment":"scroll","background-type":"","background-media":"","overlay-type":"","overlay-color":"","overlay-opacity":"","overlay-gradient":""},"mobile":{"background-color":"","background-image":"","background-repeat":"repeat","background-position":"center center","background-size":"auto","background-attachment":"scroll","background-type":"","background-media":"","overlay-type":"","overlay-color":"","overlay-opacity":"","overlay-gradient":""}},"ast-content-background-meta":{"desktop":{"background-color":"var(--ast-global-color-4)","background-image":"","background-repeat":"repeat","background-position":"center center","background-size":"auto","background-attachment":"scroll","background-type":"","background-media":"","overlay-type":"","overlay-color":"","overlay-opacity":"","overlay-gradient":""},"tablet":{"background-color":"var(--ast-global-color-4)","background-image":"","background-repeat":"repeat","background-position":"center center","background-size":"auto","background-attachment":"scroll","background-type":"","background-media":"","overlay-type":"","overlay-color":"","overlay-opacity":"","overlay-gradient":""},"mobile":{"background-color":"var(--ast-global-color-4)","background-image":"","background-repeat":"repeat","background-position":"center center","background-size":"auto","background-attachment":"scroll","background-type":"","background-media":"","overlay-type":"","overlay-color":"","overlay-opacity":"","overlay-gradient":""}}},"product_brand":[],"product_cat":[20],"product_tag":[24],"class_list":{"0":"post-1059","1":"product","2":"type-product","3":"status-publish","4":"has-post-thumbnail","6":"product_cat-rowing-machine","7":"product_tag-rowing-machines","8":"desktop-align-left","9":"tablet-align-left","10":"mobile-align-left","12":"first","13":"instock","14":"sale","15":"taxable","16":"shipping-taxable","17":"purchasable","18":"product-type-simple"},"_links":{"self":[{"href":"https:\/\/bestfitnessstore.com\/fi\/wp-json\/wp\/v2\/product\/1059","targetHints":{"allow":["GET"]}}],"collection":[{"href":"https:\/\/bestfitnessstore.com\/fi\/wp-json\/wp\/v2\/product"}],"about":[{"href":"https:\/\/bestfitnessstore.com\/fi\/wp-json\/wp\/v2\/types\/product"}],"replies":[{"embeddable":true,"href":"https:\/\/bestfitnessstore.com\/fi\/wp-json\/wp\/v2\/comments?post=1059"}],"wp:featuredmedia":[{"embeddable":true,"href":"https:\/\/bestfitnessstore.com\/fi\/wp-json\/wp\/v2\/media\/1061"}],"wp:attachment":[{"href":"https:\/\/bestfitnessstore.com\/fi\/wp-json\/wp\/v2\/media?parent=1059"}],"wp:term":[{"taxonomy":"product_brand","embeddable":true,"href":"https:\/\/bestfitnessstore.com\/fi\/wp-json\/wp\/v2\/product_brand?post=1059"},{"taxonomy":"product_cat","embeddable":true,"href":"https:\/\/bestfitnessstore.com\/fi\/wp-json\/wp\/v2\/product_cat?post=1059"},{"taxonomy":"product_tag","embeddable":true,"href":"https:\/\/bestfitnessstore.com\/fi\/wp-json\/wp\/v2\/product_tag?post=1059"}],"curies":[{"name":"wp","href":"https:\/\/api.w.org\/{rel}","templated":true}]}}