{"id":844,"date":"2025-11-24T12:16:13","date_gmt":"2025-11-24T12:16:13","guid":{"rendered":"https:\/\/bestfitnessstore.com\/?post_type=product&#038;p=844"},"modified":"2025-11-24T12:16:14","modified_gmt":"2025-11-24T12:16:14","slug":"proform-pro-trainer-500-indoor-cycle","status":"publish","type":"product","link":"https:\/\/bestfitnessstore.com\/de\/product\/proform-pro-trainer-500-indoor-cycle\/","title":{"rendered":"ProForm Pro Trainer 500 Heimtrainer"},"content":{"rendered":"<div class=\"product-attribute-container-desktop desktop-only\">\n<div class=\"additional-attributes-wrapper table-wrapper\">\n<h4>PRODUKTINFORMATION<\/h4>\n<div class=\"attributes-container\">\n<ul class=\"product-attributes-container\">\n<li><span class=\"specification-title\">Gewicht der Verpackung (KG):\u00a0<\/span><span class=\"specification-data\">47.000000<\/span><\/li>\n<li><span class=\"specification-title\">App-Integration:\u00a0<\/span><span class=\"specification-data\">iFIT<\/span><\/li>\n<li><span class=\"specification-title\">Zyklus-Typ:\u00a0<\/span><span class=\"specification-data\">Rennfahrer<\/span><\/li>\n<li><span class=\"specification-title\">System des Widerstands:\u00a0<\/span><span class=\"specification-data\">Magnetisch<\/span><\/li>\n<li><span class=\"specification-title\">Maximales Benutzergewicht (kg):\u00a0<\/span><span class=\"specification-data\">115.00 (Kg)<\/span><\/li>\n<\/ul>\n<ul class=\"product-attributes-container\">\n<li><span class=\"specification-title\">Leistung Methode:\u00a0<\/span><span class=\"specification-data\">Elektrisches Netz<\/span><\/li>\n<li><span class=\"specification-title\">Tablet-Halterung:\u00a0<\/span><span class=\"specification-data\">Ja<\/span><\/li>\n<li><span class=\"specification-title\">Transport-R\u00e4der:\u00a0<\/span><span class=\"specification-data\">Ja<\/span><\/li>\n<li><span class=\"specification-title\">Schwungrad Gewicht (KG):\u00a0<\/span><span class=\"specification-data\">11<\/span><\/li>\n<li><span class=\"specification-title\">Abmessungen der Box (LxBxH):\u00a0<\/span><span class=\"specification-data\">105 x 25 x 80 cm<\/span><\/li>\n<\/ul>\n<\/div>\n<\/div>\n<\/div>\n<div class=\"product-features\">\n<h4>ZUS\u00c4TZLICHE EIGENSCHAFTEN<\/h4>\n<div class=\"more-container\">\n<div class=\"unshow-text\">\n<ul class=\"product-features-container\">\n<li><span class=\"specification-title\">SMR\u2122 Silent Magnetic Resistance:<\/span>\u00a0<span class=\"specification-data\">16 digitale Ebenen<\/span><\/li>\n<li><span class=\"specification-title\">Anzeige:<\/span>\u00a0<span class=\"specification-data\">1-Fenster-LCD-Anzeige<\/span><\/li>\n<li><span class=\"specification-title\">Sattel:<\/span>\u00a0<span class=\"specification-data\">Ergonomischer, gepolsterter Sattel. Vertikal und horizontal verstellbar<\/span><\/li>\n<li><span class=\"specification-title\">Lenker:<\/span>\u00a0<span class=\"specification-data\">Rutschfester, mehrfach verstellbarer Lenker. Vertikal und horizontal einstellbar mit Lift Assist<\/span><\/li>\n<li><span class=\"specification-title\">Andere Merkmale:<\/span>\u00a0<span class=\"specification-data\">Wasserflaschenhalter; Pedale mit Zehenk\u00e4figen; Hantelhalter mit zwei 1,4 kg Hanteln; Transportr\u00e4der vorne montiert<\/span><\/li>\n<li><span class=\"specification-title\">IFit-Versuch:<\/span>\u00a0<span class=\"specification-data\">30-t\u00e4gige iFIT-Testversion inbegriffen. Zur Aktivierung ist eine Kreditkarte erforderlich. Die iFIT-Mitgliedschaft verl\u00e4ngert sich automatisch, wenn sie nicht im Voraus gek\u00fcndigt wird. Die 30-Tage-Testversion gilt nur f\u00fcr neue Mitgliedschaften. Das auf den Bildern gezeigte Tablet ist nicht enthalten.<\/span><\/li>\n<\/ul>\n<\/div>\n<\/div>\n<\/div>\n<div class=\"product-warranty\">\n<h4>GARANTIE<\/h4>\n<div class=\"text-container\"><strong>Verwendung zu Hause:<\/strong>\u00a0Zwei Jahre Garantie auf Teile und Arbeit (es gelten die Bedingungen), wenn das Produkt innerhalb von 28 Tagen nach dem Kauf registriert wird. Die Standardgarantie betr\u00e4gt 12 Monate f\u00fcr Teile und Arbeit. Bedingungen Diese Garantie gilt nur f\u00fcr den Erstk\u00e4ufer (Sie) und ist nicht \u00fcbertragbar. Die Garantie deckt nicht ab: 1. Normale Abnutzung und Verschlei\u00df (Beispiele f\u00fcr normale Verschlei\u00dfteile sind Lauf- und Antriebsriemen, Batterien, Bremsbel\u00e4ge und Sprungmatten). 2. Jegliche behelfsm\u00e4\u00dfigen Reparaturen, Anpassungen oder \u00c4nderungen, die dieses Produkt von seinem normalen Zweck und seiner normalen Funktion, wie in der Bedienungsanleitung beschrieben, ab\u00e4ndern. 3. Sch\u00e4den durch: a) Mutwillige oder b\u00f6swillige Handlungen. b) Transport. c) Unsachgem\u00e4\u00dfe Installation, Montage oder Anschluss, die nicht den ICON-Spezifikationen oder -Empfehlungen entsprechen. d) Missbrauch, Fehlgebrauch, Nichtbeachtung der Anweisungen oder unsachgem\u00e4\u00dfe oder abnormale Verwendung. e) Nichtbeachtung der Anweisungen in Ihrem Benutzerhandbuch (z. B. Verwendung anderer als der empfohlenen Reinigungs- und Pflegeprodukte, Nichtabschaltung des Produkts nach dem Gebrauch usw.). f) Nicht h\u00e4uslicher Gebrauch (einschlie\u00dflich, aber nicht beschr\u00e4nkt auf den Gebrauch in kommerziellen, professionellen, vermieteten oder institutionellen Umgebungen). g) Reparaturen, die nicht von einem von ICON autorisierten Dienstleister durchgef\u00fchrt wurden, oder die Verwendung von Teilen, die nicht von ICON geliefert oder autorisiert wurden. h) Unf\u00e4lle, St\u00f6\u00dfe, Stromschwankungen, Blitzschlag, St\u00fcrme, Wasser, Feuer, Tiere oder andere Ursachen, die au\u00dferhalb der Kontrolle von ICON liegen. i) Ungeeigneter Standort einschlie\u00dflich, aber nicht beschr\u00e4nkt auf feuchte, staubige oder Au\u00dfenumgebungen (Beispiele sind Garagen, Keller, Veranden und Terrassen).<\/div>\n<\/div>\n<div class=\"product-next-day\">\n<h4>EILZUSTELLUNG<\/h4>\n<div class=\"text-container\">F\u00fcr viele unserer Produkte gibt es Express- und Wunschtermin-Lieferoptionen, d.h. Sie erhalten Ihr Produkt schon morgen oder zu einem von Ihnen gew\u00e4hlten Termin. Bitte pr\u00fcfen Sie die Lieferoptionen an der Kasse, um die Verf\u00fcgbarkeit f\u00fcr Ihren Warenkorb und Ihre Postleitzahl zu sehen. Es gelten die Lieferbedingungen.<\/div>\n<\/div>","protected":false},"excerpt":{"rendered":"<p>Genie\u00dfen Sie mit dem ProForm Pro Trainer 500 Indoor Cycle eine realistische Simulation des Radfahrens auf der Stra\u00dfe, und zwar bequem von zu Hause aus. Dank der 11 kg schweren Schwungscheibe und 16 SMR\u2122-Widerstandsstufen (Silent Magnetic Resistance) sowie dem Riemenantriebssystem ist jeder Tritt in die Pedale sanft und nat\u00fcrlich. Der ergonomische, gepolsterte Sattel und der rutschfeste, mehrfach verstellbare Lenker sind sowohl horizontal als auch vertikal verstellbar, und die Pedale mit Zehenk\u00e4fig bieten einen sicheren Stand. Auf dem gro\u00dfen 1-Fenster-LCD-Display k\u00f6nnen Sie Ihre Trainingsdaten, einschlie\u00dflich der Watt-Leistung, ablesen oder die Tablet-Halterung vor dem Bildschirm nutzen. Laden Sie die iFit App auf Ihr Ger\u00e4t herunter, um auf globale On-Demand-Workouts zuzugreifen, die von Weltklasse-Trainern geleitet werden und Sie zu noch besseren Ergebnissen anspornen (30-t\u00e4giges iFit Family-Abonnement inbegriffen*). Die ActivePulse\u2122-Technologie passt den Widerstand Ihres Sport CX automatisch an, um Sie in der optimalen Herzfrequenzzone zu halten (SmartBeat-Armband erforderlich), w\u00e4hrend die SmartAdjust-Technologie Ihren Widerstand in die H\u00e4nde Ihrer iFIT-Trainer legt. Zu den weiteren Merkmalen geh\u00f6ren integrierte Transportrollen, ein Wasserflaschenhalter und Hantelhalterungen mit zwei 1,4 kg schweren Hanteln im Lieferumfang. *30-Tage iFIT-Testversion inbegriffen. Zur Aktivierung ist eine Kreditkarte erforderlich. Die iFIT-Mitgliedschaft verl\u00e4ngert sich automatisch, wenn sie nicht im Voraus gek\u00fcndigt wird. Die 30-t\u00e4gige Testphase gilt nur f\u00fcr neue Mitgliedschaften.<\/p>\n<div class=\"product-attribute-container-desktop desktop-only\">\n<div class=\"additional-attributes-wrapper table-wrapper\"><\/div>\n<\/div>","protected":false},"featured_media":846,"comment_status":"open","ping_status":"closed","template":"","meta":{"site-sidebar-layout":"default","site-content-layout":"","ast-site-content-layout":"default","site-content-style":"default","site-sidebar-style":"default","ast-global-header-display":"","ast-banner-title-visibility":"","ast-main-header-display":"","ast-hfb-above-header-display":"","ast-hfb-below-header-display":"","ast-hfb-mobile-header-display":"","site-post-title":"","ast-breadcrumbs-content":"","ast-featured-img":"","footer-sml-layout":"","theme-transparent-header-meta":"default","adv-header-id-meta":"","stick-header-meta":"","header-above-stick-meta":"","header-main-stick-meta":"","header-below-stick-meta":"","astra-migrate-meta-layouts":"set","ast-page-background-enabled":"default","ast-page-background-meta":{"desktop":{"background-color":"var(--ast-global-color-5)","background-image":"","background-repeat":"repeat","background-position":"center center","background-size":"auto","background-attachment":"scroll","background-type":"","background-media":"","overlay-type":"","overlay-color":"","overlay-opacity":"","overlay-gradient":""},"tablet":{"background-color":"","background-image":"","background-repeat":"repeat","background-position":"center center","background-size":"auto","background-attachment":"scroll","background-type":"","background-media":"","overlay-type":"","overlay-color":"","overlay-opacity":"","overlay-gradient":""},"mobile":{"background-color":"","background-image":"","background-repeat":"repeat","background-position":"center center","background-size":"auto","background-attachment":"scroll","background-type":"","background-media":"","overlay-type":"","overlay-color":"","overlay-opacity":"","overlay-gradient":""}},"ast-content-background-meta":{"desktop":{"background-color":"var(--ast-global-color-4)","background-image":"","background-repeat":"repeat","background-position":"center center","background-size":"auto","background-attachment":"scroll","background-type":"","background-media":"","overlay-type":"","overlay-color":"","overlay-opacity":"","overlay-gradient":""},"tablet":{"background-color":"var(--ast-global-color-4)","background-image":"","background-repeat":"repeat","background-position":"center center","background-size":"auto","background-attachment":"scroll","background-type":"","background-media":"","overlay-type":"","overlay-color":"","overlay-opacity":"","overlay-gradient":""},"mobile":{"background-color":"var(--ast-global-color-4)","background-image":"","background-repeat":"repeat","background-position":"center center","background-size":"auto","background-attachment":"scroll","background-type":"","background-media":"","overlay-type":"","overlay-color":"","overlay-opacity":"","overlay-gradient":""}}},"product_brand":[],"product_cat":[19],"product_tag":[22],"class_list":{"0":"post-844","1":"product","2":"type-product","3":"status-publish","4":"has-post-thumbnail","6":"product_cat-excise-bikes","7":"product_tag-exercise-bikes","8":"desktop-align-left","9":"tablet-align-left","10":"mobile-align-left","12":"first","13":"instock","14":"sale","15":"taxable","16":"shipping-taxable","17":"purchasable","18":"product-type-simple"},"_links":{"self":[{"href":"https:\/\/bestfitnessstore.com\/de\/wp-json\/wp\/v2\/product\/844","targetHints":{"allow":["GET"]}}],"collection":[{"href":"https:\/\/bestfitnessstore.com\/de\/wp-json\/wp\/v2\/product"}],"about":[{"href":"https:\/\/bestfitnessstore.com\/de\/wp-json\/wp\/v2\/types\/product"}],"replies":[{"embeddable":true,"href":"https:\/\/bestfitnessstore.com\/de\/wp-json\/wp\/v2\/comments?post=844"}],"wp:featuredmedia":[{"embeddable":true,"href":"https:\/\/bestfitnessstore.com\/de\/wp-json\/wp\/v2\/media\/846"}],"wp:attachment":[{"href":"https:\/\/bestfitnessstore.com\/de\/wp-json\/wp\/v2\/media?parent=844"}],"wp:term":[{"taxonomy":"product_brand","embeddable":true,"href":"https:\/\/bestfitnessstore.com\/de\/wp-json\/wp\/v2\/product_brand?post=844"},{"taxonomy":"product_cat","embeddable":true,"href":"https:\/\/bestfitnessstore.com\/de\/wp-json\/wp\/v2\/product_cat?post=844"},{"taxonomy":"product_tag","embeddable":true,"href":"https:\/\/bestfitnessstore.com\/de\/wp-json\/wp\/v2\/product_tag?post=844"}],"curies":[{"name":"wp","href":"https:\/\/api.w.org\/{rel}","templated":true}]}}