{"id":832,"date":"2025-11-24T12:06:27","date_gmt":"2025-11-24T12:06:27","guid":{"rendered":"https:\/\/bestfitnessstore.com\/?post_type=product&#038;p=832"},"modified":"2025-11-24T12:06:28","modified_gmt":"2025-11-24T12:06:28","slug":"proform-325-csx-recumbent-bike","status":"publish","type":"product","link":"https:\/\/bestfitnessstore.com\/de\/product\/proform-325-csx-recumbent-bike\/","title":{"rendered":"ProForm 325 CSX Liegeergometer"},"content":{"rendered":"<div class=\"product-attribute-container-desktop desktop-only\">\n<div class=\"additional-attributes-wrapper table-wrapper\">\n<h4>PRODUKTINFORMATION<\/h4>\n<div class=\"attributes-container\">\n<ul class=\"product-attributes-container\">\n<li><span class=\"specification-title\">Gewicht der Verpackung (KG):\u00a0<\/span><span class=\"specification-data\">68.000000<\/span><\/li>\n<li><span class=\"specification-title\">App-Integration:\u00a0<\/span><span class=\"specification-data\">iFIT<\/span><\/li>\n<li><span class=\"specification-title\">Bluetooth:\u00a0<\/span><span class=\"specification-data\">Ja<\/span><\/li>\n<li><span class=\"specification-title\">Verstellbarkeit des Rahmens:\u00a0<\/span><span class=\"specification-data\">Vorw\u00e4rts und r\u00fcckw\u00e4rts satteln<\/span><\/li>\n<li><span class=\"specification-title\">Transport-R\u00e4der:\u00a0<\/span><span class=\"specification-data\">Ja<\/span><\/li>\n<li><span class=\"specification-title\">Schwungrad Gewicht (KG):\u00a0<\/span><span class=\"specification-data\">7<\/span><\/li>\n<li><span class=\"specification-title\">Maximales Benutzergewicht (kg):\u00a0<\/span><span class=\"specification-data\">135.00 (Kg)<\/span><\/li>\n<\/ul>\n<ul class=\"product-attributes-container\">\n<li><span class=\"specification-title\">Leistung Methode:\u00a0<\/span><span class=\"specification-data\">Elektrisches Netz<\/span><\/li>\n<li><span class=\"specification-title\">Tablet-Halterung:\u00a0<\/span><span class=\"specification-data\">Ja<\/span><\/li>\n<li><span class=\"specification-title\">Pedale:\u00a0<\/span><span class=\"specification-data\">Riemen<\/span><\/li>\n<li><span class=\"specification-title\">Zyklus-Typ:\u00a0<\/span><span class=\"specification-data\">Liegerad<\/span><\/li>\n<li><span class=\"specification-title\">System des Widerstands:\u00a0<\/span><span class=\"specification-data\">Magnetisch<\/span><\/li>\n<li><span class=\"specification-title\">\u00dcberwachung der Herzfrequenz:\u00a0<\/span><span class=\"specification-data\">Bluetooth<\/span><\/li>\n<li><span class=\"specification-title\">Abmessungen der Box (LxBxH):\u00a0<\/span><span class=\"specification-data\">140 x 30 x 64 cm<\/span><\/li>\n<\/ul>\n<\/div>\n<\/div>\n<\/div>\n<div class=\"product-features\">\n<h4>ZUS\u00c4TZLICHE EIGENSCHAFTEN<\/h4>\n<div class=\"more-container\">\n<div class=\"unshow-text\">\n<ul class=\"product-features-container\">\n<li><span class=\"specification-title\">Liegeradgestell:<\/span>\u00a0<span class=\"specification-data\">Step through design<\/span><\/li>\n<li><span class=\"specification-title\">Digital SMR\u2122 Silent Magnetic Resistance:<\/span>\u00a0<span class=\"specification-data\">22 levels<\/span><\/li>\n<li><span class=\"specification-title\">Anzeige:<\/span>\u00a0<span class=\"specification-data\">5\u201d kontrastreiches Multicolor-Display<\/span><\/li>\n<li><span class=\"specification-title\">IFIT\u00ae Bluetooth Smart (BLE) enabled:<\/span>\u00a0<span class=\"specification-data\">For more advanced user interactivity (30 Day iFIT Subscription Included)<\/span><\/li>\n<li><span class=\"specification-title\">Audio:<\/span>\u00a0<span class=\"specification-data\">Zwei 2\u201d-Lautsprecher; kompatibel mit Bluetooth-Kopfh\u00f6rern<\/span><\/li>\n<li><span class=\"specification-title\">ActivePulse\u2122-Technologie:<\/span>\u00a0<span class=\"specification-data\">Automatic intensity adjustments and accurate heart rate monitoring (SmartBeat Arm Band not included)<\/span><\/li>\n<li><span class=\"specification-title\">Cushion Seat:<\/span>\u00a0<span class=\"specification-data\">Oversized lumbar supported seat; easy glide seat adjustment<\/span><\/li>\n<li><span class=\"specification-title\">Pedale:<\/span>\u00a0<span class=\"specification-data\">Extra-wide ergonomic pedals<\/span><\/li>\n<li><span class=\"specification-title\">Integrierte Funktionen:<\/span>\u00a0<span class=\"specification-data\">Tablet\/smart phone holder; AutoBreeze workout fan; water bottle holder<\/span><\/li>\n<li><span class=\"specification-title\">IFIT-Versuch:<\/span>\u00a0<span class=\"specification-data\">30-t\u00e4gige iFIT-Testversion inbegriffen. Zur Aktivierung ist eine Kreditkarte erforderlich. Die iFIT-Mitgliedschaft verl\u00e4ngert sich automatisch, wenn sie nicht im Voraus gek\u00fcndigt wird. Die 30-Tage-Testversion gilt nur f\u00fcr neue Mitgliedschaften.<\/span><\/li>\n<li><span class=\"specification-title\">Bitte beachten:<\/span>\u00a0<span class=\"specification-data\">Das auf den Bildern gezeigte Tablet ist nicht enthalten<\/span><\/li>\n<\/ul>\n<\/div>\n<\/div>\n<\/div>\n<div class=\"product-warranty\">\n<h4>GARANTIE<\/h4>\n<div class=\"text-container\"><strong>Verwendung zu Hause:<\/strong>\u00a02 years parts and labour (conditions apply) subject to registering the elliptical within 28 days of purchase. Standard warranty is 12 months parts and labour. No warranty is available for non-domestic environments. Terms This warranty extends only to the original purchaser (you) and is not transferable. The warranty does not cover: 1. Normal wear and tear (examples of normal wear parts include walking belts, drive belts, batteries, brake pads, and jumping mats). 2 Any makeshift repairs, adaptations, or changes to modify this product from its normal purpose and function as described in your user\u2019s manual. 3. Damage resulting from: a) Wilful or malicious acts. b) Transportation. c) Improper installation, assembly, or connection that is not in accordance with ICON specifications or recommendations. d) Abuse, misuse, failure to follow instructions, or improper or abnormal usage. e) Non-compliance with the instructions in your user\u2019s manual (such as the use of cleaning and maintenance products other than those recommended, failure to turn off the product after use, etc.). f) Non-home use (including but not limited to use in commercial, professional, rental, or institutional settings). g) Repairs not provided by an ICON-authorized service provider or use of parts not provided or authorized by ICON. h) Accidents, impacts, power fluctuations, lightning, storms, water, fi re, animals, or any other causes beyond the control of ICON. i) Improper location including, but not limited to, humid, dusty, or outdoor environments (examples include garages, cellars, porches, and patios).<\/div>\n<\/div>\n<div class=\"product-next-day\">\n<h4>EILZUSTELLUNG<\/h4>\n<div class=\"text-container\">F\u00fcr viele unserer Produkte gibt es Express- und Wunschtermin-Lieferoptionen, d.h. Sie erhalten Ihr Produkt schon morgen oder zu einem von Ihnen gew\u00e4hlten Termin. Bitte pr\u00fcfen Sie die Lieferoptionen an der Kasse, um die Verf\u00fcgbarkeit f\u00fcr Ihren Warenkorb und Ihre Postleitzahl zu sehen. Es gelten die Lieferbedingungen.<\/div>\n<\/div>","protected":false},"excerpt":{"rendered":"<p>It\u2019s quick and easy to get on and moving with the ProForm 325 CSX Recumbent Bike accommodating step through design. Its cushioned seat is oversized and lumbar-supported, and can be adjusted backwards and forwards to find the ideal riding position, while extra-wide ergonomic pedals keep your feet secure as you cycle. A 7kg effective inertia-enhanced flywheel ensures every push is smooth, with 22 levels of SMR\u2122 Silent Magnetic Resistance easily adjustable via Digital QuickResistance\u2122 controls. Download the iFIT app to your tablet or smart device, connect the bike, and you can enjoy a virtually unlimited selection of individualised workouts led by the world\u2019s best trainers in the comfort of your own home. Access a new workout every day, automatically track your progress, enjoy real-life cycle routes with Google Maps\u2122, compete with your friends, custom-tailor your training to your specific goals and more (30-day iFIT Subscription Included*). With ActivePulse\u2122 technology, you can connect a SmartBeat Arm Band (not included) and have your iFIT trainers adjust the resistance of the ProForm 325 CSX based on your heart rate, so you know you\u2019re working at the right intensity, in the right zone. A 5\u201d high contrast multi-colour display lets you monitor your most important stats as you ride, including Watts Power Readout. 2 \u2013 2\u201d speakers let you play your favourite music out loud while you train, or connect your Bluetooth headphones to the console for full immersion. Other integrated features include an Autobreeze Workout Fan and an easily-accessible water bottle holder. *30-Day iFIT Trial Included. Credit Card required for activation. iFIT Membership auto-renews unless cancelled in advance. 30-day trial applies to new memberships only.<\/p>\n<div class=\"product-attribute-container-desktop desktop-only\">\n<div class=\"additional-attributes-wrapper table-wrapper\"><\/div>\n<\/div>","protected":false},"featured_media":835,"comment_status":"open","ping_status":"closed","template":"","meta":{"site-sidebar-layout":"default","site-content-layout":"","ast-site-content-layout":"default","site-content-style":"default","site-sidebar-style":"default","ast-global-header-display":"","ast-banner-title-visibility":"","ast-main-header-display":"","ast-hfb-above-header-display":"","ast-hfb-below-header-display":"","ast-hfb-mobile-header-display":"","site-post-title":"","ast-breadcrumbs-content":"","ast-featured-img":"","footer-sml-layout":"","theme-transparent-header-meta":"default","adv-header-id-meta":"","stick-header-meta":"","header-above-stick-meta":"","header-main-stick-meta":"","header-below-stick-meta":"","astra-migrate-meta-layouts":"set","ast-page-background-enabled":"default","ast-page-background-meta":{"desktop":{"background-color":"var(--ast-global-color-5)","background-image":"","background-repeat":"repeat","background-position":"center center","background-size":"auto","background-attachment":"scroll","background-type":"","background-media":"","overlay-type":"","overlay-color":"","overlay-opacity":"","overlay-gradient":""},"tablet":{"background-color":"","background-image":"","background-repeat":"repeat","background-position":"center center","background-size":"auto","background-attachment":"scroll","background-type":"","background-media":"","overlay-type":"","overlay-color":"","overlay-opacity":"","overlay-gradient":""},"mobile":{"background-color":"","background-image":"","background-repeat":"repeat","background-position":"center center","background-size":"auto","background-attachment":"scroll","background-type":"","background-media":"","overlay-type":"","overlay-color":"","overlay-opacity":"","overlay-gradient":""}},"ast-content-background-meta":{"desktop":{"background-color":"var(--ast-global-color-4)","background-image":"","background-repeat":"repeat","background-position":"center center","background-size":"auto","background-attachment":"scroll","background-type":"","background-media":"","overlay-type":"","overlay-color":"","overlay-opacity":"","overlay-gradient":""},"tablet":{"background-color":"var(--ast-global-color-4)","background-image":"","background-repeat":"repeat","background-position":"center center","background-size":"auto","background-attachment":"scroll","background-type":"","background-media":"","overlay-type":"","overlay-color":"","overlay-opacity":"","overlay-gradient":""},"mobile":{"background-color":"var(--ast-global-color-4)","background-image":"","background-repeat":"repeat","background-position":"center center","background-size":"auto","background-attachment":"scroll","background-type":"","background-media":"","overlay-type":"","overlay-color":"","overlay-opacity":"","overlay-gradient":""}}},"product_brand":[],"product_cat":[19],"product_tag":[22],"class_list":{"0":"post-832","1":"product","2":"type-product","3":"status-publish","4":"has-post-thumbnail","6":"product_cat-excise-bikes","7":"product_tag-exercise-bikes","8":"desktop-align-left","9":"tablet-align-left","10":"mobile-align-left","12":"first","13":"instock","14":"sale","15":"taxable","16":"shipping-taxable","17":"purchasable","18":"product-type-simple"},"_links":{"self":[{"href":"https:\/\/bestfitnessstore.com\/de\/wp-json\/wp\/v2\/product\/832","targetHints":{"allow":["GET"]}}],"collection":[{"href":"https:\/\/bestfitnessstore.com\/de\/wp-json\/wp\/v2\/product"}],"about":[{"href":"https:\/\/bestfitnessstore.com\/de\/wp-json\/wp\/v2\/types\/product"}],"replies":[{"embeddable":true,"href":"https:\/\/bestfitnessstore.com\/de\/wp-json\/wp\/v2\/comments?post=832"}],"wp:featuredmedia":[{"embeddable":true,"href":"https:\/\/bestfitnessstore.com\/de\/wp-json\/wp\/v2\/media\/835"}],"wp:attachment":[{"href":"https:\/\/bestfitnessstore.com\/de\/wp-json\/wp\/v2\/media?parent=832"}],"wp:term":[{"taxonomy":"product_brand","embeddable":true,"href":"https:\/\/bestfitnessstore.com\/de\/wp-json\/wp\/v2\/product_brand?post=832"},{"taxonomy":"product_cat","embeddable":true,"href":"https:\/\/bestfitnessstore.com\/de\/wp-json\/wp\/v2\/product_cat?post=832"},{"taxonomy":"product_tag","embeddable":true,"href":"https:\/\/bestfitnessstore.com\/de\/wp-json\/wp\/v2\/product_tag?post=832"}],"curies":[{"name":"wp","href":"https:\/\/api.w.org\/{rel}","templated":true}]}}