{"id":828,"date":"2025-11-24T11:48:50","date_gmt":"2025-11-24T11:48:50","guid":{"rendered":"https:\/\/bestfitnessstore.com\/?post_type=product&#038;p=828"},"modified":"2025-11-24T11:48:50","modified_gmt":"2025-11-24T11:48:50","slug":"proform-225-csx-upright-bike","status":"publish","type":"product","link":"https:\/\/bestfitnessstore.com\/de\/product\/proform-225-csx-upright-bike\/","title":{"rendered":"ProForm 225 CSX Upright Bike"},"content":{"rendered":"<div class=\"product-attribute-container-desktop desktop-only\">\n<div class=\"additional-attributes-wrapper table-wrapper\">\n<h4>PRODUKTINFORMATION<\/h4>\n<div class=\"attributes-container\">\n<ul class=\"product-attributes-container\">\n<li><span class=\"specification-title\">Gewicht der Verpackung (KG):\u00a0<\/span><span class=\"specification-data\">36.000000<\/span><\/li>\n<li><span class=\"specification-title\">Tablet-Halterung:\u00a0<\/span><span class=\"specification-data\">Ja<\/span><\/li>\n<li><span class=\"specification-title\">Pedale:\u00a0<\/span><span class=\"specification-data\">Standard<\/span><\/li>\n<li><span class=\"specification-title\">Transport-R\u00e4der:\u00a0<\/span><span class=\"specification-data\">Ja<\/span><\/li>\n<li><span class=\"specification-title\">Maximales Benutzergewicht (kg):\u00a0<\/span><span class=\"specification-data\">125.00 (Kg)<\/span><\/li>\n<li><span class=\"specification-title\">Abmessungen der Box (LxBxH):\u00a0<\/span><span class=\"specification-data\">104 x 37 x 66 cm<\/span><\/li>\n<\/ul>\n<ul class=\"product-attributes-container\">\n<li><span class=\"specification-title\">App-Integration:\u00a0<\/span><span class=\"specification-data\">iFIT<\/span><\/li>\n<li><span class=\"specification-title\">Bluetooth:\u00a0<\/span><span class=\"specification-data\">Ja<\/span><\/li>\n<li><span class=\"specification-title\">Zyklus-Typ:\u00a0<\/span><span class=\"specification-data\">Aufrecht<\/span><\/li>\n<li><span class=\"specification-title\">System des Widerstands:\u00a0<\/span><span class=\"specification-data\">Magnetisch<\/span><\/li>\n<li><span class=\"specification-title\">Produktabmessungen (LxBxH):\u00a0<\/span><span class=\"specification-data\">89.20 x 53.90 x 146.60 cm<\/span><\/li>\n<\/ul>\n<\/div>\n<\/div>\n<\/div>\n<div class=\"product-features\">\n<h4>ZUS\u00c4TZLICHE EIGENSCHAFTEN<\/h4>\n<div class=\"more-container\">\n<div class=\"unshow-text\">\n<ul class=\"product-features-container\">\n<li><span class=\"specification-title\">Anzeige:<\/span>\u00a0<span class=\"specification-data\">5-Zoll-LCD-Display<\/span><\/li>\n<li><span class=\"specification-title\">Silent Magnetic Resistance\u2122:<\/span>\u00a0<span class=\"specification-data\">Smooth and frictionless changes<\/span><\/li>\n<li><span class=\"specification-title\">Widerstandsniveaus:<\/span>\u00a0<span class=\"specification-data\">20<\/span><\/li>\n<li><span class=\"specification-title\">Pedale:<\/span>\u00a0<span class=\"specification-data\">Oversized cushioned pedals with adjustable straps<\/span><\/li>\n<li><span class=\"specification-title\">IFIT:<\/span>\u00a0<span class=\"specification-data\">Access over 10,000 workouts and smart features for a personalised experience. iFIT Train membership required<\/span><\/li>\n<li><span class=\"specification-title\">Resistance Buttons:<\/span>\u00a0<span class=\"specification-data\">Quickly change the intensity<\/span><\/li>\n<li><span class=\"specification-title\">Ger\u00e4te-Regal:<\/span>\u00a0<span class=\"specification-data\">Connect your device and set it on the shelf<\/span><\/li>\n<li><span class=\"specification-title\">USB-C Port:<\/span>\u00a0<span class=\"specification-data\">Keep your phone or tablet fully-charged while training<\/span><\/li>\n<li><span class=\"specification-title\">IFIT-Versuch:<\/span>\u00a0<span class=\"specification-data\">30-t\u00e4gige iFIT Train-Testversion inbegriffen. F\u00fcr die Aktivierung ist eine Kreditkarte erforderlich. Die iFIT Train-Mitgliedschaft verl\u00e4ngert sich automatisch, wenn sie nicht im Voraus gek\u00fcndigt wird. Die 30-Tage-Testversion gilt nur f\u00fcr neue Mitgliedschaften.<\/span><\/li>\n<\/ul>\n<\/div>\n<\/div>\n<\/div>\n<div class=\"product-warranty\">\n<h4>GARANTIE<\/h4>\n<div class=\"text-container\"><strong>Verwendung zu Hause:<\/strong>\u00a0Zwei Jahre Garantie auf Teile und Arbeit (Bedingungen gelten), sofern das Produkt innerhalb von 28 Tagen nach dem Kauf registriert wird. Die Standardgarantie betr\u00e4gt 12 Monate f\u00fcr Teile und Arbeit. Diese Garantie gilt nur f\u00fcr den Erstk\u00e4ufer (Sie) und ist nicht \u00fcbertragbar. Die Garantie deckt nicht ab: 1. Normale Abnutzung und Verschlei\u00df (Beispiele f\u00fcr normale Verschlei\u00dfteile sind Lauf- und Antriebsriemen, Batterien, Bremsbel\u00e4ge und Sprungmatten). 2. Jegliche behelfsm\u00e4\u00dfigen Reparaturen, Anpassungen oder \u00c4nderungen, die dieses Produkt von seinem normalen Zweck und seiner normalen Funktion, wie in der Bedienungsanleitung beschrieben, ab\u00e4ndern. 3. Sch\u00e4den durch: a) Mutwillige oder b\u00f6swillige Handlungen. b) Transport. c) Unsachgem\u00e4\u00dfe Installation, Montage oder Anschluss, die nicht den ICON-Spezifikationen oder -Empfehlungen entsprechen. d) Missbrauch, Fehlgebrauch, Nichtbeachtung der Anweisungen oder unsachgem\u00e4\u00dfe oder abnormale Verwendung. e) Nichtbeachtung der Anweisungen in Ihrem Benutzerhandbuch (z. B. Verwendung anderer als der empfohlenen Reinigungs- und Pflegeprodukte, Nichtabschaltung des Produkts nach dem Gebrauch usw.). f) Nicht h\u00e4uslicher Gebrauch (einschlie\u00dflich, aber nicht beschr\u00e4nkt auf den Gebrauch in kommerziellen, professionellen, vermieteten oder institutionellen Umgebungen). g) Reparaturen, die nicht von einem von ICON autorisierten Dienstleister durchgef\u00fchrt wurden, oder die Verwendung von Teilen, die nicht von ICON geliefert oder autorisiert wurden. h) Unf\u00e4lle, St\u00f6\u00dfe, Stromschwankungen, Blitzschlag, St\u00fcrme, Wasser, Feuer, Tiere oder andere Ursachen, die au\u00dferhalb der Kontrolle von ICON liegen. i) Ungeeigneter Standort einschlie\u00dflich, aber nicht beschr\u00e4nkt auf feuchte, staubige oder Au\u00dfenumgebungen (Beispiele sind Garagen, Keller, Veranden und Terrassen).<\/div>\n<\/div>","protected":false},"excerpt":{"rendered":"<p>No matter your level of expertise, the ProForm 225 CSX Upright Bike is an excellent choice for riders looking for a comfortable, but effective workout. Extra-wide ergonomic pedals with adjustable straps keep you connected and stable through every pedal push, and an oversized cushioned seat adds an extra lever of comfort. Get more out of the ProForm 225 CSX Upright Bike with iFIT! Sign in to your iFIT Train account* on your own tablet or smartphone (device not included) and connect it to the 225 CSX to tee up the next workout in your personalised plan. With iFIT, you get access to over 10,000 workouts, smart features and coaching by expert iFIT Trainers in engaging global locations. The Trainers are there to help you with form, keep you motivated to finish strong, and offer insights about each location to keep you engaged throughout both short and long sessions. Thanks to SmartAdjust\u2122 technology, iFIT tracks your performance as you work out and automatically changes through the 20 resistance levels to find the setting you need to get the most from your workout. The ProForm 225 CSX Upright Bike has an integrated 5\u201d LCD display\u2014perfect for keeping track of your live workout stats. The console also includes a built-in USB-C port to keep your phone or tablet fully charged while you ride. * 30-day iFIT Train Trial Included. Credit Card required for activation. iFIT Train Membership auto-renews unless cancelled in advance. 30-day trial applies to new memberships only.<\/p>\n<div class=\"product-attribute-container-desktop desktop-only\">\n<div class=\"additional-attributes-wrapper table-wrapper\"><\/div>\n<\/div>","protected":false},"featured_media":830,"comment_status":"open","ping_status":"closed","template":"","meta":{"site-sidebar-layout":"default","site-content-layout":"","ast-site-content-layout":"default","site-content-style":"default","site-sidebar-style":"default","ast-global-header-display":"","ast-banner-title-visibility":"","ast-main-header-display":"","ast-hfb-above-header-display":"","ast-hfb-below-header-display":"","ast-hfb-mobile-header-display":"","site-post-title":"","ast-breadcrumbs-content":"","ast-featured-img":"","footer-sml-layout":"","theme-transparent-header-meta":"default","adv-header-id-meta":"","stick-header-meta":"","header-above-stick-meta":"","header-main-stick-meta":"","header-below-stick-meta":"","astra-migrate-meta-layouts":"set","ast-page-background-enabled":"default","ast-page-background-meta":{"desktop":{"background-color":"var(--ast-global-color-5)","background-image":"","background-repeat":"repeat","background-position":"center center","background-size":"auto","background-attachment":"scroll","background-type":"","background-media":"","overlay-type":"","overlay-color":"","overlay-opacity":"","overlay-gradient":""},"tablet":{"background-color":"","background-image":"","background-repeat":"repeat","background-position":"center center","background-size":"auto","background-attachment":"scroll","background-type":"","background-media":"","overlay-type":"","overlay-color":"","overlay-opacity":"","overlay-gradient":""},"mobile":{"background-color":"","background-image":"","background-repeat":"repeat","background-position":"center center","background-size":"auto","background-attachment":"scroll","background-type":"","background-media":"","overlay-type":"","overlay-color":"","overlay-opacity":"","overlay-gradient":""}},"ast-content-background-meta":{"desktop":{"background-color":"var(--ast-global-color-4)","background-image":"","background-repeat":"repeat","background-position":"center center","background-size":"auto","background-attachment":"scroll","background-type":"","background-media":"","overlay-type":"","overlay-color":"","overlay-opacity":"","overlay-gradient":""},"tablet":{"background-color":"var(--ast-global-color-4)","background-image":"","background-repeat":"repeat","background-position":"center center","background-size":"auto","background-attachment":"scroll","background-type":"","background-media":"","overlay-type":"","overlay-color":"","overlay-opacity":"","overlay-gradient":""},"mobile":{"background-color":"var(--ast-global-color-4)","background-image":"","background-repeat":"repeat","background-position":"center center","background-size":"auto","background-attachment":"scroll","background-type":"","background-media":"","overlay-type":"","overlay-color":"","overlay-opacity":"","overlay-gradient":""}}},"product_brand":[],"product_cat":[19],"product_tag":[22],"class_list":{"0":"post-828","1":"product","2":"type-product","3":"status-publish","4":"has-post-thumbnail","6":"product_cat-excise-bikes","7":"product_tag-exercise-bikes","8":"desktop-align-left","9":"tablet-align-left","10":"mobile-align-left","12":"first","13":"instock","14":"sale","15":"taxable","16":"shipping-taxable","17":"purchasable","18":"product-type-simple"},"_links":{"self":[{"href":"https:\/\/bestfitnessstore.com\/de\/wp-json\/wp\/v2\/product\/828","targetHints":{"allow":["GET"]}}],"collection":[{"href":"https:\/\/bestfitnessstore.com\/de\/wp-json\/wp\/v2\/product"}],"about":[{"href":"https:\/\/bestfitnessstore.com\/de\/wp-json\/wp\/v2\/types\/product"}],"replies":[{"embeddable":true,"href":"https:\/\/bestfitnessstore.com\/de\/wp-json\/wp\/v2\/comments?post=828"}],"wp:featuredmedia":[{"embeddable":true,"href":"https:\/\/bestfitnessstore.com\/de\/wp-json\/wp\/v2\/media\/830"}],"wp:attachment":[{"href":"https:\/\/bestfitnessstore.com\/de\/wp-json\/wp\/v2\/media?parent=828"}],"wp:term":[{"taxonomy":"product_brand","embeddable":true,"href":"https:\/\/bestfitnessstore.com\/de\/wp-json\/wp\/v2\/product_brand?post=828"},{"taxonomy":"product_cat","embeddable":true,"href":"https:\/\/bestfitnessstore.com\/de\/wp-json\/wp\/v2\/product_cat?post=828"},{"taxonomy":"product_tag","embeddable":true,"href":"https:\/\/bestfitnessstore.com\/de\/wp-json\/wp\/v2\/product_tag?post=828"}],"curies":[{"name":"wp","href":"https:\/\/api.w.org\/{rel}","templated":true}]}}