{"id":798,"date":"2025-11-22T17:27:27","date_gmt":"2025-11-22T17:27:27","guid":{"rendered":"https:\/\/bestfitnessstore.com\/?post_type=product&#038;p=798"},"modified":"2025-11-22T17:29:12","modified_gmt":"2025-11-22T17:29:12","slug":"matrix-fitness-u50-upright-cycle-with-xr-console","status":"publish","type":"product","link":"https:\/\/bestfitnessstore.com\/de\/product\/matrix-fitness-u50-upright-cycle-with-xr-console\/","title":{"rendered":"Matrix Fitness U50 Upright Cycle mit XR-Konsole"},"content":{"rendered":"<div class=\"product-attribute-container-desktop desktop-only\">\n<div class=\"additional-attributes-wrapper table-wrapper\">\n<h4>PRODUKTINFORMATION<\/h4>\n<div class=\"attributes-container\">\n<ul class=\"product-attributes-container\">\n<li><span class=\"specification-title\">Gewicht der Verpackung (KG):\u00a0<\/span><span class=\"specification-data\">73.400000<\/span><\/li>\n<li><span class=\"specification-title\">Leistung Methode:\u00a0<\/span><span class=\"specification-data\">Elektrisches Netz<\/span><\/li>\n<li><span class=\"specification-title\">Tablet-Halterung:\u00a0<\/span><span class=\"specification-data\">Ja<\/span><\/li>\n<li><span class=\"specification-title\">Pedale:\u00a0<\/span><span class=\"specification-data\">Riemen<\/span><\/li>\n<li><span class=\"specification-title\">Zyklus-Typ:\u00a0<\/span><span class=\"specification-data\">Aufrecht<\/span><\/li>\n<li><span class=\"specification-title\">Mindesth\u00f6he des Benutzers (cm):\u00a0<\/span><span class=\"specification-data\">147<\/span><\/li>\n<li><span class=\"specification-title\">System des Widerstands:\u00a0<\/span><span class=\"specification-data\">Induktion<\/span><\/li>\n<li><span class=\"specification-title\">Maximales Benutzergewicht (kg):\u00a0<\/span><span class=\"specification-data\">159.00 (Kg)<\/span><\/li>\n<li><span class=\"specification-title\">Produktabmessungen (LxBxH):\u00a0<\/span><span class=\"specification-data\">122 x 62,50 x 143 cm<\/span><\/li>\n<\/ul>\n<ul class=\"product-attributes-container\">\n<li><span class=\"specification-title\">Produktgewicht (KG):\u00a0<\/span><span class=\"specification-data\">60<\/span><\/li>\n<li><span class=\"specification-title\">App-Integration:\u00a0<\/span><span class=\"specification-data\">KinoMap<\/span><\/li>\n<li><span class=\"specification-title\">Bluetooth:\u00a0<\/span><span class=\"specification-data\">Ja<\/span><\/li>\n<li><span class=\"specification-title\">Verstellbarkeit des Rahmens:\u00a0<\/span><span class=\"specification-data\">Griffe und Konsole bewegen sich vorw\u00e4rts und r\u00fcckw\u00e4rts, der Sattel auf und ab<\/span><\/li>\n<li><span class=\"specification-title\">Transport-R\u00e4der:\u00a0<\/span><span class=\"specification-data\">Ja<\/span><\/li>\n<li><span class=\"specification-title\">Maximale Benutzerh\u00f6he (cm):\u00a0<\/span><span class=\"specification-data\">201<\/span><\/li>\n<li><span class=\"specification-title\">\u00dcberwachung der Herzfrequenz:\u00a0<\/span><span class=\"specification-data\">Eingebaute Sensoren und Bluetooth<\/span><\/li>\n<li><span class=\"specification-title\">Eingebaute Programme:\u00a0<\/span><span class=\"specification-data\">Manuell, Fettverbrennung, Rolling Hills, Intervalle, Zeitziel, Entfernungsziel, Zielherzfrequenz, Sprint 8, Benutzerdefiniert<\/span><\/li>\n<\/ul>\n<\/div>\n<\/div>\n<\/div>\n<div class=\"product-features\">\n<h4>ZUS\u00c4TZLICHE EIGENSCHAFTEN<\/h4>\n<div class=\"more-container\">\n<div class=\"unshow-text\">\n<ul class=\"product-features-container\">\n<li><span class=\"specification-title\">Rahmen:<\/span>\u00a0<span class=\"specification-data\">Dual Form step-through upright<\/span><\/li>\n<li><span class=\"specification-title\">Pedal-Typ:<\/span>\u00a0<span class=\"specification-data\">Oversized, commercial-grade, self-balancing pedals with adjustable straps<\/span><\/li>\n<li><span class=\"specification-title\">Sitztyp:<\/span>\u00a0<span class=\"specification-data\">Aufrechter Sitz Comfort Arc, austauschbar<\/span><\/li>\n<li><span class=\"specification-title\">System des Widerstands:<\/span>\u00a0<span class=\"specification-data\">Exact Force induction brake<\/span><\/li>\n<li><span class=\"specification-title\">Widerstandsniveaus:<\/span>\u00a0<span class=\"specification-data\">30 Stufen, elektronisch<\/span><\/li>\n<li><span class=\"specification-title\">Lenker Typ:<\/span>\u00a0<span class=\"specification-data\">Adjustable multi-grip handlebars with resistance toggles and heart rate grips, interchangeable<\/span><\/li>\n<li><span class=\"specification-title\">XR-Konsole:<\/span>\u00a0<span class=\"specification-data\">8,5\u201d extra breites blaues LCD mit Leseleiste, Energiesparmodus<\/span><\/li>\n<li><span class=\"specification-title\">Trainingsprogramme:<\/span>\u00a0<span class=\"specification-data\">5, einschlie\u00dflich Sprint 8<\/span><\/li>\n<li><span class=\"specification-title\">Extras:<\/span>\u00a0<span class=\"specification-data\">Wasserflaschenhalter, integrierte Leseablage, Energiesparmodus<\/span><\/li>\n<li><span class=\"specification-title\">Abmessungen (LxBxH):<\/span>\u00a0<span class=\"specification-data\">122 x 62.5 x 143 cm \/ 48\u201d x 24.6\u201d x 56.3\u201d<\/span><\/li>\n<li><span class=\"specification-title\">Zusammengesetztes Gewicht:<\/span>\u00a0<span class=\"specification-data\">63.5 kg<\/span><\/li>\n<li><span class=\"specification-title\">Benutzergewichtskapazit\u00e4t:<\/span>\u00a0<span class=\"specification-data\">159 kg \/ 350 lbs<\/span><\/li>\n<li><span class=\"specification-title\">Bereich der Benutzerh\u00f6he:<\/span>\u00a0<span class=\"specification-data\">150 - 193 cm \/ 4\u201911\u201d - 6\u20194\u201d<\/span><\/li>\n<\/ul>\n<\/div>\n<\/div>\n<\/div>\n<div class=\"product-warranty\">\n<h4>GARANTIE<\/h4>\n<div class=\"text-container\"><strong>Verwendung zu Hause:<\/strong>\u00a03 Jahre P\/L<\/div>\n<\/div>\n<div class=\"product-next-day\">\n<h4>EILZUSTELLUNG<\/h4>\n<div class=\"text-container\">F\u00fcr viele unserer Produkte gibt es Express- und Wunschtermin-Lieferoptionen, d.h. Sie erhalten Ihr Produkt schon morgen oder zu einem von Ihnen gew\u00e4hlten Termin. Bitte pr\u00fcfen Sie die Lieferoptionen an der Kasse, um die Verf\u00fcgbarkeit f\u00fcr Ihren Warenkorb und Ihre Postleitzahl zu sehen. Es gelten die Lieferbedingungen.<\/div>\n<\/div>","protected":false},"excerpt":{"rendered":"<p>Enjoy the quality, design and stability you expect from commercial exercise bikes at home with the Matrix Fitness U50 Upright Cycle. With a Dual Form Frame structure, the Matrix Fitness U50 Upright Cycle is significantly more stable and durable than other bikes with single-post designs, and benefits from a low step-through height for easy access. A wide 30-level resistance range ensures a challenge, no matter your fitness level, with the Exact Force induction brake system providing a realistic cycling feel. The U50 features the Comfort Arc Seat, that\u2019s ergonomically moulded to provide unmatched comfort, support and balance during workouts. Smart ergonomics, like optimised pedal spacing, ensures every ride is efficient and easier on your joints, while the oversized, commercial-grade, self-balancing pedals provide secure foot placement through the entire rotation. If you prefer a different saddle, handlebars or pedals, you can attach standard outdoor accessories to customise your cycle to your unique style. Complete with the XR console, you can view all your workout stats with ease on the bright, 8.5\u201d LCD display. There are 5 workout programmes built-in, including the renowned Sprint8 HIIT programme for intense home training. Change between the 30 resistance levels with resistance toggles on the handlebars, and track your heart rate with contact grips (or connect your heart rate strap via Bluetooth \u2013 strap not included). Other features include a water bottle holder, an integrated reading rack and energy saver mode.<\/p>\n<div class=\"product-attribute-container-desktop desktop-only\">\n<div class=\"additional-attributes-wrapper table-wrapper\"><\/div>\n<\/div>","protected":false},"featured_media":801,"comment_status":"open","ping_status":"closed","template":"","meta":{"site-sidebar-layout":"default","site-content-layout":"","ast-site-content-layout":"default","site-content-style":"default","site-sidebar-style":"default","ast-global-header-display":"","ast-banner-title-visibility":"","ast-main-header-display":"","ast-hfb-above-header-display":"","ast-hfb-below-header-display":"","ast-hfb-mobile-header-display":"","site-post-title":"","ast-breadcrumbs-content":"","ast-featured-img":"","footer-sml-layout":"","theme-transparent-header-meta":"default","adv-header-id-meta":"","stick-header-meta":"","header-above-stick-meta":"","header-main-stick-meta":"","header-below-stick-meta":"","astra-migrate-meta-layouts":"set","ast-page-background-enabled":"default","ast-page-background-meta":{"desktop":{"background-color":"var(--ast-global-color-5)","background-image":"","background-repeat":"repeat","background-position":"center center","background-size":"auto","background-attachment":"scroll","background-type":"","background-media":"","overlay-type":"","overlay-color":"","overlay-opacity":"","overlay-gradient":""},"tablet":{"background-color":"","background-image":"","background-repeat":"repeat","background-position":"center center","background-size":"auto","background-attachment":"scroll","background-type":"","background-media":"","overlay-type":"","overlay-color":"","overlay-opacity":"","overlay-gradient":""},"mobile":{"background-color":"","background-image":"","background-repeat":"repeat","background-position":"center center","background-size":"auto","background-attachment":"scroll","background-type":"","background-media":"","overlay-type":"","overlay-color":"","overlay-opacity":"","overlay-gradient":""}},"ast-content-background-meta":{"desktop":{"background-color":"var(--ast-global-color-4)","background-image":"","background-repeat":"repeat","background-position":"center center","background-size":"auto","background-attachment":"scroll","background-type":"","background-media":"","overlay-type":"","overlay-color":"","overlay-opacity":"","overlay-gradient":""},"tablet":{"background-color":"var(--ast-global-color-4)","background-image":"","background-repeat":"repeat","background-position":"center center","background-size":"auto","background-attachment":"scroll","background-type":"","background-media":"","overlay-type":"","overlay-color":"","overlay-opacity":"","overlay-gradient":""},"mobile":{"background-color":"var(--ast-global-color-4)","background-image":"","background-repeat":"repeat","background-position":"center center","background-size":"auto","background-attachment":"scroll","background-type":"","background-media":"","overlay-type":"","overlay-color":"","overlay-opacity":"","overlay-gradient":""}}},"product_brand":[],"product_cat":[19],"product_tag":[22],"class_list":{"0":"post-798","1":"product","2":"type-product","3":"status-publish","4":"has-post-thumbnail","6":"product_cat-excise-bikes","7":"product_tag-exercise-bikes","8":"desktop-align-left","9":"tablet-align-left","10":"mobile-align-left","12":"first","13":"instock","14":"sale","15":"taxable","16":"shipping-taxable","17":"purchasable","18":"product-type-simple"},"_links":{"self":[{"href":"https:\/\/bestfitnessstore.com\/de\/wp-json\/wp\/v2\/product\/798","targetHints":{"allow":["GET"]}}],"collection":[{"href":"https:\/\/bestfitnessstore.com\/de\/wp-json\/wp\/v2\/product"}],"about":[{"href":"https:\/\/bestfitnessstore.com\/de\/wp-json\/wp\/v2\/types\/product"}],"replies":[{"embeddable":true,"href":"https:\/\/bestfitnessstore.com\/de\/wp-json\/wp\/v2\/comments?post=798"}],"wp:featuredmedia":[{"embeddable":true,"href":"https:\/\/bestfitnessstore.com\/de\/wp-json\/wp\/v2\/media\/801"}],"wp:attachment":[{"href":"https:\/\/bestfitnessstore.com\/de\/wp-json\/wp\/v2\/media?parent=798"}],"wp:term":[{"taxonomy":"product_brand","embeddable":true,"href":"https:\/\/bestfitnessstore.com\/de\/wp-json\/wp\/v2\/product_brand?post=798"},{"taxonomy":"product_cat","embeddable":true,"href":"https:\/\/bestfitnessstore.com\/de\/wp-json\/wp\/v2\/product_cat?post=798"},{"taxonomy":"product_tag","embeddable":true,"href":"https:\/\/bestfitnessstore.com\/de\/wp-json\/wp\/v2\/product_tag?post=798"}],"curies":[{"name":"wp","href":"https:\/\/api.w.org\/{rel}","templated":true}]}}