{"id":761,"date":"2025-11-22T17:00:25","date_gmt":"2025-11-22T17:00:25","guid":{"rendered":"https:\/\/bestfitnessstore.com\/?post_type=product&#038;p=761"},"modified":"2025-11-22T17:00:52","modified_gmt":"2025-11-22T17:00:52","slug":"matrix-fitness-r50-recumbent-cycle-with-xer-console","status":"publish","type":"product","link":"https:\/\/bestfitnessstore.com\/de\/product\/matrix-fitness-r50-recumbent-cycle-with-xer-console\/","title":{"rendered":"Matrix Fitness R50 Liegeergometer mit XER-Konsole"},"content":{"rendered":"<div class=\"product-attribute-container-desktop desktop-only\">\n<div class=\"additional-attributes-wrapper table-wrapper\">\n<h4>PRODUKTINFORMATION<\/h4>\n<div class=\"attributes-container\">\n<ul class=\"product-attributes-container\">\n<li><span class=\"specification-title\">Gewicht der Verpackung (KG):\u00a0<\/span><span class=\"specification-data\">101.400000<\/span><\/li>\n<li><span class=\"specification-title\">Leistung Methode:\u00a0<\/span><span class=\"specification-data\">Elektrisches Netz<\/span><\/li>\n<li><span class=\"specification-title\">Tablet-Halterung:\u00a0<\/span><span class=\"specification-data\">Ja<\/span><\/li>\n<li><span class=\"specification-title\">Pedale:\u00a0<\/span><span class=\"specification-data\">Riemen<\/span><\/li>\n<li><span class=\"specification-title\">Transport-R\u00e4der:\u00a0<\/span><span class=\"specification-data\">Ja<\/span><\/li>\n<li><span class=\"specification-title\">Maximale Benutzerh\u00f6he (cm):\u00a0<\/span><span class=\"specification-data\">201<\/span><\/li>\n<li><span class=\"specification-title\">\u00dcberwachung der Herzfrequenz:\u00a0<\/span><span class=\"specification-data\">Eingebaute Sensoren und Bluetooth<\/span><\/li>\n<li><span class=\"specification-title\">Eingebaute Programme:\u00a0<\/span><span class=\"specification-data\">Manuell, Fettverbrennung, Rolling Hills, Intervalle, Zeitziel, Entfernungsziel, Zielherzfrequenz, Sprint 8, Benutzerdefiniert<\/span><\/li>\n<\/ul>\n<ul class=\"product-attributes-container\">\n<li><span class=\"specification-title\">Produktgewicht (KG):\u00a0<\/span><span class=\"specification-data\">78<\/span><\/li>\n<li><span class=\"specification-title\">App-Integration:\u00a0<\/span><span class=\"specification-data\">KinoMap, Zwift<\/span><\/li>\n<li><span class=\"specification-title\">Bluetooth:\u00a0<\/span><span class=\"specification-data\">Ja<\/span><\/li>\n<li><span class=\"specification-title\">Verstellbarkeit des Rahmens:\u00a0<\/span><span class=\"specification-data\">Vorw\u00e4rts und r\u00fcckw\u00e4rts satteln<\/span><\/li>\n<li><span class=\"specification-title\">Mindesth\u00f6he des Benutzers (cm):\u00a0<\/span><span class=\"specification-data\">147<\/span><\/li>\n<li><span class=\"specification-title\">System des Widerstands:\u00a0<\/span><span class=\"specification-data\">Induktion<\/span><\/li>\n<li><span class=\"specification-title\">Maximales Benutzergewicht (kg):\u00a0<\/span><span class=\"specification-data\">159.00 (Kg)<\/span><\/li>\n<li><span class=\"specification-title\">Produktabmessungen (LxBxH):\u00a0<\/span><span class=\"specification-data\">163 x 64 x 136 cm<\/span><\/li>\n<\/ul>\n<\/div>\n<\/div>\n<\/div>\n<div class=\"product-features\">\n<h4>ZUS\u00c4TZLICHE EIGENSCHAFTEN<\/h4>\n<div class=\"more-container\">\n<div class=\"unshow-text\">\n<ul class=\"product-features-container\">\n<li><span class=\"specification-title\">Dual Form Frame:<\/span>\u00a0<span class=\"specification-data\">Ausgezeichnete Stabilit\u00e4t, liegend<\/span><\/li>\n<li><span class=\"specification-title\">Widerstandsniveaus:<\/span>\u00a0<span class=\"specification-data\">30 (elektronisch)<\/span><\/li>\n<li><span class=\"specification-title\">Exact Force Induktionsbremswiderstandssystem:<\/span>\u00a0<span class=\"specification-data\">Sofortige, sanfte und pr\u00e4zise Widerstands\u00e4nderungen<\/span><\/li>\n<li><span class=\"specification-title\">Verstellbarer Sitz:<\/span>\u00a0<span class=\"specification-data\">Vorw\u00e4rts\/r\u00fcckw\u00e4rts \u00fcber leicht einstellbare Ebene<\/span><\/li>\n<li><span class=\"specification-title\">Comfort Arc Sitz:<\/span>\u00a0<span class=\"specification-data\">Mit verstellbarer Netzsitzlehne<\/span><\/li>\n<li><span class=\"specification-title\">Pedale:<\/span>\u00a0<span class=\"specification-data\">\u00dcbergro\u00df, selbstbalancierend mit verstellbaren Riemen<\/span><\/li>\n<li><span class=\"specification-title\">Lenker:<\/span>\u00a0<span class=\"specification-data\">Am Sitz befestigt mit Widerstandsschaltern und Herzfrequenzmessern<\/span><\/li>\n<li><span class=\"specification-title\">XER-Konsole:<\/span>\u00a0<span class=\"specification-data\">Touchscreen der 10-Zoll-Klasse mit Bluetooth-Konnektivit\u00e4t, USB-Anschluss, Konsolen-Apps, Leseleiste, Energiesparmodus, Viewfit-Konnektivit\u00e4t (Integration mit Fitness-Apps). WiFi f\u00fcr Apps und Software-Updates erforderlich.<\/span><\/li>\n<li><span class=\"specification-title\">Trainingsprogramme:<\/span>\u00a0<span class=\"specification-data\">11 eingebaut<\/span><\/li>\n<li><span class=\"specification-title\">Konsolenanwendungen:<\/span>\u00a0<span class=\"specification-data\">Virtual Active, Sprint8, YouTube, Spotify, Netflix und mehr. Abonnements sind nicht enthalten.<\/span><\/li>\n<li><span class=\"specification-title\">Extras:<\/span>\u00a0<span class=\"specification-data\">Wasserflaschenhalter, integrierte Leseablage, Energiesparmodus<\/span><\/li>\n<li><span class=\"specification-title\">Abmessungen (LxBxH):<\/span>\u00a0<span class=\"specification-data\">163 x 64 x 136 cm \/ 64.2\u201d x 25.2\u201d x 53.5\u201d<\/span><\/li>\n<li><span class=\"specification-title\">Zusammengesetztes Gewicht:<\/span>\u00a0<span class=\"specification-data\">87.5 kg<\/span><\/li>\n<li><span class=\"specification-title\">Max. Benutzergewicht:<\/span>\u00a0<span class=\"specification-data\">159 kg \/ 350 lbs<\/span><\/li>\n<\/ul>\n<\/div>\n<\/div>\n<\/div>\n<div class=\"product-warranty\">\n<h4>GARANTIE<\/h4>\n<div class=\"text-container\"><strong>Verwendung zu Hause:<\/strong>\u00a03 Jahre P\/L<\/p>\n<\/div>\n<\/div>\n<div class=\"product-next-day\">\n<h4>EILZUSTELLUNG<\/h4>\n<div class=\"text-container\">F\u00fcr viele unserer Produkte gibt es Express- und Wunschtermin-Lieferoptionen, d.h. Sie erhalten Ihr Produkt schon morgen oder zu einem von Ihnen gew\u00e4hlten Termin. Bitte pr\u00fcfen Sie die Lieferoptionen an der Kasse, um die Verf\u00fcgbarkeit f\u00fcr Ihren Warenkorb und Ihre Postleitzahl zu sehen. Es gelten die Lieferbedingungen.<\/div>\n<\/div>","protected":false},"excerpt":{"rendered":"<p>Discover a more relaxed cycling session with the Matrix Fitness R50 Recumbent Cycle. Its Dual Form Frame is sturdy and durable, and offers enhanced accessibility with its easy step-through design. The Exact Force induction brake system delivers 30 levels of electronic resistance, which can be easily adjusted mid-workout via resistance toggles on the seat-mounted handlebars when you want to up the challenge. Grab the handlebar\u2019s integrated contact grips to keep track of your heart rate on the go too! The R50 features an enhanced Comfort Arc Seat, with an oversized mesh back rest that can be reclined for optimal comfort, and oversized, self-balancing pedals for a secure footing. Complete with the upgraded XER console, you can view all your workout stats with ease on the clear 10\u201d intuitive touchscreen display. There are 11 workout programmes built in, and you can view console apps such as Sprint 8, Virtual Active, MyFitnessPal, plus entertainment favourites like Netflix, Spotify, YouTube and more (subscriptions not included). Connect your console via WiFi for software updates, ViewFit connectivity, web browsing and entertainment apps. Extra features include a water bottle holder, integrated reading rack and energy saver mode.<\/p>\n<div class=\"product-attribute-container-desktop desktop-only\">\n<div class=\"additional-attributes-wrapper table-wrapper\"><\/div>\n<\/div>","protected":false},"featured_media":764,"comment_status":"open","ping_status":"closed","template":"","meta":{"site-sidebar-layout":"default","site-content-layout":"","ast-site-content-layout":"default","site-content-style":"default","site-sidebar-style":"default","ast-global-header-display":"","ast-banner-title-visibility":"","ast-main-header-display":"","ast-hfb-above-header-display":"","ast-hfb-below-header-display":"","ast-hfb-mobile-header-display":"","site-post-title":"","ast-breadcrumbs-content":"","ast-featured-img":"","footer-sml-layout":"","theme-transparent-header-meta":"default","adv-header-id-meta":"","stick-header-meta":"","header-above-stick-meta":"","header-main-stick-meta":"","header-below-stick-meta":"","astra-migrate-meta-layouts":"set","ast-page-background-enabled":"default","ast-page-background-meta":{"desktop":{"background-color":"var(--ast-global-color-5)","background-image":"","background-repeat":"repeat","background-position":"center center","background-size":"auto","background-attachment":"scroll","background-type":"","background-media":"","overlay-type":"","overlay-color":"","overlay-opacity":"","overlay-gradient":""},"tablet":{"background-color":"","background-image":"","background-repeat":"repeat","background-position":"center center","background-size":"auto","background-attachment":"scroll","background-type":"","background-media":"","overlay-type":"","overlay-color":"","overlay-opacity":"","overlay-gradient":""},"mobile":{"background-color":"","background-image":"","background-repeat":"repeat","background-position":"center center","background-size":"auto","background-attachment":"scroll","background-type":"","background-media":"","overlay-type":"","overlay-color":"","overlay-opacity":"","overlay-gradient":""}},"ast-content-background-meta":{"desktop":{"background-color":"var(--ast-global-color-4)","background-image":"","background-repeat":"repeat","background-position":"center center","background-size":"auto","background-attachment":"scroll","background-type":"","background-media":"","overlay-type":"","overlay-color":"","overlay-opacity":"","overlay-gradient":""},"tablet":{"background-color":"var(--ast-global-color-4)","background-image":"","background-repeat":"repeat","background-position":"center center","background-size":"auto","background-attachment":"scroll","background-type":"","background-media":"","overlay-type":"","overlay-color":"","overlay-opacity":"","overlay-gradient":""},"mobile":{"background-color":"var(--ast-global-color-4)","background-image":"","background-repeat":"repeat","background-position":"center center","background-size":"auto","background-attachment":"scroll","background-type":"","background-media":"","overlay-type":"","overlay-color":"","overlay-opacity":"","overlay-gradient":""}}},"product_brand":[],"product_cat":[19],"product_tag":[22],"class_list":{"0":"post-761","1":"product","2":"type-product","3":"status-publish","4":"has-post-thumbnail","6":"product_cat-excise-bikes","7":"product_tag-exercise-bikes","8":"desktop-align-left","9":"tablet-align-left","10":"mobile-align-left","12":"first","13":"instock","14":"sale","15":"taxable","16":"shipping-taxable","17":"purchasable","18":"product-type-simple"},"_links":{"self":[{"href":"https:\/\/bestfitnessstore.com\/de\/wp-json\/wp\/v2\/product\/761","targetHints":{"allow":["GET"]}}],"collection":[{"href":"https:\/\/bestfitnessstore.com\/de\/wp-json\/wp\/v2\/product"}],"about":[{"href":"https:\/\/bestfitnessstore.com\/de\/wp-json\/wp\/v2\/types\/product"}],"replies":[{"embeddable":true,"href":"https:\/\/bestfitnessstore.com\/de\/wp-json\/wp\/v2\/comments?post=761"}],"wp:featuredmedia":[{"embeddable":true,"href":"https:\/\/bestfitnessstore.com\/de\/wp-json\/wp\/v2\/media\/764"}],"wp:attachment":[{"href":"https:\/\/bestfitnessstore.com\/de\/wp-json\/wp\/v2\/media?parent=761"}],"wp:term":[{"taxonomy":"product_brand","embeddable":true,"href":"https:\/\/bestfitnessstore.com\/de\/wp-json\/wp\/v2\/product_brand?post=761"},{"taxonomy":"product_cat","embeddable":true,"href":"https:\/\/bestfitnessstore.com\/de\/wp-json\/wp\/v2\/product_cat?post=761"},{"taxonomy":"product_tag","embeddable":true,"href":"https:\/\/bestfitnessstore.com\/de\/wp-json\/wp\/v2\/product_tag?post=761"}],"curies":[{"name":"wp","href":"https:\/\/api.w.org\/{rel}","templated":true}]}}