{"id":731,"date":"2025-11-22T16:17:59","date_gmt":"2025-11-22T16:17:59","guid":{"rendered":"https:\/\/bestfitnessstore.com\/?post_type=product&#038;p=731"},"modified":"2025-11-22T16:19:40","modified_gmt":"2025-11-22T16:19:40","slug":"matrix-fitness-cxm-trainingszyklus","status":"publish","type":"product","link":"https:\/\/bestfitnessstore.com\/de\/product\/matrix-fitness-cxm-training-cycle\/","title":{"rendered":"Matrix Fitness CXM Training Cycle"},"content":{"rendered":"<div class=\"product-attribute-container-desktop desktop-only\">\n<div class=\"additional-attributes-wrapper table-wrapper\">\n<h4>PRODUKTINFORMATION<\/h4>\n<div class=\"attributes-container\">\n<ul class=\"product-attributes-container\">\n<li><span class=\"specification-title\">Gewicht der Verpackung (KG):\u00a0<\/span><span class=\"specification-data\">62.600000<\/span><\/li>\n<li><span class=\"specification-title\">App-Integration:\u00a0<\/span><span class=\"specification-data\">Zwift<\/span><\/li>\n<li><span class=\"specification-title\">Bluetooth:\u00a0<\/span><span class=\"specification-data\">Ja<\/span><\/li>\n<li><span class=\"specification-title\">Verstellbarkeit des Rahmens:\u00a0<\/span><span class=\"specification-data\">Lenker vorw\u00e4rts und r\u00fcckw\u00e4rts, Lenker auf und ab, Sattel vorw\u00e4rts und r\u00fcckw\u00e4rts, Sattel auf und ab<\/span><\/li>\n<li><span class=\"specification-title\">Transport-R\u00e4der:\u00a0<\/span><span class=\"specification-data\">Ja<\/span><\/li>\n<li><span class=\"specification-title\">Maximales Benutzergewicht (kg):\u00a0<\/span><span class=\"specification-data\">158,75 (Kg)<\/span><\/li>\n<li><span class=\"specification-title\">Abmessungen der Box (LxBxH):\u00a0<\/span><span class=\"specification-data\">125 x 65 x 110 cm<\/span><\/li>\n<\/ul>\n<ul class=\"product-attributes-container\">\n<li><span class=\"specification-title\">Produktgewicht (KG):\u00a0<\/span><span class=\"specification-data\">56.50<\/span><\/li>\n<li><span class=\"specification-title\">Tablet-Halterung:\u00a0<\/span><span class=\"specification-data\">Nein<\/span><\/li>\n<li><span class=\"specification-title\">Pedale:\u00a0<\/span><span class=\"specification-data\">SPD Clips, Zehenk\u00e4fig<\/span><\/li>\n<li><span class=\"specification-title\">Zyklus-Typ:\u00a0<\/span><span class=\"specification-data\">Rennfahrer<\/span><\/li>\n<li><span class=\"specification-title\">System des Widerstands:\u00a0<\/span><span class=\"specification-data\">Magnetisch<\/span><\/li>\n<li><span class=\"specification-title\">Produktabmessungen (LxBxH):\u00a0<\/span><span class=\"specification-data\">122,40 x 56,40 x 102,80 cm<\/span><\/li>\n<\/ul>\n<\/div>\n<\/div>\n<\/div>\n<div class=\"product-features\">\n<h4>ZUS\u00c4TZLICHE EIGENSCHAFTEN<\/h4>\n<div class=\"more-container\">\n<div class=\"unshow-text\">\n<ul class=\"product-features-container\">\n<li><span class=\"specification-title\">Material des Rahmens:<\/span>\u00a0<span class=\"specification-data\">Stahl<\/span><\/li>\n<li><span class=\"specification-title\">Antriebsstrang:<\/span>\u00a0<span class=\"specification-data\">Flexonic-G\u00fcrtel<\/span><\/li>\n<li><span class=\"specification-title\">\u00dcberwachung der Herzfrequenz:<\/span>\u00a0<span class=\"specification-data\">Telemetrie<\/span><\/li>\n<li><span class=\"specification-title\">Enger Q-Faktor:<\/span>\u00a0<span class=\"specification-data\">Optimiert die Position von H\u00fcfte, Knien und F\u00fc\u00dfen<\/span><\/li>\n<li><span class=\"specification-title\">Quick-Touch-Bedienung:<\/span>\u00a0<span class=\"specification-data\">M\u00fchelose Anpassung des Zyklus an die Vorlieben jedes Benutzers<\/span><\/li>\n<li><span class=\"specification-title\">Konsole:<\/span>\u00a0<span class=\"specification-data\">Schnell reagierende, generatorbetriebene LCD-Konsole mit Hintergrundbeleuchtung<\/span><\/li>\n<li><span class=\"specification-title\">Anzeige:<\/span>\u00a0<span class=\"specification-data\">Wichtige Kennzahlen und intuitive Bedienung beim Umschalten zwischen Watt-, Herzfrequenz-, RPM- oder Rundenmodus<\/span><\/li>\n<li><span class=\"specification-title\">Ummanteltes hinteres Schwungrad:<\/span>\u00a0<span class=\"specification-data\">Sch\u00fctzt die internen Komponenten vor Schwei\u00df, Staub und Ablagerungen<\/span><\/li>\n<li><span class=\"specification-title\">Schnell abnehmbare Wartungsplatte:<\/span>\u00a0<span class=\"specification-data\">Leicht abnehmbare Tretkurbeln und klar identifizierbare interne Komponenten f\u00fcr einfache Wartung<\/span><\/li>\n<li><span class=\"specification-title\">Berechnete Wattzahl:<\/span>\u00a0<span class=\"specification-data\">Innerhalb von 10% Genauigkeit<\/span><\/li>\n<li><span class=\"specification-title\">Ergonomisch geformter Sitz:<\/span>\u00a0<span class=\"specification-data\">Druckentlastung an den Ber\u00fchrungspunkten f\u00fcr eine komfortable Fahrt<\/span><\/li>\n<li><span class=\"specification-title\">Mehrfach verstellbarer Lenker:<\/span>\u00a0<span class=\"specification-data\">Simuliert die verschiedenen Griffe eines echten Rennrads, Weich-PVC<\/span><\/li>\n<li><span class=\"specification-title\">Art der Einstellung:<\/span>\u00a0<span class=\"specification-data\">Quick-Touch-Hebel<\/span><\/li>\n<li><span class=\"specification-title\">Halter f\u00fcr Wasserflasche:<\/span>\u00a0<span class=\"specification-data\">Zwei in den Lenker integrierte<\/span><\/li>\n<\/ul>\n<\/div>\n<\/div>\n<\/div>\n<div class=\"product-warranty\">\n<h4>GARANTIE<\/h4>\n<div class=\"text-container\"><strong>Privathaushalt und leichte\/vollst\u00e4ndige gewerbliche Nutzung:<\/strong>\u00a02 Jahre<\/div>\n<\/div>","protected":false},"excerpt":{"rendered":"<p>Beleben Sie Ihre Gruppenkurse mit einem dynamischen Radfahr-Erlebnis, das die Teilnehmer immer wieder zur\u00fcckbringt. Das Matrix Fitness CXM Training Cycle ist ideal f\u00fcr metrisch ausgerichtete Radfahrkurse in der Gruppe oder f\u00fcr den individuellen Gebrauch und bietet hochwertige Leistung in Kombination mit hervorragender Ergonomie. Die reaktionsschnelle, generatorbetriebene LCD-Konsole mit Hintergrundbeleuchtung zeigt Watt, Herzfrequenz, RPMs oder den Rundenmodus deutlich an, so dass Ihre Fahrer ihre Fortschritte verfolgen und echte Ergebnisse erzielen k\u00f6nnen. Der CXM Training Cycle verf\u00fcgt \u00fcber das verbesserte Bluetooth FTMS 4.0, das die Kopplung mit Fahrrad-Apps erleichtert. Ein schmaler Q-Faktor optimiert die Position von H\u00fcfte, Knien und F\u00fc\u00dfen des Fahrers, um ein echtes Fahrgef\u00fchl im Freien zu vermitteln. Dies wird durch das wartungsarme, gut gesch\u00fctzte hintere Schwungrad mit ber\u00fchrungslosem magnetischem Widerstand f\u00fcr reibungslose, konsistente Einstellungen und eine berechnete Wattmessung mit einer Genauigkeit von 10% noch verst\u00e4rkt. Der ergonomisch geformte Sitz entlastet die Druckpunkte, um auch lange, intensive Radfahrsessions bequem zu gestalten, w\u00e4hrend der mehrfach verstellbare Lenker mit zwei integrierten Trinkflaschenhaltern die verschiedenen Griffe eines echten Rennrads simuliert, mit aktualisierten Hebeln f\u00fcr einfache Einstellungen. Schnellverschlussklappen und leicht abnehmbare Tretkurbeln vereinfachen die Wartung, und mit den vorderen Transportr\u00e4dern l\u00e4sst sich das Rad leicht transportieren.<\/p>\n<div class=\"product-attribute-container-desktop desktop-only\">\n<div class=\"additional-attributes-wrapper table-wrapper\"><\/div>\n<\/div>","protected":false},"featured_media":732,"comment_status":"open","ping_status":"closed","template":"","meta":{"site-sidebar-layout":"default","site-content-layout":"","ast-site-content-layout":"default","site-content-style":"default","site-sidebar-style":"default","ast-global-header-display":"","ast-banner-title-visibility":"","ast-main-header-display":"","ast-hfb-above-header-display":"","ast-hfb-below-header-display":"","ast-hfb-mobile-header-display":"","site-post-title":"","ast-breadcrumbs-content":"","ast-featured-img":"","footer-sml-layout":"","theme-transparent-header-meta":"default","adv-header-id-meta":"","stick-header-meta":"","header-above-stick-meta":"","header-main-stick-meta":"","header-below-stick-meta":"","astra-migrate-meta-layouts":"set","ast-page-background-enabled":"default","ast-page-background-meta":{"desktop":{"background-color":"var(--ast-global-color-5)","background-image":"","background-repeat":"repeat","background-position":"center center","background-size":"auto","background-attachment":"scroll","background-type":"","background-media":"","overlay-type":"","overlay-color":"","overlay-opacity":"","overlay-gradient":""},"tablet":{"background-color":"","background-image":"","background-repeat":"repeat","background-position":"center center","background-size":"auto","background-attachment":"scroll","background-type":"","background-media":"","overlay-type":"","overlay-color":"","overlay-opacity":"","overlay-gradient":""},"mobile":{"background-color":"","background-image":"","background-repeat":"repeat","background-position":"center center","background-size":"auto","background-attachment":"scroll","background-type":"","background-media":"","overlay-type":"","overlay-color":"","overlay-opacity":"","overlay-gradient":""}},"ast-content-background-meta":{"desktop":{"background-color":"var(--ast-global-color-4)","background-image":"","background-repeat":"repeat","background-position":"center center","background-size":"auto","background-attachment":"scroll","background-type":"","background-media":"","overlay-type":"","overlay-color":"","overlay-opacity":"","overlay-gradient":""},"tablet":{"background-color":"var(--ast-global-color-4)","background-image":"","background-repeat":"repeat","background-position":"center center","background-size":"auto","background-attachment":"scroll","background-type":"","background-media":"","overlay-type":"","overlay-color":"","overlay-opacity":"","overlay-gradient":""},"mobile":{"background-color":"var(--ast-global-color-4)","background-image":"","background-repeat":"repeat","background-position":"center center","background-size":"auto","background-attachment":"scroll","background-type":"","background-media":"","overlay-type":"","overlay-color":"","overlay-opacity":"","overlay-gradient":""}}},"product_brand":[],"product_cat":[19],"product_tag":[22],"class_list":{"0":"post-731","1":"product","2":"type-product","3":"status-publish","4":"has-post-thumbnail","6":"product_cat-excise-bikes","7":"product_tag-exercise-bikes","8":"desktop-align-left","9":"tablet-align-left","10":"mobile-align-left","12":"first","13":"instock","14":"sale","15":"taxable","16":"shipping-taxable","17":"purchasable","18":"product-type-simple"},"_links":{"self":[{"href":"https:\/\/bestfitnessstore.com\/de\/wp-json\/wp\/v2\/product\/731","targetHints":{"allow":["GET"]}}],"collection":[{"href":"https:\/\/bestfitnessstore.com\/de\/wp-json\/wp\/v2\/product"}],"about":[{"href":"https:\/\/bestfitnessstore.com\/de\/wp-json\/wp\/v2\/types\/product"}],"replies":[{"embeddable":true,"href":"https:\/\/bestfitnessstore.com\/de\/wp-json\/wp\/v2\/comments?post=731"}],"wp:featuredmedia":[{"embeddable":true,"href":"https:\/\/bestfitnessstore.com\/de\/wp-json\/wp\/v2\/media\/732"}],"wp:attachment":[{"href":"https:\/\/bestfitnessstore.com\/de\/wp-json\/wp\/v2\/media?parent=731"}],"wp:term":[{"taxonomy":"product_brand","embeddable":true,"href":"https:\/\/bestfitnessstore.com\/de\/wp-json\/wp\/v2\/product_brand?post=731"},{"taxonomy":"product_cat","embeddable":true,"href":"https:\/\/bestfitnessstore.com\/de\/wp-json\/wp\/v2\/product_cat?post=731"},{"taxonomy":"product_tag","embeddable":true,"href":"https:\/\/bestfitnessstore.com\/de\/wp-json\/wp\/v2\/product_tag?post=731"}],"curies":[{"name":"wp","href":"https:\/\/api.w.org\/{rel}","templated":true}]}}