{"id":682,"date":"2025-11-22T15:24:11","date_gmt":"2025-11-22T15:24:11","guid":{"rendered":"https:\/\/bestfitnessstore.com\/?post_type=product&#038;p=682"},"modified":"2025-11-22T15:24:11","modified_gmt":"2025-11-22T15:24:11","slug":"matrix-fitness-commercial-endurance-recumbent-cycle-with-led-console-2","status":"publish","type":"product","link":"https:\/\/bestfitnessstore.com\/de\/product\/matrix-fitness-commercial-endurance-recumbent-cycle-with-led-console-2\/","title":{"rendered":"Matrix Fitness Commercial Endurance Recumbent Cycle mit LED-Konsole"},"content":{"rendered":"<div class=\"product-attribute-container-desktop desktop-only\">\n<div class=\"additional-attributes-wrapper table-wrapper\">\n<h4>PRODUKTINFORMATION<\/h4>\n<div class=\"attributes-container\">\n<ul class=\"product-attributes-container\">\n<li><span class=\"specification-title\">Gewicht der Verpackung (KG):\u00a0<\/span><span class=\"specification-data\">112.000000<\/span><\/li>\n<li><span class=\"specification-title\">Leistung Methode:\u00a0<\/span><span class=\"specification-data\">Eigenstromversorgung und Netzstrom<\/span><\/li>\n<li><span class=\"specification-title\">Tablet-Halterung:\u00a0<\/span><span class=\"specification-data\">Ja<\/span><\/li>\n<li><span class=\"specification-title\">Pedale:\u00a0<\/span><span class=\"specification-data\">Riemen<\/span><\/li>\n<li><span class=\"specification-title\">Zyklus-Typ:\u00a0<\/span><span class=\"specification-data\">Liegerad<\/span><\/li>\n<li><span class=\"specification-title\">Mindesth\u00f6he des Benutzers (cm):\u00a0<\/span><span class=\"specification-data\">147<\/span><\/li>\n<li><span class=\"specification-title\">System des Widerstands:\u00a0<\/span><span class=\"specification-data\">B\u00fcrstenloser Generator<\/span><\/li>\n<li><span class=\"specification-title\">Maximales Benutzergewicht (kg):\u00a0<\/span><span class=\"specification-data\">182.00 (Kg)<\/span><\/li>\n<li><span class=\"specification-title\">Produktabmessungen (LxBxH):\u00a0<\/span><span class=\"specification-data\">154,30 x 67,40 x 144,20 cm<\/span><\/li>\n<\/ul>\n<ul class=\"product-attributes-container\">\n<li><span class=\"specification-title\">Produktgewicht (KG):\u00a0<\/span><span class=\"specification-data\">91<\/span><\/li>\n<li><span class=\"specification-title\">App-Integration:\u00a0<\/span><span class=\"specification-data\">KinoMap, Zwift<\/span><\/li>\n<li><span class=\"specification-title\">Bluetooth:\u00a0<\/span><span class=\"specification-data\">Ja<\/span><\/li>\n<li><span class=\"specification-title\">Verstellbarkeit des Rahmens:\u00a0<\/span><span class=\"specification-data\">Vorw\u00e4rts und r\u00fcckw\u00e4rts satteln<\/span><\/li>\n<li><span class=\"specification-title\">Transport-R\u00e4der:\u00a0<\/span><span class=\"specification-data\">Ja<\/span><\/li>\n<li><span class=\"specification-title\">Maximale Benutzerh\u00f6he (cm):\u00a0<\/span><span class=\"specification-data\">201<\/span><\/li>\n<li><span class=\"specification-title\">\u00dcberwachung der Herzfrequenz:\u00a0<\/span><span class=\"specification-data\">Eingebaute Sensoren und Bluetooth<\/span><\/li>\n<li><span class=\"specification-title\">Eingebaute Programme:\u00a0<\/span><span class=\"specification-data\">Go, Manuell, Zielherzfrequenz, Intervalltraining, Fettverbrennung, Rolling Hills, Zieltraining, Fitness-Tests, Benutzerdefiniert<\/span><\/li>\n<\/ul>\n<\/div>\n<\/div>\n<\/div>\n<div class=\"product-features\">\n<h4>ZUS\u00c4TZLICHE EIGENSCHAFTEN<\/h4>\n<div class=\"more-container\">\n<div class=\"unshow-text\">\n<ul class=\"product-features-container\">\n<li><span class=\"specification-title\">System des Widerstands:<\/span>\u00a0<span class=\"specification-data\">B\u00fcrstenloser Generator<\/span><\/li>\n<li><span class=\"specification-title\">Widerstandsniveaus:<\/span>\u00a0<span class=\"specification-data\">30<\/span><\/li>\n<li><span class=\"specification-title\">Widerstandsbereich:<\/span>\u00a0<span class=\"specification-data\">2-750 W<\/span><\/li>\n<li><span class=\"specification-title\">Kurbel Design:<\/span>\u00a0<span class=\"specification-data\">Dreiteilig mit geschmiedeten Armen und integriertem Abzieher<\/span><\/li>\n<li><span class=\"specification-title\">Sitzverstellung:<\/span>\u00a0<span class=\"specification-data\">Einhandhebel<\/span><\/li>\n<li><span class=\"specification-title\">Material des Sitzes:<\/span>\u00a0<span class=\"specification-data\">Ma\u00dfgefertigte einteilige, geformte R\u00fcckenlehne und Unterseite<\/span><\/li>\n<li><span class=\"specification-title\">Abstand zwischen den Pedalen:<\/span>\u00a0<span class=\"specification-data\">17,5 cm \/ 6,9\u201d<\/span><\/li>\n<li><span class=\"specification-title\">Leistungsanforderungen:<\/span>\u00a0<span class=\"specification-data\">Eigenstromversorgung oder 100-240 V - 50\/60 Hz AC<\/span><\/li>\n<li><span class=\"specification-title\">Konsole:<\/span>\u00a0<span class=\"specification-data\">Premium LED-Konsole<\/span><\/li>\n<li><span class=\"specification-title\">Anzeige:<\/span>\u00a0<span class=\"specification-data\">Mehrfarbige 8000-Pixel-LED<\/span><\/li>\n<li><span class=\"specification-title\">Workouts:<\/span>\u00a0<span class=\"specification-data\">Go, Manual, Sprint8, Landmarks, Zielherzfrequenz, Intervalltraining, Fettverbrennung, Rolling Hills, Constant Watts, Ges\u00e4\u00dftraining, 5k\/10k und Fitness-Tests<\/span><\/li>\n<li><span class=\"specification-title\">WIFI:<\/span>\u00a0<span class=\"specification-data\">Zugriff auf das verbundene Matrix-L\u00f6sungsportfolio; automatische Software-Updates<\/span><\/li>\n<li><span class=\"specification-title\">Sprachen:<\/span>\u00a0<span class=\"specification-data\">Englisch, Deutsch, Franz\u00f6sisch, Italienisch, Spanisch, Niederl\u00e4ndisch, Portugiesisch, Schwedisch, Finnisch, T\u00fcrkisch, D\u00e4nisch, Polnisch<\/span><\/li>\n<li><span class=\"specification-title\">Merkmale der Konsole:<\/span>\u00a0<span class=\"specification-data\">Optionale RFID-Anmeldung, USB-Anschluss, L\u00fcfter, Lesegestell<\/span><\/li>\n<li><span class=\"specification-title\">Maximales Benutzergewicht:<\/span>\u00a0<span class=\"specification-data\">182 kg \/ 400 lbs.<\/span><\/li>\n<li><span class=\"specification-title\">Zusammengesetztes Gewicht:<\/span>\u00a0<span class=\"specification-data\">91 kg \/ 200.6 lbs.<\/span><\/li>\n<li><span class=\"specification-title\">Versandgewicht:<\/span>\u00a0<span class=\"specification-data\">112 kg \/ 246.9 lbs.<\/span><\/li>\n<li><span class=\"specification-title\">Zusammengebaute Abmessungen:<\/span>\u00a0<span class=\"specification-data\">154,3 x 67,4 x 144,2 cm \/ 60,7\u201d x 26,5\u201d x 56,8\u201d<\/span><\/li>\n<li><span class=\"specification-title\">Vorlaufzeit:<\/span>\u00a0<span class=\"specification-data\">Auf Bestellung gefertigt - durchschnittliche Vorlaufzeit 2-14 Wochen<\/span><\/li>\n<\/ul>\n<\/div>\n<\/div>\n<\/div>\n<div class=\"product-warranty\">\n<h4>GARANTIE<\/h4>\n<div class=\"text-container\"><strong>Privathaushalt und leichte\/vollst\u00e4ndige gewerbliche Nutzung:<\/strong>\u00a02 Jahre Teile und Arbeit<\/div>\n<\/div>","protected":false},"excerpt":{"rendered":"<p>The Matrix Fitness Commercial Endurance Recumbent Cycle boasts an ergonomic seat and back for superior weight distribution, that can be adjusted to find the perfect riding position with just one hand. Self-balancing pedals and thoughtful touchpoints further add to the comfort and usability of the Endurance Recumbent. Switch between 30 resistance levels, ranging from 2-750 W, using the controls on the handlebars down by the seat to adjust the challenge on the go. Smart design features streamline service for technicians, and simplify placement for facilities. The Premium LED console gives your members the simplicity of the classic LED console, with more engaging colour and detail than ever before. A large 8000-pixel display fills the screen, providing clear, easy-to-read feedback in large numbers and letters. The Premium LED boasts convenience features like an optional RFID login, a fan to keep cool, USB port, and a reading rack for personal devices. WIFI enabled, this console works with select products from the Matrix Connected Solutions portfolio, and automatic software updates at no charge to your facility. Workouts include Go, Manual, Sprint8, Landmarks, Target Heart Rate, Interval Training, Fat Burn, Rolling Hills, Constant Watts, Glute Training, 5k\/10k and Fitness Tests* *programmes subject to change. Commercial product built to order \u2013 average lead time is 2-14 weeks, please contact us for further details.<\/p>\n<div class=\"product-attribute-container-desktop desktop-only\">\n<div class=\"additional-attributes-wrapper table-wrapper\"><\/div>\n<\/div>","protected":false},"featured_media":686,"comment_status":"open","ping_status":"closed","template":"","meta":{"site-sidebar-layout":"default","site-content-layout":"","ast-site-content-layout":"default","site-content-style":"default","site-sidebar-style":"default","ast-global-header-display":"","ast-banner-title-visibility":"","ast-main-header-display":"","ast-hfb-above-header-display":"","ast-hfb-below-header-display":"","ast-hfb-mobile-header-display":"","site-post-title":"","ast-breadcrumbs-content":"","ast-featured-img":"","footer-sml-layout":"","theme-transparent-header-meta":"default","adv-header-id-meta":"","stick-header-meta":"","header-above-stick-meta":"","header-main-stick-meta":"","header-below-stick-meta":"","astra-migrate-meta-layouts":"set","ast-page-background-enabled":"default","ast-page-background-meta":{"desktop":{"background-color":"var(--ast-global-color-5)","background-image":"","background-repeat":"repeat","background-position":"center center","background-size":"auto","background-attachment":"scroll","background-type":"","background-media":"","overlay-type":"","overlay-color":"","overlay-opacity":"","overlay-gradient":""},"tablet":{"background-color":"","background-image":"","background-repeat":"repeat","background-position":"center center","background-size":"auto","background-attachment":"scroll","background-type":"","background-media":"","overlay-type":"","overlay-color":"","overlay-opacity":"","overlay-gradient":""},"mobile":{"background-color":"","background-image":"","background-repeat":"repeat","background-position":"center center","background-size":"auto","background-attachment":"scroll","background-type":"","background-media":"","overlay-type":"","overlay-color":"","overlay-opacity":"","overlay-gradient":""}},"ast-content-background-meta":{"desktop":{"background-color":"var(--ast-global-color-4)","background-image":"","background-repeat":"repeat","background-position":"center center","background-size":"auto","background-attachment":"scroll","background-type":"","background-media":"","overlay-type":"","overlay-color":"","overlay-opacity":"","overlay-gradient":""},"tablet":{"background-color":"var(--ast-global-color-4)","background-image":"","background-repeat":"repeat","background-position":"center center","background-size":"auto","background-attachment":"scroll","background-type":"","background-media":"","overlay-type":"","overlay-color":"","overlay-opacity":"","overlay-gradient":""},"mobile":{"background-color":"var(--ast-global-color-4)","background-image":"","background-repeat":"repeat","background-position":"center center","background-size":"auto","background-attachment":"scroll","background-type":"","background-media":"","overlay-type":"","overlay-color":"","overlay-opacity":"","overlay-gradient":""}}},"product_brand":[],"product_cat":[19],"product_tag":[22],"class_list":{"0":"post-682","1":"product","2":"type-product","3":"status-publish","4":"has-post-thumbnail","6":"product_cat-excise-bikes","7":"product_tag-exercise-bikes","8":"desktop-align-left","9":"tablet-align-left","10":"mobile-align-left","12":"first","13":"instock","14":"sale","15":"taxable","16":"shipping-taxable","17":"purchasable","18":"product-type-simple"},"_links":{"self":[{"href":"https:\/\/bestfitnessstore.com\/de\/wp-json\/wp\/v2\/product\/682","targetHints":{"allow":["GET"]}}],"collection":[{"href":"https:\/\/bestfitnessstore.com\/de\/wp-json\/wp\/v2\/product"}],"about":[{"href":"https:\/\/bestfitnessstore.com\/de\/wp-json\/wp\/v2\/types\/product"}],"replies":[{"embeddable":true,"href":"https:\/\/bestfitnessstore.com\/de\/wp-json\/wp\/v2\/comments?post=682"}],"wp:featuredmedia":[{"embeddable":true,"href":"https:\/\/bestfitnessstore.com\/de\/wp-json\/wp\/v2\/media\/686"}],"wp:attachment":[{"href":"https:\/\/bestfitnessstore.com\/de\/wp-json\/wp\/v2\/media?parent=682"}],"wp:term":[{"taxonomy":"product_brand","embeddable":true,"href":"https:\/\/bestfitnessstore.com\/de\/wp-json\/wp\/v2\/product_brand?post=682"},{"taxonomy":"product_cat","embeddable":true,"href":"https:\/\/bestfitnessstore.com\/de\/wp-json\/wp\/v2\/product_cat?post=682"},{"taxonomy":"product_tag","embeddable":true,"href":"https:\/\/bestfitnessstore.com\/de\/wp-json\/wp\/v2\/product_tag?post=682"}],"curies":[{"name":"wp","href":"https:\/\/api.w.org\/{rel}","templated":true}]}}