{"id":669,"date":"2025-11-22T15:16:13","date_gmt":"2025-11-22T15:16:13","guid":{"rendered":"https:\/\/bestfitnessstore.com\/?post_type=product&#038;p=669"},"modified":"2025-11-22T15:16:13","modified_gmt":"2025-11-22T15:16:13","slug":"life-fitness-rs3-lifecycle-with-go-console","status":"publish","type":"product","link":"https:\/\/bestfitnessstore.com\/de\/product\/life-fitness-rs3-lifecycle-with-go-console\/","title":{"rendered":"Life Fitness RS3 Lifecycle mit Go-Konsole"},"content":{"rendered":"<div class=\"product-attribute-container-desktop desktop-only\">\n<div class=\"additional-attributes-wrapper table-wrapper\">\n<h4>PRODUKTINFORMATION<\/h4>\n<div class=\"attributes-container\">\n<ul class=\"product-attributes-container\">\n<li><span class=\"specification-title\">Gewicht der Verpackung (KG):\u00a0<\/span><span class=\"specification-data\">84.000000<\/span><\/li>\n<li><span class=\"specification-title\">Leistung Methode:\u00a0<\/span><span class=\"specification-data\">Elektrisches Netz<\/span><\/li>\n<li><span class=\"specification-title\">Bluetooth:\u00a0<\/span><span class=\"specification-data\">Nein<\/span><\/li>\n<li><span class=\"specification-title\">Verstellbarkeit des Rahmens:\u00a0<\/span><span class=\"specification-data\">Vorw\u00e4rts und r\u00fcckw\u00e4rts satteln<\/span><\/li>\n<li><span class=\"specification-title\">Transport-R\u00e4der:\u00a0<\/span><span class=\"specification-data\">Ja<\/span><\/li>\n<li><span class=\"specification-title\">\u00dcberwachung der Herzfrequenz:\u00a0<\/span><span class=\"specification-data\">Analoge, eingebaute Sensoren<\/span><\/li>\n<li><span class=\"specification-title\">Eingebaute Programme:\u00a0<\/span><span class=\"specification-data\">13 voreingestellte Workouts: Manual, Random, Hill, EZ Resistance, Sport Training, Fat Burn, Cardio, Heart Rate Hill\u2122, Heart Rate Interval\u2122, Extreme Heart Rate\u2122, Calorie, Distance, Heart Rate mit Quick Start, Cool Down, Warm Up und Race Mode<\/span><\/li>\n<\/ul>\n<ul class=\"product-attributes-container\">\n<li><span class=\"specification-title\">Produktgewicht (KG):\u00a0<\/span><span class=\"specification-data\">70<\/span><\/li>\n<li><span class=\"specification-title\">Tablet-Halterung:\u00a0<\/span><span class=\"specification-data\">Ja<\/span><\/li>\n<li><span class=\"specification-title\">Pedale:\u00a0<\/span><span class=\"specification-data\">Riemen<\/span><\/li>\n<li><span class=\"specification-title\">Zyklus-Typ:\u00a0<\/span><span class=\"specification-data\">Liegerad<\/span><\/li>\n<li><span class=\"specification-title\">System des Widerstands:\u00a0<\/span><span class=\"specification-data\">B\u00fcrstenloser Generator<\/span><\/li>\n<li><span class=\"specification-title\">Maximales Benutzergewicht (kg):\u00a0<\/span><span class=\"specification-data\">182.00 (Kg)<\/span><\/li>\n<li><span class=\"specification-title\">Produktabmessungen (LxBxH):\u00a0<\/span><span class=\"specification-data\">164 x 69 x 131 cm<\/span><\/li>\n<\/ul>\n<\/div>\n<\/div>\n<\/div>\n<div class=\"product-features\">\n<h4>ZUS\u00c4TZLICHE EIGENSCHAFTEN<\/h4>\n<div class=\"more-container\">\n<div class=\"unshow-text\">\n<ul class=\"product-features-container\">\n<li><span class=\"specification-title\">Widerstandsf\u00e4higkeit:<\/span>\u00a0<span class=\"specification-data\">20 Stufen<\/span><\/li>\n<li><span class=\"specification-title\">Anzeige:<\/span>\u00a0<span class=\"specification-data\">4 x 6\u2033 LCD mit blauen und wei\u00dfen Zeichen und 16-Zeichen-Trainingsprofilanzeige<\/span><\/li>\n<li><span class=\"specification-title\">Konsole gehen:<\/span>\u00a0<span class=\"specification-data\">2 Benutzerprofile, 13 Workouts, 2 benutzerdefinierte Workouts<\/span><\/li>\n<li><span class=\"specification-title\">Feedback anzeigen:<\/span>\u00a0<span class=\"specification-data\">Kalorien, Entfernung, Geschwindigkeit (mph\/km\/h), Stufe, Zeit, Herzfrequenz, Zielherzfrequenz, METs<\/span><\/li>\n<li><span class=\"specification-title\">Benutzerdefinierte Workouts:<\/span>\u00a0<span class=\"specification-data\">1 pro Benutzerprofil<\/span><\/li>\n<li><span class=\"specification-title\">\u00dcberwachung der Herzfrequenz:<\/span>\u00a0<span class=\"specification-data\">Handsensoren am Lenker und kabelloser Brustgurt inklusive<\/span><\/li>\n<li><span class=\"specification-title\">Ergonomisch durchdachtes Design:<\/span>\u00a0<span class=\"specification-data\">F\u00fcr einfaches Ein- und Aussteigen<\/span><\/li>\n<li><span class=\"specification-title\">Reclining adjustable seat:<\/span>\u00a0<span class=\"specification-data\">13 Verstellm\u00f6glichkeiten mit atmungsaktivem Netzgewebe auf der R\u00fcckseite<\/span><\/li>\n<li><span class=\"specification-title\">Selbstbalancierende, rutschfeste Pedale:<\/span>\u00a0<span class=\"specification-data\">Mit Ratschengurten f\u00fcr einfache Einstellungen<\/span><\/li>\n<li><span class=\"specification-title\">Lenker:<\/span>\u00a0<span class=\"specification-data\">Deluxe two-grip front assist and side-mounted<\/span><\/li>\n<li><span class=\"specification-title\">Sonstiges:<\/span>\u00a0<span class=\"specification-data\">Energy Saver Mode, rear water bottle holder and accessory tray<\/span><\/li>\n<\/ul>\n<\/div>\n<\/div>\n<\/div>\n<div class=\"product-warranty\">\n<h4>GARANTIE<\/h4>\n<div class=\"text-container\"><strong>Verwendung zu Hause:<\/strong>\u00a010 Jahre auf den Rahmen, 5 Jahre auf den Motor, 3 Jahre auf Teile und Arbeit, 3 Monate auf kosmetische Teile.<\/div>\n<\/div>\n<div class=\"product-next-day\">\n<h4>EILZUSTELLUNG<\/h4>\n<div class=\"text-container\">F\u00fcr viele unserer Produkte gibt es Express- und Wunschtermin-Lieferoptionen, d.h. Sie erhalten Ihr Produkt schon morgen oder zu einem von Ihnen gew\u00e4hlten Termin. Bitte pr\u00fcfen Sie die Lieferoptionen an der Kasse, um die Verf\u00fcgbarkeit f\u00fcr Ihren Warenkorb und Ihre Postleitzahl zu sehen. Es gelten die Lieferbedingungen.<\/div>\n<\/div>","protected":false},"excerpt":{"rendered":"<p>The Lifecycle\u00ae RS3 Recumbent is another fantastic offering from the Life Fitness LifeCycle range. A home exercise bike built to rigorous health club quality standards, it effortlessly merges robustness with entertaining workout options to suit every fitness level. With key comfort features and incredibly quiet resistance up to 20 levels, there\u2019s no distraction so you can focus on your targets. Boasting a sleek, ergonomic step-through design with dual-grip front assist handlebar, it\u2019s so easy to get on and off the bike. You can also fine tune the bike \u2013 with 13 adjustments for the seat, there\u2019s an ideal position for you while the ergonomic mesh on the recliner seat keeps you cool and maximises your comfort so that you\u2019re all set for an effective workout. GO CONSOLE FEATURES The Go Console is easy to use but highly intuitive. All your essential workout feedback including distance, speed and calories is displayed via the large LCD display and includes simple quick keys including Quick Start, Warm Up and Cool Down. For motivation or a new challenge, take your pick from 13 built-in workout programmes including 5 advanced HeartSync\u2122 programmes and track your heart rate with the handlebar sensors or included wireless chest strap. There is also the option to create 2 user profiles allowing each user to set up their workout quickly, monitor their own progress and save one custom workout each. Also available with a Track+ console.<\/p>\n<div class=\"product-attribute-container-desktop desktop-only\">\n<div class=\"additional-attributes-wrapper table-wrapper\"><\/div>\n<\/div>","protected":false},"featured_media":672,"comment_status":"open","ping_status":"closed","template":"","meta":{"site-sidebar-layout":"default","site-content-layout":"","ast-site-content-layout":"default","site-content-style":"default","site-sidebar-style":"default","ast-global-header-display":"","ast-banner-title-visibility":"","ast-main-header-display":"","ast-hfb-above-header-display":"","ast-hfb-below-header-display":"","ast-hfb-mobile-header-display":"","site-post-title":"","ast-breadcrumbs-content":"","ast-featured-img":"","footer-sml-layout":"","theme-transparent-header-meta":"default","adv-header-id-meta":"","stick-header-meta":"","header-above-stick-meta":"","header-main-stick-meta":"","header-below-stick-meta":"","astra-migrate-meta-layouts":"set","ast-page-background-enabled":"default","ast-page-background-meta":{"desktop":{"background-color":"var(--ast-global-color-5)","background-image":"","background-repeat":"repeat","background-position":"center center","background-size":"auto","background-attachment":"scroll","background-type":"","background-media":"","overlay-type":"","overlay-color":"","overlay-opacity":"","overlay-gradient":""},"tablet":{"background-color":"","background-image":"","background-repeat":"repeat","background-position":"center center","background-size":"auto","background-attachment":"scroll","background-type":"","background-media":"","overlay-type":"","overlay-color":"","overlay-opacity":"","overlay-gradient":""},"mobile":{"background-color":"","background-image":"","background-repeat":"repeat","background-position":"center center","background-size":"auto","background-attachment":"scroll","background-type":"","background-media":"","overlay-type":"","overlay-color":"","overlay-opacity":"","overlay-gradient":""}},"ast-content-background-meta":{"desktop":{"background-color":"var(--ast-global-color-4)","background-image":"","background-repeat":"repeat","background-position":"center center","background-size":"auto","background-attachment":"scroll","background-type":"","background-media":"","overlay-type":"","overlay-color":"","overlay-opacity":"","overlay-gradient":""},"tablet":{"background-color":"var(--ast-global-color-4)","background-image":"","background-repeat":"repeat","background-position":"center center","background-size":"auto","background-attachment":"scroll","background-type":"","background-media":"","overlay-type":"","overlay-color":"","overlay-opacity":"","overlay-gradient":""},"mobile":{"background-color":"var(--ast-global-color-4)","background-image":"","background-repeat":"repeat","background-position":"center center","background-size":"auto","background-attachment":"scroll","background-type":"","background-media":"","overlay-type":"","overlay-color":"","overlay-opacity":"","overlay-gradient":""}}},"product_brand":[],"product_cat":[19],"product_tag":[22],"class_list":{"0":"post-669","1":"product","2":"type-product","3":"status-publish","4":"has-post-thumbnail","6":"product_cat-excise-bikes","7":"product_tag-exercise-bikes","8":"desktop-align-left","9":"tablet-align-left","10":"mobile-align-left","12":"first","13":"instock","14":"sale","15":"taxable","16":"shipping-taxable","17":"purchasable","18":"product-type-simple"},"_links":{"self":[{"href":"https:\/\/bestfitnessstore.com\/de\/wp-json\/wp\/v2\/product\/669","targetHints":{"allow":["GET"]}}],"collection":[{"href":"https:\/\/bestfitnessstore.com\/de\/wp-json\/wp\/v2\/product"}],"about":[{"href":"https:\/\/bestfitnessstore.com\/de\/wp-json\/wp\/v2\/types\/product"}],"replies":[{"embeddable":true,"href":"https:\/\/bestfitnessstore.com\/de\/wp-json\/wp\/v2\/comments?post=669"}],"wp:featuredmedia":[{"embeddable":true,"href":"https:\/\/bestfitnessstore.com\/de\/wp-json\/wp\/v2\/media\/672"}],"wp:attachment":[{"href":"https:\/\/bestfitnessstore.com\/de\/wp-json\/wp\/v2\/media?parent=669"}],"wp:term":[{"taxonomy":"product_brand","embeddable":true,"href":"https:\/\/bestfitnessstore.com\/de\/wp-json\/wp\/v2\/product_brand?post=669"},{"taxonomy":"product_cat","embeddable":true,"href":"https:\/\/bestfitnessstore.com\/de\/wp-json\/wp\/v2\/product_cat?post=669"},{"taxonomy":"product_tag","embeddable":true,"href":"https:\/\/bestfitnessstore.com\/de\/wp-json\/wp\/v2\/product_tag?post=669"}],"curies":[{"name":"wp","href":"https:\/\/api.w.org\/{rel}","templated":true}]}}