{"id":617,"date":"2025-11-22T09:05:43","date_gmt":"2025-11-22T09:05:43","guid":{"rendered":"https:\/\/bestfitnessstore.com\/?post_type=product&#038;p=617"},"modified":"2025-11-22T09:05:43","modified_gmt":"2025-11-22T09:05:43","slug":"kettler-cycle-m-heimtrainer","status":"publish","type":"product","link":"https:\/\/bestfitnessstore.com\/de\/product\/kettler-cycle-m-exercise-bike\/","title":{"rendered":"Kettler Cycle M Heimtrainer"},"content":{"rendered":"<div class=\"product-attribute-container-desktop desktop-only\">\n<div class=\"additional-attributes-wrapper table-wrapper\">\n<h4>PRODUKTINFORMATION<\/h4>\n<div class=\"attributes-container\">\n<ul class=\"product-attributes-container\">\n<li><span class=\"specification-title\">Gewicht der Verpackung (KG):\u00a0<\/span><span class=\"specification-data\">34.709999<\/span><\/li>\n<li><span class=\"specification-title\">Pedale:\u00a0<\/span><span class=\"specification-data\">Standard<\/span><\/li>\n<li><span class=\"specification-title\">Zyklus-Typ:\u00a0<\/span><span class=\"specification-data\">Aufrecht<\/span><\/li>\n<li><span class=\"specification-title\">Schwungrad Gewicht (KG):\u00a0<\/span><span class=\"specification-data\">6<\/span><\/li>\n<li><span class=\"specification-title\">Maximales Benutzergewicht (kg):\u00a0<\/span><span class=\"specification-data\">110.00 (Kg)<\/span><\/li>\n<\/ul>\n<ul class=\"product-attributes-container\">\n<li><span class=\"specification-title\">Leistung Methode:\u00a0<\/span><span class=\"specification-data\">Eigenstromversorgung<\/span><\/li>\n<li><span class=\"specification-title\">Verstellbarkeit des Rahmens:\u00a0<\/span><span class=\"specification-data\">Aufsatteln und absteigen<\/span><\/li>\n<li><span class=\"specification-title\">Transport-R\u00e4der:\u00a0<\/span><span class=\"specification-data\">Ja<\/span><\/li>\n<li><span class=\"specification-title\">\u00dcberwachung der Herzfrequenz:\u00a0<\/span><span class=\"specification-data\">Eingebaute Sensoren<\/span><\/li>\n<li><span class=\"specification-title\">Produktabmessungen (LxBxH):\u00a0<\/span><span class=\"specification-data\">80 x 60 x 144 cm<\/span><\/li>\n<\/ul>\n<\/div>\n<\/div>\n<\/div>\n<div class=\"product-features\">\n<h4>ZUS\u00c4TZLICHE EIGENSCHAFTEN<\/h4>\n<div class=\"more-container\">\n<div class=\"unshow-text\">\n<ul class=\"product-features-container\">\n<li><span class=\"specification-title\">Manuelles Bremssystem:<\/span>\u00a0<span class=\"specification-data\">8 Stufen des Widerstands<\/span><\/li>\n<li><span class=\"specification-title\">Schwungrad:<\/span>\u00a0<span class=\"specification-data\">6kg<\/span><\/li>\n<li><span class=\"specification-title\">Anzeige:<\/span>\u00a0<span class=\"specification-data\">Kontinuierliche Anzeige von 7 Funktionen einschlie\u00dflich Leistungsprofil<\/span><\/li>\n<li><span class=\"specification-title\">Visueller Alarm:<\/span>\u00a0<span class=\"specification-data\">Bei \u00dcberschreitung der maximalen Pulsfrequenz<\/span><\/li>\n<li><span class=\"specification-title\">Vertikale Sitzverstellung:<\/span>\u00a0<span class=\"specification-data\">Finden Sie leicht die richtige Sitzposition<\/span><\/li>\n<li><span class=\"specification-title\">Schwei\u00dfresistente Tasten:<\/span>\u00a0<span class=\"specification-data\">Wechseln Sie Ihr Workout unterwegs ab<\/span><\/li>\n<li><span class=\"specification-title\">Pedale:<\/span>\u00a0<span class=\"specification-data\">Ausbalanciert f\u00fcr optimalen Halt<\/span><\/li>\n<li><span class=\"specification-title\">Lenker:<\/span>\u00a0<span class=\"specification-data\">Mit integrierten Pulssensoren<\/span><\/li>\n<li><span class=\"specification-title\">Farbe:<\/span>\u00a0<span class=\"specification-data\">Hell- und Dunkelgrau<\/span><\/li>\n<\/ul>\n<\/div>\n<\/div>\n<\/div>\n<div class=\"product-warranty\">\n<h4>GARANTIE<\/h4>\n<div class=\"text-container\"><strong>Verwendung zu Hause:<\/strong>\u00a03 Jahre Garantie auf Teile und Arbeit (nur Herstellungsfehler). Kettler empfiehlt nicht, die Ger\u00e4te in R\u00e4umen aufzustellen, die keine geregelte Temperatur und Luftfeuchtigkeit haben. Andernfalls erlischt die Garantie (z. B. wenn das Ger\u00e4t in einer Garage, einem Wintergarten, einem Schuppen oder einem Keller aufgestellt wird).<\/div>\n<\/div>\n<div class=\"product-next-day\">\n<h4>EILZUSTELLUNG<\/h4>\n<div class=\"text-container\">F\u00fcr viele unserer Produkte gibt es Express- und Wunschtermin-Lieferoptionen, d.h. Sie erhalten Ihr Produkt schon morgen oder zu einem von Ihnen gew\u00e4hlten Termin. Bitte pr\u00fcfen Sie die Lieferoptionen an der Kasse, um die Verf\u00fcgbarkeit f\u00fcr Ihren Warenkorb und Ihre Postleitzahl zu sehen. Es gelten die Lieferbedingungen.<\/div>\n<\/div>","protected":false},"excerpt":{"rendered":"<p>Der Kettler Cycle M Heimtrainer bietet dank seiner 6 kg schweren Schwungscheibe ein sanftes, nat\u00fcrliches Fahrgef\u00fchl und verf\u00fcgt \u00fcber ein manuelles Bremssystem mit 8 Widerstandsstufen. Der integrierte Computer zeigt 7 Funktionen inklusive Leistungsprofil kontinuierlich an und verf\u00fcgt \u00fcber schwei\u00dfresistente Tasten zum Wechseln des Trainings w\u00e4hrend der Fahrt. Am Lenker befinden sich Pulsmesser zur Messung der Herzfrequenz und bei \u00dcberschreitung des Maximalpulses erscheint ein optischer Alarm auf der Konsole. Der h\u00f6henverstellbare Sitz des Kettler Cycle M macht es Ihnen leicht, Ihre ideale Sitzposition zu finden, und die ausbalancierten Pedale sorgen f\u00fcr eine optimale Fu\u00dfstellung. An der Vorderseite des Rades befinden sich Transportr\u00e4der, an der R\u00fcckseite ist es h\u00f6henverstellbar.<\/p>\n<div class=\"product-attribute-container-desktop desktop-only\">\n<div class=\"additional-attributes-wrapper table-wrapper\"><\/div>\n<\/div>","protected":false},"featured_media":618,"comment_status":"open","ping_status":"closed","template":"","meta":{"site-sidebar-layout":"default","site-content-layout":"","ast-site-content-layout":"default","site-content-style":"default","site-sidebar-style":"default","ast-global-header-display":"","ast-banner-title-visibility":"","ast-main-header-display":"","ast-hfb-above-header-display":"","ast-hfb-below-header-display":"","ast-hfb-mobile-header-display":"","site-post-title":"","ast-breadcrumbs-content":"","ast-featured-img":"","footer-sml-layout":"","theme-transparent-header-meta":"default","adv-header-id-meta":"","stick-header-meta":"","header-above-stick-meta":"","header-main-stick-meta":"","header-below-stick-meta":"","astra-migrate-meta-layouts":"set","ast-page-background-enabled":"default","ast-page-background-meta":{"desktop":{"background-color":"var(--ast-global-color-5)","background-image":"","background-repeat":"repeat","background-position":"center center","background-size":"auto","background-attachment":"scroll","background-type":"","background-media":"","overlay-type":"","overlay-color":"","overlay-opacity":"","overlay-gradient":""},"tablet":{"background-color":"","background-image":"","background-repeat":"repeat","background-position":"center center","background-size":"auto","background-attachment":"scroll","background-type":"","background-media":"","overlay-type":"","overlay-color":"","overlay-opacity":"","overlay-gradient":""},"mobile":{"background-color":"","background-image":"","background-repeat":"repeat","background-position":"center center","background-size":"auto","background-attachment":"scroll","background-type":"","background-media":"","overlay-type":"","overlay-color":"","overlay-opacity":"","overlay-gradient":""}},"ast-content-background-meta":{"desktop":{"background-color":"var(--ast-global-color-4)","background-image":"","background-repeat":"repeat","background-position":"center center","background-size":"auto","background-attachment":"scroll","background-type":"","background-media":"","overlay-type":"","overlay-color":"","overlay-opacity":"","overlay-gradient":""},"tablet":{"background-color":"var(--ast-global-color-4)","background-image":"","background-repeat":"repeat","background-position":"center center","background-size":"auto","background-attachment":"scroll","background-type":"","background-media":"","overlay-type":"","overlay-color":"","overlay-opacity":"","overlay-gradient":""},"mobile":{"background-color":"var(--ast-global-color-4)","background-image":"","background-repeat":"repeat","background-position":"center center","background-size":"auto","background-attachment":"scroll","background-type":"","background-media":"","overlay-type":"","overlay-color":"","overlay-opacity":"","overlay-gradient":""}}},"product_brand":[],"product_cat":[19],"product_tag":[22],"class_list":{"0":"post-617","1":"product","2":"type-product","3":"status-publish","4":"has-post-thumbnail","6":"product_cat-excise-bikes","7":"product_tag-exercise-bikes","8":"desktop-align-left","9":"tablet-align-left","10":"mobile-align-left","12":"first","13":"instock","14":"sale","15":"taxable","16":"shipping-taxable","17":"purchasable","18":"product-type-simple"},"_links":{"self":[{"href":"https:\/\/bestfitnessstore.com\/de\/wp-json\/wp\/v2\/product\/617","targetHints":{"allow":["GET"]}}],"collection":[{"href":"https:\/\/bestfitnessstore.com\/de\/wp-json\/wp\/v2\/product"}],"about":[{"href":"https:\/\/bestfitnessstore.com\/de\/wp-json\/wp\/v2\/types\/product"}],"replies":[{"embeddable":true,"href":"https:\/\/bestfitnessstore.com\/de\/wp-json\/wp\/v2\/comments?post=617"}],"wp:featuredmedia":[{"embeddable":true,"href":"https:\/\/bestfitnessstore.com\/de\/wp-json\/wp\/v2\/media\/618"}],"wp:attachment":[{"href":"https:\/\/bestfitnessstore.com\/de\/wp-json\/wp\/v2\/media?parent=617"}],"wp:term":[{"taxonomy":"product_brand","embeddable":true,"href":"https:\/\/bestfitnessstore.com\/de\/wp-json\/wp\/v2\/product_brand?post=617"},{"taxonomy":"product_cat","embeddable":true,"href":"https:\/\/bestfitnessstore.com\/de\/wp-json\/wp\/v2\/product_cat?post=617"},{"taxonomy":"product_tag","embeddable":true,"href":"https:\/\/bestfitnessstore.com\/de\/wp-json\/wp\/v2\/product_tag?post=617"}],"curies":[{"name":"wp","href":"https:\/\/api.w.org\/{rel}","templated":true}]}}