{"id":522,"date":"2025-11-17T05:19:24","date_gmt":"2025-11-17T05:19:24","guid":{"rendered":"https:\/\/bestfitnessstore.com\/?post_type=product&#038;p=522"},"modified":"2025-11-17T05:19:24","modified_gmt":"2025-11-17T05:19:24","slug":"shua-x5-b6500e-crosstrainer-elliptisch","status":"publish","type":"product","link":"https:\/\/bestfitnessstore.com\/de\/product\/shua-x5-b6500e-elliptical-cross-trainer\/","title":{"rendered":"SHUA X5 B6500E Elliptischer Crosstrainer"},"content":{"rendered":"<div id=\"fullDescription\" class=\"full-description\">\n<div class=\"text-container\">\n<div id=\"fullDescription\" class=\"full-description\">\n<div class=\"text-container\">\n<div class=\"product-attribute-container-desktop desktop-only\">\n<div class=\"additional-attributes-wrapper table-wrapper\">\n<h4>PRODUKTINFORMATION<\/h4>\n<div class=\"attributes-container\">\n<ul class=\"product-attributes-container\">\n<li><span class=\"specification-title\">Gewicht der Verpackung (KG):\u00a0<\/span><span class=\"specification-data\">113.250000<\/span><\/li>\n<li><span class=\"specification-title\">Leistung Methode:\u00a0<\/span><span class=\"specification-data\">Elektrisches Netz<\/span><\/li>\n<li><span class=\"specification-title\">Position des Schwungrads:\u00a0<\/span><span class=\"specification-data\">Vorderseite<\/span><\/li>\n<li><span class=\"specification-title\">Schrittl\u00e4nge:\u00a0<\/span><span class=\"specification-data\">50.80<\/span><\/li>\n<li><span class=\"specification-title\">Maximales Benutzergewicht (kg):\u00a0<\/span><span class=\"specification-data\">150.00 (Kg)<\/span><\/li>\n<\/ul>\n<ul class=\"product-attributes-container\">\n<li><span class=\"specification-title\">Produktgewicht (KG):\u00a0<\/span><span class=\"specification-data\">113<\/span><\/li>\n<li><span class=\"specification-title\">Transport-R\u00e4der:\u00a0<\/span><span class=\"specification-data\">Ja<\/span><\/li>\n<li><span class=\"specification-title\">Schwungrad Gewicht (KG):\u00a0<\/span><span class=\"specification-data\">10<\/span><\/li>\n<li><span class=\"specification-title\">\u00dcberwachung der Herzfrequenz:\u00a0<\/span><span class=\"specification-data\">Eingebaute Sensoren<\/span><\/li>\n<li><span class=\"specification-title\">Produktabmessungen (LxBxH):\u00a0<\/span><span class=\"specification-data\">172,10 x 72,50 x 163,80 cm<\/span><\/li>\n<\/ul>\n<\/div>\n<\/div>\n<\/div>\n<div class=\"product-features\">\n<h4>ZUS\u00c4TZLICHE EIGENSCHAFTEN<\/h4>\n<div class=\"more-container\">\n<div class=\"unshow-text\">\n<ul class=\"product-features-container\">\n<li><span class=\"specification-title\">Konsole:<\/span>\u00a0<span class=\"specification-data\">7\u201d LCD<\/span><\/li>\n<li><span class=\"specification-title\">Schwungrad:<\/span>\u00a0<span class=\"specification-data\">10 kg elektromagnetisches Zwei-Wege-Schwungrad<\/span><\/li>\n<li><span class=\"specification-title\">Widerstandsniveaus:<\/span>\u00a0<span class=\"specification-data\">24<\/span><\/li>\n<li><span class=\"specification-title\">Steigungsstufen:<\/span>\u00a0<span class=\"specification-data\">3 - 5\u00b0, 10\u00b0 und 15\u00b0<\/span><\/li>\n<li><span class=\"specification-title\">\u00dcberdimensionierte Pedale:<\/span>\u00a0<span class=\"specification-data\">Ultrabreit und gepolstert<\/span><\/li>\n<li><span class=\"specification-title\">Lenker:<\/span>\u00a0<span class=\"specification-data\">Handpulssensoren<\/span><\/li>\n<\/ul>\n<\/div>\n<\/div>\n<\/div>\n<div class=\"product-warranty\">\n<h4>GARANTIE<\/h4>\n<div class=\"text-container\"><strong>Privater Gebrauch und leichte gewerbliche Nutzung:<\/strong>\u00a03 Jahre auf Teile und Arbeit f\u00fcr den Heimgebrauch, 1 Jahr f\u00fcr leichte gewerbliche Umgebungen. Die Garantie deckt keine Sch\u00e4den oder Ausf\u00e4lle ab, die auf einen unsachgem\u00e4\u00dfen Standort zur\u00fcckzuf\u00fchren sind, einschlie\u00dflich, aber nicht beschr\u00e4nkt auf feuchte, staubige oder Au\u00dfenumgebungen. Zum Beispiel: Garagen und Keller usw.<\/div>\n<\/div>\n<div class=\"product-next-day\">\n<h4>EILZUSTELLUNG<\/h4>\n<div class=\"text-container\">F\u00fcr viele unserer Produkte gibt es Express- und Wunschtermin-Lieferoptionen, d.h. Sie erhalten Ihr Produkt schon morgen oder zu einem von Ihnen gew\u00e4hlten Termin. Bitte pr\u00fcfen Sie die Lieferoptionen an der Kasse, um die Verf\u00fcgbarkeit f\u00fcr Ihren Warenkorb und Ihre Postleitzahl zu sehen. Es gelten die Lieferbedingungen.<\/div>\n<\/div>\n<\/div>\n<\/div>\n<\/div>\n<\/div>","protected":false},"excerpt":{"rendered":"<div id=\"fullDescription\" class=\"full-description\">\n<div class=\"text-container\">Der SHUA X5 B6500E Elliptical Crosstrainer verf\u00fcgt \u00fcber ein 10 kg schweres elektromagnetisches Zwei-Wege-Schwungrad, das in Kombination mit der nat\u00fcrlichen Schrittl\u00e4nge von 20\u201d f\u00fcr ein sanftes und komfortables Trainingserlebnis bei jedem Schritt sorgt. Es gibt 24 elektromagnetische Widerstandsstufen mit pr\u00e4zisen und feinf\u00fchligen Einstellungen und ohne Reibungsverlust. Die Intensit\u00e4t kann mit der manuellen Neigungsverstellung des B6500E weiter erh\u00f6ht werden. Mit dem Griff zwischen den Pedalen kann der Benutzer die Rampe auf 5\u00b0, 10\u00b0 oder 15\u00b0 einstellen, um ein Training am Berg zu simulieren. Das 7-Zoll-LCD-Display zeigt alle wichtigen Daten an und verf\u00fcgt \u00fcber integrierte Stereolautsprecher und einen gro\u00dfen Ventilator. Es gibt eine Auswahl an integrierten Trainingseinheiten und eine manuelle Option f\u00fcr den Fall, dass Sie einfach nur aufsteigen und sich bewegen m\u00f6chten. Die beweglichen Griffe bringen Ihren Oberk\u00f6rper in Schwung, w\u00e4hrend ein Paar statische Griffe mit Handpulssensoren f\u00fcr genaue Herzfrequenzmessungen ausgestattet sind. Das B6500E verf\u00fcgt \u00fcber ultrabreite Pedale, die f\u00fcr verschiedene Schuhgr\u00f6\u00dfen geeignet sind und durch eine EVA-D\u00e4mpfungsschicht erg\u00e4nzt werden, die die Gelenke schont.&nbsp;<\/p>\n<\/div>\n<\/div>\n<div class=\"product-attribute-container-desktop desktop-only\">\n<div class=\"additional-attributes-wrapper table-wrapper\"><\/div>\n<\/div>","protected":false},"featured_media":524,"comment_status":"open","ping_status":"closed","template":"","meta":{"site-sidebar-layout":"default","site-content-layout":"","ast-site-content-layout":"default","site-content-style":"default","site-sidebar-style":"default","ast-global-header-display":"","ast-banner-title-visibility":"","ast-main-header-display":"","ast-hfb-above-header-display":"","ast-hfb-below-header-display":"","ast-hfb-mobile-header-display":"","site-post-title":"","ast-breadcrumbs-content":"","ast-featured-img":"","footer-sml-layout":"","theme-transparent-header-meta":"default","adv-header-id-meta":"","stick-header-meta":"","header-above-stick-meta":"","header-main-stick-meta":"","header-below-stick-meta":"","astra-migrate-meta-layouts":"set","ast-page-background-enabled":"default","ast-page-background-meta":{"desktop":{"background-color":"var(--ast-global-color-5)","background-image":"","background-repeat":"repeat","background-position":"center center","background-size":"auto","background-attachment":"scroll","background-type":"","background-media":"","overlay-type":"","overlay-color":"","overlay-opacity":"","overlay-gradient":""},"tablet":{"background-color":"","background-image":"","background-repeat":"repeat","background-position":"center center","background-size":"auto","background-attachment":"scroll","background-type":"","background-media":"","overlay-type":"","overlay-color":"","overlay-opacity":"","overlay-gradient":""},"mobile":{"background-color":"","background-image":"","background-repeat":"repeat","background-position":"center center","background-size":"auto","background-attachment":"scroll","background-type":"","background-media":"","overlay-type":"","overlay-color":"","overlay-opacity":"","overlay-gradient":""}},"ast-content-background-meta":{"desktop":{"background-color":"var(--ast-global-color-4)","background-image":"","background-repeat":"repeat","background-position":"center center","background-size":"auto","background-attachment":"scroll","background-type":"","background-media":"","overlay-type":"","overlay-color":"","overlay-opacity":"","overlay-gradient":""},"tablet":{"background-color":"var(--ast-global-color-4)","background-image":"","background-repeat":"repeat","background-position":"center center","background-size":"auto","background-attachment":"scroll","background-type":"","background-media":"","overlay-type":"","overlay-color":"","overlay-opacity":"","overlay-gradient":""},"mobile":{"background-color":"var(--ast-global-color-4)","background-image":"","background-repeat":"repeat","background-position":"center center","background-size":"auto","background-attachment":"scroll","background-type":"","background-media":"","overlay-type":"","overlay-color":"","overlay-opacity":"","overlay-gradient":""}}},"product_brand":[],"product_cat":[18],"product_tag":[23],"class_list":{"0":"post-522","1":"product","2":"type-product","3":"status-publish","4":"has-post-thumbnail","6":"product_cat-cross-trainers","7":"product_tag-cross-trainers","8":"desktop-align-left","9":"tablet-align-left","10":"mobile-align-left","12":"first","13":"instock","14":"sale","15":"taxable","16":"shipping-taxable","17":"purchasable","18":"product-type-simple"},"_links":{"self":[{"href":"https:\/\/bestfitnessstore.com\/de\/wp-json\/wp\/v2\/product\/522","targetHints":{"allow":["GET"]}}],"collection":[{"href":"https:\/\/bestfitnessstore.com\/de\/wp-json\/wp\/v2\/product"}],"about":[{"href":"https:\/\/bestfitnessstore.com\/de\/wp-json\/wp\/v2\/types\/product"}],"replies":[{"embeddable":true,"href":"https:\/\/bestfitnessstore.com\/de\/wp-json\/wp\/v2\/comments?post=522"}],"wp:featuredmedia":[{"embeddable":true,"href":"https:\/\/bestfitnessstore.com\/de\/wp-json\/wp\/v2\/media\/524"}],"wp:attachment":[{"href":"https:\/\/bestfitnessstore.com\/de\/wp-json\/wp\/v2\/media?parent=522"}],"wp:term":[{"taxonomy":"product_brand","embeddable":true,"href":"https:\/\/bestfitnessstore.com\/de\/wp-json\/wp\/v2\/product_brand?post=522"},{"taxonomy":"product_cat","embeddable":true,"href":"https:\/\/bestfitnessstore.com\/de\/wp-json\/wp\/v2\/product_cat?post=522"},{"taxonomy":"product_tag","embeddable":true,"href":"https:\/\/bestfitnessstore.com\/de\/wp-json\/wp\/v2\/product_tag?post=522"}],"curies":[{"name":"wp","href":"https:\/\/api.w.org\/{rel}","templated":true}]}}