{"id":518,"date":"2025-11-17T05:16:19","date_gmt":"2025-11-17T05:16:19","guid":{"rendered":"https:\/\/bestfitnessstore.com\/?post_type=product&#038;p=518"},"modified":"2025-11-17T05:16:19","modified_gmt":"2025-11-17T05:16:19","slug":"shua-v8-e800-elliptischer-cross-trainer","status":"publish","type":"product","link":"https:\/\/bestfitnessstore.com\/de\/product\/shua-v8-e800-elliptical-cross-trainer\/","title":{"rendered":"SHUA V8 E800 Elliptischer Crosstrainer"},"content":{"rendered":"<div class=\"product-attribute-container-desktop desktop-only\">\n<div class=\"additional-attributes-wrapper table-wrapper\">\n<h4>PRODUKTINFORMATION<\/h4>\n<div class=\"attributes-container\">\n<ul class=\"product-attributes-container\">\n<li><span class=\"specification-title\">Gewicht der Verpackung (KG):\u00a0<\/span><span class=\"specification-data\">162.000000<\/span><\/li>\n<li><span class=\"specification-title\">Leistung Methode:\u00a0<\/span><span class=\"specification-data\">Eigenstromversorgung<\/span><\/li>\n<li><span class=\"specification-title\">Schwungrad Gewicht (KG):\u00a0<\/span><span class=\"specification-data\">12<\/span><\/li>\n<li><span class=\"specification-title\">\u00dcberwachung der Herzfrequenz:\u00a0<\/span><span class=\"specification-data\">Eingebaute Sensoren<\/span><\/li>\n<li><span class=\"specification-title\">Eingebaute Programme:\u00a0<\/span><span class=\"specification-data\">Konstante Wattzahl, Intervall, Fettverbrennung, Kardio<\/span><\/li>\n<li><span class=\"specification-title\">Abmessungen der Box (LxBxH):\u00a0<\/span><span class=\"specification-data\">200 x 66 x 101,50 cm<\/span><\/li>\n<\/ul>\n<ul class=\"product-attributes-container\">\n<li><span class=\"specification-title\">Produktgewicht (KG):\u00a0<\/span><span class=\"specification-data\">130<\/span><\/li>\n<li><span class=\"specification-title\">Position des Schwungrads:\u00a0<\/span><span class=\"specification-data\">Vorderseite<\/span><\/li>\n<li><span class=\"specification-title\">Schrittl\u00e4nge:\u00a0<\/span><span class=\"specification-data\">51<\/span><\/li>\n<li><span class=\"specification-title\">Maximales Benutzergewicht (kg):\u00a0<\/span><span class=\"specification-data\">160.00 (Kg)<\/span><\/li>\n<li><span class=\"specification-title\">Produktabmessungen (LxBxH):\u00a0<\/span><span class=\"specification-data\">190 x 86 x 177,70 cm<\/span><\/li>\n<\/ul>\n<\/div>\n<\/div>\n<\/div>\n<div class=\"product-features\">\n<h4>ZUS\u00c4TZLICHE EIGENSCHAFTEN<\/h4>\n<div class=\"more-container\">\n<div class=\"unshow-text\">\n<ul class=\"product-features-container\">\n<li><span class=\"specification-title\">Anzeige:<\/span>\u00a0<span class=\"specification-data\">15\u201d LED<\/span><\/li>\n<li><span class=\"specification-title\">SEEC-Antriebssystem:<\/span>\u00a0<span class=\"specification-data\">Selbsterzeugend<\/span><\/li>\n<li><span class=\"specification-title\">Widerstandsniveaus:<\/span>\u00a0<span class=\"specification-data\">32<\/span><\/li>\n<li><span class=\"specification-title\">Lenker:<\/span>\u00a0<span class=\"specification-data\">Handpulssensoren; integrierte Widerstandskontrollen<\/span><\/li>\n<li><span class=\"specification-title\">Gepolsterte Pedale:<\/span>\u00a0<span class=\"specification-data\">Entwickelt, um den Druck auf die Gelenke zu verringern<\/span><\/li>\n<\/ul>\n<\/div>\n<\/div>\n<\/div>\n<div class=\"product-warranty\">\n<h4>GARANTIE<\/h4>\n<div class=\"text-container\"><strong>Privathaushalt und leichte\/vollst\u00e4ndige gewerbliche Nutzung:<\/strong>\u00a0Heimgebrauch: Rahmen - lebenslang, Teile - 5 Jahre, Motoren - 10 Jahre, Arbeit - 3 Jahre. Leichte gewerbliche Nutzung: Rahmen - 1 Jahr, Teile - 1 Jahr, Motoren - 1 Jahr, Arbeitsleistung - 1 Jahr. Wenn Ihr Produkt in einer voll kommerziellen Umgebung eingesetzt werden soll, erwerben Sie bitte das SHUA Full Commercial Warranty Upgrade, um sicherzustellen, dass Ihr Produkt abgedeckt ist. Leicht kommerzielle Umgebungen werden als Umgebungen mit geringer Nutzung angesehen, in denen Maschinen und Ger\u00e4te zwischen 3 und 5 Stunden pro Tag in professionellen oder unternehmerischen Umgebungen wie z.B. P.T.-Studios, Firmen-\/Betriebsturnhallen, Schulen und Hochschulen (zu denen nur Mitarbeiter und Studenten Zugang haben) verwendet werden. Als voll kommerzielle Umgebungen gelten Orte, an denen die Nutzung viel h\u00f6her ist und die Ger\u00e4te mehr als 5 Stunden pro Tag genutzt werden. Zum Beispiel gro\u00dfe Unternehmensturnhallen, Universit\u00e4ts-, Hochschul- und Schulturnhallen (mit \u00f6ffentlichem Zugang) und Hotelturnhallen mit externen Mitgliedschaften.<\/div>\n<\/div>","protected":false},"excerpt":{"rendered":"<div id=\"fullDescription\" class=\"full-description\">\n<div class=\"text-container\">Der SHUA E800 Elliptical Cross Trainer ist ein hochleistungsf\u00e4higes Ger\u00e4t, das sich in kommerziellen Fitnessstudios hervorragend bew\u00e4hrt. Er ist mit einem SEEC-Antriebssystem ausgestattet, das allein durch die Bewegung des Benutzers die doppelte Leistung erzeugt, so dass man keinen Platz zum Anschlie\u00dfen des Ger\u00e4ts finden muss. Vier Laufschienen aus Aluminiumlegierung sorgen f\u00fcr einen gleichm\u00e4\u00dfigen Tritt, das vordere Schwungrad wiegt 12 kg, und auch der Pedalabstand ist optimiert. Die Pedale sind au\u00dferdem mit einer d\u00e4mpfenden EVA-Schicht ausgestattet, die den Druck auf die Gelenke verringert und das Verletzungsrisiko reduziert. Das magnetische Widerstandssystem des E800 verf\u00fcgt \u00fcber 32 verschiedene Einstellungen, die sich f\u00fcr eine Vielzahl von Trainingsintensit\u00e4ten eignen. Der Widerstand kann \u00fcber die Bedienelemente an den statischen Griffen eingestellt werden, die auch \u00fcber Handpulssensoren zur \u00dcberwachung der Herzfrequenz verf\u00fcgen. Der E800 verf\u00fcgt au\u00dferdem \u00fcber bewegliche Griffe, die eine Reihe von Griffpositionen bieten, um Ihren Oberk\u00f6rper zu trainieren. Auf dem 15-Zoll-LED-Display k\u00f6nnen die Benutzer ihre Zeit, Entfernung und andere Statistiken ablesen. Es bietet au\u00dferdem schnellen Zugriff auf eine Reihe von voreingestellten Trainingsprogrammen, darunter der Konstant-Watt-Modus, der Intervall-Modus, der Fettverbrennungs-Modus und der Cardio-Modus. Die Konsole verf\u00fcgt auch \u00fcber Widerstandskurztasten f\u00fcr schnellere \u00c4nderungen w\u00e4hrend des Trainings.&nbsp;<\/p>\n<\/div>\n<\/div>\n<div class=\"product-attribute-container-desktop desktop-only\">\n<div class=\"additional-attributes-wrapper table-wrapper\"><\/div>\n<\/div>","protected":false},"featured_media":520,"comment_status":"open","ping_status":"closed","template":"","meta":{"site-sidebar-layout":"default","site-content-layout":"","ast-site-content-layout":"default","site-content-style":"default","site-sidebar-style":"default","ast-global-header-display":"","ast-banner-title-visibility":"","ast-main-header-display":"","ast-hfb-above-header-display":"","ast-hfb-below-header-display":"","ast-hfb-mobile-header-display":"","site-post-title":"","ast-breadcrumbs-content":"","ast-featured-img":"","footer-sml-layout":"","theme-transparent-header-meta":"default","adv-header-id-meta":"","stick-header-meta":"","header-above-stick-meta":"","header-main-stick-meta":"","header-below-stick-meta":"","astra-migrate-meta-layouts":"set","ast-page-background-enabled":"default","ast-page-background-meta":{"desktop":{"background-color":"var(--ast-global-color-5)","background-image":"","background-repeat":"repeat","background-position":"center center","background-size":"auto","background-attachment":"scroll","background-type":"","background-media":"","overlay-type":"","overlay-color":"","overlay-opacity":"","overlay-gradient":""},"tablet":{"background-color":"","background-image":"","background-repeat":"repeat","background-position":"center center","background-size":"auto","background-attachment":"scroll","background-type":"","background-media":"","overlay-type":"","overlay-color":"","overlay-opacity":"","overlay-gradient":""},"mobile":{"background-color":"","background-image":"","background-repeat":"repeat","background-position":"center center","background-size":"auto","background-attachment":"scroll","background-type":"","background-media":"","overlay-type":"","overlay-color":"","overlay-opacity":"","overlay-gradient":""}},"ast-content-background-meta":{"desktop":{"background-color":"var(--ast-global-color-4)","background-image":"","background-repeat":"repeat","background-position":"center center","background-size":"auto","background-attachment":"scroll","background-type":"","background-media":"","overlay-type":"","overlay-color":"","overlay-opacity":"","overlay-gradient":""},"tablet":{"background-color":"var(--ast-global-color-4)","background-image":"","background-repeat":"repeat","background-position":"center center","background-size":"auto","background-attachment":"scroll","background-type":"","background-media":"","overlay-type":"","overlay-color":"","overlay-opacity":"","overlay-gradient":""},"mobile":{"background-color":"var(--ast-global-color-4)","background-image":"","background-repeat":"repeat","background-position":"center center","background-size":"auto","background-attachment":"scroll","background-type":"","background-media":"","overlay-type":"","overlay-color":"","overlay-opacity":"","overlay-gradient":""}}},"product_brand":[],"product_cat":[18],"product_tag":[23],"class_list":{"0":"post-518","1":"product","2":"type-product","3":"status-publish","4":"has-post-thumbnail","6":"product_cat-cross-trainers","7":"product_tag-cross-trainers","8":"desktop-align-left","9":"tablet-align-left","10":"mobile-align-left","12":"first","13":"instock","14":"sale","15":"taxable","16":"shipping-taxable","17":"purchasable","18":"product-type-simple"},"_links":{"self":[{"href":"https:\/\/bestfitnessstore.com\/de\/wp-json\/wp\/v2\/product\/518","targetHints":{"allow":["GET"]}}],"collection":[{"href":"https:\/\/bestfitnessstore.com\/de\/wp-json\/wp\/v2\/product"}],"about":[{"href":"https:\/\/bestfitnessstore.com\/de\/wp-json\/wp\/v2\/types\/product"}],"replies":[{"embeddable":true,"href":"https:\/\/bestfitnessstore.com\/de\/wp-json\/wp\/v2\/comments?post=518"}],"wp:featuredmedia":[{"embeddable":true,"href":"https:\/\/bestfitnessstore.com\/de\/wp-json\/wp\/v2\/media\/520"}],"wp:attachment":[{"href":"https:\/\/bestfitnessstore.com\/de\/wp-json\/wp\/v2\/media?parent=518"}],"wp:term":[{"taxonomy":"product_brand","embeddable":true,"href":"https:\/\/bestfitnessstore.com\/de\/wp-json\/wp\/v2\/product_brand?post=518"},{"taxonomy":"product_cat","embeddable":true,"href":"https:\/\/bestfitnessstore.com\/de\/wp-json\/wp\/v2\/product_cat?post=518"},{"taxonomy":"product_tag","embeddable":true,"href":"https:\/\/bestfitnessstore.com\/de\/wp-json\/wp\/v2\/product_tag?post=518"}],"curies":[{"name":"wp","href":"https:\/\/api.w.org\/{rel}","templated":true}]}}