{"id":513,"date":"2025-11-17T05:13:49","date_gmt":"2025-11-17T05:13:49","guid":{"rendered":"https:\/\/bestfitnessstore.com\/?post_type=product&#038;p=513"},"modified":"2025-11-17T05:13:49","modified_gmt":"2025-11-17T05:13:49","slug":"shua-s2-b9100e-elliptischer-crosstrainer-mit-led-konsole","status":"publish","type":"product","link":"https:\/\/bestfitnessstore.com\/de\/product\/shua-s2-b9100e-elliptical-cross-trainer-with-led-console\/","title":{"rendered":"SHUA S2 B9100E Elliptischer Crosstrainer mit LED-Konsole"},"content":{"rendered":"<div class=\"product-attribute-container-desktop desktop-only\">\n<div class=\"additional-attributes-wrapper table-wrapper\">\n<h4>PRODUKTINFORMATION<\/h4>\n<div class=\"attributes-container\">\n<ul class=\"product-attributes-container\">\n<li><span class=\"specification-title\">Gewicht der Verpackung (KG):\u00a0<\/span><span class=\"specification-data\">252.000000<\/span><\/li>\n<li><span class=\"specification-title\">Leistung Methode:\u00a0<\/span><span class=\"specification-data\">Eigenstromversorgung<\/span><\/li>\n<li><span class=\"specification-title\">Schwungrad Gewicht (KG):\u00a0<\/span><span class=\"specification-data\">14<\/span><\/li>\n<li><span class=\"specification-title\">\u00dcberwachung der Herzfrequenz:\u00a0<\/span><span class=\"specification-data\">Eingebaute Sensoren<\/span><\/li>\n<li><span class=\"specification-title\">Eingebaute Programme:\u00a0<\/span><span class=\"specification-data\">Konstantes Watt, Intervall, Fettverbrennung, Kardio<\/span><\/li>\n<\/ul>\n<ul class=\"product-attributes-container\">\n<li><span class=\"specification-title\">Produktgewicht (KG):\u00a0<\/span><span class=\"specification-data\">188<\/span><\/li>\n<li><span class=\"specification-title\">Position des Schwungrads:\u00a0<\/span><span class=\"specification-data\">Vorderseite<\/span><\/li>\n<li><span class=\"specification-title\">Schrittl\u00e4nge:\u00a0<\/span><span class=\"specification-data\">50.80<\/span><\/li>\n<li><span class=\"specification-title\">Maximales Benutzergewicht (kg):\u00a0<\/span><span class=\"specification-data\">180.00 (Kg)<\/span><\/li>\n<li><span class=\"specification-title\">Produktabmessungen (LxBxH):\u00a0<\/span><span class=\"specification-data\">182,50 x 87,20 x 183,50 cm<\/span><\/li>\n<\/ul>\n<\/div>\n<\/div>\n<\/div>\n<div class=\"product-features\">\n<h4>ZUS\u00c4TZLICHE EIGENSCHAFTEN<\/h4>\n<div class=\"more-container\">\n<div class=\"unshow-text\">\n<ul class=\"product-features-container\">\n<li><span class=\"specification-title\">Anzeige:<\/span>\u00a0<span class=\"specification-data\">15,6\u201d LED<\/span><\/li>\n<li><span class=\"specification-title\">Widerstandsniveaus:<\/span>\u00a0<span class=\"specification-data\">40<\/span><\/li>\n<li><span class=\"specification-title\">Selbst-erzeugend:<\/span>\u00a0<span class=\"specification-data\">Das Ger\u00e4t muss nicht angeschlossen werden<\/span><\/li>\n<li><span class=\"specification-title\">Aufh\u00e4ngung - Typ Frontantrieb:<\/span>\u00a0<span class=\"specification-data\">Sanfte, ruhige und nat\u00fcrliche Bewegung<\/span><\/li>\n<li><span class=\"specification-title\">Griffe:<\/span>\u00a0<span class=\"specification-data\">TPE, Handpulssensoren, Widerstandskontrollen<\/span><\/li>\n<\/ul>\n<\/div>\n<\/div>\n<\/div>\n<div class=\"product-warranty\">\n<h4>GARANTIE<\/h4>\n<div class=\"text-container\"><strong>Privathaushalt und leichte\/vollst\u00e4ndige gewerbliche Nutzung:<\/strong>\u00a0Heimgebrauch: Rahmen - lebenslang, Teile - 5 Jahre, Motoren - 10 Jahre, Arbeit - 3 Jahre. Leichte gewerbliche Nutzung: Rahmen - 1 Jahr, Teile - 1 Jahr, Motoren - 1 Jahr, Arbeitsleistung - 1 Jahr. Wenn Ihr Produkt in einer voll kommerziellen Umgebung eingesetzt werden soll, erwerben Sie bitte das SHUA Full Commercial Warranty Upgrade, um sicherzustellen, dass Ihr Produkt abgedeckt ist. Leicht kommerzielle Umgebungen werden als Umgebungen mit geringer Nutzung angesehen, in denen Maschinen und Ger\u00e4te zwischen 3 und 5 Stunden pro Tag in professionellen oder unternehmerischen Umgebungen wie z.B. P.T.-Studios, Firmen-\/Betriebsturnhallen, Schulen und Hochschulen (zu denen nur Mitarbeiter und Studenten Zugang haben) verwendet werden. Als voll kommerzielle Umgebungen gelten Orte, an denen die Nutzung viel h\u00f6her ist und die Ger\u00e4te mehr als 5 Stunden pro Tag genutzt werden. Zum Beispiel gro\u00dfe Unternehmensturnhallen, Universit\u00e4ts-, Hochschul- und Schulturnhallen (mit \u00f6ffentlichem Zugang) und Hotelturnhallen mit externen Mitgliedschaften.<\/div>\n<\/div>","protected":false},"excerpt":{"rendered":"<p>Der SHUA B9100E Elliptical Crosstrainer wurde f\u00fcr den t\u00e4glichen Einsatz in einem kommerziellen Fitnessstudio entwickelt und ist perfekt f\u00fcr alle Benutzer. Ein 14 kg schweres Schwungrad treibt die ultraleichte Leistung des B9100E an, und der Crosstrainer ist mit einem magnetischen Widerstandssystem ausgestattet, das \u00fcber 40 Stufen verf\u00fcgt. Dank des gefederten Frontantriebs ist jede Bewegung leise und sanft. Die statischen Griffe sind mit Widerstandsreglern und Handpulssensoren zur \u00dcberwachung der Herzfrequenz ausgestattet, w\u00e4hrend die beweglichen TPR-Griffe f\u00fcr eine hervorragende Einbindung des Oberk\u00f6rpers sorgen. Diese Griffe sind verschlei\u00dffest und leicht zu reinigen. Die Pedale des B9100E sind mit einer rutschfesten Oberfl\u00e4che ausgestattet, die auf der gesamten Ellipse einen sicheren Stand bietet. Der Ellipsentrainer B9100E verf\u00fcgt \u00fcber ein 15,6-Zoll-LED-Display, das alle wichtigen Daten auf einen Blick anzeigt, darunter Zeit, Kalorien, Entfernung und mehr. Der Benutzer kann entweder einfach einsteigen und loslegen oder eines der integrierten Programme ausw\u00e4hlen: Constant Watts, Intervall, Fettverbrennung und Cardio. Der B9100E Elliptical Cross Trainer muss auch nicht an die Steckdose angeschlossen werden. Er verf\u00fcgt \u00fcber einen selbsterzeugenden Motor, der sich einschaltet, sobald ein Benutzer aufsteigt. So haben Sie volle Flexibilit\u00e4t bei der Gestaltung des Grundrisses Ihres Cardiobereichs.<\/p>\n<div class=\"product-attribute-container-desktop desktop-only\">\n<div class=\"additional-attributes-wrapper table-wrapper\"><\/div>\n<\/div>","protected":false},"featured_media":516,"comment_status":"open","ping_status":"closed","template":"","meta":{"site-sidebar-layout":"default","site-content-layout":"","ast-site-content-layout":"default","site-content-style":"default","site-sidebar-style":"default","ast-global-header-display":"","ast-banner-title-visibility":"","ast-main-header-display":"","ast-hfb-above-header-display":"","ast-hfb-below-header-display":"","ast-hfb-mobile-header-display":"","site-post-title":"","ast-breadcrumbs-content":"","ast-featured-img":"","footer-sml-layout":"","theme-transparent-header-meta":"default","adv-header-id-meta":"","stick-header-meta":"","header-above-stick-meta":"","header-main-stick-meta":"","header-below-stick-meta":"","astra-migrate-meta-layouts":"set","ast-page-background-enabled":"default","ast-page-background-meta":{"desktop":{"background-color":"var(--ast-global-color-5)","background-image":"","background-repeat":"repeat","background-position":"center center","background-size":"auto","background-attachment":"scroll","background-type":"","background-media":"","overlay-type":"","overlay-color":"","overlay-opacity":"","overlay-gradient":""},"tablet":{"background-color":"","background-image":"","background-repeat":"repeat","background-position":"center center","background-size":"auto","background-attachment":"scroll","background-type":"","background-media":"","overlay-type":"","overlay-color":"","overlay-opacity":"","overlay-gradient":""},"mobile":{"background-color":"","background-image":"","background-repeat":"repeat","background-position":"center center","background-size":"auto","background-attachment":"scroll","background-type":"","background-media":"","overlay-type":"","overlay-color":"","overlay-opacity":"","overlay-gradient":""}},"ast-content-background-meta":{"desktop":{"background-color":"var(--ast-global-color-4)","background-image":"","background-repeat":"repeat","background-position":"center center","background-size":"auto","background-attachment":"scroll","background-type":"","background-media":"","overlay-type":"","overlay-color":"","overlay-opacity":"","overlay-gradient":""},"tablet":{"background-color":"var(--ast-global-color-4)","background-image":"","background-repeat":"repeat","background-position":"center center","background-size":"auto","background-attachment":"scroll","background-type":"","background-media":"","overlay-type":"","overlay-color":"","overlay-opacity":"","overlay-gradient":""},"mobile":{"background-color":"var(--ast-global-color-4)","background-image":"","background-repeat":"repeat","background-position":"center center","background-size":"auto","background-attachment":"scroll","background-type":"","background-media":"","overlay-type":"","overlay-color":"","overlay-opacity":"","overlay-gradient":""}}},"product_brand":[],"product_cat":[18],"product_tag":[23],"class_list":{"0":"post-513","1":"product","2":"type-product","3":"status-publish","4":"has-post-thumbnail","6":"product_cat-cross-trainers","7":"product_tag-cross-trainers","8":"desktop-align-left","9":"tablet-align-left","10":"mobile-align-left","12":"first","13":"instock","14":"sale","15":"taxable","16":"shipping-taxable","17":"purchasable","18":"product-type-simple"},"_links":{"self":[{"href":"https:\/\/bestfitnessstore.com\/de\/wp-json\/wp\/v2\/product\/513","targetHints":{"allow":["GET"]}}],"collection":[{"href":"https:\/\/bestfitnessstore.com\/de\/wp-json\/wp\/v2\/product"}],"about":[{"href":"https:\/\/bestfitnessstore.com\/de\/wp-json\/wp\/v2\/types\/product"}],"replies":[{"embeddable":true,"href":"https:\/\/bestfitnessstore.com\/de\/wp-json\/wp\/v2\/comments?post=513"}],"wp:featuredmedia":[{"embeddable":true,"href":"https:\/\/bestfitnessstore.com\/de\/wp-json\/wp\/v2\/media\/516"}],"wp:attachment":[{"href":"https:\/\/bestfitnessstore.com\/de\/wp-json\/wp\/v2\/media?parent=513"}],"wp:term":[{"taxonomy":"product_brand","embeddable":true,"href":"https:\/\/bestfitnessstore.com\/de\/wp-json\/wp\/v2\/product_brand?post=513"},{"taxonomy":"product_cat","embeddable":true,"href":"https:\/\/bestfitnessstore.com\/de\/wp-json\/wp\/v2\/product_cat?post=513"},{"taxonomy":"product_tag","embeddable":true,"href":"https:\/\/bestfitnessstore.com\/de\/wp-json\/wp\/v2\/product_tag?post=513"}],"curies":[{"name":"wp","href":"https:\/\/api.w.org\/{rel}","templated":true}]}}