{"id":505,"date":"2025-11-17T05:06:54","date_gmt":"2025-11-17T05:06:54","guid":{"rendered":"https:\/\/bestfitnessstore.com\/?post_type=product&#038;p=505"},"modified":"2025-11-17T05:06:54","modified_gmt":"2025-11-17T05:06:54","slug":"proform-sport-elliptical-cross-trainer","status":"publish","type":"product","link":"https:\/\/bestfitnessstore.com\/de\/product\/proform-sport-elliptical-cross-trainer\/","title":{"rendered":"ProForm Sport Elliptical Cross Trainer"},"content":{"rendered":"<div class=\"product-attribute-container-desktop desktop-only\">\n<div class=\"additional-attributes-wrapper table-wrapper\">\n<h4>PRODUKTINFORMATION<\/h4>\n<div class=\"attributes-container\">\n<ul class=\"product-attributes-container\">\n<li><span class=\"specification-title\">Gewicht der Verpackung (KG):\u00a0<\/span><span class=\"specification-data\">62.000000<\/span><\/li>\n<li><span class=\"specification-title\">App-Integration:\u00a0<\/span><span class=\"specification-data\">iFIT<\/span><\/li>\n<li><span class=\"specification-title\">Transport-R\u00e4der:\u00a0<\/span><span class=\"specification-data\">Ja<\/span><\/li>\n<li><span class=\"specification-title\">Schrittl\u00e4nge:\u00a0<\/span><span class=\"specification-data\">40.60<\/span><\/li>\n<li><span class=\"specification-title\">Produktabmessungen (LxBxH):\u00a0<\/span><span class=\"specification-data\">150.10 x 64.80 x 156 cm<\/span><\/li>\n<\/ul>\n<ul class=\"product-attributes-container\">\n<li><span class=\"specification-title\">Leistung Methode:\u00a0<\/span><span class=\"specification-data\">Elektrisches Netz<\/span><\/li>\n<li><span class=\"specification-title\">Tablet-Halterung:\u00a0<\/span><span class=\"specification-data\">Ja<\/span><\/li>\n<li><span class=\"specification-title\">Position des Schwungrads:\u00a0<\/span><span class=\"specification-data\">R\u00fcckseite<\/span><\/li>\n<li><span class=\"specification-title\">Maximales Benutzergewicht (kg):\u00a0<\/span><span class=\"specification-data\">113.00 (Kg)<\/span><\/li>\n<li><span class=\"specification-title\">Abmessungen der Box (LxBxH):\u00a0<\/span><span class=\"specification-data\">135 x 39 x 66 cm<\/span><\/li>\n<\/ul>\n<\/div>\n<\/div>\n<\/div>\n<div class=\"product-features\">\n<h4>ZUS\u00c4TZLICHE EIGENSCHAFTEN<\/h4>\n<div class=\"more-container\">\n<div class=\"unshow-text\">\n<ul class=\"product-features-container\">\n<li><span class=\"specification-title\">Anzeige:<\/span>\u00a0<span class=\"specification-data\">5\u201d LCD display. Tablet\/smart phone shown in images is not included<\/span><\/li>\n<li><span class=\"specification-title\">Silent Magnetic Resistance\u2122:<\/span>\u00a0<span class=\"specification-data\">Smooth and frictionless changes<\/span><\/li>\n<li><span class=\"specification-title\">Widerstandsniveaus:<\/span>\u00a0<span class=\"specification-data\">20<\/span><\/li>\n<li><span class=\"specification-title\">Pedale:<\/span>\u00a0<span class=\"specification-data\">\u00dcberdimensionierte gepolsterte Pedale<\/span><\/li>\n<li><span class=\"specification-title\">IFIT:<\/span>\u00a0<span class=\"specification-data\">Access over 10,000 workouts and smart features for a personalised experience. iFIT Train membership required.<\/span><\/li>\n<li><span class=\"specification-title\">Resistance Buttons:<\/span>\u00a0<span class=\"specification-data\">Quickly change the intensity<\/span><\/li>\n<li><span class=\"specification-title\">Ger\u00e4te-Regal:<\/span>\u00a0<span class=\"specification-data\">Connect you device and set it on the shelf<\/span><\/li>\n<li><span class=\"specification-title\">USB-C Port:<\/span>\u00a0<span class=\"specification-data\">Keep your phone or tablet fully-charged while training<\/span><\/li>\n<li><span class=\"specification-title\">IFIT-Versuch:<\/span>\u00a0<span class=\"specification-data\">30-t\u00e4gige iFIT Train-Testversion inbegriffen. F\u00fcr die Aktivierung ist eine Kreditkarte erforderlich. Die iFIT Train-Mitgliedschaft verl\u00e4ngert sich automatisch, wenn sie nicht im Voraus gek\u00fcndigt wird. Die 30-Tage-Testversion gilt nur f\u00fcr neue Mitgliedschaften.<\/span><\/li>\n<\/ul>\n<\/div>\n<\/div>\n<\/div>\n<div class=\"product-warranty\">\n<h4>GARANTIE<\/h4>\n<div class=\"text-container\"><strong>Verwendung zu Hause:<\/strong>\u00a0Zwei Jahre Garantie auf Teile und Arbeit (Bedingungen gelten), sofern das Produkt innerhalb von 28 Tagen nach dem Kauf registriert wird. Die Standardgarantie betr\u00e4gt 12 Monate f\u00fcr Teile und Arbeit. Diese Garantie gilt nur f\u00fcr den Erstk\u00e4ufer (Sie) und ist nicht \u00fcbertragbar. Die Garantie deckt nicht ab: 1. Normale Abnutzung und Verschlei\u00df (Beispiele f\u00fcr normale Verschlei\u00dfteile sind Lauf- und Antriebsriemen, Batterien, Bremsbel\u00e4ge und Sprungmatten). 2. Jegliche behelfsm\u00e4\u00dfigen Reparaturen, Anpassungen oder \u00c4nderungen, die dieses Produkt von seinem normalen Zweck und seiner normalen Funktion, wie in der Bedienungsanleitung beschrieben, ab\u00e4ndern. 3. Sch\u00e4den durch: a) Mutwillige oder b\u00f6swillige Handlungen. b) Transport. c) Unsachgem\u00e4\u00dfe Installation, Montage oder Anschluss, die nicht den ICON-Spezifikationen oder -Empfehlungen entsprechen. d) Missbrauch, Fehlgebrauch, Nichtbeachtung der Anweisungen oder unsachgem\u00e4\u00dfe oder abnormale Verwendung. e) Nichtbeachtung der Anweisungen in Ihrem Benutzerhandbuch (z. B. Verwendung anderer als der empfohlenen Reinigungs- und Pflegeprodukte, Nichtabschaltung des Produkts nach dem Gebrauch usw.). f) Nicht h\u00e4uslicher Gebrauch (einschlie\u00dflich, aber nicht beschr\u00e4nkt auf den Gebrauch in kommerziellen, professionellen, vermieteten oder institutionellen Umgebungen). g) Reparaturen, die nicht von einem von ICON autorisierten Dienstleister durchgef\u00fchrt wurden, oder die Verwendung von Teilen, die nicht von ICON geliefert oder autorisiert wurden. h) Unf\u00e4lle, St\u00f6\u00dfe, Stromschwankungen, Blitzschlag, St\u00fcrme, Wasser, Feuer, Tiere oder andere Ursachen, die au\u00dferhalb der Kontrolle von ICON liegen. i) Ungeeigneter Standort einschlie\u00dflich, aber nicht beschr\u00e4nkt auf feuchte, staubige oder Au\u00dfenumgebungen (Beispiele sind Garagen, Keller, Veranden und Terrassen).<\/div>\n<\/div>\n<div class=\"product-next-day\">\n<h4>EILZUSTELLUNG<\/h4>\n<div class=\"text-container\">F\u00fcr viele unserer Produkte gibt es Express- und Wunschtermin-Lieferoptionen, d.h. Sie erhalten Ihr Produkt schon morgen oder zu einem von Ihnen gew\u00e4hlten Termin. Bitte pr\u00fcfen Sie die Lieferoptionen an der Kasse, um die Verf\u00fcgbarkeit f\u00fcr Ihren Warenkorb und Ihre Postleitzahl zu sehen. Es gelten die Lieferbedingungen.<\/div>\n<\/div>","protected":false},"excerpt":{"rendered":"<p>Simple, solid and stable, the ProForm Sport Elliptical Cross Trainer makes it easy to jump on and start training. It has 20 levels of digital resistance, accommodating everything from high intensity workouts to recovery sessions. This Silent Magnetic Resistance\u2122 system, delivers a smooth a quiet experience, designed to help your motion feel more fluid for a seamless full-body workout. With a 40.6cm stride length, the Sport Elliptical Cross Trainer is designed to deliver a long range of motion with lower impact. With an iFIT Train account, you can get more out of the ProForm Sport Elliptical Cross Trainer. Sign in to your iFIT account* on your own tablet or smart phone (tablet\/smart phone shown is not included) and connect it to the Sport Elliptical Cross Trainer to tee up the next workout in your personalised plan. As you work out iFIT tracks your performance and automatically changes the 20 resistance levels to the setting you need. With iFIT, you get access to over 10,000 workouts, smart features, and coaching by expert iFIT Trainers in engaging global locations. The Trainers are there to help you with form, keep you motivated to finish strong, and offer insights about global locations to you stay engaged in both short and long sessions. Hit your stride and push through each rotation on soft, oversized pedals that fit all foot sizes, engaging your upper body at the same time with the moving handles. * 30-day iFIT Train Trial Included. Credit Card required for activation. iFIT Train Membership auto-renews unless cancelled in advance. 30-day trial applies to new memberships only.<\/p>\n<div class=\"product-attribute-container-desktop desktop-only\">\n<div class=\"additional-attributes-wrapper table-wrapper\"><\/div>\n<\/div>","protected":false},"featured_media":508,"comment_status":"open","ping_status":"closed","template":"","meta":{"site-sidebar-layout":"default","site-content-layout":"","ast-site-content-layout":"default","site-content-style":"default","site-sidebar-style":"default","ast-global-header-display":"","ast-banner-title-visibility":"","ast-main-header-display":"","ast-hfb-above-header-display":"","ast-hfb-below-header-display":"","ast-hfb-mobile-header-display":"","site-post-title":"","ast-breadcrumbs-content":"","ast-featured-img":"","footer-sml-layout":"","theme-transparent-header-meta":"default","adv-header-id-meta":"","stick-header-meta":"","header-above-stick-meta":"","header-main-stick-meta":"","header-below-stick-meta":"","astra-migrate-meta-layouts":"set","ast-page-background-enabled":"default","ast-page-background-meta":{"desktop":{"background-color":"var(--ast-global-color-5)","background-image":"","background-repeat":"repeat","background-position":"center center","background-size":"auto","background-attachment":"scroll","background-type":"","background-media":"","overlay-type":"","overlay-color":"","overlay-opacity":"","overlay-gradient":""},"tablet":{"background-color":"","background-image":"","background-repeat":"repeat","background-position":"center center","background-size":"auto","background-attachment":"scroll","background-type":"","background-media":"","overlay-type":"","overlay-color":"","overlay-opacity":"","overlay-gradient":""},"mobile":{"background-color":"","background-image":"","background-repeat":"repeat","background-position":"center center","background-size":"auto","background-attachment":"scroll","background-type":"","background-media":"","overlay-type":"","overlay-color":"","overlay-opacity":"","overlay-gradient":""}},"ast-content-background-meta":{"desktop":{"background-color":"var(--ast-global-color-4)","background-image":"","background-repeat":"repeat","background-position":"center center","background-size":"auto","background-attachment":"scroll","background-type":"","background-media":"","overlay-type":"","overlay-color":"","overlay-opacity":"","overlay-gradient":""},"tablet":{"background-color":"var(--ast-global-color-4)","background-image":"","background-repeat":"repeat","background-position":"center center","background-size":"auto","background-attachment":"scroll","background-type":"","background-media":"","overlay-type":"","overlay-color":"","overlay-opacity":"","overlay-gradient":""},"mobile":{"background-color":"var(--ast-global-color-4)","background-image":"","background-repeat":"repeat","background-position":"center center","background-size":"auto","background-attachment":"scroll","background-type":"","background-media":"","overlay-type":"","overlay-color":"","overlay-opacity":"","overlay-gradient":""}}},"product_brand":[],"product_cat":[18],"product_tag":[23],"class_list":{"0":"post-505","1":"product","2":"type-product","3":"status-publish","4":"has-post-thumbnail","6":"product_cat-cross-trainers","7":"product_tag-cross-trainers","8":"desktop-align-left","9":"tablet-align-left","10":"mobile-align-left","12":"first","13":"instock","14":"sale","15":"taxable","16":"shipping-taxable","17":"purchasable","18":"product-type-simple"},"_links":{"self":[{"href":"https:\/\/bestfitnessstore.com\/de\/wp-json\/wp\/v2\/product\/505","targetHints":{"allow":["GET"]}}],"collection":[{"href":"https:\/\/bestfitnessstore.com\/de\/wp-json\/wp\/v2\/product"}],"about":[{"href":"https:\/\/bestfitnessstore.com\/de\/wp-json\/wp\/v2\/types\/product"}],"replies":[{"embeddable":true,"href":"https:\/\/bestfitnessstore.com\/de\/wp-json\/wp\/v2\/comments?post=505"}],"wp:featuredmedia":[{"embeddable":true,"href":"https:\/\/bestfitnessstore.com\/de\/wp-json\/wp\/v2\/media\/508"}],"wp:attachment":[{"href":"https:\/\/bestfitnessstore.com\/de\/wp-json\/wp\/v2\/media?parent=505"}],"wp:term":[{"taxonomy":"product_brand","embeddable":true,"href":"https:\/\/bestfitnessstore.com\/de\/wp-json\/wp\/v2\/product_brand?post=505"},{"taxonomy":"product_cat","embeddable":true,"href":"https:\/\/bestfitnessstore.com\/de\/wp-json\/wp\/v2\/product_cat?post=505"},{"taxonomy":"product_tag","embeddable":true,"href":"https:\/\/bestfitnessstore.com\/de\/wp-json\/wp\/v2\/product_tag?post=505"}],"curies":[{"name":"wp","href":"https:\/\/api.w.org\/{rel}","templated":true}]}}