{"id":335,"date":"2025-11-10T17:39:26","date_gmt":"2025-11-10T17:39:26","guid":{"rendered":"https:\/\/bestfitnessstore.com\/?post_type=product&#038;p=335"},"modified":"2025-11-10T17:43:32","modified_gmt":"2025-11-10T17:43:32","slug":"bh-fitness-exercycle-smart-bike","status":"publish","type":"product","link":"https:\/\/bestfitnessstore.com\/de\/product\/bh-fitness-exercycle-smart-bike\/","title":{"rendered":"BH Fitness Exercycle Smart Fahrrad"},"content":{"rendered":"<div class=\"product-attribute-container-desktop desktop-only\">\n<div class=\"additional-attributes-wrapper table-wrapper\">\n<h5>PRODUKTINFORMATION<\/h5>\n<div class=\"attributes-container\">\n<ul class=\"product-attributes-container\">\n<li><span class=\"specification-title\">Gewicht der Verpackung (KG):\u00a0<\/span><span class=\"specification-data\">53.500000<\/span><\/li>\n<li><span class=\"specification-title\">Leistung Methode:\u00a0<\/span><span class=\"specification-data\">Elektrisches Netz<\/span><\/li>\n<li><span class=\"specification-title\">Tablet-Halterung:\u00a0<\/span><span class=\"specification-data\">Ja<\/span><\/li>\n<li><span class=\"specification-title\">Pedale:\u00a0<\/span><span class=\"specification-data\">SPD Clips, Zehenk\u00e4fig<\/span><\/li>\n<li><span class=\"specification-title\">Zyklus-Typ:\u00a0<\/span><span class=\"specification-data\">Rennfahrer<\/span><\/li>\n<li><span class=\"specification-title\">System des Widerstands:\u00a0<\/span><span class=\"specification-data\">Magnetisch<\/span><\/li>\n<li><span class=\"specification-title\">Maximales Benutzergewicht (kg):\u00a0<\/span><span class=\"specification-data\">150.00 (Kg)<\/span><\/li>\n<li><span class=\"specification-title\">Abmessungen der Box (LxBxH):\u00a0<\/span><span class=\"specification-data\">115 x 89 x 23 cm<\/span><\/li>\n<\/ul>\n<ul class=\"product-attributes-container\">\n<li><span class=\"specification-title\">Produktgewicht (KG):\u00a0<\/span><span class=\"specification-data\">48.60<\/span><\/li>\n<li><span class=\"specification-title\">App-Integration:\u00a0<\/span><span class=\"specification-data\">KinoMap, Rouvy, Zwift<\/span><\/li>\n<li><span class=\"specification-title\">Bluetooth:\u00a0<\/span><span class=\"specification-data\">Ja<\/span><\/li>\n<li><span class=\"specification-title\">Verstellbarkeit des Rahmens:\u00a0<\/span><span class=\"specification-data\">Lenker oben und unten, Sattel oben und unten<\/span><\/li>\n<li><span class=\"specification-title\">Transport-R\u00e4der:\u00a0<\/span><span class=\"specification-data\">Ja<\/span><\/li>\n<li><span class=\"specification-title\">Schwungrad Gewicht (KG):\u00a0<\/span><span class=\"specification-data\">11<\/span><\/li>\n<li><span class=\"specification-title\">Produktabmessungen (LxBxH):\u00a0<\/span><span class=\"specification-data\">144 x 61 x 136 cm<\/span><\/li>\n<\/ul>\n<\/div>\n<\/div>\n<\/div>\n<div class=\"product-features\">\n<h5>ZUS\u00c4TZLICHE EIGENSCHAFTEN<\/h5>\n<div class=\"more-container\">\n<div class=\"unshow-text\">\n<ul class=\"product-features-container\">\n<li><span class=\"specification-title\">Schwungrad:<\/span>\u00a0<span class=\"specification-data\">11 kg EMS<\/span><\/li>\n<li><span class=\"specification-title\">System des Widerstands:<\/span>\u00a0<span class=\"specification-data\">Elektromagnetische EMS<\/span><\/li>\n<li><span class=\"specification-title\">Widerstandsniveaus:<\/span>\u00a0<span class=\"specification-data\">24<\/span><\/li>\n<li><span class=\"specification-title\">Neigung:<\/span>\u00a0<span class=\"specification-data\">0 - 25%<\/span><\/li>\n<li><span class=\"specification-title\">Maximale Wattzahl:<\/span>\u00a0<span class=\"specification-data\">1500 W real (in realistischen Entwicklungen erzielte Watt)<\/span><\/li>\n<li><span class=\"specification-title\">\u00dcbertragung:<\/span>\u00a0<span class=\"specification-data\">Hochleistungsriemen mit automatischem Spanner<\/span><\/li>\n<li><span class=\"specification-title\">Kompatible Anwendungen:<\/span>\u00a0<span class=\"specification-data\">Zwift, Kinomap, Rouvy, Bkool<\/span><\/li>\n<li><span class=\"specification-title\">Q-Faktor:<\/span>\u00a0<span class=\"specification-data\">152 mm<\/span><\/li>\n<li><span class=\"specification-title\">Breite des Lenkers:<\/span>\u00a0<span class=\"specification-data\">42 cm<\/span><\/li>\n<li><span class=\"specification-title\">Leistungsanpassung:<\/span>\u00a0<span class=\"specification-data\">2 Positionen<\/span><\/li>\n<li><span class=\"specification-title\">Verschieben:<\/span>\u00a0<span class=\"specification-data\">Elektronische sequentielle Schaltung an Hebeln und Monitor<\/span><\/li>\n<li><span class=\"specification-title\">Sattel:<\/span>\u00a0<span class=\"specification-data\">BH ergo-g ng afm cromo (austauschbar)<\/span><\/li>\n<li><span class=\"specification-title\">Pedale:<\/span>\u00a0<span class=\"specification-data\">Wellgo wpd 981 gemischt (austauschbar)<\/span><\/li>\n<li><span class=\"specification-title\">Transportr\u00e4der:<\/span>\u00a0<span class=\"specification-data\">Walzen<\/span><\/li>\n<li><span class=\"specification-title\">Tablet\/Handy-Halterung:<\/span>\u00a0<span class=\"specification-data\">Bis zu 12,9\u201d<\/span><\/li>\n<li><span class=\"specification-title\">Produktabmessungen (LxBxH):<\/span>\u00a0<span class=\"specification-data\">140-144 x 61 x 114-136 cm<\/span><\/li>\n<li><span class=\"specification-title\">Produktgewicht:<\/span>\u00a0<span class=\"specification-data\">48,6 kg<\/span><\/li>\n<li><span class=\"specification-title\">Maximales Benutzergewicht:<\/span>\u00a0<span class=\"specification-data\">150 kg<\/span><\/li>\n<\/ul>\n<\/div>\n<\/div>\n<\/div>\n<div class=\"product-warranty\">\n<h5>GARANTIE<\/h5>\n<div class=\"text-container\"><strong>Verwendung zu Hause:<\/strong>\u00a02 Jahre Teile und Arbeit<\/div>\n<\/div>","protected":false},"excerpt":{"rendered":"<p>Das BH Fitness Exercycle Smart Bike ist das Ergebnis einer Zusammenarbeit zwischen den Forschungs- und Entwicklungsteams von BH Fitness und BH Bikes und erf\u00fcllt die Anforderungen von Rennradfahrern f\u00fcr das Training zu Hause. Mit seiner V-Rahmen-Struktur ist das Exercycle f\u00fcr die Gr\u00f6\u00dfen S bis XL ausgelegt und gew\u00e4hrleistet ein H\u00f6chstma\u00df an Leistung und Komfort w\u00e4hrend der Fahrt. Das Exercycle hat einen Q-Faktor von 152 mm, wodurch die Position der Beine w\u00e4hrend des Tretens die gleiche ist wie bei einem Rennrad, so dass der Benutzer bei jedem Pedaltritt maximale Kraft erzeugen kann. Das elektromagnetische Widerstandssystem (EMS) erm\u00f6glicht eine sehr pr\u00e4zise, progressive und sofortige Regulierung der Intensit\u00e4t, wobei der Lenker zwischen 24 Widerstandsstufen wechseln kann, ohne die K\u00f6rperhaltung \u00e4ndern zu m\u00fcssen. Das Exercycle ist mit einer LCD-Konsole ausgestattet, die vier Anzeigen bietet: Momentanwerte, Prozentwerte, Durchschnittswerte und Maximalwerte. Er verf\u00fcgt \u00fcber einen FTP-Test zur Berechnung der Wattschwelle und einen telemetrischen 5KHz-Pulsempf\u00e4nger von Polar. Der Exercycle bietet die neueste Technologie in Sachen Konnektivit\u00e4t, so dass Sie sich mit Ihren Teamkollegen \u00fcber mehrere f\u00fchrende Radsimulationsanwendungen messen k\u00f6nnen. Erm\u00f6glicht wird dies durch das integrierte Bluetooth-FTMS-Modul in der Konsole des Fahrrads, das volle Kompatibilit\u00e4t mit branchenf\u00fchrenden Apps wie Zwift, Kinomap und Bkool bietet. Bitte beachten Sie, dass das auf den Bildern abgebildete Tablet nicht im Lieferumfang enthalten ist.<\/p>","protected":false},"featured_media":341,"comment_status":"open","ping_status":"closed","template":"","meta":{"site-sidebar-layout":"default","site-content-layout":"","ast-site-content-layout":"default","site-content-style":"default","site-sidebar-style":"default","ast-global-header-display":"","ast-banner-title-visibility":"","ast-main-header-display":"","ast-hfb-above-header-display":"","ast-hfb-below-header-display":"","ast-hfb-mobile-header-display":"","site-post-title":"","ast-breadcrumbs-content":"","ast-featured-img":"","footer-sml-layout":"","theme-transparent-header-meta":"default","adv-header-id-meta":"","stick-header-meta":"","header-above-stick-meta":"","header-main-stick-meta":"","header-below-stick-meta":"","astra-migrate-meta-layouts":"set","ast-page-background-enabled":"default","ast-page-background-meta":{"desktop":{"background-color":"var(--ast-global-color-5)","background-image":"","background-repeat":"repeat","background-position":"center center","background-size":"auto","background-attachment":"scroll","background-type":"","background-media":"","overlay-type":"","overlay-color":"","overlay-opacity":"","overlay-gradient":""},"tablet":{"background-color":"","background-image":"","background-repeat":"repeat","background-position":"center center","background-size":"auto","background-attachment":"scroll","background-type":"","background-media":"","overlay-type":"","overlay-color":"","overlay-opacity":"","overlay-gradient":""},"mobile":{"background-color":"","background-image":"","background-repeat":"repeat","background-position":"center center","background-size":"auto","background-attachment":"scroll","background-type":"","background-media":"","overlay-type":"","overlay-color":"","overlay-opacity":"","overlay-gradient":""}},"ast-content-background-meta":{"desktop":{"background-color":"var(--ast-global-color-4)","background-image":"","background-repeat":"repeat","background-position":"center center","background-size":"auto","background-attachment":"scroll","background-type":"","background-media":"","overlay-type":"","overlay-color":"","overlay-opacity":"","overlay-gradient":""},"tablet":{"background-color":"var(--ast-global-color-4)","background-image":"","background-repeat":"repeat","background-position":"center center","background-size":"auto","background-attachment":"scroll","background-type":"","background-media":"","overlay-type":"","overlay-color":"","overlay-opacity":"","overlay-gradient":""},"mobile":{"background-color":"var(--ast-global-color-4)","background-image":"","background-repeat":"repeat","background-position":"center center","background-size":"auto","background-attachment":"scroll","background-type":"","background-media":"","overlay-type":"","overlay-color":"","overlay-opacity":"","overlay-gradient":""}}},"product_brand":[],"product_cat":[19],"product_tag":[22],"class_list":{"0":"post-335","1":"product","2":"type-product","3":"status-publish","4":"has-post-thumbnail","6":"product_cat-excise-bikes","7":"product_tag-exercise-bikes","8":"desktop-align-left","9":"tablet-align-left","10":"mobile-align-left","12":"first","13":"instock","14":"sale","15":"taxable","16":"shipping-taxable","17":"purchasable","18":"product-type-simple"},"_links":{"self":[{"href":"https:\/\/bestfitnessstore.com\/de\/wp-json\/wp\/v2\/product\/335","targetHints":{"allow":["GET"]}}],"collection":[{"href":"https:\/\/bestfitnessstore.com\/de\/wp-json\/wp\/v2\/product"}],"about":[{"href":"https:\/\/bestfitnessstore.com\/de\/wp-json\/wp\/v2\/types\/product"}],"replies":[{"embeddable":true,"href":"https:\/\/bestfitnessstore.com\/de\/wp-json\/wp\/v2\/comments?post=335"}],"wp:featuredmedia":[{"embeddable":true,"href":"https:\/\/bestfitnessstore.com\/de\/wp-json\/wp\/v2\/media\/341"}],"wp:attachment":[{"href":"https:\/\/bestfitnessstore.com\/de\/wp-json\/wp\/v2\/media?parent=335"}],"wp:term":[{"taxonomy":"product_brand","embeddable":true,"href":"https:\/\/bestfitnessstore.com\/de\/wp-json\/wp\/v2\/product_brand?post=335"},{"taxonomy":"product_cat","embeddable":true,"href":"https:\/\/bestfitnessstore.com\/de\/wp-json\/wp\/v2\/product_cat?post=335"},{"taxonomy":"product_tag","embeddable":true,"href":"https:\/\/bestfitnessstore.com\/de\/wp-json\/wp\/v2\/product_tag?post=335"}],"curies":[{"name":"wp","href":"https:\/\/api.w.org\/{rel}","templated":true}]}}