{"id":1450,"date":"2025-11-26T06:34:00","date_gmt":"2025-11-26T06:34:00","guid":{"rendered":"https:\/\/bestfitnessstore.com\/?post_type=product&#038;p=1450"},"modified":"2025-11-26T06:34:00","modified_gmt":"2025-11-26T06:34:00","slug":"spirit-ct850-led-laufband","status":"publish","type":"product","link":"https:\/\/bestfitnessstore.com\/de\/product\/spirit-ct850-led-treadmill\/","title":{"rendered":"Spirit CT850+ LED-Laufband"},"content":{"rendered":"<div class=\"product-attribute-container-desktop desktop-only\">\n<div class=\"additional-attributes-wrapper table-wrapper\">\n<h4>PRODUKTINFORMATION<\/h4>\n<div class=\"attributes-container\">\n<ul class=\"product-attributes-container\">\n<li><span class=\"specification-title\">Gewicht der Verpackung (KG):\u00a0<\/span><span class=\"specification-data\">200.600000<\/span><\/li>\n<li><span class=\"specification-title\">Leistung Methode:\u00a0<\/span><span class=\"specification-data\">Elektrisches Netz<\/span><\/li>\n<li><span class=\"specification-title\">Tablet-Halterung:\u00a0<\/span><span class=\"specification-data\">Ja<\/span><\/li>\n<li><span class=\"specification-title\">Falten:\u00a0<\/span><span class=\"specification-data\">Nein<\/span><\/li>\n<li><span class=\"specification-title\">Maximales Benutzergewicht (kg):\u00a0<\/span><span class=\"specification-data\">205.00 (Kg)<\/span><\/li>\n<li><span class=\"specification-title\">Produktabmessungen (LxBxH):\u00a0<\/span><span class=\"specification-data\">215,90 x 90,90 x 153,90 cm<\/span><\/li>\n<\/ul>\n<ul class=\"product-attributes-container\">\n<li><span class=\"specification-title\">Produktgewicht (KG):\u00a0<\/span><span class=\"specification-data\">180<\/span><\/li>\n<li><span class=\"specification-title\">App-Integration:\u00a0<\/span><span class=\"specification-data\">KinoMap, Zwift<\/span><\/li>\n<li><span class=\"specification-title\">Bluetooth:\u00a0<\/span><span class=\"specification-data\">Ja<\/span><\/li>\n<li><span class=\"specification-title\">\u00dcberwachung der Herzfrequenz:\u00a0<\/span><span class=\"specification-data\">Eingebaute Sensoren und Bluetooth<\/span><\/li>\n<li><span class=\"specification-title\">Eingebaute Programme:\u00a0<\/span><span class=\"specification-data\">Manuell,H\u00fcgel,Fettverbrennung,Kardio,Intervall,2 Herzfrequenzen,Benutzerdefiniert,HIIT,5K,10K,6 milit\u00e4rische Bereitschaftstests (Armee, Navy, Air Force, Marines, PEB, K\u00fcstenwache)<\/span><\/li>\n<li><span class=\"specification-title\">Abmessungen der Box (LxBxH):\u00a0<\/span><span class=\"specification-data\">225 x 95,70 x 54 cm<\/span><\/li>\n<\/ul>\n<\/div>\n<\/div>\n<\/div>\n<div class=\"product-features\">\n<h4>ZUS\u00c4TZLICHE EIGENSCHAFTEN<\/h4>\n<div class=\"more-container\">\n<div class=\"unshow-text\">\n<ul class=\"product-features-container\">\n<li><span class=\"specification-title\">Macht:<\/span>\u00a0<span class=\"specification-data\">AC120V, 20A \/ AC230V, 10A<\/span><\/li>\n<li><span class=\"specification-title\">Konsole:<\/span>\u00a0<span class=\"specification-data\">LED<\/span><\/li>\n<li><span class=\"specification-title\">Konsolenanzeige:<\/span>\u00a0<span class=\"specification-data\">Wei\u00dfe LEDs, Programmprofil, 18-stelliges Meldungsfenster, Geschwindigkeitsfenster, Steigungsfenster<\/span><\/li>\n<li><span class=\"specification-title\">USB-Anschluss:<\/span>\u00a0<span class=\"specification-data\">Zum Aufladen von Ger\u00e4ten<\/span><\/li>\n<li><span class=\"specification-title\">Fan:<\/span>\u00a0<span class=\"specification-data\">K\u00fchl bleiben beim Training<\/span><\/li>\n<li><span class=\"specification-title\">Motor:<\/span>\u00a0<span class=\"specification-data\">4,0 HP AC-Antrieb mit Isolierung der Klasse H<\/span><\/li>\n<li><span class=\"specification-title\">Geschwindigkeitsbereich:<\/span>\u00a0<span class=\"specification-data\">0.3-12MPH \/ 0.8-20KPH<\/span><\/li>\n<li><span class=\"specification-title\">Steigungsbereich:<\/span>\u00a0<span class=\"specification-data\">0-15%<\/span><\/li>\n<li><span class=\"specification-title\">Laufende Oberfl\u00e4che:<\/span>\u00a0<span class=\"specification-data\">60\u2033 x 22\u2033 \/ 1525 x 560mm<\/span><\/li>\n<li><span class=\"specification-title\">G\u00fcrtel:<\/span>\u00a0<span class=\"specification-data\">Habasit\u00ae - 2 Lagen, 2,5 mm<\/span><\/li>\n<li><span class=\"specification-title\">Rollengr\u00f6\u00dfe:<\/span>\u00a0<span class=\"specification-data\">3,0\u201d \/ 75mm<\/span><\/li>\n<li><span class=\"specification-title\">Deck:<\/span>\u00a0<span class=\"specification-data\">25mm \/ 1\u201d Phenolharz, doppelseitig, wachsbeschichtet<\/span><\/li>\n<li><span class=\"specification-title\">Deck-D\u00e4mpfung:<\/span>\u00a0<span class=\"specification-data\">6 Gepolsterte Elastomere<\/span><\/li>\n<li><span class=\"specification-title\">Produktgewicht:<\/span>\u00a0<span class=\"specification-data\">395lbs \/ 180kg<\/span><\/li>\n<\/ul>\n<\/div>\n<\/div>\n<\/div>\n<div class=\"product-warranty\">\n<h4>GARANTIE<\/h4>\n<div class=\"text-container\"><strong>Privathaushalt und leichte\/vollst\u00e4ndige gewerbliche Nutzung:<\/strong>\u00a03 Jahre auf Teile und Arbeit. Das Produkt muss in einer geeigneten Umgebung verwendet\/gelagert werden (Orte mit feuchtem, unversiegeltem Beton oder Bereiche mit st\u00e4ndiger Luftzufuhr zu Au\u00dfenbereichen gelten nicht als geeignet).<\/div>\n<\/div>","protected":false},"excerpt":{"rendered":"<p>Erreichen Sie Spitzengeschwindigkeiten von 20 km\/h und Steigungen von bis zu 15% auf dem Spirit CT850+ LED-Laufband mit den Ma\u00dfen 152,5 x 56 cm, angetrieben von einem 4,0 PS-Motor. Das doppelseitige, wachsbeschichtete Laufband ist mit 6 gepolsterten Elastomeren ausgestattet, die f\u00fcr einen bequemen Gang sorgen. Am Lenker vor dem L\u00e4ufer befinden sich Pulsmesser zur einfachen \u00dcberwachung der Herzfrequenz w\u00e4hrend der Trainingseinheiten. Sie k\u00f6nnen auch Ihren Brustgurt (nicht im Lieferumfang enthalten) \u00fcber Bluetooth anschlie\u00dfen. Verfolgen Sie Ihr Training (Intervall, 5k, 10k, Kalorien, H\u00fcgel, Fettverbrennung, Kardio, Fit-Test, 2 HR, Benutzerdefiniert, 4 Bereitschaftstests) auf der hellen, wei\u00dfen LED-Konsole mit mehreren Fenstern und \u00e4ndern Sie die Intensit\u00e4t mit einem Tastendruck. Die Konsole verf\u00fcgt \u00fcber einen USB-Anschluss zum Aufladen von Ger\u00e4ten, einen Ventilator, der Sie w\u00e4hrend des Trainings k\u00fchl h\u00e4lt, und Bluetooth zum Verbinden von Brustgurt\/App und Kopfh\u00f6rern.<\/p>\n<div class=\"product-attribute-container-desktop desktop-only\">\n<div class=\"additional-attributes-wrapper table-wrapper\"><\/div>\n<\/div>","protected":false},"featured_media":1454,"comment_status":"open","ping_status":"closed","template":"","meta":{"site-sidebar-layout":"default","site-content-layout":"","ast-site-content-layout":"default","site-content-style":"default","site-sidebar-style":"default","ast-global-header-display":"","ast-banner-title-visibility":"","ast-main-header-display":"","ast-hfb-above-header-display":"","ast-hfb-below-header-display":"","ast-hfb-mobile-header-display":"","site-post-title":"","ast-breadcrumbs-content":"","ast-featured-img":"","footer-sml-layout":"","theme-transparent-header-meta":"default","adv-header-id-meta":"","stick-header-meta":"","header-above-stick-meta":"","header-main-stick-meta":"","header-below-stick-meta":"","astra-migrate-meta-layouts":"set","ast-page-background-enabled":"default","ast-page-background-meta":{"desktop":{"background-color":"var(--ast-global-color-5)","background-image":"","background-repeat":"repeat","background-position":"center center","background-size":"auto","background-attachment":"scroll","background-type":"","background-media":"","overlay-type":"","overlay-color":"","overlay-opacity":"","overlay-gradient":""},"tablet":{"background-color":"","background-image":"","background-repeat":"repeat","background-position":"center center","background-size":"auto","background-attachment":"scroll","background-type":"","background-media":"","overlay-type":"","overlay-color":"","overlay-opacity":"","overlay-gradient":""},"mobile":{"background-color":"","background-image":"","background-repeat":"repeat","background-position":"center center","background-size":"auto","background-attachment":"scroll","background-type":"","background-media":"","overlay-type":"","overlay-color":"","overlay-opacity":"","overlay-gradient":""}},"ast-content-background-meta":{"desktop":{"background-color":"var(--ast-global-color-4)","background-image":"","background-repeat":"repeat","background-position":"center center","background-size":"auto","background-attachment":"scroll","background-type":"","background-media":"","overlay-type":"","overlay-color":"","overlay-opacity":"","overlay-gradient":""},"tablet":{"background-color":"var(--ast-global-color-4)","background-image":"","background-repeat":"repeat","background-position":"center center","background-size":"auto","background-attachment":"scroll","background-type":"","background-media":"","overlay-type":"","overlay-color":"","overlay-opacity":"","overlay-gradient":""},"mobile":{"background-color":"var(--ast-global-color-4)","background-image":"","background-repeat":"repeat","background-position":"center center","background-size":"auto","background-attachment":"scroll","background-type":"","background-media":"","overlay-type":"","overlay-color":"","overlay-opacity":"","overlay-gradient":""}}},"product_brand":[],"product_cat":[21],"product_tag":[25],"class_list":{"0":"post-1450","1":"product","2":"type-product","3":"status-publish","4":"has-post-thumbnail","6":"product_cat-treadmills","7":"product_tag-treadmills","8":"desktop-align-left","9":"tablet-align-left","10":"mobile-align-left","12":"first","13":"instock","14":"sale","15":"taxable","16":"shipping-taxable","17":"purchasable","18":"product-type-simple"},"_links":{"self":[{"href":"https:\/\/bestfitnessstore.com\/de\/wp-json\/wp\/v2\/product\/1450","targetHints":{"allow":["GET"]}}],"collection":[{"href":"https:\/\/bestfitnessstore.com\/de\/wp-json\/wp\/v2\/product"}],"about":[{"href":"https:\/\/bestfitnessstore.com\/de\/wp-json\/wp\/v2\/types\/product"}],"replies":[{"embeddable":true,"href":"https:\/\/bestfitnessstore.com\/de\/wp-json\/wp\/v2\/comments?post=1450"}],"wp:featuredmedia":[{"embeddable":true,"href":"https:\/\/bestfitnessstore.com\/de\/wp-json\/wp\/v2\/media\/1454"}],"wp:attachment":[{"href":"https:\/\/bestfitnessstore.com\/de\/wp-json\/wp\/v2\/media?parent=1450"}],"wp:term":[{"taxonomy":"product_brand","embeddable":true,"href":"https:\/\/bestfitnessstore.com\/de\/wp-json\/wp\/v2\/product_brand?post=1450"},{"taxonomy":"product_cat","embeddable":true,"href":"https:\/\/bestfitnessstore.com\/de\/wp-json\/wp\/v2\/product_cat?post=1450"},{"taxonomy":"product_tag","embeddable":true,"href":"https:\/\/bestfitnessstore.com\/de\/wp-json\/wp\/v2\/product_tag?post=1450"}],"curies":[{"name":"wp","href":"https:\/\/api.w.org\/{rel}","templated":true}]}}