{"id":1325,"date":"2025-11-25T17:03:15","date_gmt":"2025-11-25T17:03:15","guid":{"rendered":"https:\/\/bestfitnessstore.com\/?post_type=product&#038;p=1325"},"modified":"2025-11-25T17:03:16","modified_gmt":"2025-11-25T17:03:16","slug":"nordictrack-t-serie-8-klappbares-laufband","status":"publish","type":"product","link":"https:\/\/bestfitnessstore.com\/de\/product\/nordictrack-t-series-8-folding-treadmill\/","title":{"rendered":"NordicTrack Laufband T Serie 8 klappbar"},"content":{"rendered":"<div class=\"product-attribute-container-desktop desktop-only\">\n<div class=\"additional-attributes-wrapper table-wrapper\">\n<h4>PRODUKTINFORMATION<\/h4>\n<div class=\"attributes-container\">\n<ul class=\"product-attributes-container\">\n<li><span class=\"specification-title\">Gewicht der Verpackung (KG):\u00a0<\/span><span class=\"specification-data\">113.000000<\/span><\/li>\n<li><span class=\"specification-title\">App-Integration:\u00a0<\/span><span class=\"specification-data\">iFIT<\/span><\/li>\n<li><span class=\"specification-title\">Falten:\u00a0<\/span><span class=\"specification-data\">Ja<\/span><\/li>\n<li><span class=\"specification-title\">Transport-R\u00e4der:\u00a0<\/span><span class=\"specification-data\">Ja<\/span><\/li>\n<li><span class=\"specification-title\">Abmessungen der Box (LxBxH):\u00a0<\/span><span class=\"specification-data\">207 x 85 x 29 cm<\/span><\/li>\n<\/ul>\n<ul class=\"product-attributes-container\">\n<li><span class=\"specification-title\">Leistung Methode:\u00a0<\/span><span class=\"specification-data\">Elektrisches Netz<\/span><\/li>\n<li><span class=\"specification-title\">Tablet-Halterung:\u00a0<\/span><span class=\"specification-data\">Ja<\/span><\/li>\n<li><span class=\"specification-title\">Maximales Benutzergewicht (kg):\u00a0<\/span><span class=\"specification-data\">148.00 (Kg)<\/span><\/li>\n<li><span class=\"specification-title\">Produktabmessungen (LxBxH):\u00a0<\/span><span class=\"specification-data\">191 x 87 x 148 cm<\/span><\/li>\n<li><span class=\"specification-title\">Zusammengeklappt Abmessungen (LxBxH):\u00a0<\/span><span class=\"specification-data\">104 x 87 x 174 cm<\/span><\/li>\n<\/ul>\n<\/div>\n<\/div>\n<\/div>\n<div class=\"product-features\">\n<h4>ZUS\u00c4TZLICHE EIGENSCHAFTEN<\/h4>\n<div class=\"more-container\">\n<div class=\"unshow-text\">\n<ul class=\"product-features-container\">\n<li><span class=\"specification-title\">Geschwindigkeitsbereich:<\/span>\u00a0<span class=\"specification-data\">0-20km\/h<\/span><\/li>\n<li><span class=\"specification-title\">Steigungsbereich:<\/span>\u00a0<span class=\"specification-data\">0-12%<\/span><\/li>\n<li><span class=\"specification-title\">Anzeige:<\/span>\u00a0<span class=\"specification-data\">7\u201d (17,8 cm) LCD-Bildschirm mit Ger\u00e4teablage; Becherhalter; USB-C-Anschluss<\/span><\/li>\n<li><span class=\"specification-title\">IFIT-Zug:<\/span>\u00a0<span class=\"specification-data\">Melden Sie sich \u00fcber Ihr eigenes Ger\u00e4t bei iFIT an und verbinden Sie sich mit dem T8. 30-t\u00e4gige iFIT Train-Testversion inbegriffen. Zur Aktivierung ist eine Kreditkarte erforderlich. Die iFIT Train-Mitgliedschaft verl\u00e4ngert sich automatisch, wenn sie nicht im Voraus gek\u00fcndigt wird. 30-Tage-Testversion gilt nur f\u00fcr neue Mitgliedschaften<\/span><\/li>\n<li><span class=\"specification-title\">SelectFlex\u2122-Polsterung:<\/span>\u00a0<span class=\"specification-data\">Einstellbar zwischen weich und fest<\/span><\/li>\n<li><span class=\"specification-title\">SmartAdjust\u2122-Technologie:<\/span>\u00a0<span class=\"specification-data\">Passt die Trainingseinheiten an Ihr Fitnessniveau an<\/span><\/li>\n<li><span class=\"specification-title\">ActivePulse\u2122 Herzfrequenz\u00fcberwachung:<\/span>\u00a0<span class=\"specification-data\">Passt Geschwindigkeit und Steigung automatisch an, um Sie in der Zielzone zu halten; kompatibler Bluetooth\u00ae-f\u00e4higer Herzfrequenzmesser erforderlich (separat erh\u00e4ltlich)<\/span><\/li>\n<li><span class=\"specification-title\">Handgriffsteuerung:<\/span>\u00a0<span class=\"specification-data\">Einfache Einstellungen und Abk\u00fcrzungen f\u00fcr Geschwindigkeit und Neigung Lautsprecher<\/span><\/li>\n<li><span class=\"specification-title\">AutoBreeze\u2122-Ventilator:<\/span>\u00a0<span class=\"specification-data\">H\u00e4lt Sie beim Training k\u00fchl<\/span><\/li>\n<li><span class=\"specification-title\">Automatische Faltung:<\/span>\u00a0<span class=\"specification-data\">Einfaches Dr\u00fccken der schwarzen Fu\u00dfleiste<\/span><\/li>\n<\/ul>\n<\/div>\n<\/div>\n<\/div>\n<div class=\"product-warranty\">\n<h4>GARANTIE<\/h4>\n<div class=\"text-container\"><strong>Verwendung zu Hause:<\/strong>\u00a0Lebenslange Garantie auf den Rahmen, 5 Jahre auf den Motor, zwei Jahre auf Teile und Arbeit (Bedingungen gelten), sofern das Produkt innerhalb von 28 Tagen nach dem Kauf registriert wird. Die Standardgarantie betr\u00e4gt 12 Monate auf Teile und Arbeit. Diese Garantie gilt nur f\u00fcr den Erstk\u00e4ufer (Sie) und ist nicht \u00fcbertragbar. Die Garantie deckt nicht ab: 1. Normale Abnutzung und Verschlei\u00df (Beispiele f\u00fcr normale Verschlei\u00dfteile sind Lauf- und Antriebsriemen, Batterien, Bremsbel\u00e4ge und Sprungmatten). 2. Jegliche behelfsm\u00e4\u00dfigen Reparaturen, Anpassungen oder \u00c4nderungen, die dieses Produkt von seinem normalen Zweck und seiner normalen Funktion, wie in der Bedienungsanleitung beschrieben, ab\u00e4ndern. 3. Sch\u00e4den durch: a) Mutwillige oder b\u00f6swillige Handlungen. b) Transport. c) Unsachgem\u00e4\u00dfe Installation, Montage oder Anschluss, die nicht den ICON-Spezifikationen oder -Empfehlungen entsprechen. d) Missbrauch, Fehlgebrauch, Nichtbeachtung der Anweisungen oder unsachgem\u00e4\u00dfe oder abnormale Verwendung. e) Nichtbeachtung der Anweisungen in Ihrem Benutzerhandbuch (z. B. Verwendung anderer als der empfohlenen Reinigungs- und Pflegeprodukte, Nichtabschaltung des Produkts nach dem Gebrauch usw.). f) Nicht h\u00e4uslicher Gebrauch (einschlie\u00dflich, aber nicht beschr\u00e4nkt auf den Gebrauch in kommerziellen, professionellen, vermieteten oder institutionellen Umgebungen). g) Reparaturen, die nicht von einem von ICON autorisierten Dienstleister durchgef\u00fchrt wurden, oder die Verwendung von Teilen, die nicht von ICON geliefert oder autorisiert wurden. h) Unf\u00e4lle, St\u00f6\u00dfe, Stromschwankungen, Blitzschlag, St\u00fcrme, Wasser, Feuer, Tiere oder andere Ursachen, die au\u00dferhalb der Kontrolle von ICON liegen. i) Ungeeigneter Standort einschlie\u00dflich, aber nicht beschr\u00e4nkt auf feuchte, staubige oder Au\u00dfenumgebungen (Beispiele sind Garagen, Keller, Veranden und Terrassen).<\/div>\n<\/div>\n<div class=\"product-next-day\">\n<h4>EILZUSTELLUNG<\/h4>\n<div class=\"text-container\">F\u00fcr viele unserer Produkte gibt es Express- und Wunschtermin-Lieferoptionen, d.h. Sie erhalten Ihr Produkt schon morgen oder zu einem von Ihnen gew\u00e4hlten Termin. Bitte pr\u00fcfen Sie die Lieferoptionen an der Kasse, um die Verf\u00fcgbarkeit f\u00fcr Ihren Warenkorb und Ihre Postleitzahl zu sehen. Es gelten die Lieferbedingungen.<\/div>\n<\/div>","protected":false},"excerpt":{"rendered":"<p>Das klappbare NordicTrack Laufband der T-Serie 8 verf\u00fcgt \u00fcber eine Reihe herausragender Funktionen: eine H\u00f6chstgeschwindigkeit von 20 km\/h, 12 Steigungsstufen, ein praktisches Klappdesign und die SelectFlex\u2122-D\u00e4mpfung, mit der Sie die D\u00e4mpfung des Laufbands von weich bis fest an Ihre Vorlieben anpassen k\u00f6nnen. Die iFIT Train-Mitgliedschaft* bietet Zugang zu fortschrittlicher Leistungsverfolgung und \u00fcber 10.000 Trainingseinheiten, um Sie zu motivieren. Melden Sie sich \u00fcber Ihr eigenes Ger\u00e4t an und verbinden Sie sich dann mit dem T Series 8. Das \u00fcbersichtliche und leicht zug\u00e4ngliche 7-Zoll-Display macht die Leistungsverfolgung einfach, w\u00e4hrend die Schnellwahltasten f\u00fcr Geschwindigkeit und Steigung schnelle \u00c4nderungen erm\u00f6glichen. Mit dem praktisch platzierten AutoBreeze\u2122-L\u00fcfter und den Getr\u00e4nkehaltern f\u00fcr Ihre Trinkflasche behalten Sie einen k\u00fchlen Kopf. Die intelligente ActivePulse\u2122-Herzfrequenzmessung (Monitor und iFIT-Mitgliedschaft separat erh\u00e4ltlich) und das adaptive Training passen die Steigungs- und Geschwindigkeitsstufen automatisch f\u00fcr Sie an. Die T-Serie 8 bietet nicht nur eine komfortable und bequeme Trainingsplattform, sondern verf\u00fcgt auch \u00fcber einen einfach zu bedienenden Klappmechanismus. Mit einem einfachen Druck auf den Fu\u00dfb\u00fcgel l\u00e4sst sich das Laufband zusammenklappen, wodurch sich seine Stellfl\u00e4che massiv ver\u00e4ndert, und kann in den gew\u00fcnschten Raum gerollt werden. * 30-Tage-Testversion von iFIT Train inbegriffen. F\u00fcr die Aktivierung ist eine Kreditkarte erforderlich. Die iFIT Train-Mitgliedschaft verl\u00e4ngert sich automatisch, wenn sie nicht im Voraus gek\u00fcndigt wird. Die 30-Tage-Testversion gilt nur f\u00fcr neue Mitgliedschaften.<\/p>\n<div class=\"product-attribute-container-desktop desktop-only\">\n<div class=\"additional-attributes-wrapper table-wrapper\"><\/div>\n<\/div>","protected":false},"featured_media":1326,"comment_status":"open","ping_status":"closed","template":"","meta":{"site-sidebar-layout":"default","site-content-layout":"","ast-site-content-layout":"default","site-content-style":"default","site-sidebar-style":"default","ast-global-header-display":"","ast-banner-title-visibility":"","ast-main-header-display":"","ast-hfb-above-header-display":"","ast-hfb-below-header-display":"","ast-hfb-mobile-header-display":"","site-post-title":"","ast-breadcrumbs-content":"","ast-featured-img":"","footer-sml-layout":"","theme-transparent-header-meta":"default","adv-header-id-meta":"","stick-header-meta":"","header-above-stick-meta":"","header-main-stick-meta":"","header-below-stick-meta":"","astra-migrate-meta-layouts":"set","ast-page-background-enabled":"default","ast-page-background-meta":{"desktop":{"background-color":"var(--ast-global-color-5)","background-image":"","background-repeat":"repeat","background-position":"center center","background-size":"auto","background-attachment":"scroll","background-type":"","background-media":"","overlay-type":"","overlay-color":"","overlay-opacity":"","overlay-gradient":""},"tablet":{"background-color":"","background-image":"","background-repeat":"repeat","background-position":"center center","background-size":"auto","background-attachment":"scroll","background-type":"","background-media":"","overlay-type":"","overlay-color":"","overlay-opacity":"","overlay-gradient":""},"mobile":{"background-color":"","background-image":"","background-repeat":"repeat","background-position":"center center","background-size":"auto","background-attachment":"scroll","background-type":"","background-media":"","overlay-type":"","overlay-color":"","overlay-opacity":"","overlay-gradient":""}},"ast-content-background-meta":{"desktop":{"background-color":"var(--ast-global-color-4)","background-image":"","background-repeat":"repeat","background-position":"center center","background-size":"auto","background-attachment":"scroll","background-type":"","background-media":"","overlay-type":"","overlay-color":"","overlay-opacity":"","overlay-gradient":""},"tablet":{"background-color":"var(--ast-global-color-4)","background-image":"","background-repeat":"repeat","background-position":"center center","background-size":"auto","background-attachment":"scroll","background-type":"","background-media":"","overlay-type":"","overlay-color":"","overlay-opacity":"","overlay-gradient":""},"mobile":{"background-color":"var(--ast-global-color-4)","background-image":"","background-repeat":"repeat","background-position":"center center","background-size":"auto","background-attachment":"scroll","background-type":"","background-media":"","overlay-type":"","overlay-color":"","overlay-opacity":"","overlay-gradient":""}}},"product_brand":[],"product_cat":[21],"product_tag":[25],"class_list":{"0":"post-1325","1":"product","2":"type-product","3":"status-publish","4":"has-post-thumbnail","6":"product_cat-treadmills","7":"product_tag-treadmills","8":"desktop-align-left","9":"tablet-align-left","10":"mobile-align-left","12":"first","13":"instock","14":"sale","15":"taxable","16":"shipping-taxable","17":"purchasable","18":"product-type-simple"},"_links":{"self":[{"href":"https:\/\/bestfitnessstore.com\/de\/wp-json\/wp\/v2\/product\/1325","targetHints":{"allow":["GET"]}}],"collection":[{"href":"https:\/\/bestfitnessstore.com\/de\/wp-json\/wp\/v2\/product"}],"about":[{"href":"https:\/\/bestfitnessstore.com\/de\/wp-json\/wp\/v2\/types\/product"}],"replies":[{"embeddable":true,"href":"https:\/\/bestfitnessstore.com\/de\/wp-json\/wp\/v2\/comments?post=1325"}],"wp:featuredmedia":[{"embeddable":true,"href":"https:\/\/bestfitnessstore.com\/de\/wp-json\/wp\/v2\/media\/1326"}],"wp:attachment":[{"href":"https:\/\/bestfitnessstore.com\/de\/wp-json\/wp\/v2\/media?parent=1325"}],"wp:term":[{"taxonomy":"product_brand","embeddable":true,"href":"https:\/\/bestfitnessstore.com\/de\/wp-json\/wp\/v2\/product_brand?post=1325"},{"taxonomy":"product_cat","embeddable":true,"href":"https:\/\/bestfitnessstore.com\/de\/wp-json\/wp\/v2\/product_cat?post=1325"},{"taxonomy":"product_tag","embeddable":true,"href":"https:\/\/bestfitnessstore.com\/de\/wp-json\/wp\/v2\/product_tag?post=1325"}],"curies":[{"name":"wp","href":"https:\/\/api.w.org\/{rel}","templated":true}]}}