{"id":935,"date":"2025-11-24T14:43:38","date_gmt":"2025-11-24T14:43:38","guid":{"rendered":"https:\/\/bestfitnessstore.com\/?post_type=product&#038;p=935"},"modified":"2025-11-24T14:43:38","modified_gmt":"2025-11-24T14:43:38","slug":"sole-sb900i-indendors-cykel","status":"publish","type":"product","link":"https:\/\/bestfitnessstore.com\/da\/product\/sole-sb900i-indoor-cycle\/","title":{"rendered":"Sole SB900(i) indend\u00f8rs cykel"},"content":{"rendered":"<div class=\"product-tabs-wrapper\">\n<div class=\"container product-tabs-inner\">\n<div class=\"woocommerce-tabs wc-tabs-wrapper tabs-layout-tabs wd-opener-pos-right wd-opener-style-arrow\" data-state=\"first\" data-layout=\"tabs\">\n<div class=\"wd-accordion-item\">\n<div id=\"tab-description\" class=\"entry-content woocommerce-Tabs-panel woocommerce-Tabs-panel--description wd-active panel wc-tab\" role=\"tabpanel\" aria-labelledby=\"tab-title-description\" data-accordion-index=\"description\">\n<div class=\"wc-tab-inner wd-entry-content\">\n<div class=\"product-attribute-container-desktop desktop-only\">\n<div class=\"additional-attributes-wrapper table-wrapper\">\n<h4>PRODUKTINFORMATION<\/h4>\n<div class=\"attributes-container\">\n<ul class=\"product-attributes-container\">\n<li><span class=\"specification-title\">Pakkev\u00e6gt (KG):\u00a0<\/span><span class=\"specification-data\">72.199997<\/span><\/li>\n<li><span class=\"specification-title\">Effektmetode:\u00a0<\/span><span class=\"specification-data\">Selvforsynende<\/span><\/li>\n<li><span class=\"specification-title\">Holder til tablet:\u00a0<\/span><span class=\"specification-data\">Ja<\/span><\/li>\n<li><span class=\"specification-title\">Pedaler:\u00a0<\/span><span class=\"specification-data\">SPD-klip, t\u00e5bur<\/span><\/li>\n<li><span class=\"specification-title\">Cykeltype:\u00a0<\/span><span class=\"specification-data\">Racerk\u00f8rer<\/span><\/li>\n<li><span class=\"specification-title\">Modstandssystem:\u00a0<\/span><span class=\"specification-data\">Magnetisk<\/span><\/li>\n<li><span class=\"specification-title\">Overv\u00e5gning af hjertefrekvens:\u00a0<\/span><span class=\"specification-data\">Brystsp\u00e6nde<\/span><\/li>\n<li><span class=\"specification-title\">Indbyggede programmer:\u00a0<\/span><span class=\"specification-data\">Variabel modstand plus forskellige app-tr\u00e6ningsprogrammer<\/span><\/li>\n<\/ul>\n<ul class=\"product-attributes-container\">\n<li><span class=\"specification-title\">Produktets v\u00e6gt (KG):\u00a0<\/span><span class=\"specification-data\">66.50<\/span><\/li>\n<li><span class=\"specification-title\">App-integration:\u00a0<\/span><span class=\"specification-data\">KinoMap, Zwift<\/span><\/li>\n<li><span class=\"specification-title\">Bluetooth:\u00a0<\/span><span class=\"specification-data\">Ja<\/span><\/li>\n<li><span class=\"specification-title\">Justering af rammen:\u00a0<\/span><span class=\"specification-data\">Styr fremad og bagud, styr op og ned, sadel fremad og bagud, sadel op og ned<\/span><\/li>\n<li><span class=\"specification-title\">Transporthjul:\u00a0<\/span><span class=\"specification-data\">Ja<\/span><\/li>\n<li><span class=\"specification-title\">Svinghjulets v\u00e6gt (KG):\u00a0<\/span><span class=\"specification-data\">22<\/span><\/li>\n<li><span class=\"specification-title\">Maksimal brugerv\u00e6gt (kg):\u00a0<\/span><span class=\"specification-data\">135,00 (kg)<\/span><\/li>\n<li><span class=\"specification-title\">Produktm\u00e5l (LxBxH):\u00a0<\/span><span class=\"specification-data\">118,50 x 54 x 126 cm<\/span><\/li>\n<\/ul>\n<\/div>\n<\/div>\n<\/div>\n<div class=\"product-features\">\n<h4>YDERLIGERE FUNKTIONER<\/h4>\n<div class=\"more-container\">\n<div class=\"unshow-text\">\n<ul class=\"product-features-container\">\n<li><span class=\"specification-title\">Modstandskontrol:<\/span>\u00a0<span class=\"specification-data\">Modstand p\u00e5 flere niveauer<\/span><\/li>\n<li><span class=\"specification-title\">Visning af tr\u00e6ning:<\/span>\u00a0<span class=\"specification-data\">Enkelt LCD-vindue<\/span><\/li>\n<li><span class=\"specification-title\">Tr\u00e5dl\u00f8s RPM:<\/span>\u00a0<span class=\"specification-data\">Ja<\/span><\/li>\n<li><span class=\"specification-title\">Bluetooth + FTMS:<\/span>\u00a0<span class=\"specification-data\">Ja<\/span><\/li>\n<li><span class=\"specification-title\">Genopladeligt batteri:<\/span>\u00a0<span class=\"specification-data\">Ja<\/span><\/li>\n<li><span class=\"specification-title\">Batteriets arbejdstid:<\/span>\u00a0<span class=\"specification-data\">120-130 timer<\/span><\/li>\n<li><span class=\"specification-title\">Batteriets opladningstid:<\/span>\u00a0<span class=\"specification-data\">2,5 timer<\/span><\/li>\n<li><span class=\"specification-title\">Opladningskabel:<\/span>\u00a0<span class=\"specification-data\">Ja<\/span><\/li>\n<li><span class=\"specification-title\">Modtager:<\/span>\u00a0<span class=\"specification-data\">Ja<\/span><\/li>\n<li><span class=\"specification-title\">Krumtapl\u00e6ngde:<\/span>\u00a0<span class=\"specification-data\">170 mm \/ 6\u201d<\/span><\/li>\n<\/ul>\n<\/div>\n<\/div>\n<\/div>\n<div class=\"product-warranty\">\n<h4>GARANTI<\/h4>\n<div class=\"text-container\"><strong>Hjem og let kommerciel brug:<\/strong>\u00a0Garanti ved hjemmebrug: 5 \u00e5r p\u00e5 dele 3 \u00e5r p\u00e5 arbejdskraft Garanti ved let erhvervsm\u00e6ssig brug: gyldig i op til 3 timer om dagen i 12 m\u00e5neder. Op til 3 timers brug om dagen i et passende hjemmemilj\u00f8\/let kommercielt milj\u00f8. Passende hjemmemilj\u00f8 betyder, at Sole Fitness ikke anbefaler at placere deres udstyr i rum, der ikke har en reguleret temperatur og luftfugtighed. Der skal v\u00e6re tilstr\u00e6kkelig isolering og varmekilde, ellers bortfalder garantien (f.eks. hvis udstyret opbevares i en garage, en udestue, et skur eller en k\u00e6lder).<\/p>\n<\/div>\n<\/div>\n<div class=\"product-next-day\">\n<h4>EKSPRESLEVERING<\/h4>\n<div class=\"text-container\">Mange af vores produkter har mulighed for ekspreslevering og levering p\u00e5 en bestemt dato, hvilket betyder, at du f\u00e5r dit produkt leveret allerede i morgen eller p\u00e5 en dato, der passer dig. Tjek venligst leveringsmulighederne ved kassen for at se tilg\u00e6ngeligheden for din kurv og dit postnummer. Leveringsbetingelserne g\u00e6lder.<\/div>\n<\/div>\n<\/div>\n<\/div>\n<\/div>\n<div class=\"wd-accordion-item\"><\/div>\n<div class=\"wd-accordion-item\"><\/div>\n<\/div>\n<\/div>\n<\/div>\n<div class=\"container related-and-upsells\">\n<div id=\"carousel-221\" class=\"wd-carousel-container  related-products wd-wpb with-title  wd-products-element wd-products products\">\n<h2 class=\"wd-el-title title slider-title element-title\"><\/h2>\n<\/div>\n<\/div>","protected":false},"excerpt":{"rendered":"<p>Sole SB900(i) Indoor Cycle er bygget med en let kommerciel ramme, fremstillet af st\u00e5l og d\u00e6kket af en kappe af aluminium. Cyklen er modstandsdygtig over for ridser og korrosion og kan modst\u00e5 de s\u00e6rligt intense og svedige cykelsessioner. Et tungt svinghjul p\u00e5 22 kg og et magnetisk modstandssystem sikrer en j\u00e6vn k\u00f8rsel, uanset hvor h\u00e5rdt du presser p\u00e5, mens det fuldt justerbare s\u00e6de og styr betyder, at det er nemt at finde en behagelig k\u00f8restilling. SB900(i) har ogs\u00e5 SPD-pedaler, der passer til alle sportssko, eller du kan k\u00f8re med pedalerne fastsp\u00e6ndt, hvis du foretr\u00e6kker det. Den indbyggede LCD-konsol giver dig mulighed for at holde \u00f8je med din tr\u00e6ningsstatistik og har Bluetooth + FTMS-integration for tilslutning til et utal af fitness-apps. Konsollen leveres med et genopladeligt batteri med en arbejdstid p\u00e5 120-130 timer og en opladningstid p\u00e5 2,5 timer. Den har ogs\u00e5 en justerbar tabletholder, s\u00e5 du kan holde dig underholdt og forbundet under turen.<\/p>\n<div class=\"product-attribute-container-desktop desktop-only\">\n<div class=\"additional-attributes-wrapper table-wrapper\"><\/div>\n<\/div>","protected":false},"featured_media":938,"comment_status":"open","ping_status":"closed","template":"","meta":{"site-sidebar-layout":"default","site-content-layout":"","ast-site-content-layout":"default","site-content-style":"default","site-sidebar-style":"default","ast-global-header-display":"","ast-banner-title-visibility":"","ast-main-header-display":"","ast-hfb-above-header-display":"","ast-hfb-below-header-display":"","ast-hfb-mobile-header-display":"","site-post-title":"","ast-breadcrumbs-content":"","ast-featured-img":"","footer-sml-layout":"","theme-transparent-header-meta":"default","adv-header-id-meta":"","stick-header-meta":"","header-above-stick-meta":"","header-main-stick-meta":"","header-below-stick-meta":"","astra-migrate-meta-layouts":"set","ast-page-background-enabled":"default","ast-page-background-meta":{"desktop":{"background-color":"var(--ast-global-color-5)","background-image":"","background-repeat":"repeat","background-position":"center center","background-size":"auto","background-attachment":"scroll","background-type":"","background-media":"","overlay-type":"","overlay-color":"","overlay-opacity":"","overlay-gradient":""},"tablet":{"background-color":"","background-image":"","background-repeat":"repeat","background-position":"center center","background-size":"auto","background-attachment":"scroll","background-type":"","background-media":"","overlay-type":"","overlay-color":"","overlay-opacity":"","overlay-gradient":""},"mobile":{"background-color":"","background-image":"","background-repeat":"repeat","background-position":"center center","background-size":"auto","background-attachment":"scroll","background-type":"","background-media":"","overlay-type":"","overlay-color":"","overlay-opacity":"","overlay-gradient":""}},"ast-content-background-meta":{"desktop":{"background-color":"var(--ast-global-color-4)","background-image":"","background-repeat":"repeat","background-position":"center center","background-size":"auto","background-attachment":"scroll","background-type":"","background-media":"","overlay-type":"","overlay-color":"","overlay-opacity":"","overlay-gradient":""},"tablet":{"background-color":"var(--ast-global-color-4)","background-image":"","background-repeat":"repeat","background-position":"center center","background-size":"auto","background-attachment":"scroll","background-type":"","background-media":"","overlay-type":"","overlay-color":"","overlay-opacity":"","overlay-gradient":""},"mobile":{"background-color":"var(--ast-global-color-4)","background-image":"","background-repeat":"repeat","background-position":"center center","background-size":"auto","background-attachment":"scroll","background-type":"","background-media":"","overlay-type":"","overlay-color":"","overlay-opacity":"","overlay-gradient":""}}},"product_brand":[],"product_cat":[19],"product_tag":[29],"class_list":{"0":"post-935","1":"product","2":"type-product","3":"status-publish","4":"has-post-thumbnail","6":"product_cat-excise-bikes","7":"product_tag-exercise","8":"desktop-align-left","9":"tablet-align-left","10":"mobile-align-left","12":"first","13":"instock","14":"sale","15":"taxable","16":"shipping-taxable","17":"purchasable","18":"product-type-simple"},"_links":{"self":[{"href":"https:\/\/bestfitnessstore.com\/da\/wp-json\/wp\/v2\/product\/935","targetHints":{"allow":["GET"]}}],"collection":[{"href":"https:\/\/bestfitnessstore.com\/da\/wp-json\/wp\/v2\/product"}],"about":[{"href":"https:\/\/bestfitnessstore.com\/da\/wp-json\/wp\/v2\/types\/product"}],"replies":[{"embeddable":true,"href":"https:\/\/bestfitnessstore.com\/da\/wp-json\/wp\/v2\/comments?post=935"}],"wp:featuredmedia":[{"embeddable":true,"href":"https:\/\/bestfitnessstore.com\/da\/wp-json\/wp\/v2\/media\/938"}],"wp:attachment":[{"href":"https:\/\/bestfitnessstore.com\/da\/wp-json\/wp\/v2\/media?parent=935"}],"wp:term":[{"taxonomy":"product_brand","embeddable":true,"href":"https:\/\/bestfitnessstore.com\/da\/wp-json\/wp\/v2\/product_brand?post=935"},{"taxonomy":"product_cat","embeddable":true,"href":"https:\/\/bestfitnessstore.com\/da\/wp-json\/wp\/v2\/product_cat?post=935"},{"taxonomy":"product_tag","embeddable":true,"href":"https:\/\/bestfitnessstore.com\/da\/wp-json\/wp\/v2\/product_tag?post=935"}],"curies":[{"name":"wp","href":"https:\/\/api.w.org\/{rel}","templated":true}]}}