{"id":844,"date":"2025-11-24T12:16:13","date_gmt":"2025-11-24T12:16:13","guid":{"rendered":"https:\/\/bestfitnessstore.com\/?post_type=product&#038;p=844"},"modified":"2025-11-24T12:16:14","modified_gmt":"2025-11-24T12:16:14","slug":"proform-pro-trainer-500-indendors-cykel","status":"publish","type":"product","link":"https:\/\/bestfitnessstore.com\/da\/product\/proform-pro-trainer-500-indoor-cycle\/","title":{"rendered":"ProForm Pro Trainer 500 indend\u00f8rs cykel"},"content":{"rendered":"<div class=\"product-attribute-container-desktop desktop-only\">\n<div class=\"additional-attributes-wrapper table-wrapper\">\n<h4>PRODUKTINFORMATION<\/h4>\n<div class=\"attributes-container\">\n<ul class=\"product-attributes-container\">\n<li><span class=\"specification-title\">Pakkev\u00e6gt (KG):\u00a0<\/span><span class=\"specification-data\">47.000000<\/span><\/li>\n<li><span class=\"specification-title\">App-integration:\u00a0<\/span><span class=\"specification-data\">iFIT<\/span><\/li>\n<li><span class=\"specification-title\">Cykeltype:\u00a0<\/span><span class=\"specification-data\">Racerk\u00f8rer<\/span><\/li>\n<li><span class=\"specification-title\">Modstandssystem:\u00a0<\/span><span class=\"specification-data\">Magnetisk<\/span><\/li>\n<li><span class=\"specification-title\">Maksimal brugerv\u00e6gt (kg):\u00a0<\/span><span class=\"specification-data\">115,00 (kg)<\/span><\/li>\n<\/ul>\n<ul class=\"product-attributes-container\">\n<li><span class=\"specification-title\">Effektmetode:\u00a0<\/span><span class=\"specification-data\">Elektricitet fra elnettet<\/span><\/li>\n<li><span class=\"specification-title\">Holder til tablet:\u00a0<\/span><span class=\"specification-data\">Ja<\/span><\/li>\n<li><span class=\"specification-title\">Transporthjul:\u00a0<\/span><span class=\"specification-data\">Ja<\/span><\/li>\n<li><span class=\"specification-title\">Svinghjulets v\u00e6gt (KG):\u00a0<\/span><span class=\"specification-data\">11<\/span><\/li>\n<li><span class=\"specification-title\">M\u00e5l p\u00e5 kassen (LxBxH):\u00a0<\/span><span class=\"specification-data\">105 x 25 x 80 cm<\/span><\/li>\n<\/ul>\n<\/div>\n<\/div>\n<\/div>\n<div class=\"product-features\">\n<h4>YDERLIGERE FUNKTIONER<\/h4>\n<div class=\"more-container\">\n<div class=\"unshow-text\">\n<ul class=\"product-features-container\">\n<li><span class=\"specification-title\">SMR\u2122 Silent Magnetic Resistance:<\/span>\u00a0<span class=\"specification-data\">16 digitale niveauer<\/span><\/li>\n<li><span class=\"specification-title\">Sk\u00e6rm:<\/span>\u00a0<span class=\"specification-data\">LCD-sk\u00e6rm med 1 vindue<\/span><\/li>\n<li><span class=\"specification-title\">Sadel:<\/span>\u00a0<span class=\"specification-data\">Ergonomisk, polstret sadel. Kan justeres vertikalt og horisontalt<\/span><\/li>\n<li><span class=\"specification-title\">Styr:<\/span>\u00a0<span class=\"specification-data\">Skridsikkert styr med flere positioner. Kan justeres vertikalt og horisontalt med Lift Assist<\/span><\/li>\n<li><span class=\"specification-title\">Andre funktioner:<\/span>\u00a0<span class=\"specification-data\">Vandflaskeholder; pedaler med t\u00e5holdere; h\u00e5ndv\u00e6gtsholdere med to h\u00e5ndv\u00e6gte p\u00e5 1,4 kg; frontmonterede transporthjul<\/span><\/li>\n<li><span class=\"specification-title\">IFit Trial:<\/span>\u00a0<span class=\"specification-data\">30-dages iFIT-pr\u00f8veperiode inkluderet. Kreditkort kr\u00e6ves til aktivering. iFIT-medlemskab fornyes automatisk, medmindre det annulleres p\u00e5 forh\u00e5nd. 30 dages pr\u00f8veperiode g\u00e6lder kun for nye medlemskaber. Tablet vist p\u00e5 billeder er ikke inkluderet.<\/span><\/li>\n<\/ul>\n<\/div>\n<\/div>\n<\/div>\n<div class=\"product-warranty\">\n<h4>GARANTI<\/h4>\n<div class=\"text-container\"><strong>Til hjemmebrug:<\/strong>\u00a0To \u00e5rs garanti p\u00e5 dele og arbejdskraft (betingelser g\u00e6lder), forudsat at produktet registreres inden for 28 dage efter k\u00f8bet. Standardgarantien er 12 m\u00e5neder p\u00e5 dele og arbejdskraft. Vilk\u00e5r Denne garanti g\u00e6lder kun for den oprindelige k\u00f8ber (dig) og kan ikke overdrages. Garantien d\u00e6kker ikke: 1. Normal slitage (eksempler p\u00e5 normale sliddele omfatter gangremme, drivremme, batterier, bremseklodser og springm\u00e5tter). 2. Alle provisoriske reparationer, tilpasninger eller \u00e6ndringer, der \u00e6ndrer dette produkt i forhold til dets normale form\u00e5l og funktion som beskrevet i brugervejledningen. 3. Skader som f\u00f8lge af: a) Fors\u00e6tlige eller ondsindede handlinger. b) Transport. c) Forkert installation, samling eller tilslutning, der ikke er i overensstemmelse med ICON's specifikationer eller anbefalinger. d) Misbrug, forkert brug, manglende overholdelse af instruktioner eller forkert eller unormal brug. e) Manglende overholdelse af instruktionerne i din brugervejledning (s\u00e5som brug af andre reng\u00f8rings- og vedligeholdelsesprodukter end dem, der anbefales, manglende slukning af produktet efter brug osv.) f) Brug uden for hjemmet (herunder, men ikke begr\u00e6nset til, brug i kommercielle, professionelle, udlejnings- eller institutionsmilj\u00f8er). g) Reparationer, der ikke er udf\u00f8rt af en ICON-autoriseret serviceudbyder, eller brug af dele, der ikke er leveret eller godkendt af ICON. h) Ulykker, st\u00f8d, str\u00f8msvingninger, lyn, storme, vand, ild, dyr eller andre \u00e5rsager, som ICON ikke har kontrol over. i) Forkert placering, herunder, men ikke begr\u00e6nset til, fugtige, st\u00f8vede eller udend\u00f8rs milj\u00f8er (eksempler omfatter garager, k\u00e6ldre, verandaer og terrasser).<\/div>\n<\/div>\n<div class=\"product-next-day\">\n<h4>EKSPRESLEVERING<\/h4>\n<div class=\"text-container\">Mange af vores produkter har mulighed for ekspreslevering og levering p\u00e5 en bestemt dato, hvilket betyder, at du f\u00e5r dit produkt leveret allerede i morgen eller p\u00e5 en dato, der passer dig. Tjek venligst leveringsmulighederne ved kassen for at se tilg\u00e6ngeligheden for din kurv og dit postnummer. Leveringsbetingelserne g\u00e6lder.<\/div>\n<\/div>","protected":false},"excerpt":{"rendered":"<p>Nyd en realistisk simulation af landevejscykling i dit eget hjem med ProForm Pro Trainer 500 Indoor Cycle. Takket v\u00e6re det 11 kg tunge svinghjul og 16 niveauer af SMR\u2122 Silent Magnetic Resistance og b\u00e6ltedrevet er hvert skridt i pedalerne j\u00e6vnt og naturligt. Den ergonomisk polstrede sadel og det skridsikre multi-positionsstyr kan justeres b\u00e5de horisontalt og vertikalt, og pedalerne med t\u00e5spids giver et sikkert fodf\u00e6ste. Se din tr\u00e6ningsstatistik - inklusive din watt-udl\u00e6sning - p\u00e5 det store LCD-display med 1 vindue, eller brug tabletholderen foran sk\u00e6rmen. Download iFit-appen til din enhed for at f\u00e5 adgang til globale on-demand-tr\u00e6ningsprogrammer, streaming-sessioner ledet af tr\u00e6nere i verdensklasse, der presser dig yderligere for at maksimere dine resultater (30-dages iFit Family-abonnement inkluderet*). ActivePulse\u2122-teknologien justerer automatisk modstanden p\u00e5 din Sport CX for at holde dig i den optimale pulszone (kr\u00e6ver SmartBeat-armb\u00e5nd), mens SmartAdjust-teknologien l\u00e6gger modstanden i h\u00e6nderne p\u00e5 dine iFIT-instrukt\u00f8rer. Andre funktioner omfatter integrerede transporthjul, en vandflaskeholder og h\u00e5ndv\u00e6gtsholdere med to h\u00e5ndv\u00e6gte p\u00e5 1,4 kg inkluderet. *30-dages iFIT-pr\u00f8veperiode inkluderet. Kreditkort kr\u00e6ves til aktivering. iFIT-medlemskab fornyes automatisk, medmindre det annulleres p\u00e5 forh\u00e5nd. 30 dages pr\u00f8veperiode g\u00e6lder kun for nye medlemskaber.<\/p>\n<div class=\"product-attribute-container-desktop desktop-only\">\n<div class=\"additional-attributes-wrapper table-wrapper\"><\/div>\n<\/div>","protected":false},"featured_media":846,"comment_status":"open","ping_status":"closed","template":"","meta":{"site-sidebar-layout":"default","site-content-layout":"","ast-site-content-layout":"default","site-content-style":"default","site-sidebar-style":"default","ast-global-header-display":"","ast-banner-title-visibility":"","ast-main-header-display":"","ast-hfb-above-header-display":"","ast-hfb-below-header-display":"","ast-hfb-mobile-header-display":"","site-post-title":"","ast-breadcrumbs-content":"","ast-featured-img":"","footer-sml-layout":"","theme-transparent-header-meta":"default","adv-header-id-meta":"","stick-header-meta":"","header-above-stick-meta":"","header-main-stick-meta":"","header-below-stick-meta":"","astra-migrate-meta-layouts":"set","ast-page-background-enabled":"default","ast-page-background-meta":{"desktop":{"background-color":"var(--ast-global-color-5)","background-image":"","background-repeat":"repeat","background-position":"center center","background-size":"auto","background-attachment":"scroll","background-type":"","background-media":"","overlay-type":"","overlay-color":"","overlay-opacity":"","overlay-gradient":""},"tablet":{"background-color":"","background-image":"","background-repeat":"repeat","background-position":"center center","background-size":"auto","background-attachment":"scroll","background-type":"","background-media":"","overlay-type":"","overlay-color":"","overlay-opacity":"","overlay-gradient":""},"mobile":{"background-color":"","background-image":"","background-repeat":"repeat","background-position":"center center","background-size":"auto","background-attachment":"scroll","background-type":"","background-media":"","overlay-type":"","overlay-color":"","overlay-opacity":"","overlay-gradient":""}},"ast-content-background-meta":{"desktop":{"background-color":"var(--ast-global-color-4)","background-image":"","background-repeat":"repeat","background-position":"center center","background-size":"auto","background-attachment":"scroll","background-type":"","background-media":"","overlay-type":"","overlay-color":"","overlay-opacity":"","overlay-gradient":""},"tablet":{"background-color":"var(--ast-global-color-4)","background-image":"","background-repeat":"repeat","background-position":"center center","background-size":"auto","background-attachment":"scroll","background-type":"","background-media":"","overlay-type":"","overlay-color":"","overlay-opacity":"","overlay-gradient":""},"mobile":{"background-color":"var(--ast-global-color-4)","background-image":"","background-repeat":"repeat","background-position":"center center","background-size":"auto","background-attachment":"scroll","background-type":"","background-media":"","overlay-type":"","overlay-color":"","overlay-opacity":"","overlay-gradient":""}}},"product_brand":[],"product_cat":[19],"product_tag":[22],"class_list":{"0":"post-844","1":"product","2":"type-product","3":"status-publish","4":"has-post-thumbnail","6":"product_cat-excise-bikes","7":"product_tag-exercise-bikes","8":"desktop-align-left","9":"tablet-align-left","10":"mobile-align-left","12":"first","13":"instock","14":"sale","15":"taxable","16":"shipping-taxable","17":"purchasable","18":"product-type-simple"},"_links":{"self":[{"href":"https:\/\/bestfitnessstore.com\/da\/wp-json\/wp\/v2\/product\/844","targetHints":{"allow":["GET"]}}],"collection":[{"href":"https:\/\/bestfitnessstore.com\/da\/wp-json\/wp\/v2\/product"}],"about":[{"href":"https:\/\/bestfitnessstore.com\/da\/wp-json\/wp\/v2\/types\/product"}],"replies":[{"embeddable":true,"href":"https:\/\/bestfitnessstore.com\/da\/wp-json\/wp\/v2\/comments?post=844"}],"wp:featuredmedia":[{"embeddable":true,"href":"https:\/\/bestfitnessstore.com\/da\/wp-json\/wp\/v2\/media\/846"}],"wp:attachment":[{"href":"https:\/\/bestfitnessstore.com\/da\/wp-json\/wp\/v2\/media?parent=844"}],"wp:term":[{"taxonomy":"product_brand","embeddable":true,"href":"https:\/\/bestfitnessstore.com\/da\/wp-json\/wp\/v2\/product_brand?post=844"},{"taxonomy":"product_cat","embeddable":true,"href":"https:\/\/bestfitnessstore.com\/da\/wp-json\/wp\/v2\/product_cat?post=844"},{"taxonomy":"product_tag","embeddable":true,"href":"https:\/\/bestfitnessstore.com\/da\/wp-json\/wp\/v2\/product_tag?post=844"}],"curies":[{"name":"wp","href":"https:\/\/api.w.org\/{rel}","templated":true}]}}