{"id":790,"date":"2025-11-22T17:21:11","date_gmt":"2025-11-22T17:21:11","guid":{"rendered":"https:\/\/bestfitnessstore.com\/?post_type=product&#038;p=790"},"modified":"2025-11-22T17:21:50","modified_gmt":"2025-11-22T17:21:50","slug":"matrix-fitness-u50-opretstaende-cykel-med-xer-konsol","status":"publish","type":"product","link":"https:\/\/bestfitnessstore.com\/da\/product\/matrix-fitness-u50-upright-cycle-with-xer-console\/","title":{"rendered":"Matrix Fitness U50 st\u00e5ende cykel med XER-konsol"},"content":{"rendered":"<div class=\"product-attribute-container-desktop desktop-only\">\n<div class=\"additional-attributes-wrapper table-wrapper\">\n<h4>PRODUKTINFORMATION<\/h4>\n<div class=\"attributes-container\">\n<ul class=\"product-attributes-container\">\n<li><span class=\"specification-title\">Pakkev\u00e6gt (KG):\u00a0<\/span><span class=\"specification-data\">74.400000<\/span><\/li>\n<li><span class=\"specification-title\">Effektmetode:\u00a0<\/span><span class=\"specification-data\">Elektricitet fra elnettet<\/span><\/li>\n<li><span class=\"specification-title\">Holder til tablet:\u00a0<\/span><span class=\"specification-data\">Ja<\/span><\/li>\n<li><span class=\"specification-title\">Pedaler:\u00a0<\/span><span class=\"specification-data\">Rem<\/span><\/li>\n<li><span class=\"specification-title\">Cykeltype:\u00a0<\/span><span class=\"specification-data\">Opretst\u00e5ende<\/span><\/li>\n<li><span class=\"specification-title\">Minimum brugerh\u00f8jde (cm):\u00a0<\/span><span class=\"specification-data\">147<\/span><\/li>\n<li><span class=\"specification-title\">Modstandssystem:\u00a0<\/span><span class=\"specification-data\">Induktion<\/span><\/li>\n<li><span class=\"specification-title\">Maksimal brugerv\u00e6gt (kg):\u00a0<\/span><span class=\"specification-data\">159,00 (kg)<\/span><\/li>\n<li><span class=\"specification-title\">Produktm\u00e5l (LxBxH):\u00a0<\/span><span class=\"specification-data\">122 x 62,50 x 143 cm<\/span><\/li>\n<\/ul>\n<ul class=\"product-attributes-container\">\n<li><span class=\"specification-title\">Produktets v\u00e6gt (KG):\u00a0<\/span><span class=\"specification-data\">60<\/span><\/li>\n<li><span class=\"specification-title\">App-integration:\u00a0<\/span><span class=\"specification-data\">KinoMap<\/span><\/li>\n<li><span class=\"specification-title\">Bluetooth:\u00a0<\/span><span class=\"specification-data\">Ja<\/span><\/li>\n<li><span class=\"specification-title\">Justering af rammen:\u00a0<\/span><span class=\"specification-data\">H\u00e5ndtag og konsol bev\u00e6ger sig frem og tilbage, sadel op og ned<\/span><\/li>\n<li><span class=\"specification-title\">Transporthjul:\u00a0<\/span><span class=\"specification-data\">Ja<\/span><\/li>\n<li><span class=\"specification-title\">Maksimal brugerh\u00f8jde (cm):\u00a0<\/span><span class=\"specification-data\">201<\/span><\/li>\n<li><span class=\"specification-title\">Overv\u00e5gning af hjertefrekvens:\u00a0<\/span><span class=\"specification-data\">Indbyggede sensorer og Bluetooth<\/span><\/li>\n<li><span class=\"specification-title\">Indbyggede programmer:\u00a0<\/span><span class=\"specification-data\">Manuel, fedtforbr\u00e6nding, rullende bakker, intervaller, tidsm\u00e5l, afstandsm\u00e5l, m\u00e5lpuls, sprint 8, brugerdefineret<\/span><\/li>\n<\/ul>\n<\/div>\n<\/div>\n<\/div>\n<div class=\"product-features\">\n<h4>YDERLIGERE FUNKTIONER<\/h4>\n<div class=\"more-container\">\n<div class=\"unshow-text\">\n<ul class=\"product-features-container\">\n<li><span class=\"specification-title\">Ramme:<\/span>\u00a0<span class=\"specification-data\">Dual Form step-through upright<\/span><\/li>\n<li><span class=\"specification-title\">Pedaltype:<\/span>\u00a0<span class=\"specification-data\">Overdimensionerede, selvbalancerende pedaler i kommerciel kvalitet med justerbare stropper<\/span><\/li>\n<li><span class=\"specification-title\">S\u00e6detype:<\/span>\u00a0<span class=\"specification-data\">Comfort Arc opretst\u00e5ende s\u00e6de, udskifteligt<\/span><\/li>\n<li><span class=\"specification-title\">Modstandssystem:<\/span>\u00a0<span class=\"specification-data\">Exact Force induktionsbremse<\/span><\/li>\n<li><span class=\"specification-title\">Modstandsniveauer:<\/span>\u00a0<span class=\"specification-data\">30 niveauer, elektronisk<\/span><\/li>\n<li><span class=\"specification-title\">Styrtype:<\/span>\u00a0<span class=\"specification-data\">Justerbart multih\u00e5ndtag med modstandsknapper og pulsgreb, der kan udskiftes<\/span><\/li>\n<li><span class=\"specification-title\">XER-konsol:<\/span>\u00a0<span class=\"specification-data\">Ber\u00f8ringssk\u00e6rm i 10\u201d-klassen med Bluetooth-forbindelse, USB-port, konsol-apps, l\u00e6sestativ, energisparetilstand, Viewfit-forbindelse (integreres med fitness-apps). WiFi kr\u00e6ves til apps og softwareopdateringer.<\/span><\/li>\n<li><span class=\"specification-title\">Tr\u00e6ningsprogrammer:<\/span>\u00a0<span class=\"specification-data\">11 indbygget<\/span><\/li>\n<li><span class=\"specification-title\">Konsol-apps:<\/span>\u00a0<span class=\"specification-data\">Virtual Active, Sprint8, YouTube, Spotify, Netflix og meget mere. Abonnementer er ikke inkluderet.<\/span><\/li>\n<li><span class=\"specification-title\">Ekstramateriale:<\/span>\u00a0<span class=\"specification-data\">Vandflaskeholder, integreret l\u00e6sehylde, energisparetilstand<\/span><\/li>\n<li><span class=\"specification-title\">Dimensioner (LxBxH):<\/span>\u00a0<span class=\"specification-data\">122 x 62,5 x 143 cm \/ 48\u201d x 24,6\u201d x 56,3\u201d<\/span><\/li>\n<li><span class=\"specification-title\">Samlet v\u00e6gt:<\/span>\u00a0<span class=\"specification-data\">64,5 kg<\/span><\/li>\n<li><span class=\"specification-title\">Brugerens v\u00e6gtkapacitet:<\/span>\u00a0<span class=\"specification-data\">159 kg \/ 350 lbs<\/span><\/li>\n<li><span class=\"specification-title\">Omr\u00e5de for brugerh\u00f8jde:<\/span>\u00a0<span class=\"specification-data\">150 - 193 cm \/ 4\u201911\u201d - 6\u20194\u201d<\/span><\/li>\n<\/ul>\n<\/div>\n<\/div>\n<\/div>\n<div class=\"product-warranty\">\n<h4>GARANTI<\/h4>\n<div class=\"text-container\"><strong>Til hjemmebrug:<\/strong>\u00a03 \u00e5rs P\/L<\/div>\n<\/div>\n<div class=\"product-next-day\">\n<h4>EKSPRESLEVERING<\/h4>\n<div class=\"text-container\">Mange af vores produkter har mulighed for ekspreslevering og levering p\u00e5 en bestemt dato, hvilket betyder, at du f\u00e5r dit produkt leveret allerede i morgen eller p\u00e5 en dato, der passer dig. Tjek venligst leveringsmulighederne ved kassen for at se tilg\u00e6ngeligheden for din kurv og dit postnummer. Leveringsbetingelserne g\u00e6lder.<\/div>\n<\/div>","protected":false},"excerpt":{"rendered":"<p>Med Matrix Fitness U50 Upright Cycle kan du nyde den kvalitet, det design og den stabilitet, du forventer af kommercielle motionscykler, derhjemme. Med en Dual Form Frame-struktur er U50 betydeligt mere stabil og holdbar end andre cykler med design med en enkelt stolpe, og den har en lav indstigningsh\u00f8jde for nem adgang. Et bredt modstandsomr\u00e5de med 30 niveauer sikrer en udfordring, uanset dit fitnessniveau, og Exact Force-induktionsbremsesystemet giver en realistisk cykelfornemmelse. U50 har Comfort Arc-s\u00e6det, som er ergonomisk formet til at give uovertruffen komfort, st\u00f8tte og balance under tr\u00e6ningen. Smart ergonomi, som f.eks. optimeret pedalafstand, sikrer, at hver tur er effektiv og sk\u00e5ner dine led, mens de overdimensionerede, selvbalancerende pedaler i kommerciel kvalitet giver sikker fodplacering gennem hele rotationen. Hvis du foretr\u00e6kker en anden sadel, et andet styr eller andre pedaler, kan du montere standard udend\u00f8rs tilbeh\u00f8r for at tilpasse din cykel til din unikke stil. Med den opgraderede XER-konsol kan du nemt se alle dine tr\u00e6ningsdata p\u00e5 den klare 10\u201d intuitive ber\u00f8ringssk\u00e6rm. Der er 11 indbyggede tr\u00e6ningsprogrammer, og du kan se konsol-apps som Sprint 8, Virtual Active, MyFitnessPal samt underholdningsfavoritter som Netflix, Spotify, YouTube og meget mere (abonnementer ikke inkluderet). Tilslut din konsol via WiFi for at f\u00e5 softwareopdateringer, ViewFit-forbindelse, webbrowsing og underholdningsapps. Skift mellem de 30 modstandsniveauer med modstandsknapper p\u00e5 styret, og m\u00e5l din puls med kontaktgreb (eller tilslut din pulsrem via Bluetooth - rem medf\u00f8lger ikke). Andre funktioner omfatter en vandflaskeholder, et integreret l\u00e6sestativ og energisparetilstand.<\/p>\n<div class=\"product-attribute-container-desktop desktop-only\">\n<div class=\"additional-attributes-wrapper table-wrapper\">\n<p>Med Matrix Fitness U50 Upright Cycle kan du nyde den kvalitet, det design og den stabilitet, du forventer af kommercielle motionscykler, derhjemme. Med en Dual Form Frame-struktur er U50 betydeligt mere stabil og holdbar end andre cykler med design med en enkelt stolpe, og den har en lav indstigningsh\u00f8jde for nem adgang. Et bredt modstandsomr\u00e5de med 30 niveauer sikrer en udfordring, uanset dit fitnessniveau, og Exact Force-induktionsbremsesystemet giver en realistisk cykelfornemmelse. U50 har Comfort Arc-s\u00e6det, som er ergonomisk formet til at give uovertruffen komfort, st\u00f8tte og balance under tr\u00e6ningen. Smart ergonomi, som f.eks. optimeret pedalafstand, sikrer, at hver tur er effektiv og sk\u00e5ner dine led, mens de overdimensionerede, selvbalancerende pedaler i kommerciel kvalitet giver sikker fodplacering gennem hele rotationen. Hvis du foretr\u00e6kker en anden sadel, et andet styr eller andre pedaler, kan du montere standard udend\u00f8rs tilbeh\u00f8r for at tilpasse din cykel til din unikke stil. Med den opgraderede XER-konsol kan du nemt se alle dine tr\u00e6ningsdata p\u00e5 den klare 10\u201d intuitive ber\u00f8ringssk\u00e6rm. Der er 11 indbyggede tr\u00e6ningsprogrammer, og du kan se konsol-apps som Sprint 8, Virtual Active, MyFitnessPal samt underholdningsfavoritter som Netflix, Spotify, YouTube og meget mere (abonnementer ikke inkluderet). Tilslut din konsol via WiFi for at f\u00e5 softwareopdateringer, ViewFit-forbindelse, webbrowsing og underholdningsapps. Skift mellem de 30 modstandsniveauer med modstandsknapper p\u00e5 styret, og m\u00e5l din puls med kontaktgreb (eller tilslut din pulsrem via Bluetooth - rem medf\u00f8lger ikke). Andre funktioner omfatter en vandflaskeholder, et integreret l\u00e6sestativ og energisparetilstand.<\/p>\n<div class=\"product-attribute-container-desktop desktop-only\">\n<div class=\"additional-attributes-wrapper table-wrapper\"><\/div>\n<\/div>\n<\/div>\n<\/div>","protected":false},"featured_media":793,"comment_status":"open","ping_status":"closed","template":"","meta":{"site-sidebar-layout":"default","site-content-layout":"","ast-site-content-layout":"default","site-content-style":"default","site-sidebar-style":"default","ast-global-header-display":"","ast-banner-title-visibility":"","ast-main-header-display":"","ast-hfb-above-header-display":"","ast-hfb-below-header-display":"","ast-hfb-mobile-header-display":"","site-post-title":"","ast-breadcrumbs-content":"","ast-featured-img":"","footer-sml-layout":"","theme-transparent-header-meta":"default","adv-header-id-meta":"","stick-header-meta":"","header-above-stick-meta":"","header-main-stick-meta":"","header-below-stick-meta":"","astra-migrate-meta-layouts":"set","ast-page-background-enabled":"default","ast-page-background-meta":{"desktop":{"background-color":"var(--ast-global-color-5)","background-image":"","background-repeat":"repeat","background-position":"center center","background-size":"auto","background-attachment":"scroll","background-type":"","background-media":"","overlay-type":"","overlay-color":"","overlay-opacity":"","overlay-gradient":""},"tablet":{"background-color":"","background-image":"","background-repeat":"repeat","background-position":"center center","background-size":"auto","background-attachment":"scroll","background-type":"","background-media":"","overlay-type":"","overlay-color":"","overlay-opacity":"","overlay-gradient":""},"mobile":{"background-color":"","background-image":"","background-repeat":"repeat","background-position":"center center","background-size":"auto","background-attachment":"scroll","background-type":"","background-media":"","overlay-type":"","overlay-color":"","overlay-opacity":"","overlay-gradient":""}},"ast-content-background-meta":{"desktop":{"background-color":"var(--ast-global-color-4)","background-image":"","background-repeat":"repeat","background-position":"center center","background-size":"auto","background-attachment":"scroll","background-type":"","background-media":"","overlay-type":"","overlay-color":"","overlay-opacity":"","overlay-gradient":""},"tablet":{"background-color":"var(--ast-global-color-4)","background-image":"","background-repeat":"repeat","background-position":"center center","background-size":"auto","background-attachment":"scroll","background-type":"","background-media":"","overlay-type":"","overlay-color":"","overlay-opacity":"","overlay-gradient":""},"mobile":{"background-color":"var(--ast-global-color-4)","background-image":"","background-repeat":"repeat","background-position":"center center","background-size":"auto","background-attachment":"scroll","background-type":"","background-media":"","overlay-type":"","overlay-color":"","overlay-opacity":"","overlay-gradient":""}}},"product_brand":[],"product_cat":[19],"product_tag":[22],"class_list":{"0":"post-790","1":"product","2":"type-product","3":"status-publish","4":"has-post-thumbnail","6":"product_cat-excise-bikes","7":"product_tag-exercise-bikes","8":"desktop-align-left","9":"tablet-align-left","10":"mobile-align-left","12":"first","13":"instock","14":"sale","15":"taxable","16":"shipping-taxable","17":"purchasable","18":"product-type-simple"},"_links":{"self":[{"href":"https:\/\/bestfitnessstore.com\/da\/wp-json\/wp\/v2\/product\/790","targetHints":{"allow":["GET"]}}],"collection":[{"href":"https:\/\/bestfitnessstore.com\/da\/wp-json\/wp\/v2\/product"}],"about":[{"href":"https:\/\/bestfitnessstore.com\/da\/wp-json\/wp\/v2\/types\/product"}],"replies":[{"embeddable":true,"href":"https:\/\/bestfitnessstore.com\/da\/wp-json\/wp\/v2\/comments?post=790"}],"wp:featuredmedia":[{"embeddable":true,"href":"https:\/\/bestfitnessstore.com\/da\/wp-json\/wp\/v2\/media\/793"}],"wp:attachment":[{"href":"https:\/\/bestfitnessstore.com\/da\/wp-json\/wp\/v2\/media?parent=790"}],"wp:term":[{"taxonomy":"product_brand","embeddable":true,"href":"https:\/\/bestfitnessstore.com\/da\/wp-json\/wp\/v2\/product_brand?post=790"},{"taxonomy":"product_cat","embeddable":true,"href":"https:\/\/bestfitnessstore.com\/da\/wp-json\/wp\/v2\/product_cat?post=790"},{"taxonomy":"product_tag","embeddable":true,"href":"https:\/\/bestfitnessstore.com\/da\/wp-json\/wp\/v2\/product_tag?post=790"}],"curies":[{"name":"wp","href":"https:\/\/api.w.org\/{rel}","templated":true}]}}