{"id":778,"date":"2025-11-22T17:09:43","date_gmt":"2025-11-22T17:09:43","guid":{"rendered":"https:\/\/bestfitnessstore.com\/?post_type=product&#038;p=778"},"modified":"2025-11-22T17:09:44","modified_gmt":"2025-11-22T17:09:44","slug":"matrix-fitness-u30-upright-cycle-with-xer-console","status":"publish","type":"product","link":"https:\/\/bestfitnessstore.com\/da\/product\/matrix-fitness-u30-upright-cycle-with-xer-console\/","title":{"rendered":"Matrix Fitness U30 st\u00e5ende cykel med XER-konsol"},"content":{"rendered":"<div class=\"product-attribute-container-desktop desktop-only\">\n<div class=\"additional-attributes-wrapper table-wrapper\">\n<h4>PRODUKTINFORMATION<\/h4>\n<div class=\"attributes-container\">\n<ul class=\"product-attributes-container\">\n<li><span class=\"specification-title\">Pakkev\u00e6gt (KG):\u00a0<\/span><span class=\"specification-data\">71.400000<\/span><\/li>\n<li><span class=\"specification-title\">Effektmetode:\u00a0<\/span><span class=\"specification-data\">Elektricitet fra elnettet<\/span><\/li>\n<li><span class=\"specification-title\">Holder til tablet:\u00a0<\/span><span class=\"specification-data\">Ja<\/span><\/li>\n<li><span class=\"specification-title\">Pedaler:\u00a0<\/span><span class=\"specification-data\">Rem<\/span><\/li>\n<li><span class=\"specification-title\">Cykeltype:\u00a0<\/span><span class=\"specification-data\">Opretst\u00e5ende<\/span><\/li>\n<li><span class=\"specification-title\">Minimum brugerh\u00f8jde (cm):\u00a0<\/span><span class=\"specification-data\">147<\/span><\/li>\n<li><span class=\"specification-title\">Modstandssystem:\u00a0<\/span><span class=\"specification-data\">Hvirvelstr\u00f8m<\/span><\/li>\n<li><span class=\"specification-title\">Overv\u00e5gning af hjertefrekvens:\u00a0<\/span><span class=\"specification-data\">Indbyggede sensorer og Bluetooth<\/span><\/li>\n<li><span class=\"specification-title\">Indbyggede programmer:\u00a0<\/span><span class=\"specification-data\">Manuel, fedtforbr\u00e6nding, rullende bakker, intervaller, tidsm\u00e5l, afstandsm\u00e5l, m\u00e5lpuls, sprint 8, brugerdefineret<\/span><\/li>\n<\/ul>\n<ul class=\"product-attributes-container\">\n<li><span class=\"specification-title\">Produktets v\u00e6gt (KG):\u00a0<\/span><span class=\"specification-data\">53<\/span><\/li>\n<li><span class=\"specification-title\">App-integration:\u00a0<\/span><span class=\"specification-data\">KinoMap<\/span><\/li>\n<li><span class=\"specification-title\">Bluetooth:\u00a0<\/span><span class=\"specification-data\">Ja<\/span><\/li>\n<li><span class=\"specification-title\">Justering af rammen:\u00a0<\/span><span class=\"specification-data\">H\u00e5ndtag og konsol bev\u00e6ger sig frem og tilbage, sadel op og ned<\/span><\/li>\n<li><span class=\"specification-title\">Transporthjul:\u00a0<\/span><span class=\"specification-data\">Ja<\/span><\/li>\n<li><span class=\"specification-title\">Maksimal brugerh\u00f8jde (cm):\u00a0<\/span><span class=\"specification-data\">201<\/span><\/li>\n<li><span class=\"specification-title\">Svinghjulets v\u00e6gt (KG):\u00a0<\/span><span class=\"specification-data\">10.50<\/span><\/li>\n<li><span class=\"specification-title\">Maksimal brugerv\u00e6gt (kg):\u00a0<\/span><span class=\"specification-data\">159,00 (kg)<\/span><\/li>\n<li><span class=\"specification-title\">Produktm\u00e5l (LxBxH):\u00a0<\/span><span class=\"specification-data\">122 x 62,50 x 143 cm<\/span><\/li>\n<\/ul>\n<\/div>\n<\/div>\n<\/div>\n<div class=\"product-features\">\n<h4>YDERLIGERE FUNKTIONER<\/h4>\n<div class=\"more-container\">\n<div class=\"unshow-text\">\n<ul class=\"product-features-container\">\n<li><span class=\"specification-title\">Ramme:<\/span>\u00a0<span class=\"specification-data\">Dual Form strep-through upright<\/span><\/li>\n<li><span class=\"specification-title\">Pedaltype:<\/span>\u00a0<span class=\"specification-data\">Self-balancing with adjustable straps, interchangeable<\/span><\/li>\n<li><span class=\"specification-title\">S\u00e6detype:<\/span>\u00a0<span class=\"specification-data\">Comfort Arc opretst\u00e5ende s\u00e6de, udskifteligt<\/span><\/li>\n<li><span class=\"specification-title\">Svinghjul:<\/span>\u00a0<span class=\"specification-data\">10,5 kg \/ 23,1 lbs<\/span><\/li>\n<li><span class=\"specification-title\">Modstandssystem:<\/span>\u00a0<span class=\"specification-data\">ECB's magnetiske bremsesystem<\/span><\/li>\n<li><span class=\"specification-title\">Modstandsniveauer:<\/span>\u00a0<span class=\"specification-data\">20 levels, electronic<\/span><\/li>\n<li><span class=\"specification-title\">Styrtype:<\/span>\u00a0<span class=\"specification-data\">Multi-position with resistance toggles and heart rate grips, interchangeable<\/span><\/li>\n<li><span class=\"specification-title\">XER-konsol:<\/span>\u00a0<span class=\"specification-data\">Ber\u00f8ringssk\u00e6rm i 10\u201d-klassen med Bluetooth-forbindelse, USB-port, konsol-apps, l\u00e6sestativ, energisparetilstand, Viewfit-forbindelse (integreres med fitness-apps). WiFi kr\u00e6ves til apps og softwareopdateringer.<\/span><\/li>\n<li><span class=\"specification-title\">Tr\u00e6ningsprogrammer:<\/span>\u00a0<span class=\"specification-data\">11 indbygget<\/span><\/li>\n<li><span class=\"specification-title\">Konsol-apps:<\/span>\u00a0<span class=\"specification-data\">Virtual Active, Sprint8, YouTube, Spotify, Netflix og meget mere. Abonnementer er ikke inkluderet.<\/span><\/li>\n<li><span class=\"specification-title\">Ekstramateriale:<\/span>\u00a0<span class=\"specification-data\">Vandflaskeholder, integreret l\u00e6sehylde, energisparetilstand<\/span><\/li>\n<li><span class=\"specification-title\">Dimensioner (LxBxH):<\/span>\u00a0<span class=\"specification-data\">122 x 62 x 143 cm \/ 48\u201d x 24\u201d x 56\u201d<\/span><\/li>\n<li><span class=\"specification-title\">Samlet v\u00e6gt:<\/span>\u00a0<span class=\"specification-data\">59.5 kg<\/span><\/li>\n<li><span class=\"specification-title\">Brugerens v\u00e6gtkapacitet:<\/span>\u00a0<span class=\"specification-data\">159 kg \/ 350 lbs<\/span><\/li>\n<li><span class=\"specification-title\">Omr\u00e5de for brugerh\u00f8jde:<\/span>\u00a0<span class=\"specification-data\">150 - 193 cm \/ 4\u201911\u201d - 6\u20194\u201d<\/span><\/li>\n<\/ul>\n<\/div>\n<\/div>\n<\/div>\n<div class=\"product-warranty\">\n<h4>GARANTI<\/h4>\n<div class=\"text-container\"><strong>Til hjemmebrug:<\/strong>\u00a03 \u00e5rs P\/L<\/p>\n<\/div>\n<\/div>\n<div class=\"product-next-day\">\n<h4>EKSPRESLEVERING<\/h4>\n<div class=\"text-container\">Mange af vores produkter har mulighed for ekspreslevering og levering p\u00e5 en bestemt dato, hvilket betyder, at du f\u00e5r dit produkt leveret allerede i morgen eller p\u00e5 en dato, der passer dig. Tjek venligst leveringsmulighederne ved kassen for at se tilg\u00e6ngeligheden for din kurv og dit postnummer. Leveringsbetingelserne g\u00e6lder.<\/div>\n<\/div>","protected":false},"excerpt":{"rendered":"<p>Manufactured with Matrix\u2019s exclusive Dual Form Frame design, the Matrix Fitness U30 Upright Cycle significantly improves rider stability over other single-post designs, and offers a low step-through height for easy access. The extensive 20 electronic levels of resistance offer great flexibility that can challenge all fitness levels, with the ECB magnetic resistance system providing a realistic cycling feel. The U30 features the Comfort Arc Seat, that\u2019s ergonomically moulded to provide unmatched comfort, support and balance during workouts. Smart ergonomics, like optimised pedal spacing, ensures every ride is efficient and easier on your joints. If you prefer a different saddle, handlebars or pedals, you can attach standard outdoor accessories to customise your cycle to your unique style. Complete with the upgraded XER console, you can view all your workout stats with ease on the clear 10\u201d intuitive touchscreen display. There are 11 workout programmes built in, and you can view console apps such as Sprint 8, Virtual Active, MyFitnessPal, plus entertainment favourites like Netflix, Spotify, YouTube and more (subscriptions not included). Connect your console via WiFi for software updates, ViewFit connectivity, web browsing and entertainment apps. Change between 20 resistance levels with resistance toggles on the handlebars, and track your heart rate with contact grips (or connect your heart rate strap via Bluetooth \u2013 strap not included). Other features include a water bottle holder, an integrated reading rack and energy saver mode.<\/p>\n<div class=\"product-attribute-container-desktop desktop-only\">\n<div class=\"additional-attributes-wrapper table-wrapper\"><\/div>\n<\/div>","protected":false},"featured_media":779,"comment_status":"open","ping_status":"closed","template":"","meta":{"site-sidebar-layout":"default","site-content-layout":"","ast-site-content-layout":"default","site-content-style":"default","site-sidebar-style":"default","ast-global-header-display":"","ast-banner-title-visibility":"","ast-main-header-display":"","ast-hfb-above-header-display":"","ast-hfb-below-header-display":"","ast-hfb-mobile-header-display":"","site-post-title":"","ast-breadcrumbs-content":"","ast-featured-img":"","footer-sml-layout":"","theme-transparent-header-meta":"default","adv-header-id-meta":"","stick-header-meta":"","header-above-stick-meta":"","header-main-stick-meta":"","header-below-stick-meta":"","astra-migrate-meta-layouts":"set","ast-page-background-enabled":"default","ast-page-background-meta":{"desktop":{"background-color":"var(--ast-global-color-5)","background-image":"","background-repeat":"repeat","background-position":"center center","background-size":"auto","background-attachment":"scroll","background-type":"","background-media":"","overlay-type":"","overlay-color":"","overlay-opacity":"","overlay-gradient":""},"tablet":{"background-color":"","background-image":"","background-repeat":"repeat","background-position":"center center","background-size":"auto","background-attachment":"scroll","background-type":"","background-media":"","overlay-type":"","overlay-color":"","overlay-opacity":"","overlay-gradient":""},"mobile":{"background-color":"","background-image":"","background-repeat":"repeat","background-position":"center center","background-size":"auto","background-attachment":"scroll","background-type":"","background-media":"","overlay-type":"","overlay-color":"","overlay-opacity":"","overlay-gradient":""}},"ast-content-background-meta":{"desktop":{"background-color":"var(--ast-global-color-4)","background-image":"","background-repeat":"repeat","background-position":"center center","background-size":"auto","background-attachment":"scroll","background-type":"","background-media":"","overlay-type":"","overlay-color":"","overlay-opacity":"","overlay-gradient":""},"tablet":{"background-color":"var(--ast-global-color-4)","background-image":"","background-repeat":"repeat","background-position":"center center","background-size":"auto","background-attachment":"scroll","background-type":"","background-media":"","overlay-type":"","overlay-color":"","overlay-opacity":"","overlay-gradient":""},"mobile":{"background-color":"var(--ast-global-color-4)","background-image":"","background-repeat":"repeat","background-position":"center center","background-size":"auto","background-attachment":"scroll","background-type":"","background-media":"","overlay-type":"","overlay-color":"","overlay-opacity":"","overlay-gradient":""}}},"product_brand":[],"product_cat":[19],"product_tag":[22],"class_list":{"0":"post-778","1":"product","2":"type-product","3":"status-publish","4":"has-post-thumbnail","6":"product_cat-excise-bikes","7":"product_tag-exercise-bikes","8":"desktop-align-left","9":"tablet-align-left","10":"mobile-align-left","12":"first","13":"instock","14":"sale","15":"taxable","16":"shipping-taxable","17":"purchasable","18":"product-type-simple"},"_links":{"self":[{"href":"https:\/\/bestfitnessstore.com\/da\/wp-json\/wp\/v2\/product\/778","targetHints":{"allow":["GET"]}}],"collection":[{"href":"https:\/\/bestfitnessstore.com\/da\/wp-json\/wp\/v2\/product"}],"about":[{"href":"https:\/\/bestfitnessstore.com\/da\/wp-json\/wp\/v2\/types\/product"}],"replies":[{"embeddable":true,"href":"https:\/\/bestfitnessstore.com\/da\/wp-json\/wp\/v2\/comments?post=778"}],"wp:featuredmedia":[{"embeddable":true,"href":"https:\/\/bestfitnessstore.com\/da\/wp-json\/wp\/v2\/media\/779"}],"wp:attachment":[{"href":"https:\/\/bestfitnessstore.com\/da\/wp-json\/wp\/v2\/media?parent=778"}],"wp:term":[{"taxonomy":"product_brand","embeddable":true,"href":"https:\/\/bestfitnessstore.com\/da\/wp-json\/wp\/v2\/product_brand?post=778"},{"taxonomy":"product_cat","embeddable":true,"href":"https:\/\/bestfitnessstore.com\/da\/wp-json\/wp\/v2\/product_cat?post=778"},{"taxonomy":"product_tag","embeddable":true,"href":"https:\/\/bestfitnessstore.com\/da\/wp-json\/wp\/v2\/product_tag?post=778"}],"curies":[{"name":"wp","href":"https:\/\/api.w.org\/{rel}","templated":true}]}}