{"id":708,"date":"2025-11-22T15:51:08","date_gmt":"2025-11-22T15:51:08","guid":{"rendered":"https:\/\/bestfitnessstore.com\/?post_type=product&#038;p=708"},"modified":"2025-11-22T15:53:04","modified_gmt":"2025-11-22T15:53:04","slug":"matrix-fitness-commercial-lifestyle-upright-cycle-med-led-konsol","status":"publish","type":"product","link":"https:\/\/bestfitnessstore.com\/da\/product\/matrix-fitness-commercial-lifestyle-upright-cycle-with-led-console\/","title":{"rendered":"Matrix Fitness Commercial Lifestyle Upright Cycle med LED-konsol"},"content":{"rendered":"<div class=\"product-attribute-container-desktop desktop-only\">\n<div class=\"additional-attributes-wrapper table-wrapper\">\n<h4>PRODUKTINFORMATION<\/h4>\n<div class=\"attributes-container\">\n<ul class=\"product-attributes-container\">\n<li><span class=\"specification-title\">Pakkev\u00e6gt (KG):\u00a0<\/span><span class=\"specification-data\">82.000000<\/span><\/li>\n<li><span class=\"specification-title\">Effektmetode:\u00a0<\/span><span class=\"specification-data\">Selvforsynende og str\u00f8m fra nettet<\/span><\/li>\n<li><span class=\"specification-title\">Holder til tablet:\u00a0<\/span><span class=\"specification-data\">Ja<\/span><\/li>\n<li><span class=\"specification-title\">Pedaler:\u00a0<\/span><span class=\"specification-data\">Rem<\/span><\/li>\n<li><span class=\"specification-title\">Cykeltype:\u00a0<\/span><span class=\"specification-data\">Opretst\u00e5ende<\/span><\/li>\n<li><span class=\"specification-title\">Minimum brugerh\u00f8jde (cm):\u00a0<\/span><span class=\"specification-data\">147<\/span><\/li>\n<li><span class=\"specification-title\">Modstandssystem:\u00a0<\/span><span class=\"specification-data\">B\u00f8rstel\u00f8s generator<\/span><\/li>\n<li><span class=\"specification-title\">Maksimal brugerv\u00e6gt (kg):\u00a0<\/span><span class=\"specification-data\">182,00 (kg)<\/span><\/li>\n<li><span class=\"specification-title\">Produktm\u00e5l (LxBxH):\u00a0<\/span><span class=\"specification-data\">129,40 x 61,70 x 147,40 cm<\/span><\/li>\n<\/ul>\n<ul class=\"product-attributes-container\">\n<li><span class=\"specification-title\">Produktets v\u00e6gt (KG):\u00a0<\/span><span class=\"specification-data\">70<\/span><\/li>\n<li><span class=\"specification-title\">App-integration:\u00a0<\/span><span class=\"specification-data\">KinoMap, Zwift<\/span><\/li>\n<li><span class=\"specification-title\">Bluetooth:\u00a0<\/span><span class=\"specification-data\">Ja<\/span><\/li>\n<li><span class=\"specification-title\">Justering af rammen:\u00a0<\/span><span class=\"specification-data\">Sadel op og ned<\/span><\/li>\n<li><span class=\"specification-title\">Transporthjul:\u00a0<\/span><span class=\"specification-data\">Ja<\/span><\/li>\n<li><span class=\"specification-title\">Maksimal brugerh\u00f8jde (cm):\u00a0<\/span><span class=\"specification-data\">201<\/span><\/li>\n<li><span class=\"specification-title\">Overv\u00e5gning af hjertefrekvens:\u00a0<\/span><span class=\"specification-data\">Indbyggede sensorer og Bluetooth<\/span><\/li>\n<li><span class=\"specification-title\">Indbyggede programmer:\u00a0<\/span><span class=\"specification-data\">G\u00e5, manuel, m\u00e5lpuls, intervaltr\u00e6ning, fedtforbr\u00e6nding, rullende bakker, m\u00e5ltr\u00e6ning, fitnesstest, brugerdefineret<\/span><\/li>\n<\/ul>\n<\/div>\n<\/div>\n<\/div>\n<div class=\"product-features\">\n<h4>YDERLIGERE FUNKTIONER<\/h4>\n<div class=\"more-container\">\n<div class=\"unshow-text\">\n<ul class=\"product-features-container\">\n<li><span class=\"specification-title\">Ramme:<\/span>\u00a0<span class=\"specification-data\">Opretst\u00e5ende<\/span><\/li>\n<li><span class=\"specification-title\">Modstandssystem:<\/span>\u00a0<span class=\"specification-data\">B\u00f8rstel\u00f8s generator<\/span><\/li>\n<li><span class=\"specification-title\">Modstandsniveauer:<\/span>\u00a0<span class=\"specification-data\">30<\/span><\/li>\n<li><span class=\"specification-title\">Modstandsomr\u00e5de:<\/span>\u00a0<span class=\"specification-data\">2-750 W<\/span><\/li>\n<li><span class=\"specification-title\">Design af krumtap:<\/span>\u00a0<span class=\"specification-data\">Tredelt med smedede arme og integreret aftr\u00e6kker<\/span><\/li>\n<li><span class=\"specification-title\">Design af styr:<\/span>\u00a0<span class=\"specification-data\">Dobbelt position<\/span><\/li>\n<li><span class=\"specification-title\">Justering af s\u00e6de:<\/span>\u00a0<span class=\"specification-data\">Drej-og-tr\u00e6k-knap<\/span><\/li>\n<li><span class=\"specification-title\">Materiale til s\u00e6de:<\/span>\u00a0<span class=\"specification-data\">Syet vinyl over skum<\/span><\/li>\n<li><span class=\"specification-title\">Afstand mellem pedalerne:<\/span>\u00a0<span class=\"specification-data\">20,2 cm \/ 8\u201d<\/span><\/li>\n<li><span class=\"specification-title\">Str\u00f8mkrav:<\/span>\u00a0<span class=\"specification-data\">Selvforsynende eller 100-240 V - 50\/60 Hz AC<\/span><\/li>\n<li><span class=\"specification-title\">Konsol:<\/span>\u00a0<span class=\"specification-data\">LED-konsol<\/span><\/li>\n<li><span class=\"specification-title\">Sk\u00e6rm:<\/span>\u00a0<span class=\"specification-data\">LED med stort tal og meddelelsescenter<\/span><\/li>\n<li><span class=\"specification-title\">Tr\u00e6ning:<\/span>\u00a0<span class=\"specification-data\">Go, Manual, Interval Training, Fat Burn, Rolling Hills, Target Heart Rate, Glute Training* og Fitness Tests.<\/span><\/li>\n<li><span class=\"specification-title\">Sprog:<\/span>\u00a0<span class=\"specification-data\">Engelsk, tysk, fransk, italiensk, spansk, hollandsk, portugisisk, svensk, finsk, tyrkisk, dansk, polsk<\/span><\/li>\n<li><span class=\"specification-title\">Konsolfunktioner:<\/span>\u00a0<span class=\"specification-data\">Valgfri RFID-login; hovedtelefonstik; USB-port; l\u00e6sestativ<\/span><\/li>\n<li><span class=\"specification-title\">Maksimal brugerv\u00e6gt:<\/span>\u00a0<span class=\"specification-data\">182 kg \/ 400 lbs.<\/span><\/li>\n<li><span class=\"specification-title\">Samlet v\u00e6gt:<\/span>\u00a0<span class=\"specification-data\">70 kg \/ 154,3 lbs<\/span><\/li>\n<li><span class=\"specification-title\">Forsendelsesv\u00e6gt:<\/span>\u00a0<span class=\"specification-data\">82 kg \/ 180,8 lbs<\/span><\/li>\n<li><span class=\"specification-title\">Samlede dimensioner:<\/span>\u00a0<span class=\"specification-data\">129,4 x 61,7 x 147,4 cm \/ 50,9\u201d x 24,3\u201d x 58\u201d<\/span><\/li>\n<li><span class=\"specification-title\">Leveringstid:<\/span>\u00a0<span class=\"specification-data\">Bygges p\u00e5 bestilling - gennemsnitlig leveringstid 2-14 uger<\/span><\/li>\n<\/ul>\n<\/div>\n<\/div>\n<\/div>\n<div class=\"product-warranty\">\n<h2>GARANTI<\/h2>\n<div class=\"text-container\"><strong>Hjem og let\/fuld kommerciel brug:<\/strong>\u00a02 \u00e5r p\u00e5 reservedele og arbejdskraft<\/div>\n<\/div>","protected":false},"excerpt":{"rendered":"<p>Matrix Fitness Commercial Lifestyle Upright Cycle er brugervenlig og har flere greb, et ergonomisk s\u00e6de til komfortable ture og selvbalancerende pedaler til at komme hurtigere i gang. S\u00e6det kan nemt justeres via dreje- og tr\u00e6kknappen for at finde den ideelle k\u00f8restilling. Et modstandssystem med b\u00f8rstel\u00f8s generator leverer 30 modstandsniveauer (2-750 W) med store knapper p\u00e5 styret, s\u00e5 det er nemt at skifte undervejs. Upright-cyklen har ogs\u00e5 en vandflaskeholder og en tilbeh\u00f8rsbakke, s\u00e5 v\u00e6ske og personlige enheder er inden for r\u00e6kkevidde. LED-konsollens enkle navigation betyder, at stort set alle kan s\u00e6tte sig op p\u00e5 maskinen og komme i gang n\u00e6sten med det samme. Det store display med tal og meddelelsescenter giver klar, letl\u00e6selig tr\u00e6ningsfeedback, som holder medlemmerne p\u00e5 sporet af deres m\u00e5l. Hver tr\u00e6ning er en problemfri og smidig oplevelse med praktiske funktioner som et valgfrit RFID-login, et hovedtelefonstik, en USB-port og et l\u00e6sestativ til personlige enheder. Tr\u00e6ningsprogrammerne omfatter Go, Manual, Interval Training, Fat Burn, Rolling Hills, Target Heart Rate, Glute Training* og Fitness Tests. *Der tages forbehold for \u00e6ndringer i programmerne. Kommercielt produkt bygget p\u00e5 bestilling - gennemsnitlig leveringstid er 2-14 uger, kontakt os venligst for yderligere oplysninger.<\/p>\n<div class=\"product-attribute-container-desktop desktop-only\">\n<div class=\"additional-attributes-wrapper table-wrapper\"><\/div>\n<\/div>","protected":false},"featured_media":709,"comment_status":"open","ping_status":"closed","template":"","meta":{"site-sidebar-layout":"default","site-content-layout":"","ast-site-content-layout":"default","site-content-style":"default","site-sidebar-style":"default","ast-global-header-display":"","ast-banner-title-visibility":"","ast-main-header-display":"","ast-hfb-above-header-display":"","ast-hfb-below-header-display":"","ast-hfb-mobile-header-display":"","site-post-title":"","ast-breadcrumbs-content":"","ast-featured-img":"","footer-sml-layout":"","theme-transparent-header-meta":"default","adv-header-id-meta":"","stick-header-meta":"","header-above-stick-meta":"","header-main-stick-meta":"","header-below-stick-meta":"","astra-migrate-meta-layouts":"set","ast-page-background-enabled":"default","ast-page-background-meta":{"desktop":{"background-color":"var(--ast-global-color-5)","background-image":"","background-repeat":"repeat","background-position":"center center","background-size":"auto","background-attachment":"scroll","background-type":"","background-media":"","overlay-type":"","overlay-color":"","overlay-opacity":"","overlay-gradient":""},"tablet":{"background-color":"","background-image":"","background-repeat":"repeat","background-position":"center center","background-size":"auto","background-attachment":"scroll","background-type":"","background-media":"","overlay-type":"","overlay-color":"","overlay-opacity":"","overlay-gradient":""},"mobile":{"background-color":"","background-image":"","background-repeat":"repeat","background-position":"center center","background-size":"auto","background-attachment":"scroll","background-type":"","background-media":"","overlay-type":"","overlay-color":"","overlay-opacity":"","overlay-gradient":""}},"ast-content-background-meta":{"desktop":{"background-color":"var(--ast-global-color-4)","background-image":"","background-repeat":"repeat","background-position":"center center","background-size":"auto","background-attachment":"scroll","background-type":"","background-media":"","overlay-type":"","overlay-color":"","overlay-opacity":"","overlay-gradient":""},"tablet":{"background-color":"var(--ast-global-color-4)","background-image":"","background-repeat":"repeat","background-position":"center center","background-size":"auto","background-attachment":"scroll","background-type":"","background-media":"","overlay-type":"","overlay-color":"","overlay-opacity":"","overlay-gradient":""},"mobile":{"background-color":"var(--ast-global-color-4)","background-image":"","background-repeat":"repeat","background-position":"center center","background-size":"auto","background-attachment":"scroll","background-type":"","background-media":"","overlay-type":"","overlay-color":"","overlay-opacity":"","overlay-gradient":""}}},"product_brand":[],"product_cat":[19],"product_tag":[22],"class_list":{"0":"post-708","1":"product","2":"type-product","3":"status-publish","4":"has-post-thumbnail","6":"product_cat-excise-bikes","7":"product_tag-exercise-bikes","8":"desktop-align-left","9":"tablet-align-left","10":"mobile-align-left","12":"first","13":"instock","14":"sale","15":"taxable","16":"shipping-taxable","17":"purchasable","18":"product-type-simple"},"_links":{"self":[{"href":"https:\/\/bestfitnessstore.com\/da\/wp-json\/wp\/v2\/product\/708","targetHints":{"allow":["GET"]}}],"collection":[{"href":"https:\/\/bestfitnessstore.com\/da\/wp-json\/wp\/v2\/product"}],"about":[{"href":"https:\/\/bestfitnessstore.com\/da\/wp-json\/wp\/v2\/types\/product"}],"replies":[{"embeddable":true,"href":"https:\/\/bestfitnessstore.com\/da\/wp-json\/wp\/v2\/comments?post=708"}],"wp:featuredmedia":[{"embeddable":true,"href":"https:\/\/bestfitnessstore.com\/da\/wp-json\/wp\/v2\/media\/709"}],"wp:attachment":[{"href":"https:\/\/bestfitnessstore.com\/da\/wp-json\/wp\/v2\/media?parent=708"}],"wp:term":[{"taxonomy":"product_brand","embeddable":true,"href":"https:\/\/bestfitnessstore.com\/da\/wp-json\/wp\/v2\/product_brand?post=708"},{"taxonomy":"product_cat","embeddable":true,"href":"https:\/\/bestfitnessstore.com\/da\/wp-json\/wp\/v2\/product_cat?post=708"},{"taxonomy":"product_tag","embeddable":true,"href":"https:\/\/bestfitnessstore.com\/da\/wp-json\/wp\/v2\/product_tag?post=708"}],"curies":[{"name":"wp","href":"https:\/\/api.w.org\/{rel}","templated":true}]}}