{"id":628,"date":"2025-11-22T14:29:18","date_gmt":"2025-11-22T14:29:18","guid":{"rendered":"https:\/\/bestfitnessstore.com\/?post_type=product&#038;p=628"},"modified":"2025-11-22T14:29:19","modified_gmt":"2025-11-22T14:29:19","slug":"life-fitness-c1-staende-cykel-med-track-connect-2-0-konsol","status":"publish","type":"product","link":"https:\/\/bestfitnessstore.com\/da\/product\/life-fitness-c1-upright-cycle-with-track-connect-2-0-console\/","title":{"rendered":"Life Fitness C1 Upright Cycle med Track Connect 2.0-konsol"},"content":{"rendered":"<div class=\"product-attribute-container-desktop desktop-only\">\n<div class=\"additional-attributes-wrapper table-wrapper\">\n<h4>PRODUKTINFORMATION<\/h4>\n<div class=\"attributes-container\">\n<ul class=\"product-attributes-container\">\n<li><span class=\"specification-title\">Pakkev\u00e6gt (KG):\u00a0<\/span><span class=\"specification-data\">60.000000<\/span><\/li>\n<li><span class=\"specification-title\">App-integration:\u00a0<\/span><span class=\"specification-data\">FulGaz, Life Fitness Connect, Rouvy, Zwift<\/span><\/li>\n<li><span class=\"specification-title\">Bluetooth:\u00a0<\/span><span class=\"specification-data\">Ja<\/span><\/li>\n<li><span class=\"specification-title\">Justering af rammen:\u00a0<\/span><span class=\"specification-data\">Sadel op og ned<\/span><\/li>\n<li><span class=\"specification-title\">Transporthjul:\u00a0<\/span><span class=\"specification-data\">Ja<\/span><\/li>\n<li><span class=\"specification-title\">Svinghjulets v\u00e6gt (KG):\u00a0<\/span><span class=\"specification-data\">11<\/span><\/li>\n<li><span class=\"specification-title\">Maksimal brugerv\u00e6gt (kg):\u00a0<\/span><span class=\"specification-data\">135,00 (kg)<\/span><\/li>\n<li><span class=\"specification-title\">Produktm\u00e5l (LxBxH):\u00a0<\/span><span class=\"specification-data\">114 x 69 x 142 cm<\/span><\/li>\n<\/ul>\n<ul class=\"product-attributes-container\">\n<li><span class=\"specification-title\">Effektmetode:\u00a0<\/span><span class=\"specification-data\">Elektricitet fra elnettet<\/span><\/li>\n<li><span class=\"specification-title\">Holder til tablet:\u00a0<\/span><span class=\"specification-data\">Ja<\/span><\/li>\n<li><span class=\"specification-title\">Pedaler:\u00a0<\/span><span class=\"specification-data\">Rem<\/span><\/li>\n<li><span class=\"specification-title\">Cykeltype:\u00a0<\/span><span class=\"specification-data\">Opretst\u00e5ende<\/span><\/li>\n<li><span class=\"specification-title\">Modstandssystem:\u00a0<\/span><span class=\"specification-data\">Hvirvelstr\u00f8m<\/span><\/li>\n<li><span class=\"specification-title\">Overv\u00e5gning af hjertefrekvens:\u00a0<\/span><span class=\"specification-data\">Analoge, indbyggede sensorer<\/span><\/li>\n<li><span class=\"specification-title\">Indbyggede programmer:\u00a0<\/span><span class=\"specification-data\">15 forudindstillede tr\u00e6ningsprogrammer: Manual, Random, Hill, EZ Resistance, Sport Training, Fit Test, Calories, Distance, Target Heart Rate, Heart Rate Hill\u2122, Heart Rate Interval\u2122, Extreme Heart Rate\u2122, Fat Burn, Cardio, Custom High Intensity Interval Training  workou<\/span><\/li>\n<\/ul>\n<\/div>\n<\/div>\n<\/div>\n<div class=\"product-features\">\n<h4>YDERLIGERE FUNKTIONER<\/h4>\n<div class=\"more-container\">\n<div class=\"unshow-text\">\n<ul class=\"product-features-container\">\n<li><span class=\"specification-title\">Modstandskraft:<\/span>\u00a0<span class=\"specification-data\">Hvirvelstr\u00f8m med 20 niveauer<\/span><\/li>\n<li><span class=\"specification-title\">Sk\u00e6rm:<\/span>\u00a0<span class=\"specification-data\">7\u201d LCD med instruktivt meddelelsescenter og kapacitive touch-taster<\/span><\/li>\n<li><span class=\"specification-title\">Vis feedback:<\/span>\u00a0<span class=\"specification-data\">Kalorier, distance, hastighed (mph, km\/h, rpm), niveau\/inklination, tid, puls, m\u00e5lpuls, METs med animerede symboler<\/span><\/li>\n<li><span class=\"specification-title\">Tilpassede tr\u00e6ningsprogrammer:<\/span>\u00a0<span class=\"specification-data\">3 pr. brugerprofil<\/span><\/li>\n<li><span class=\"specification-title\">S\u00e6rlige egenskaber:<\/span>\u00a0<span class=\"specification-data\">Auto save, Quick Start, Energy Saver, Warm Up og Cool Down mode, 4 brugerprofiler<\/span><\/li>\n<li><span class=\"specification-title\">LFconnect-tilg\u00e6ngelighed p\u00e5 LFconnect.com:<\/span>\u00a0<span class=\"specification-data\">Ubegr\u00e6nset tilpasning, tr\u00e6ningssporing, USB-port (softwareopdateringer, lagring af tr\u00e6ningsprogrammer), LFconnect-app (download fra iTunes\u00ae App Store eller Google Play\u2122)<\/span><\/li>\n<li><span class=\"specification-title\">Kompatibilitet:<\/span>\u00a0<span class=\"specification-data\">Kompatibel med tredjepartsapps (se en liste over kompatible apps p\u00e5 LifeFitness.com\/MoreApps)<\/span><\/li>\n<li><span class=\"specification-title\">Justerbart opretst\u00e5ende s\u00e6de:<\/span>\u00a0<span class=\"specification-data\">14 positioner<\/span><\/li>\n<li><span class=\"specification-title\">Selvbalancerende pedaler:<\/span>\u00a0<span class=\"specification-data\">Med skraldeb\u00e5nd for nem justering<\/span><\/li>\n<li><span class=\"specification-title\">Styr:<\/span>\u00a0<span class=\"specification-data\">Ergonomisk designet styr i racerstil<\/span><\/li>\n<li><span class=\"specification-title\">Overv\u00e5gning af hjertefrekvens:<\/span>\u00a0<span class=\"specification-data\">H\u00e5ndsensorer p\u00e5 styret og tr\u00e5dl\u00f8st brystb\u00e6lte<\/span><\/li>\n<li><span class=\"specification-title\">Tilbeh\u00f8r:<\/span>\u00a0<span class=\"specification-data\">Vandflaskeholder, integreret kompressionsstativ til smartphone\/tablet<\/span><\/li>\n<li><span class=\"specification-title\">Sprog:<\/span>\u00a0<span class=\"specification-data\">4 (engelsk, russisk, spansk, tysk)<\/span><\/li>\n<\/ul>\n<\/div>\n<\/div>\n<\/div>\n<div class=\"product-warranty\">\n<h4>GARANTI<\/h4>\n<div class=\"text-container\"><strong>Til hjemmebrug:<\/strong>\u00a010 \u00e5r p\u00e5 stel, 5 \u00e5r p\u00e5 motor, 3 \u00e5r p\u00e5 dele og arbejdskraft, 3 m\u00e5neder p\u00e5 kosmetiske ting.<\/div>\n<\/div>\n<div class=\"product-next-day\">\n<h4>EKSPRESLEVERING<\/h4>\n<div class=\"text-container\">Mange af vores produkter har mulighed for ekspreslevering og levering p\u00e5 en bestemt dato, hvilket betyder, at du f\u00e5r dit produkt leveret allerede i morgen eller p\u00e5 en dato, der passer dig. Tjek venligst leveringsmulighederne ved kassen for at se tilg\u00e6ngeligheden for din kurv og dit postnummer. Leveringsbetingelserne g\u00e6lder.<\/div>\n<\/div>","protected":false},"excerpt":{"rendered":"<p>Komfort og motivation er en integreret del af Life Fitness C1 Upright Cycle. Den har et v\u00e6ld af komfortfunktioner, herunder utrolig stille bev\u00e6gelser, et standard opretst\u00e5ende s\u00e6de med 14 positioner og selvbalancerende pedaler med skraldeb\u00e5nd til nem justering. Den 18 cm store hvide LCD-sk\u00e6rm p\u00e5 den nye Track Connect 2.0-konsol har et instruktionscenter og 3 brugerdefinerede tr\u00e6ningsprogrammer pr. brugerprofil samt 15 tr\u00e6ningsmuligheder. Klassiske tr\u00e6ningsprogrammer: Manuel, Tilf\u00e6ldig, Bakke. Avancerede tr\u00e6ningsprogrammer: EZ Resistance, Sport Training, Fit Test. Pulskontrollerede tr\u00e6ningsprogrammer: Fedtforbr\u00e6nding, Cardio, Heart Rate Hill\u2122, Heart Rate Interval\u2122, Extreme Heart Rate\u2122. Tr\u00e6ning med m\u00e5l: Kalorier, distance, m\u00e5lpuls. Track Connect 2.0 har forbedret Bluetooth\u00ae, der muligg\u00f8r parring med et Apple Watch\u00ae eller Samsung Galaxy Watch\u00ae samt Apple\u00ae- eller Android\u2122-smartphones. Det giver dig mulighed for at oprette problemfri forbindelse til cyklen og f\u00e5 ekstremt n\u00f8jagtige tr\u00e6ningsoplysninger. Et design med to zoner adskiller underholdnings- og tr\u00e6ningsspecifikke omr\u00e5der. Med indbyggede h\u00e5ndsensorer og mulighed for tilslutning af tr\u00e5dl\u00f8st brystb\u00e6lte (ekstraudstyr) kan du overv\u00e5ge din puls. C1 er ogs\u00e5 udstyret med en energibesparende tilstand, s\u00e5 du kan s\u00e6nke dit energiforbrug dramatisk, n\u00e5r maskinen er t\u00e6ndt, men ikke i brug.<\/p>\n<div class=\"product-attribute-container-desktop desktop-only\">\n<div class=\"additional-attributes-wrapper table-wrapper\"><\/div>\n<\/div>","protected":false},"featured_media":630,"comment_status":"open","ping_status":"closed","template":"","meta":{"site-sidebar-layout":"default","site-content-layout":"","ast-site-content-layout":"default","site-content-style":"default","site-sidebar-style":"default","ast-global-header-display":"","ast-banner-title-visibility":"","ast-main-header-display":"","ast-hfb-above-header-display":"","ast-hfb-below-header-display":"","ast-hfb-mobile-header-display":"","site-post-title":"","ast-breadcrumbs-content":"","ast-featured-img":"","footer-sml-layout":"","theme-transparent-header-meta":"default","adv-header-id-meta":"","stick-header-meta":"","header-above-stick-meta":"","header-main-stick-meta":"","header-below-stick-meta":"","astra-migrate-meta-layouts":"set","ast-page-background-enabled":"default","ast-page-background-meta":{"desktop":{"background-color":"var(--ast-global-color-5)","background-image":"","background-repeat":"repeat","background-position":"center center","background-size":"auto","background-attachment":"scroll","background-type":"","background-media":"","overlay-type":"","overlay-color":"","overlay-opacity":"","overlay-gradient":""},"tablet":{"background-color":"","background-image":"","background-repeat":"repeat","background-position":"center center","background-size":"auto","background-attachment":"scroll","background-type":"","background-media":"","overlay-type":"","overlay-color":"","overlay-opacity":"","overlay-gradient":""},"mobile":{"background-color":"","background-image":"","background-repeat":"repeat","background-position":"center center","background-size":"auto","background-attachment":"scroll","background-type":"","background-media":"","overlay-type":"","overlay-color":"","overlay-opacity":"","overlay-gradient":""}},"ast-content-background-meta":{"desktop":{"background-color":"var(--ast-global-color-4)","background-image":"","background-repeat":"repeat","background-position":"center center","background-size":"auto","background-attachment":"scroll","background-type":"","background-media":"","overlay-type":"","overlay-color":"","overlay-opacity":"","overlay-gradient":""},"tablet":{"background-color":"var(--ast-global-color-4)","background-image":"","background-repeat":"repeat","background-position":"center center","background-size":"auto","background-attachment":"scroll","background-type":"","background-media":"","overlay-type":"","overlay-color":"","overlay-opacity":"","overlay-gradient":""},"mobile":{"background-color":"var(--ast-global-color-4)","background-image":"","background-repeat":"repeat","background-position":"center center","background-size":"auto","background-attachment":"scroll","background-type":"","background-media":"","overlay-type":"","overlay-color":"","overlay-opacity":"","overlay-gradient":""}}},"product_brand":[],"product_cat":[19],"product_tag":[22],"class_list":{"0":"post-628","1":"product","2":"type-product","3":"status-publish","4":"has-post-thumbnail","6":"product_cat-excise-bikes","7":"product_tag-exercise-bikes","8":"desktop-align-left","9":"tablet-align-left","10":"mobile-align-left","12":"first","13":"instock","14":"sale","15":"taxable","16":"shipping-taxable","17":"purchasable","18":"product-type-simple"},"_links":{"self":[{"href":"https:\/\/bestfitnessstore.com\/da\/wp-json\/wp\/v2\/product\/628","targetHints":{"allow":["GET"]}}],"collection":[{"href":"https:\/\/bestfitnessstore.com\/da\/wp-json\/wp\/v2\/product"}],"about":[{"href":"https:\/\/bestfitnessstore.com\/da\/wp-json\/wp\/v2\/types\/product"}],"replies":[{"embeddable":true,"href":"https:\/\/bestfitnessstore.com\/da\/wp-json\/wp\/v2\/comments?post=628"}],"wp:featuredmedia":[{"embeddable":true,"href":"https:\/\/bestfitnessstore.com\/da\/wp-json\/wp\/v2\/media\/630"}],"wp:attachment":[{"href":"https:\/\/bestfitnessstore.com\/da\/wp-json\/wp\/v2\/media?parent=628"}],"wp:term":[{"taxonomy":"product_brand","embeddable":true,"href":"https:\/\/bestfitnessstore.com\/da\/wp-json\/wp\/v2\/product_brand?post=628"},{"taxonomy":"product_cat","embeddable":true,"href":"https:\/\/bestfitnessstore.com\/da\/wp-json\/wp\/v2\/product_cat?post=628"},{"taxonomy":"product_tag","embeddable":true,"href":"https:\/\/bestfitnessstore.com\/da\/wp-json\/wp\/v2\/product_tag?post=628"}],"curies":[{"name":"wp","href":"https:\/\/api.w.org\/{rel}","templated":true}]}}