{"id":617,"date":"2025-11-22T09:05:43","date_gmt":"2025-11-22T09:05:43","guid":{"rendered":"https:\/\/bestfitnessstore.com\/?post_type=product&#038;p=617"},"modified":"2025-11-22T09:05:43","modified_gmt":"2025-11-22T09:05:43","slug":"kettler-cycle-m-motionscykel","status":"publish","type":"product","link":"https:\/\/bestfitnessstore.com\/da\/product\/kettler-cycle-m-exercise-bike\/","title":{"rendered":"Kettler Cycle M motionscykel"},"content":{"rendered":"<div class=\"product-attribute-container-desktop desktop-only\">\n<div class=\"additional-attributes-wrapper table-wrapper\">\n<h4>PRODUKTINFORMATION<\/h4>\n<div class=\"attributes-container\">\n<ul class=\"product-attributes-container\">\n<li><span class=\"specification-title\">Pakkev\u00e6gt (KG):\u00a0<\/span><span class=\"specification-data\">34.709999<\/span><\/li>\n<li><span class=\"specification-title\">Pedaler:\u00a0<\/span><span class=\"specification-data\">Standard<\/span><\/li>\n<li><span class=\"specification-title\">Cykeltype:\u00a0<\/span><span class=\"specification-data\">Opretst\u00e5ende<\/span><\/li>\n<li><span class=\"specification-title\">Svinghjulets v\u00e6gt (KG):\u00a0<\/span><span class=\"specification-data\">6<\/span><\/li>\n<li><span class=\"specification-title\">Maksimal brugerv\u00e6gt (kg):\u00a0<\/span><span class=\"specification-data\">110,00 (kg)<\/span><\/li>\n<\/ul>\n<ul class=\"product-attributes-container\">\n<li><span class=\"specification-title\">Effektmetode:\u00a0<\/span><span class=\"specification-data\">Selvforsynende<\/span><\/li>\n<li><span class=\"specification-title\">Justering af rammen:\u00a0<\/span><span class=\"specification-data\">Sadel op og ned<\/span><\/li>\n<li><span class=\"specification-title\">Transporthjul:\u00a0<\/span><span class=\"specification-data\">Ja<\/span><\/li>\n<li><span class=\"specification-title\">Overv\u00e5gning af hjertefrekvens:\u00a0<\/span><span class=\"specification-data\">Indbyggede sensorer<\/span><\/li>\n<li><span class=\"specification-title\">Produktm\u00e5l (LxBxH):\u00a0<\/span><span class=\"specification-data\">80 x 60 x 144 cm<\/span><\/li>\n<\/ul>\n<\/div>\n<\/div>\n<\/div>\n<div class=\"product-features\">\n<h4>YDERLIGERE FUNKTIONER<\/h4>\n<div class=\"more-container\">\n<div class=\"unshow-text\">\n<ul class=\"product-features-container\">\n<li><span class=\"specification-title\">Manuelt bremsesystem:<\/span>\u00a0<span class=\"specification-data\">8 stadier af modstand<\/span><\/li>\n<li><span class=\"specification-title\">Svinghjul:<\/span>\u00a0<span class=\"specification-data\">6 kg<\/span><\/li>\n<li><span class=\"specification-title\">Sk\u00e6rm:<\/span>\u00a0<span class=\"specification-data\">Kontinuerlig visning af 7 funktioner, herunder pr\u00e6stationsprofil<\/span><\/li>\n<li><span class=\"specification-title\">Visuel alarm:<\/span>\u00a0<span class=\"specification-data\">N\u00e5r den maksimale pulsfrekvens overskrides<\/span><\/li>\n<li><span class=\"specification-title\">Lodret justering af s\u00e6det:<\/span>\u00a0<span class=\"specification-data\">Find nemt den rigtige k\u00f8restilling<\/span><\/li>\n<li><span class=\"specification-title\">Svedafvisende n\u00f8gler:<\/span>\u00a0<span class=\"specification-data\">Skift din tr\u00e6ning ud p\u00e5 farten<\/span><\/li>\n<li><span class=\"specification-title\">Pedaler:<\/span>\u00a0<span class=\"specification-data\">Afbalanceret for optimalt fodf\u00e6ste<\/span><\/li>\n<li><span class=\"specification-title\">Styr:<\/span>\u00a0<span class=\"specification-data\">Med integrerede pulssensorer<\/span><\/li>\n<li><span class=\"specification-title\">Farve:<\/span>\u00a0<span class=\"specification-data\">Lys og m\u00f8rk gr\u00e5<\/span><\/li>\n<\/ul>\n<\/div>\n<\/div>\n<\/div>\n<div class=\"product-warranty\">\n<h4>GARANTI<\/h4>\n<div class=\"text-container\"><strong>Til hjemmebrug:<\/strong>\u00a03 \u00e5rs garanti p\u00e5 dele og arbejdskraft (kun produktionsfejl). Kettler anbefaler ikke at placere deres udstyr i rum, der ikke har en reguleret temperatur og luftfugtighed. Der skal v\u00e6re tilstr\u00e6kkelig isolering og varmekilde, ellers bortfalder garantien (f.eks. hvis udstyret opbevares i en garage, en udestue, et skur eller en k\u00e6lder).<\/div>\n<\/div>\n<div class=\"product-next-day\">\n<h4>EKSPRESLEVERING<\/h4>\n<div class=\"text-container\">Mange af vores produkter har mulighed for ekspreslevering og levering p\u00e5 en bestemt dato, hvilket betyder, at du f\u00e5r dit produkt leveret allerede i morgen eller p\u00e5 en dato, der passer dig. Tjek venligst leveringsmulighederne ved kassen for at se tilg\u00e6ngeligheden for din kurv og dit postnummer. Leveringsbetingelserne g\u00e6lder.<\/div>\n<\/div>","protected":false},"excerpt":{"rendered":"<p>Kettler Cycle M motionscykel giver en j\u00e6vn og naturlig k\u00f8rsel takket v\u00e6re det 6 kg tunge svinghjul, og det manuelle bremsesystem giver 8 modstandstrin. Den integrerede computer viser l\u00f8bende 7 funktioner, herunder pr\u00e6stationsprofil, og har svedresistente taster, s\u00e5 du kan \u00e6ndre din tr\u00e6ning p\u00e5 farten. Styret har pulsm\u00e5lere til m\u00e5ling af din puls, og hvis du overskrider din maksimale puls, vises en visuel alarm p\u00e5 konsollen. Kettler Cycle M's s\u00e6de kan justeres lodret, s\u00e5 det er nemt at finde den ideelle k\u00f8restilling, og de afbalancerede pedaler sikrer optimal fodplacering. Der er transporthjul foran p\u00e5 cyklen og h\u00f8jdejustering bagp\u00e5.<\/p>\n<div class=\"product-attribute-container-desktop desktop-only\">\n<div class=\"additional-attributes-wrapper table-wrapper\"><\/div>\n<\/div>","protected":false},"featured_media":618,"comment_status":"open","ping_status":"closed","template":"","meta":{"site-sidebar-layout":"default","site-content-layout":"","ast-site-content-layout":"default","site-content-style":"default","site-sidebar-style":"default","ast-global-header-display":"","ast-banner-title-visibility":"","ast-main-header-display":"","ast-hfb-above-header-display":"","ast-hfb-below-header-display":"","ast-hfb-mobile-header-display":"","site-post-title":"","ast-breadcrumbs-content":"","ast-featured-img":"","footer-sml-layout":"","theme-transparent-header-meta":"default","adv-header-id-meta":"","stick-header-meta":"","header-above-stick-meta":"","header-main-stick-meta":"","header-below-stick-meta":"","astra-migrate-meta-layouts":"set","ast-page-background-enabled":"default","ast-page-background-meta":{"desktop":{"background-color":"var(--ast-global-color-5)","background-image":"","background-repeat":"repeat","background-position":"center center","background-size":"auto","background-attachment":"scroll","background-type":"","background-media":"","overlay-type":"","overlay-color":"","overlay-opacity":"","overlay-gradient":""},"tablet":{"background-color":"","background-image":"","background-repeat":"repeat","background-position":"center center","background-size":"auto","background-attachment":"scroll","background-type":"","background-media":"","overlay-type":"","overlay-color":"","overlay-opacity":"","overlay-gradient":""},"mobile":{"background-color":"","background-image":"","background-repeat":"repeat","background-position":"center center","background-size":"auto","background-attachment":"scroll","background-type":"","background-media":"","overlay-type":"","overlay-color":"","overlay-opacity":"","overlay-gradient":""}},"ast-content-background-meta":{"desktop":{"background-color":"var(--ast-global-color-4)","background-image":"","background-repeat":"repeat","background-position":"center center","background-size":"auto","background-attachment":"scroll","background-type":"","background-media":"","overlay-type":"","overlay-color":"","overlay-opacity":"","overlay-gradient":""},"tablet":{"background-color":"var(--ast-global-color-4)","background-image":"","background-repeat":"repeat","background-position":"center center","background-size":"auto","background-attachment":"scroll","background-type":"","background-media":"","overlay-type":"","overlay-color":"","overlay-opacity":"","overlay-gradient":""},"mobile":{"background-color":"var(--ast-global-color-4)","background-image":"","background-repeat":"repeat","background-position":"center center","background-size":"auto","background-attachment":"scroll","background-type":"","background-media":"","overlay-type":"","overlay-color":"","overlay-opacity":"","overlay-gradient":""}}},"product_brand":[],"product_cat":[19],"product_tag":[22],"class_list":{"0":"post-617","1":"product","2":"type-product","3":"status-publish","4":"has-post-thumbnail","6":"product_cat-excise-bikes","7":"product_tag-exercise-bikes","8":"desktop-align-left","9":"tablet-align-left","10":"mobile-align-left","12":"first","13":"instock","14":"sale","15":"taxable","16":"shipping-taxable","17":"purchasable","18":"product-type-simple"},"_links":{"self":[{"href":"https:\/\/bestfitnessstore.com\/da\/wp-json\/wp\/v2\/product\/617","targetHints":{"allow":["GET"]}}],"collection":[{"href":"https:\/\/bestfitnessstore.com\/da\/wp-json\/wp\/v2\/product"}],"about":[{"href":"https:\/\/bestfitnessstore.com\/da\/wp-json\/wp\/v2\/types\/product"}],"replies":[{"embeddable":true,"href":"https:\/\/bestfitnessstore.com\/da\/wp-json\/wp\/v2\/comments?post=617"}],"wp:featuredmedia":[{"embeddable":true,"href":"https:\/\/bestfitnessstore.com\/da\/wp-json\/wp\/v2\/media\/618"}],"wp:attachment":[{"href":"https:\/\/bestfitnessstore.com\/da\/wp-json\/wp\/v2\/media?parent=617"}],"wp:term":[{"taxonomy":"product_brand","embeddable":true,"href":"https:\/\/bestfitnessstore.com\/da\/wp-json\/wp\/v2\/product_brand?post=617"},{"taxonomy":"product_cat","embeddable":true,"href":"https:\/\/bestfitnessstore.com\/da\/wp-json\/wp\/v2\/product_cat?post=617"},{"taxonomy":"product_tag","embeddable":true,"href":"https:\/\/bestfitnessstore.com\/da\/wp-json\/wp\/v2\/product_tag?post=617"}],"curies":[{"name":"wp","href":"https:\/\/api.w.org\/{rel}","templated":true}]}}