{"id":518,"date":"2025-11-17T05:16:19","date_gmt":"2025-11-17T05:16:19","guid":{"rendered":"https:\/\/bestfitnessstore.com\/?post_type=product&#038;p=518"},"modified":"2025-11-17T05:16:19","modified_gmt":"2025-11-17T05:16:19","slug":"shua-v8-e800-elliptisk-crosstrainer","status":"publish","type":"product","link":"https:\/\/bestfitnessstore.com\/da\/product\/shua-v8-e800-elliptical-cross-trainer\/","title":{"rendered":"SHUA V8 E800 elliptisk crosstrainer"},"content":{"rendered":"<div class=\"product-attribute-container-desktop desktop-only\">\n<div class=\"additional-attributes-wrapper table-wrapper\">\n<h4>PRODUKTINFORMATION<\/h4>\n<div class=\"attributes-container\">\n<ul class=\"product-attributes-container\">\n<li><span class=\"specification-title\">Pakkev\u00e6gt (KG):\u00a0<\/span><span class=\"specification-data\">162.000000<\/span><\/li>\n<li><span class=\"specification-title\">Effektmetode:\u00a0<\/span><span class=\"specification-data\">Selvforsynende<\/span><\/li>\n<li><span class=\"specification-title\">Svinghjulets v\u00e6gt (KG):\u00a0<\/span><span class=\"specification-data\">12<\/span><\/li>\n<li><span class=\"specification-title\">Overv\u00e5gning af hjertefrekvens:\u00a0<\/span><span class=\"specification-data\">Indbyggede sensorer<\/span><\/li>\n<li><span class=\"specification-title\">Indbyggede programmer:\u00a0<\/span><span class=\"specification-data\">Konstant watt, interval, fedtforbr\u00e6nding, cardio<\/span><\/li>\n<li><span class=\"specification-title\">M\u00e5l p\u00e5 kassen (LxBxH):\u00a0<\/span><span class=\"specification-data\">200 x 66 x 101,50 cm<\/span><\/li>\n<\/ul>\n<ul class=\"product-attributes-container\">\n<li><span class=\"specification-title\">Produktets v\u00e6gt (KG):\u00a0<\/span><span class=\"specification-data\">130<\/span><\/li>\n<li><span class=\"specification-title\">Svinghjulets position:\u00a0<\/span><span class=\"specification-data\">P\u00e5 forsiden<\/span><\/li>\n<li><span class=\"specification-title\">Skridtl\u00e6ngde:\u00a0<\/span><span class=\"specification-data\">51<\/span><\/li>\n<li><span class=\"specification-title\">Maksimal brugerv\u00e6gt (kg):\u00a0<\/span><span class=\"specification-data\">160.00 (kg)<\/span><\/li>\n<li><span class=\"specification-title\">Produktm\u00e5l (LxBxH):\u00a0<\/span><span class=\"specification-data\">190 x 86 x 177,70 cm<\/span><\/li>\n<\/ul>\n<\/div>\n<\/div>\n<\/div>\n<div class=\"product-features\">\n<h4>YDERLIGERE FUNKTIONER<\/h4>\n<div class=\"more-container\">\n<div class=\"unshow-text\">\n<ul class=\"product-features-container\">\n<li><span class=\"specification-title\">Sk\u00e6rm:<\/span>\u00a0<span class=\"specification-data\">15\u201d LED<\/span><\/li>\n<li><span class=\"specification-title\">SEEC Drive System:<\/span>\u00a0<span class=\"specification-data\">Selvgenererende<\/span><\/li>\n<li><span class=\"specification-title\">Modstandsniveauer:<\/span>\u00a0<span class=\"specification-data\">32<\/span><\/li>\n<li><span class=\"specification-title\">Styr:<\/span>\u00a0<span class=\"specification-data\">H\u00e5ndpulssensorer; integreret modstandskontrol<\/span><\/li>\n<li><span class=\"specification-title\">Polstrede pedaler:<\/span>\u00a0<span class=\"specification-data\">Designet til at lette presset p\u00e5 leddene<\/span><\/li>\n<\/ul>\n<\/div>\n<\/div>\n<\/div>\n<div class=\"product-warranty\">\n<h4>GARANTI<\/h4>\n<div class=\"text-container\"><strong>Hjem og let\/fuld kommerciel brug:<\/strong>\u00a0Til hjemmebrug: Ramme - levetid, dele - 5 \u00e5r, motorer - 10 \u00e5r, arbejdstid - 3 \u00e5r. Let kommerciel brug: Ramme - 1 \u00e5r, dele - 1 \u00e5r, motorer - 1 \u00e5r, arbejdskraft - 1 \u00e5r. Hvis dit produkt skal bruges i et fuldt kommercielt milj\u00f8, skal du k\u00f8be SHUA Full Commercial Warranty Upgrade for at sikre, at dit produkt er d\u00e6kket. Let kommercielle milj\u00f8er anses for at v\u00e6re milj\u00f8er med lav brug, hvor maskiner og udstyr bruges mellem 3 og 5 timer om dagen i professionelle milj\u00f8er eller virksomhedsmilj\u00f8er s\u00e5som P.T.-studier, fitnesscentre for virksomheder, skoler og gymnasier (hvor kun personale og studerende har adgang). Fuldt kommercielle milj\u00f8er anses for at v\u00e6re steder, hvor brugen er meget h\u00f8jere, og udstyret bruges mere end 5 timer om dagen. F.eks. store virksomhedsfitnesscentre, universitets-, college- og skolefitnesscentre (hvor der er offentlig adgang) og hotelfitnesscentre med eksterne medlemskaber.<\/div>\n<\/div>","protected":false},"excerpt":{"rendered":"<div id=\"fullDescription\" class=\"full-description\">\n<div class=\"text-container\">SHUA E800 Elliptical Cross Trainer er en kraftig maskine, der udm\u00e6rker sig i kommercielle tr\u00e6ningsmilj\u00f8er. Den har et SEEC-drivsystem, der skaber dobbelt s\u00e5 meget kraft alene gennem brugerens bev\u00e6gelse, hvilket betyder, at man ikke beh\u00f8ver at finde et sted at tilslutte maskinen. Fire skinner i aluminiumslegering sikrer en j\u00e6vn bev\u00e6gelse med et 12 kg tungt svinghjul foran og optimeret pedalafstand. Pedalerne har ogs\u00e5 et d\u00e6mpende lag af EVA, der er designet til at lette trykket p\u00e5 leddene og reducere risikoen for skader. E800\u2019s magnetiske modstandssystem har 32 forskellige indstillinger - velegnet til en lang r\u00e6kke tr\u00e6ningsintensiteter. Modstanden kan justeres via kontroller p\u00e5 de statiske h\u00e5ndtag, som ogs\u00e5 har h\u00e5ndpulssensorer til pulsm\u00e5ling. E800 har ogs\u00e5 bev\u00e6gelige h\u00e5ndtag, der tilbyder en r\u00e6kke grebspositioner, som aktiverer overkroppen. Et 15\u2019 LED-display giver brugerne mulighed for at se deres tid, distance og andre statistikker. Det giver ogs\u00e5 hurtig adgang til en r\u00e6kke forudindstillede tr\u00e6ningsprogrammer, herunder Constant Watt-tilstand, Interval-tilstand, Fat Burn-tilstand og Cardio-tilstand. Konsollen har ogs\u00e5 genvejsknapper til modstand for hurtigere \u00e6ndringer midt i tr\u00e6ningen.&nbsp;<\/p>\n<\/div>\n<\/div>\n<div class=\"product-attribute-container-desktop desktop-only\">\n<div class=\"additional-attributes-wrapper table-wrapper\"><\/div>\n<\/div>","protected":false},"featured_media":520,"comment_status":"open","ping_status":"closed","template":"","meta":{"site-sidebar-layout":"default","site-content-layout":"","ast-site-content-layout":"default","site-content-style":"default","site-sidebar-style":"default","ast-global-header-display":"","ast-banner-title-visibility":"","ast-main-header-display":"","ast-hfb-above-header-display":"","ast-hfb-below-header-display":"","ast-hfb-mobile-header-display":"","site-post-title":"","ast-breadcrumbs-content":"","ast-featured-img":"","footer-sml-layout":"","theme-transparent-header-meta":"default","adv-header-id-meta":"","stick-header-meta":"","header-above-stick-meta":"","header-main-stick-meta":"","header-below-stick-meta":"","astra-migrate-meta-layouts":"set","ast-page-background-enabled":"default","ast-page-background-meta":{"desktop":{"background-color":"var(--ast-global-color-5)","background-image":"","background-repeat":"repeat","background-position":"center center","background-size":"auto","background-attachment":"scroll","background-type":"","background-media":"","overlay-type":"","overlay-color":"","overlay-opacity":"","overlay-gradient":""},"tablet":{"background-color":"","background-image":"","background-repeat":"repeat","background-position":"center center","background-size":"auto","background-attachment":"scroll","background-type":"","background-media":"","overlay-type":"","overlay-color":"","overlay-opacity":"","overlay-gradient":""},"mobile":{"background-color":"","background-image":"","background-repeat":"repeat","background-position":"center center","background-size":"auto","background-attachment":"scroll","background-type":"","background-media":"","overlay-type":"","overlay-color":"","overlay-opacity":"","overlay-gradient":""}},"ast-content-background-meta":{"desktop":{"background-color":"var(--ast-global-color-4)","background-image":"","background-repeat":"repeat","background-position":"center center","background-size":"auto","background-attachment":"scroll","background-type":"","background-media":"","overlay-type":"","overlay-color":"","overlay-opacity":"","overlay-gradient":""},"tablet":{"background-color":"var(--ast-global-color-4)","background-image":"","background-repeat":"repeat","background-position":"center center","background-size":"auto","background-attachment":"scroll","background-type":"","background-media":"","overlay-type":"","overlay-color":"","overlay-opacity":"","overlay-gradient":""},"mobile":{"background-color":"var(--ast-global-color-4)","background-image":"","background-repeat":"repeat","background-position":"center center","background-size":"auto","background-attachment":"scroll","background-type":"","background-media":"","overlay-type":"","overlay-color":"","overlay-opacity":"","overlay-gradient":""}}},"product_brand":[],"product_cat":[18],"product_tag":[23],"class_list":{"0":"post-518","1":"product","2":"type-product","3":"status-publish","4":"has-post-thumbnail","6":"product_cat-cross-trainers","7":"product_tag-cross-trainers","8":"desktop-align-left","9":"tablet-align-left","10":"mobile-align-left","12":"first","13":"instock","14":"sale","15":"taxable","16":"shipping-taxable","17":"purchasable","18":"product-type-simple"},"_links":{"self":[{"href":"https:\/\/bestfitnessstore.com\/da\/wp-json\/wp\/v2\/product\/518","targetHints":{"allow":["GET"]}}],"collection":[{"href":"https:\/\/bestfitnessstore.com\/da\/wp-json\/wp\/v2\/product"}],"about":[{"href":"https:\/\/bestfitnessstore.com\/da\/wp-json\/wp\/v2\/types\/product"}],"replies":[{"embeddable":true,"href":"https:\/\/bestfitnessstore.com\/da\/wp-json\/wp\/v2\/comments?post=518"}],"wp:featuredmedia":[{"embeddable":true,"href":"https:\/\/bestfitnessstore.com\/da\/wp-json\/wp\/v2\/media\/520"}],"wp:attachment":[{"href":"https:\/\/bestfitnessstore.com\/da\/wp-json\/wp\/v2\/media?parent=518"}],"wp:term":[{"taxonomy":"product_brand","embeddable":true,"href":"https:\/\/bestfitnessstore.com\/da\/wp-json\/wp\/v2\/product_brand?post=518"},{"taxonomy":"product_cat","embeddable":true,"href":"https:\/\/bestfitnessstore.com\/da\/wp-json\/wp\/v2\/product_cat?post=518"},{"taxonomy":"product_tag","embeddable":true,"href":"https:\/\/bestfitnessstore.com\/da\/wp-json\/wp\/v2\/product_tag?post=518"}],"curies":[{"name":"wp","href":"https:\/\/api.w.org\/{rel}","templated":true}]}}