{"id":505,"date":"2025-11-17T05:06:54","date_gmt":"2025-11-17T05:06:54","guid":{"rendered":"https:\/\/bestfitnessstore.com\/?post_type=product&#038;p=505"},"modified":"2025-11-17T05:06:54","modified_gmt":"2025-11-17T05:06:54","slug":"proform-sport-elliptisk-crosstrainer","status":"publish","type":"product","link":"https:\/\/bestfitnessstore.com\/da\/product\/proform-sport-elliptical-cross-trainer\/","title":{"rendered":"ProForm Sport elliptisk crosstrainer"},"content":{"rendered":"<div class=\"product-attribute-container-desktop desktop-only\">\n<div class=\"additional-attributes-wrapper table-wrapper\">\n<h4>PRODUKTINFORMATION<\/h4>\n<div class=\"attributes-container\">\n<ul class=\"product-attributes-container\">\n<li><span class=\"specification-title\">Pakkev\u00e6gt (KG):\u00a0<\/span><span class=\"specification-data\">62.000000<\/span><\/li>\n<li><span class=\"specification-title\">App-integration:\u00a0<\/span><span class=\"specification-data\">iFIT<\/span><\/li>\n<li><span class=\"specification-title\">Transporthjul:\u00a0<\/span><span class=\"specification-data\">Ja<\/span><\/li>\n<li><span class=\"specification-title\">Skridtl\u00e6ngde:\u00a0<\/span><span class=\"specification-data\">40.60<\/span><\/li>\n<li><span class=\"specification-title\">Produktm\u00e5l (LxBxH):\u00a0<\/span><span class=\"specification-data\">150,10 x 64,80 x 156 cm<\/span><\/li>\n<\/ul>\n<ul class=\"product-attributes-container\">\n<li><span class=\"specification-title\">Effektmetode:\u00a0<\/span><span class=\"specification-data\">Elektricitet fra elnettet<\/span><\/li>\n<li><span class=\"specification-title\">Holder til tablet:\u00a0<\/span><span class=\"specification-data\">Ja<\/span><\/li>\n<li><span class=\"specification-title\">Svinghjulets position:\u00a0<\/span><span class=\"specification-data\">Bagsiden<\/span><\/li>\n<li><span class=\"specification-title\">Maksimal brugerv\u00e6gt (kg):\u00a0<\/span><span class=\"specification-data\">113,00 (kg)<\/span><\/li>\n<li><span class=\"specification-title\">M\u00e5l p\u00e5 kassen (LxBxH):\u00a0<\/span><span class=\"specification-data\">135 x 39 x 66 cm<\/span><\/li>\n<\/ul>\n<\/div>\n<\/div>\n<\/div>\n<div class=\"product-features\">\n<h4>YDERLIGERE FUNKTIONER<\/h4>\n<div class=\"more-container\">\n<div class=\"unshow-text\">\n<ul class=\"product-features-container\">\n<li><span class=\"specification-title\">Sk\u00e6rm:<\/span>\u00a0<span class=\"specification-data\">5\u201d LCD-sk\u00e6rm. Tablet\/smartphone vist p\u00e5 billederne medf\u00f8lger ikke<\/span><\/li>\n<li><span class=\"specification-title\">Lydl\u00f8s magnetisk modstand\u2122:<\/span>\u00a0<span class=\"specification-data\">J\u00e6vne og gnidningsl\u00f8se \u00e6ndringer<\/span><\/li>\n<li><span class=\"specification-title\">Modstandsniveauer:<\/span>\u00a0<span class=\"specification-data\">20<\/span><\/li>\n<li><span class=\"specification-title\">Pedaler:<\/span>\u00a0<span class=\"specification-data\">Overdimensionerede, polstrede pedaler<\/span><\/li>\n<li><span class=\"specification-title\">IFIT:<\/span>\u00a0<span class=\"specification-data\">F\u00e5 adgang til over 10.000 tr\u00e6ningsprogrammer og smarte funktioner til en personlig oplevelse. iFIT Train-medlemskab p\u00e5kr\u00e6vet.<\/span><\/li>\n<li><span class=\"specification-title\">Modstandsknapper:<\/span>\u00a0<span class=\"specification-data\">Skift hurtigt intensitet<\/span><\/li>\n<li><span class=\"specification-title\">Enhedshylde:<\/span>\u00a0<span class=\"specification-data\">Tilslut din enhed, og s\u00e6t den p\u00e5 hylden<\/span><\/li>\n<li><span class=\"specification-title\">USB-C-port:<\/span>\u00a0<span class=\"specification-data\">Hold din telefon eller tablet fuldt opladet, mens du tr\u00e6ner<\/span><\/li>\n<li><span class=\"specification-title\">IFIT-fors\u00f8g:<\/span>\u00a0<span class=\"specification-data\">30 dages iFIT Train-pr\u00f8veperiode inkluderet. Kreditkort kr\u00e6ves til aktivering. iFIT Train-medlemskab fornyes automatisk, medmindre det annulleres p\u00e5 forh\u00e5nd. 30-dages pr\u00f8veperiode g\u00e6lder kun for nye medlemskaber.<\/span><\/li>\n<\/ul>\n<\/div>\n<\/div>\n<\/div>\n<div class=\"product-warranty\">\n<h4>GARANTI<\/h4>\n<div class=\"text-container\"><strong>Til hjemmebrug:<\/strong>\u00a0To \u00e5rs garanti p\u00e5 dele og arbejdskraft (betingelser g\u00e6lder) under foruds\u00e6tning af, at produktet registreres inden for 28 dage efter k\u00f8bet. Standardgarantien er 12 m\u00e5neder p\u00e5 dele og arbejdskraft Vilk\u00e5r Denne garanti g\u00e6lder kun for den oprindelige k\u00f8ber (dig) og kan ikke overdrages. Garantien d\u00e6kker ikke: 1. Normal slitage (eksempler p\u00e5 normale sliddele omfatter gangremme, drivremme, batterier, bremseklodser og springm\u00e5tter). 2. Alle provisoriske reparationer, tilpasninger eller \u00e6ndringer, der \u00e6ndrer dette produkt i forhold til dets normale form\u00e5l og funktion som beskrevet i brugervejledningen. 3. Skader som f\u00f8lge af: a) Fors\u00e6tlige eller ondsindede handlinger. b) Transport. c) Forkert installation, samling eller tilslutning, der ikke er i overensstemmelse med ICON's specifikationer eller anbefalinger. d) Misbrug, forkert brug, manglende overholdelse af instruktioner eller forkert eller unormal brug. e) Manglende overholdelse af instruktionerne i din brugervejledning (s\u00e5som brug af andre reng\u00f8rings- og vedligeholdelsesprodukter end dem, der anbefales, manglende slukning af produktet efter brug osv.) f) Brug uden for hjemmet (herunder, men ikke begr\u00e6nset til, brug i kommercielle, professionelle, udlejnings- eller institutionsmilj\u00f8er). g) Reparationer, der ikke er udf\u00f8rt af en ICON-autoriseret serviceudbyder, eller brug af dele, der ikke er leveret eller godkendt af ICON. h) Ulykker, st\u00f8d, str\u00f8msvingninger, lyn, storme, vand, ild, dyr eller andre \u00e5rsager, som ICON ikke har kontrol over. i) Forkert placering, herunder, men ikke begr\u00e6nset til, fugtige, st\u00f8vede eller udend\u00f8rs milj\u00f8er (eksempler omfatter garager, k\u00e6ldre, verandaer og terrasser).<\/div>\n<\/div>\n<div class=\"product-next-day\">\n<h4>EKSPRESLEVERING<\/h4>\n<div class=\"text-container\">Mange af vores produkter har mulighed for ekspreslevering og levering p\u00e5 en bestemt dato, hvilket betyder, at du f\u00e5r dit produkt leveret allerede i morgen eller p\u00e5 en dato, der passer dig. Tjek venligst leveringsmulighederne ved kassen for at se tilg\u00e6ngeligheden for din kurv og dit postnummer. Leveringsbetingelserne g\u00e6lder.<\/div>\n<\/div>","protected":false},"excerpt":{"rendered":"<p>ProForm Sport Elliptical Cross Trainer er enkel, solid og stabil og g\u00f8r det nemt at hoppe op og begynde at tr\u00e6ne. Den har 20 niveauer af digital modstand, der passer til alt fra tr\u00e6ning med h\u00f8j intensitet til restitutionssessioner. Silent Magnetic Resistance\u2122-systemet giver en j\u00e6vn og st\u00f8jsvag oplevelse, der er designet til at f\u00e5 dine bev\u00e6gelser til at f\u00f8les mere flydende, s\u00e5 du f\u00e5r en problemfri tr\u00e6ning af hele kroppen. Med en skridtl\u00e6ngde p\u00e5 40,6 cm er Sport Elliptical Cross Trainer designet til at levere en lang r\u00e6kke bev\u00e6gelser med lavere belastning. Med en iFIT Train-konto kan du f\u00e5 mere ud af ProForm Sport Elliptical Cross Trainer. Log ind p\u00e5 din iFIT-konto* p\u00e5 din egen tablet eller smartphone (den viste tablet\/smartphone medf\u00f8lger ikke), og forbind den med Sport Elliptical Cross Trainer for at starte det n\u00e6ste tr\u00e6ningspas i din personlige plan. Mens du tr\u00e6ner, sporer iFIT din pr\u00e6station og \u00e6ndrer automatisk de 20 modstandsniveauer til den indstilling, du har brug for. Med iFIT f\u00e5r du adgang til over 10.000 tr\u00e6ningsprogrammer, smarte funktioner og coaching af ekspert iFIT Trainers p\u00e5 engagerende globale lokationer. Tr\u00e6nerne er der for at hj\u00e6lpe dig med formen, holde dig motiveret til at afslutte st\u00e6rkt og tilbyde indsigt i globale steder, s\u00e5 du forbliver engageret i b\u00e5de korte og lange sessioner. Kom godt i gang, og skub dig igennem hver rotation p\u00e5 bl\u00f8de, overdimensionerede pedaler, der passer til alle fodst\u00f8rrelser, samtidig med at du tr\u00e6ner din overkrop med de bev\u00e6gelige h\u00e5ndtag. * 30-dages iFIT Train Trial inkluderet. Kreditkort kr\u00e6ves til aktivering. iFIT Train-medlemskab fornyes automatisk, medmindre det annulleres p\u00e5 forh\u00e5nd. 30 dages pr\u00f8veperiode g\u00e6lder kun for nye medlemskaber.<\/p>\n<div class=\"product-attribute-container-desktop desktop-only\">\n<div class=\"additional-attributes-wrapper table-wrapper\"><\/div>\n<\/div>","protected":false},"featured_media":508,"comment_status":"open","ping_status":"closed","template":"","meta":{"site-sidebar-layout":"default","site-content-layout":"","ast-site-content-layout":"default","site-content-style":"default","site-sidebar-style":"default","ast-global-header-display":"","ast-banner-title-visibility":"","ast-main-header-display":"","ast-hfb-above-header-display":"","ast-hfb-below-header-display":"","ast-hfb-mobile-header-display":"","site-post-title":"","ast-breadcrumbs-content":"","ast-featured-img":"","footer-sml-layout":"","theme-transparent-header-meta":"default","adv-header-id-meta":"","stick-header-meta":"","header-above-stick-meta":"","header-main-stick-meta":"","header-below-stick-meta":"","astra-migrate-meta-layouts":"set","ast-page-background-enabled":"default","ast-page-background-meta":{"desktop":{"background-color":"var(--ast-global-color-5)","background-image":"","background-repeat":"repeat","background-position":"center center","background-size":"auto","background-attachment":"scroll","background-type":"","background-media":"","overlay-type":"","overlay-color":"","overlay-opacity":"","overlay-gradient":""},"tablet":{"background-color":"","background-image":"","background-repeat":"repeat","background-position":"center center","background-size":"auto","background-attachment":"scroll","background-type":"","background-media":"","overlay-type":"","overlay-color":"","overlay-opacity":"","overlay-gradient":""},"mobile":{"background-color":"","background-image":"","background-repeat":"repeat","background-position":"center center","background-size":"auto","background-attachment":"scroll","background-type":"","background-media":"","overlay-type":"","overlay-color":"","overlay-opacity":"","overlay-gradient":""}},"ast-content-background-meta":{"desktop":{"background-color":"var(--ast-global-color-4)","background-image":"","background-repeat":"repeat","background-position":"center center","background-size":"auto","background-attachment":"scroll","background-type":"","background-media":"","overlay-type":"","overlay-color":"","overlay-opacity":"","overlay-gradient":""},"tablet":{"background-color":"var(--ast-global-color-4)","background-image":"","background-repeat":"repeat","background-position":"center center","background-size":"auto","background-attachment":"scroll","background-type":"","background-media":"","overlay-type":"","overlay-color":"","overlay-opacity":"","overlay-gradient":""},"mobile":{"background-color":"var(--ast-global-color-4)","background-image":"","background-repeat":"repeat","background-position":"center center","background-size":"auto","background-attachment":"scroll","background-type":"","background-media":"","overlay-type":"","overlay-color":"","overlay-opacity":"","overlay-gradient":""}}},"product_brand":[],"product_cat":[18],"product_tag":[23],"class_list":{"0":"post-505","1":"product","2":"type-product","3":"status-publish","4":"has-post-thumbnail","6":"product_cat-cross-trainers","7":"product_tag-cross-trainers","8":"desktop-align-left","9":"tablet-align-left","10":"mobile-align-left","12":"first","13":"instock","14":"sale","15":"taxable","16":"shipping-taxable","17":"purchasable","18":"product-type-simple"},"_links":{"self":[{"href":"https:\/\/bestfitnessstore.com\/da\/wp-json\/wp\/v2\/product\/505","targetHints":{"allow":["GET"]}}],"collection":[{"href":"https:\/\/bestfitnessstore.com\/da\/wp-json\/wp\/v2\/product"}],"about":[{"href":"https:\/\/bestfitnessstore.com\/da\/wp-json\/wp\/v2\/types\/product"}],"replies":[{"embeddable":true,"href":"https:\/\/bestfitnessstore.com\/da\/wp-json\/wp\/v2\/comments?post=505"}],"wp:featuredmedia":[{"embeddable":true,"href":"https:\/\/bestfitnessstore.com\/da\/wp-json\/wp\/v2\/media\/508"}],"wp:attachment":[{"href":"https:\/\/bestfitnessstore.com\/da\/wp-json\/wp\/v2\/media?parent=505"}],"wp:term":[{"taxonomy":"product_brand","embeddable":true,"href":"https:\/\/bestfitnessstore.com\/da\/wp-json\/wp\/v2\/product_brand?post=505"},{"taxonomy":"product_cat","embeddable":true,"href":"https:\/\/bestfitnessstore.com\/da\/wp-json\/wp\/v2\/product_cat?post=505"},{"taxonomy":"product_tag","embeddable":true,"href":"https:\/\/bestfitnessstore.com\/da\/wp-json\/wp\/v2\/product_tag?post=505"}],"curies":[{"name":"wp","href":"https:\/\/api.w.org\/{rel}","templated":true}]}}