{"id":500,"date":"2025-11-17T05:00:17","date_gmt":"2025-11-17T05:00:17","guid":{"rendered":"https:\/\/bestfitnessstore.com\/?post_type=product&#038;p=500"},"modified":"2025-11-17T05:02:11","modified_gmt":"2025-11-17T05:02:11","slug":"proform-cardio-hiit-hl","status":"publish","type":"product","link":"https:\/\/bestfitnessstore.com\/da\/product\/proform-cardio-hiit-hl\/","title":{"rendered":"ProForm Cardio HIIT HL"},"content":{"rendered":"<div class=\"product-attribute-container-desktop desktop-only\">\n<div class=\"additional-attributes-wrapper table-wrapper\">\n<h4>PRODUKTINFORMATION<\/h4>\n<div class=\"attributes-container\">\n<ul class=\"product-attributes-container\">\n<li><span class=\"specification-title\">Pakkev\u00e6gt (KG):\u00a0<\/span><span class=\"specification-data\">95.000000<\/span><\/li>\n<li><span class=\"specification-title\">Effektmetode:\u00a0<\/span><span class=\"specification-data\">Elektricitet fra elnettet<\/span><\/li>\n<li><span class=\"specification-title\">Holder til tablet:\u00a0<\/span><span class=\"specification-data\">Ja<\/span><\/li>\n<li><span class=\"specification-title\">Svinghjulets position:\u00a0<\/span><span class=\"specification-data\">P\u00e5 forsiden<\/span><\/li>\n<li><span class=\"specification-title\">Overv\u00e5gning af hjertefrekvens:\u00a0<\/span><span class=\"specification-data\">Brystsp\u00e6nde<\/span><\/li>\n<li><span class=\"specification-title\">M\u00e5l p\u00e5 kassen (LxBxH):\u00a0<\/span><span class=\"specification-data\">125 x 46 x 85 cm<\/span><\/li>\n<\/ul>\n<ul class=\"product-attributes-container\">\n<li><span class=\"specification-title\">Produktets v\u00e6gt (KG):\u00a0<\/span><span class=\"specification-data\">82<\/span><\/li>\n<li><span class=\"specification-title\">App-integration:\u00a0<\/span><span class=\"specification-data\">iFIT<\/span><\/li>\n<li><span class=\"specification-title\">Bluetooth:\u00a0<\/span><span class=\"specification-data\">Ja<\/span><\/li>\n<li><span class=\"specification-title\">Svinghjulets v\u00e6gt (KG):\u00a0<\/span><span class=\"specification-data\">14<\/span><\/li>\n<li><span class=\"specification-title\">Maksimal brugerv\u00e6gt (kg):\u00a0<\/span><span class=\"specification-data\">150.00 (kg)<\/span><\/li>\n<\/ul>\n<\/div>\n<\/div>\n<\/div>\n<div class=\"product-features\">\n<h4>YDERLIGERE FUNKTIONER<\/h4>\n<div class=\"more-container\">\n<div class=\"unshow-text\">\n<ul class=\"product-features-container\">\n<li><span class=\"specification-title\">Lodret skridt:<\/span>\u00a0<span class=\"specification-data\">25 cm<\/span><\/li>\n<li><span class=\"specification-title\">Vandret skridt:<\/span>\u00a0<span class=\"specification-data\">12 cm<\/span><\/li>\n<li><span class=\"specification-title\">SMR\u2122 Silent Magnetic Resistance:<\/span>\u00a0<span class=\"specification-data\">22 digitale niveauer<\/span><\/li>\n<li><span class=\"specification-title\">Multifunktionsstyr:<\/span>\u00a0<span class=\"specification-data\">Soft touch-greb til overkroppen<\/span><\/li>\n<li><span class=\"specification-title\">Sk\u00e6rm:<\/span>\u00a0<span class=\"specification-data\">5\u201d flerfarvet display med h\u00f8j kontrast<\/span><\/li>\n<li><span class=\"specification-title\">IFIT-fors\u00f8g:<\/span>\u00a0<span class=\"specification-data\">30-dages iFIT-pr\u00f8veperiode inkluderet. Kreditkort kr\u00e6ves til aktivering. iFIT Pro-medlemskab fornyes automatisk, medmindre det annulleres p\u00e5 forh\u00e5nd. 30 dages pr\u00f8veperiode g\u00e6lder kun for nye medlemskaber. Tablet er ikke inkluderet<\/span><\/li>\n<li><span class=\"specification-title\">Lyd:<\/span>\u00a0<span class=\"specification-data\">Kompatibel med Bluetooth-hovedtelefoner; to 2\u201d h\u00f8jttalere<\/span><\/li>\n<li><span class=\"specification-title\">Overdimensionerede pedaler:<\/span>\u00a0<span class=\"specification-data\">Polstret for komfort<\/span><\/li>\n<li><span class=\"specification-title\">SmartAdjust-teknologi:<\/span>\u00a0<span class=\"specification-data\">Lad tr\u00e6neren justere din modstand automatisk<\/span><\/li>\n<li><span class=\"specification-title\">ActivePulse\u2122-teknologi:<\/span>\u00a0<span class=\"specification-data\">Kompatibel med SmartBeat\u2122 Armband (medf\u00f8lger ikke)<\/span><\/li>\n<li><span class=\"specification-title\">Integrerede funktioner:<\/span>\u00a0<span class=\"specification-data\">Tabletholder; vandflaskeholder, Coolaire tr\u00e6ningsventilator<\/span><\/li>\n<\/ul>\n<\/div>\n<\/div>\n<\/div>\n<div class=\"product-warranty\">\n<h4>GARANTI<\/h4>\n<div class=\"text-container\"><strong>Til hjemmebrug:<\/strong>\u00a0To \u00e5rs garanti p\u00e5 dele og arbejdskraft (betingelser g\u00e6lder) under foruds\u00e6tning af, at produktet registreres inden for 28 dage efter k\u00f8bet. Standardgarantien er 12 m\u00e5neder p\u00e5 dele og arbejdskraft Vilk\u00e5r Denne garanti g\u00e6lder kun for den oprindelige k\u00f8ber (dig) og kan ikke overdrages. Garantien d\u00e6kker ikke: 1. Normal slitage (eksempler p\u00e5 normale sliddele omfatter gangremme, drivremme, batterier, bremseklodser og springm\u00e5tter). 2. Alle provisoriske reparationer, tilpasninger eller \u00e6ndringer, der \u00e6ndrer dette produkt i forhold til dets normale form\u00e5l og funktion som beskrevet i brugervejledningen. 3. Skader som f\u00f8lge af: a) Fors\u00e6tlige eller ondsindede handlinger. b) Transport. c) Forkert installation, samling eller tilslutning, der ikke er i overensstemmelse med ICON's specifikationer eller anbefalinger. d) Misbrug, forkert brug, manglende overholdelse af instruktioner eller forkert eller unormal brug. e) Manglende overholdelse af instruktionerne i din brugervejledning (s\u00e5som brug af andre reng\u00f8rings- og vedligeholdelsesprodukter end dem, der anbefales, manglende slukning af produktet efter brug osv.) f) Brug uden for hjemmet (herunder, men ikke begr\u00e6nset til, brug i kommercielle, professionelle, udlejnings- eller institutionsmilj\u00f8er). g) Reparationer, der ikke er udf\u00f8rt af en ICON-autoriseret serviceudbyder, eller brug af dele, der ikke er leveret eller godkendt af ICON. h) Ulykker, st\u00f8d, str\u00f8msvingninger, lyn, storme, vand, ild, dyr eller andre \u00e5rsager, som ICON ikke har kontrol over. i) Forkert placering, herunder, men ikke begr\u00e6nset til, fugtige, st\u00f8vede eller udend\u00f8rs milj\u00f8er (eksempler omfatter garager, k\u00e6ldre, verandaer og terrasser).<\/div>\n<div><\/div>\n<\/div>\n<div class=\"product-next-day\">\n<h4>EKSPRESLEVERING<\/h4>\n<div class=\"text-container\">Mange af vores produkter har mulighed for ekspreslevering og levering p\u00e5 en bestemt dato, hvilket betyder, at du f\u00e5r dit produkt leveret allerede i morgen eller p\u00e5 en dato, der passer dig. Tjek venligst leveringsmulighederne ved kassen for at se tilg\u00e6ngeligheden for din kurv og dit postnummer. Leveringsbetingelserne g\u00e6lder.<\/div>\n<\/div>","protected":false},"excerpt":{"rendered":"<p>I mods\u00e6tning til traditionelle crosstrainere har ProForm Cardio HIIT HL en vandret skridtl\u00e6ngde p\u00e5 12 cm og en lodret skridtl\u00e6ngde p\u00e5 25 cm, hvilket kombinerer fordelene ved b\u00e5de en crosstrainer og en stepmaskine i en pladsbesparende ramme. Cardio HIIT HL simulerer almindelige flade skridt og stejle stigninger og giver \u00f8get muskelaktivering for bedre resultater. Et 14 kg tungt inertiforst\u00e6rket svinghjul sikrer, at hver bev\u00e6gelse er j\u00e6vn og naturlig, og der er 22 niveauer af SMR\u2122 Silent Magnetic Resistance at g\u00e5 videre med. Multifunktionsstyret giver dig mulighed for at aktivere specifikke muskelgrupper i overkroppen og er belagt med et soft touch-materiale, der er behageligt og nemt at gribe om. ProForm Cardio HIIT HL's 5\u201d flerfarvede display med h\u00f8j kontrast giver dig alle de m\u00e5linger, du har brug for, lige foran dig. Download iFIT-appen til din tablet eller smartenhed, opret forbindelse til maskinen, og du kan nyde et n\u00e6sten ubegr\u00e6nset udvalg af individualiserede tr\u00e6ningsprogrammer, der ledes af verdens bedste tr\u00e6nere i dit eget hjem. F\u00e5 adgang til et tr\u00e6ningspas hver dag, f\u00f8lg automatisk dine fremskridt, nyd ruter i det virkelige liv med Google Maps\u2122, konkurrer med dine venner, skr\u00e6ddersy din tr\u00e6ning til dine specifikke m\u00e5l og meget mere (30-dages iFIT-abonnement inkluderet*). Cardio HIIT HL har ProForms ActivePulse\u2122-teknologi, som g\u00f8r, at maskinen automatisk justerer din modstand for at sikre, at du forbliver i den optimale pulszone (SmartBeat\u2122-armb\u00e5nd kr\u00e6ves - s\u00e6lges separat). Tilslut dine Bluetooth-hovedtelefoner for at lytte til din lyd uden at forstyrre andre, eller afspil den h\u00f8jt gennem de integrerede 2\u201d h\u00f8jttalere. Andre integrerede funktioner omfatter en Coolaire-tr\u00e6ningsventilator, en vandflaskeholder og overdimensionerede pudepedaler. *30 dages iFIT-pr\u00f8veperiode inkluderet. Kreditkort kr\u00e6ves til aktivering. iFIT-medlemskab fornyes automatisk, medmindre det annulleres p\u00e5 forh\u00e5nd. 30-dages pr\u00f8veperiode g\u00e6lder kun for nye medlemskaber. Tablet vist p\u00e5 billeder er ikke inkluderet.<\/p>\n<div class=\"product-attribute-container-desktop desktop-only\">\n<div class=\"additional-attributes-wrapper table-wrapper\"><\/div>\n<\/div>","protected":false},"featured_media":504,"comment_status":"open","ping_status":"closed","template":"","meta":{"site-sidebar-layout":"default","site-content-layout":"","ast-site-content-layout":"default","site-content-style":"default","site-sidebar-style":"default","ast-global-header-display":"","ast-banner-title-visibility":"","ast-main-header-display":"","ast-hfb-above-header-display":"","ast-hfb-below-header-display":"","ast-hfb-mobile-header-display":"","site-post-title":"","ast-breadcrumbs-content":"","ast-featured-img":"","footer-sml-layout":"","theme-transparent-header-meta":"default","adv-header-id-meta":"","stick-header-meta":"","header-above-stick-meta":"","header-main-stick-meta":"","header-below-stick-meta":"","astra-migrate-meta-layouts":"set","ast-page-background-enabled":"default","ast-page-background-meta":{"desktop":{"background-color":"var(--ast-global-color-5)","background-image":"","background-repeat":"repeat","background-position":"center center","background-size":"auto","background-attachment":"scroll","background-type":"","background-media":"","overlay-type":"","overlay-color":"","overlay-opacity":"","overlay-gradient":""},"tablet":{"background-color":"","background-image":"","background-repeat":"repeat","background-position":"center center","background-size":"auto","background-attachment":"scroll","background-type":"","background-media":"","overlay-type":"","overlay-color":"","overlay-opacity":"","overlay-gradient":""},"mobile":{"background-color":"","background-image":"","background-repeat":"repeat","background-position":"center center","background-size":"auto","background-attachment":"scroll","background-type":"","background-media":"","overlay-type":"","overlay-color":"","overlay-opacity":"","overlay-gradient":""}},"ast-content-background-meta":{"desktop":{"background-color":"var(--ast-global-color-4)","background-image":"","background-repeat":"repeat","background-position":"center center","background-size":"auto","background-attachment":"scroll","background-type":"","background-media":"","overlay-type":"","overlay-color":"","overlay-opacity":"","overlay-gradient":""},"tablet":{"background-color":"var(--ast-global-color-4)","background-image":"","background-repeat":"repeat","background-position":"center center","background-size":"auto","background-attachment":"scroll","background-type":"","background-media":"","overlay-type":"","overlay-color":"","overlay-opacity":"","overlay-gradient":""},"mobile":{"background-color":"var(--ast-global-color-4)","background-image":"","background-repeat":"repeat","background-position":"center center","background-size":"auto","background-attachment":"scroll","background-type":"","background-media":"","overlay-type":"","overlay-color":"","overlay-opacity":"","overlay-gradient":""}}},"product_brand":[],"product_cat":[18],"product_tag":[23],"class_list":{"0":"post-500","1":"product","2":"type-product","3":"status-publish","4":"has-post-thumbnail","6":"product_cat-cross-trainers","7":"product_tag-cross-trainers","8":"desktop-align-left","9":"tablet-align-left","10":"mobile-align-left","12":"first","13":"instock","14":"sale","15":"taxable","16":"shipping-taxable","17":"purchasable","18":"product-type-simple"},"_links":{"self":[{"href":"https:\/\/bestfitnessstore.com\/da\/wp-json\/wp\/v2\/product\/500","targetHints":{"allow":["GET"]}}],"collection":[{"href":"https:\/\/bestfitnessstore.com\/da\/wp-json\/wp\/v2\/product"}],"about":[{"href":"https:\/\/bestfitnessstore.com\/da\/wp-json\/wp\/v2\/types\/product"}],"replies":[{"embeddable":true,"href":"https:\/\/bestfitnessstore.com\/da\/wp-json\/wp\/v2\/comments?post=500"}],"wp:featuredmedia":[{"embeddable":true,"href":"https:\/\/bestfitnessstore.com\/da\/wp-json\/wp\/v2\/media\/504"}],"wp:attachment":[{"href":"https:\/\/bestfitnessstore.com\/da\/wp-json\/wp\/v2\/media?parent=500"}],"wp:term":[{"taxonomy":"product_brand","embeddable":true,"href":"https:\/\/bestfitnessstore.com\/da\/wp-json\/wp\/v2\/product_brand?post=500"},{"taxonomy":"product_cat","embeddable":true,"href":"https:\/\/bestfitnessstore.com\/da\/wp-json\/wp\/v2\/product_cat?post=500"},{"taxonomy":"product_tag","embeddable":true,"href":"https:\/\/bestfitnessstore.com\/da\/wp-json\/wp\/v2\/product_tag?post=500"}],"curies":[{"name":"wp","href":"https:\/\/api.w.org\/{rel}","templated":true}]}}