{"id":492,"date":"2025-11-16T08:26:04","date_gmt":"2025-11-16T08:26:04","guid":{"rendered":"https:\/\/bestfitnessstore.com\/?post_type=product&#038;p=492"},"modified":"2025-11-16T08:26:04","modified_gmt":"2025-11-16T08:26:04","slug":"proform-carbon-e7-elliptisk-crosstrainer","status":"publish","type":"product","link":"https:\/\/bestfitnessstore.com\/da\/product\/proform-carbon-e7-elliptical-cross-trainer\/","title":{"rendered":"ProForm Carbon E7 elliptisk crosstrainer"},"content":{"rendered":"<div class=\"product-attribute-container-desktop desktop-only\">\n<div class=\"additional-attributes-wrapper table-wrapper\">\n<h4>PRODUKTINFORMATION<\/h4>\n<div class=\"attributes-container\">\n<ul class=\"product-attributes-container\">\n<li><span class=\"specification-title\">Pakkev\u00e6gt (KG):\u00a0<\/span><span class=\"specification-data\">103.000000<\/span><\/li>\n<li><span class=\"specification-title\">Effektmetode:\u00a0<\/span><span class=\"specification-data\">Elektricitet fra elnettet<\/span><\/li>\n<li><span class=\"specification-title\">Bluetooth:\u00a0<\/span><span class=\"specification-data\">Ja<\/span><\/li>\n<li><span class=\"specification-title\">Svinghjulets position:\u00a0<\/span><span class=\"specification-data\">P\u00e5 forsiden<\/span><\/li>\n<li><span class=\"specification-title\">Skridtl\u00e6ngde:\u00a0<\/span><span class=\"specification-data\">48<\/span><\/li>\n<li><span class=\"specification-title\">Maksimal brugerv\u00e6gt (kg):\u00a0<\/span><span class=\"specification-data\">125,00 (kg)<\/span><\/li>\n<li><span class=\"specification-title\">M\u00e5l p\u00e5 kassen (LxBxH):\u00a0<\/span><span class=\"specification-data\">170 x 38 x 79 cm<\/span><\/li>\n<\/ul>\n<ul class=\"product-attributes-container\">\n<li><span class=\"specification-title\">Produktets v\u00e6gt (KG):\u00a0<\/span><span class=\"specification-data\">90<\/span><\/li>\n<li><span class=\"specification-title\">App-integration:\u00a0<\/span><span class=\"specification-data\">iFIT<\/span><\/li>\n<li><span class=\"specification-title\">Transporthjul:\u00a0<\/span><span class=\"specification-data\">Ja<\/span><\/li>\n<li><span class=\"specification-title\">Svinghjulets v\u00e6gt (KG):\u00a0<\/span><span class=\"specification-data\">11<\/span><\/li>\n<li><span class=\"specification-title\">Overv\u00e5gning af hjertefrekvens:\u00a0<\/span><span class=\"specification-data\">Brystsp\u00e6nde<\/span><\/li>\n<li><span class=\"specification-title\">Produktm\u00e5l (LxBxH):\u00a0<\/span><span class=\"specification-data\">169 x 64 x 169 cm<\/span><\/li>\n<\/ul>\n<\/div>\n<\/div>\n<\/div>\n<div class=\"product-features\">\n<h4>YDERLIGERE FUNKTIONER<\/h4>\n<div class=\"more-container\">\n<div class=\"unshow-text\">\n<ul class=\"product-features-container\">\n<li><span class=\"specification-title\">Skridt:<\/span>\u00a0<span class=\"specification-data\">48 cm, automatisk justerbar<\/span><\/li>\n<li><span class=\"specification-title\">H\u00e5ndtag:<\/span>\u00a0<span class=\"specification-data\">Soft touch-greb til overkroppen<\/span><\/li>\n<li><span class=\"specification-title\">Sk\u00e6rm:<\/span>\u00a0<span class=\"specification-data\">7\u201d kapacitiv touch-sk\u00e6rm i fuld farve<\/span><\/li>\n<li><span class=\"specification-title\">H\u00e6ldning:<\/span>\u00a0<span class=\"specification-data\">0\u00b0 - 20\u00b0<\/span><\/li>\n<li><span class=\"specification-title\">SMR\u2122 Silent Magnetic Resistance:<\/span>\u00a0<span class=\"specification-data\">1-24 niveauer<\/span><\/li>\n<li><span class=\"specification-title\">SmartAdjust-teknologi:<\/span>\u00a0<span class=\"specification-data\">Lad tr\u00e6neren justere din modstand og h\u00e6ldning automatisk<\/span><\/li>\n<li><span class=\"specification-title\">ActivePulse\u2122-teknologi:<\/span>\u00a0<span class=\"specification-data\">Kompatibel med SmartBeat\u2122 Armband (medf\u00f8lger ikke)<\/span><\/li>\n<li><span class=\"specification-title\">Pedaler:<\/span>\u00a0<span class=\"specification-data\">Overdimensionerede, polstrede pedaler<\/span><\/li>\n<li><span class=\"specification-title\">Kompatibel med Bluetooth-hovedtelefoner:<\/span>\u00a0<span class=\"specification-data\">Plus 2-2\u201d h\u00f8jttalere<\/span><\/li>\n<li><span class=\"specification-title\">Andre funktioner:<\/span>\u00a0<span class=\"specification-data\">Coolaire tr\u00e6ningsventilator; holder til vandflaske<\/span><\/li>\n<\/ul>\n<\/div>\n<\/div>\n<\/div>\n<div class=\"product-warranty\">\n<h4>GARANTI<\/h4>\n<div class=\"text-container\"><strong>Til hjemmebrug:<\/strong>\u00a0To \u00e5rs garanti p\u00e5 dele og arbejdskraft (betingelser g\u00e6lder) under foruds\u00e6tning af, at produktet registreres inden for 28 dage efter k\u00f8bet. Standardgarantien er 12 m\u00e5neder p\u00e5 dele og arbejdskraft Vilk\u00e5r Denne garanti g\u00e6lder kun for den oprindelige k\u00f8ber (dig) og kan ikke overdrages. Garantien d\u00e6kker ikke: 1. Normal slitage (eksempler p\u00e5 normale sliddele omfatter gangremme, drivremme, batterier, bremseklodser og springm\u00e5tter). 2. Alle provisoriske reparationer, tilpasninger eller \u00e6ndringer, der \u00e6ndrer dette produkt i forhold til dets normale form\u00e5l og funktion som beskrevet i brugervejledningen. 3. Skader som f\u00f8lge af: a) Fors\u00e6tlige eller ondsindede handlinger. b) Transport. c) Forkert installation, samling eller tilslutning, der ikke er i overensstemmelse med ICON's specifikationer eller anbefalinger. d) Misbrug, forkert brug, manglende overholdelse af instruktioner eller forkert eller unormal brug. e) Manglende overholdelse af instruktionerne i din brugervejledning (s\u00e5som brug af andre reng\u00f8rings- og vedligeholdelsesprodukter end dem, der anbefales, manglende slukning af produktet efter brug osv.) f) Brug uden for hjemmet (herunder, men ikke begr\u00e6nset til, brug i kommercielle, professionelle, udlejnings- eller institutionsmilj\u00f8er). g) Reparationer, der ikke er udf\u00f8rt af en ICON-autoriseret serviceudbyder, eller brug af dele, der ikke er leveret eller godkendt af ICON. h) Ulykker, st\u00f8d, str\u00f8msvingninger, lyn, storme, vand, ild, dyr eller andre \u00e5rsager, som ICON ikke har kontrol over. i) Forkert placering, herunder, men ikke begr\u00e6nset til, fugtige, st\u00f8vede eller udend\u00f8rs milj\u00f8er (eksempler omfatter garager, k\u00e6ldre, verandaer og terrasser).<\/div>\n<div><\/div>\n<\/div>\n<div class=\"product-next-day\">\n<h4>EKSPRESLEVERING<\/h4>\n<div class=\"text-container\">Mange af vores produkter har mulighed for ekspreslevering og levering p\u00e5 en bestemt dato, hvilket betyder, at du f\u00e5r dit produkt leveret allerede i morgen eller p\u00e5 en dato, der passer dig. Tjek venligst leveringsmulighederne ved kassen for at se tilg\u00e6ngeligheden for din kurv og dit postnummer. Leveringsbetingelserne g\u00e6lder.<\/div>\n<\/div>","protected":false},"excerpt":{"rendered":"<p>Med et svinghjul p\u00e5 11 kg, en automatisk justerbar skridtl\u00e6ngde p\u00e5 48 cm og 24 niveauer af digital modstand giver ProForm Carbon E7 crosstrainer en utrolig smidig tr\u00e6ningsoplevelse. Med en h\u00e6ldning p\u00e5 op til 20\u00b0 kan du \u00f8ge intensiteten af din tr\u00e6ning med et tryk p\u00e5 en knap, og soft touch-greb til overkroppen sikrer, at hele kroppen er med, n\u00e5r du bev\u00e6ger dig. ProForm Carbon E7\u2019s 7\u201d kapacitive touch-display i fuld farve giver dig mulighed for at streame iFIT-tr\u00e6ningsprogrammer, der ledes af personlige tr\u00e6nere i verdensklasse, som styrer maskinens indstillinger i realtid for at maksimere din tr\u00e6ning. Med iFIT kan du f\u00e5 adgang til et stadigt voksende bibliotek af on-demand tr\u00e6ningsprogrammer, automatisk spore dine fremskridt, nyde virkelige l\u00f8beruter med Google Maps\u2122, konkurrere med dine venner og skr\u00e6ddersy din tr\u00e6ning til dine specifikke m\u00e5l (iFIT Pro-medlemskab p\u00e5kr\u00e6vet). Carbon E7 er udstyret med ActivePulse\u2122-teknologi, som g\u00f8r det muligt for maskinen automatisk at justere modstand og h\u00e6ldning for at opretholde din optimale pulszone (SmartBeat\u2122-armb\u00e5nd kr\u00e6ves - s\u00e6lges separat). Afspil din lyd gennem to 2\u201d h\u00f8jttalere (eller gennem dine Bluetooth-hovedtelefoner), hold dig afk\u00f8let med den integrerede Coolaire-tr\u00e6ningsventilator, og hold styr p\u00e5 din v\u00e6ske med en indbygget vandflaskeholder.<\/p>\n<div class=\"product-attribute-container-desktop desktop-only\">\n<div class=\"additional-attributes-wrapper table-wrapper\"><\/div>\n<\/div>","protected":false},"featured_media":495,"comment_status":"open","ping_status":"closed","template":"","meta":{"site-sidebar-layout":"default","site-content-layout":"","ast-site-content-layout":"default","site-content-style":"default","site-sidebar-style":"default","ast-global-header-display":"","ast-banner-title-visibility":"","ast-main-header-display":"","ast-hfb-above-header-display":"","ast-hfb-below-header-display":"","ast-hfb-mobile-header-display":"","site-post-title":"","ast-breadcrumbs-content":"","ast-featured-img":"","footer-sml-layout":"","theme-transparent-header-meta":"default","adv-header-id-meta":"","stick-header-meta":"","header-above-stick-meta":"","header-main-stick-meta":"","header-below-stick-meta":"","astra-migrate-meta-layouts":"set","ast-page-background-enabled":"default","ast-page-background-meta":{"desktop":{"background-color":"var(--ast-global-color-5)","background-image":"","background-repeat":"repeat","background-position":"center center","background-size":"auto","background-attachment":"scroll","background-type":"","background-media":"","overlay-type":"","overlay-color":"","overlay-opacity":"","overlay-gradient":""},"tablet":{"background-color":"","background-image":"","background-repeat":"repeat","background-position":"center center","background-size":"auto","background-attachment":"scroll","background-type":"","background-media":"","overlay-type":"","overlay-color":"","overlay-opacity":"","overlay-gradient":""},"mobile":{"background-color":"","background-image":"","background-repeat":"repeat","background-position":"center center","background-size":"auto","background-attachment":"scroll","background-type":"","background-media":"","overlay-type":"","overlay-color":"","overlay-opacity":"","overlay-gradient":""}},"ast-content-background-meta":{"desktop":{"background-color":"var(--ast-global-color-4)","background-image":"","background-repeat":"repeat","background-position":"center center","background-size":"auto","background-attachment":"scroll","background-type":"","background-media":"","overlay-type":"","overlay-color":"","overlay-opacity":"","overlay-gradient":""},"tablet":{"background-color":"var(--ast-global-color-4)","background-image":"","background-repeat":"repeat","background-position":"center center","background-size":"auto","background-attachment":"scroll","background-type":"","background-media":"","overlay-type":"","overlay-color":"","overlay-opacity":"","overlay-gradient":""},"mobile":{"background-color":"var(--ast-global-color-4)","background-image":"","background-repeat":"repeat","background-position":"center center","background-size":"auto","background-attachment":"scroll","background-type":"","background-media":"","overlay-type":"","overlay-color":"","overlay-opacity":"","overlay-gradient":""}}},"product_brand":[],"product_cat":[18],"product_tag":[23],"class_list":{"0":"post-492","1":"product","2":"type-product","3":"status-publish","4":"has-post-thumbnail","6":"product_cat-cross-trainers","7":"product_tag-cross-trainers","8":"desktop-align-left","9":"tablet-align-left","10":"mobile-align-left","12":"first","13":"instock","14":"sale","15":"taxable","16":"shipping-taxable","17":"purchasable","18":"product-type-simple"},"_links":{"self":[{"href":"https:\/\/bestfitnessstore.com\/da\/wp-json\/wp\/v2\/product\/492","targetHints":{"allow":["GET"]}}],"collection":[{"href":"https:\/\/bestfitnessstore.com\/da\/wp-json\/wp\/v2\/product"}],"about":[{"href":"https:\/\/bestfitnessstore.com\/da\/wp-json\/wp\/v2\/types\/product"}],"replies":[{"embeddable":true,"href":"https:\/\/bestfitnessstore.com\/da\/wp-json\/wp\/v2\/comments?post=492"}],"wp:featuredmedia":[{"embeddable":true,"href":"https:\/\/bestfitnessstore.com\/da\/wp-json\/wp\/v2\/media\/495"}],"wp:attachment":[{"href":"https:\/\/bestfitnessstore.com\/da\/wp-json\/wp\/v2\/media?parent=492"}],"wp:term":[{"taxonomy":"product_brand","embeddable":true,"href":"https:\/\/bestfitnessstore.com\/da\/wp-json\/wp\/v2\/product_brand?post=492"},{"taxonomy":"product_cat","embeddable":true,"href":"https:\/\/bestfitnessstore.com\/da\/wp-json\/wp\/v2\/product_cat?post=492"},{"taxonomy":"product_tag","embeddable":true,"href":"https:\/\/bestfitnessstore.com\/da\/wp-json\/wp\/v2\/product_tag?post=492"}],"curies":[{"name":"wp","href":"https:\/\/api.w.org\/{rel}","templated":true}]}}