{"id":1450,"date":"2025-11-26T06:34:00","date_gmt":"2025-11-26T06:34:00","guid":{"rendered":"https:\/\/bestfitnessstore.com\/?post_type=product&#038;p=1450"},"modified":"2025-11-26T06:34:00","modified_gmt":"2025-11-26T06:34:00","slug":"spirit-ct850-led-lobeband","status":"publish","type":"product","link":"https:\/\/bestfitnessstore.com\/da\/product\/spirit-ct850-led-treadmill\/","title":{"rendered":"Spirit CT850+ LED-l\u00f8beb\u00e5nd"},"content":{"rendered":"<div class=\"product-attribute-container-desktop desktop-only\">\n<div class=\"additional-attributes-wrapper table-wrapper\">\n<h4>PRODUKTINFORMATION<\/h4>\n<div class=\"attributes-container\">\n<ul class=\"product-attributes-container\">\n<li><span class=\"specification-title\">Pakkev\u00e6gt (KG):\u00a0<\/span><span class=\"specification-data\">200.600000<\/span><\/li>\n<li><span class=\"specification-title\">Effektmetode:\u00a0<\/span><span class=\"specification-data\">Elektricitet fra elnettet<\/span><\/li>\n<li><span class=\"specification-title\">Holder til tablet:\u00a0<\/span><span class=\"specification-data\">Ja<\/span><\/li>\n<li><span class=\"specification-title\">Foldning:\u00a0<\/span><span class=\"specification-data\">Nej<\/span><\/li>\n<li><span class=\"specification-title\">Maksimal brugerv\u00e6gt (kg):\u00a0<\/span><span class=\"specification-data\">205.00 (Kg)<\/span><\/li>\n<li><span class=\"specification-title\">Produktm\u00e5l (LxBxH):\u00a0<\/span><span class=\"specification-data\">215,90 x 90,90 x 153,90 cm<\/span><\/li>\n<\/ul>\n<ul class=\"product-attributes-container\">\n<li><span class=\"specification-title\">Produktets v\u00e6gt (KG):\u00a0<\/span><span class=\"specification-data\">180<\/span><\/li>\n<li><span class=\"specification-title\">App-integration:\u00a0<\/span><span class=\"specification-data\">KinoMap, Zwift<\/span><\/li>\n<li><span class=\"specification-title\">Bluetooth:\u00a0<\/span><span class=\"specification-data\">Ja<\/span><\/li>\n<li><span class=\"specification-title\">Overv\u00e5gning af hjertefrekvens:\u00a0<\/span><span class=\"specification-data\">Indbyggede sensorer og Bluetooth<\/span><\/li>\n<li><span class=\"specification-title\">Indbyggede programmer:\u00a0<\/span><span class=\"specification-data\">Manual,Hill,Fat burn,Cardio,Interval,2 Heart Rate,Custom,HIIT,5K,10K,6 military readiness tests (Army, Navy, Air Force, Marines, PEB, Coast Guard)<\/span><\/li>\n<li><span class=\"specification-title\">M\u00e5l p\u00e5 kassen (LxBxH):\u00a0<\/span><span class=\"specification-data\">225 x 95,70 x 54 cm<\/span><\/li>\n<\/ul>\n<\/div>\n<\/div>\n<\/div>\n<div class=\"product-features\">\n<h4>YDERLIGERE FUNKTIONER<\/h4>\n<div class=\"more-container\">\n<div class=\"unshow-text\">\n<ul class=\"product-features-container\">\n<li><span class=\"specification-title\">Kraft:<\/span>\u00a0<span class=\"specification-data\">AC120V, 20A \/ AC230V, 10A<\/span><\/li>\n<li><span class=\"specification-title\">Konsol:<\/span>\u00a0<span class=\"specification-data\">LED<\/span><\/li>\n<li><span class=\"specification-title\">Konsolsk\u00e6rm:<\/span>\u00a0<span class=\"specification-data\">Hvide lysdioder, programprofil, meddelelsesvindue med 18 tegn, hastighedsvindue, h\u00e6ldningsvindue<\/span><\/li>\n<li><span class=\"specification-title\">USB-port:<\/span>\u00a0<span class=\"specification-data\">Til opladning af enheder<\/span><\/li>\n<li><span class=\"specification-title\">Fan:<\/span>\u00a0<span class=\"specification-data\">Hold dig afk\u00f8let under tr\u00e6ning<\/span><\/li>\n<li><span class=\"specification-title\">Motor:<\/span>\u00a0<span class=\"specification-data\">4,0 HP AC-drev med klasse H-isolering<\/span><\/li>\n<li><span class=\"specification-title\">Hastighedsomr\u00e5de:<\/span>\u00a0<span class=\"specification-data\">0,3-12 MPH \/ 0,8-20 KM\/T<\/span><\/li>\n<li><span class=\"specification-title\">H\u00e6ldningsomr\u00e5de:<\/span>\u00a0<span class=\"specification-data\">0-15%<\/span><\/li>\n<li><span class=\"specification-title\">L\u00f8bende overflade:<\/span>\u00a0<span class=\"specification-data\">60\u2033 x 22\u2033 \/ 1525 x 560mm<\/span><\/li>\n<li><span class=\"specification-title\">B\u00e6lte:<\/span>\u00a0<span class=\"specification-data\">Habasit\u00ae - 2 lag, 2,5 mm<\/span><\/li>\n<li><span class=\"specification-title\">Rullest\u00f8rrelse:<\/span>\u00a0<span class=\"specification-data\">3,0\u201d \/ 75 mm<\/span><\/li>\n<li><span class=\"specification-title\">D\u00e6k:<\/span>\u00a0<span class=\"specification-data\">25 mm \/ 1\u201d fenol, dobbeltsidet, voksbelagt<\/span><\/li>\n<li><span class=\"specification-title\">D\u00e6kd\u00e6mpning:<\/span>\u00a0<span class=\"specification-data\">6 D\u00e6mpede elastomerer<\/span><\/li>\n<li><span class=\"specification-title\">Produktets v\u00e6gt:<\/span>\u00a0<span class=\"specification-data\">180 kg \/ 395 pund<\/span><\/li>\n<\/ul>\n<\/div>\n<\/div>\n<\/div>\n<div class=\"product-warranty\">\n<h4>GARANTI<\/h4>\n<div class=\"text-container\"><strong>Hjem og let\/fuld kommerciel brug:<\/strong>\u00a03 \u00e5r p\u00e5 dele og arbejdskraft. Produktet skal bruges\/opbevares i et egnet milj\u00f8 (steder med fugtig, uforseglet beton eller omr\u00e5der med konstant luftstr\u00f8m til eksterne omr\u00e5der er ikke klassificeret som egnede).<\/div>\n<\/div>","protected":false},"excerpt":{"rendered":"<p>Opn\u00e5 tophastigheder p\u00e5 20 km\/t og stigninger p\u00e5 op til 15% p\u00e5 Spirit CT850+ LED-l\u00f8beb\u00e5ndet, der er 152,5 x 56 cm stort og drives af en 4,0 hk motor. Det dobbeltsidede, voksbelagte d\u00e6k har 6 polstrede elastomerer, som giver en behagelig gang. Der er pulsgreb p\u00e5 styret foran l\u00f8beren for nem pulsm\u00e5ling under tr\u00e6ningen, eller tilslut dit brystb\u00e6lte (medf\u00f8lger ikke) via Bluetooth. Spor din tr\u00e6ning (Interval, 5k, 10k, Calorie, Hill, Fat Burn, Cardio, Fit Test, 2 HR, Custom, 4 Readiness Tests) p\u00e5 den lyse, hvide LED-konsol med flere vinduer, og skift intensitet med et enkelt tryk. Konsollen har en USB-port til opladning af enheder, en tr\u00e6ningsventilator, der holder dig afk\u00f8let under tr\u00e6ningen, og Bluetooth til tilslutning af brystb\u00e6lte\/app og hovedtelefoner.<\/p>\n<div class=\"product-attribute-container-desktop desktop-only\">\n<div class=\"additional-attributes-wrapper table-wrapper\"><\/div>\n<\/div>","protected":false},"featured_media":1454,"comment_status":"open","ping_status":"closed","template":"","meta":{"site-sidebar-layout":"default","site-content-layout":"","ast-site-content-layout":"default","site-content-style":"default","site-sidebar-style":"default","ast-global-header-display":"","ast-banner-title-visibility":"","ast-main-header-display":"","ast-hfb-above-header-display":"","ast-hfb-below-header-display":"","ast-hfb-mobile-header-display":"","site-post-title":"","ast-breadcrumbs-content":"","ast-featured-img":"","footer-sml-layout":"","theme-transparent-header-meta":"default","adv-header-id-meta":"","stick-header-meta":"","header-above-stick-meta":"","header-main-stick-meta":"","header-below-stick-meta":"","astra-migrate-meta-layouts":"set","ast-page-background-enabled":"default","ast-page-background-meta":{"desktop":{"background-color":"var(--ast-global-color-5)","background-image":"","background-repeat":"repeat","background-position":"center center","background-size":"auto","background-attachment":"scroll","background-type":"","background-media":"","overlay-type":"","overlay-color":"","overlay-opacity":"","overlay-gradient":""},"tablet":{"background-color":"","background-image":"","background-repeat":"repeat","background-position":"center center","background-size":"auto","background-attachment":"scroll","background-type":"","background-media":"","overlay-type":"","overlay-color":"","overlay-opacity":"","overlay-gradient":""},"mobile":{"background-color":"","background-image":"","background-repeat":"repeat","background-position":"center center","background-size":"auto","background-attachment":"scroll","background-type":"","background-media":"","overlay-type":"","overlay-color":"","overlay-opacity":"","overlay-gradient":""}},"ast-content-background-meta":{"desktop":{"background-color":"var(--ast-global-color-4)","background-image":"","background-repeat":"repeat","background-position":"center center","background-size":"auto","background-attachment":"scroll","background-type":"","background-media":"","overlay-type":"","overlay-color":"","overlay-opacity":"","overlay-gradient":""},"tablet":{"background-color":"var(--ast-global-color-4)","background-image":"","background-repeat":"repeat","background-position":"center center","background-size":"auto","background-attachment":"scroll","background-type":"","background-media":"","overlay-type":"","overlay-color":"","overlay-opacity":"","overlay-gradient":""},"mobile":{"background-color":"var(--ast-global-color-4)","background-image":"","background-repeat":"repeat","background-position":"center center","background-size":"auto","background-attachment":"scroll","background-type":"","background-media":"","overlay-type":"","overlay-color":"","overlay-opacity":"","overlay-gradient":""}}},"product_brand":[],"product_cat":[21],"product_tag":[25],"class_list":{"0":"post-1450","1":"product","2":"type-product","3":"status-publish","4":"has-post-thumbnail","6":"product_cat-treadmills","7":"product_tag-treadmills","8":"desktop-align-left","9":"tablet-align-left","10":"mobile-align-left","12":"first","13":"instock","14":"sale","15":"taxable","16":"shipping-taxable","17":"purchasable","18":"product-type-simple"},"_links":{"self":[{"href":"https:\/\/bestfitnessstore.com\/da\/wp-json\/wp\/v2\/product\/1450","targetHints":{"allow":["GET"]}}],"collection":[{"href":"https:\/\/bestfitnessstore.com\/da\/wp-json\/wp\/v2\/product"}],"about":[{"href":"https:\/\/bestfitnessstore.com\/da\/wp-json\/wp\/v2\/types\/product"}],"replies":[{"embeddable":true,"href":"https:\/\/bestfitnessstore.com\/da\/wp-json\/wp\/v2\/comments?post=1450"}],"wp:featuredmedia":[{"embeddable":true,"href":"https:\/\/bestfitnessstore.com\/da\/wp-json\/wp\/v2\/media\/1454"}],"wp:attachment":[{"href":"https:\/\/bestfitnessstore.com\/da\/wp-json\/wp\/v2\/media?parent=1450"}],"wp:term":[{"taxonomy":"product_brand","embeddable":true,"href":"https:\/\/bestfitnessstore.com\/da\/wp-json\/wp\/v2\/product_brand?post=1450"},{"taxonomy":"product_cat","embeddable":true,"href":"https:\/\/bestfitnessstore.com\/da\/wp-json\/wp\/v2\/product_cat?post=1450"},{"taxonomy":"product_tag","embeddable":true,"href":"https:\/\/bestfitnessstore.com\/da\/wp-json\/wp\/v2\/product_tag?post=1450"}],"curies":[{"name":"wp","href":"https:\/\/api.w.org\/{rel}","templated":true}]}}