{"id":1331,"date":"2025-11-25T17:13:55","date_gmt":"2025-11-25T17:13:55","guid":{"rendered":"https:\/\/bestfitnessstore.com\/?post_type=product&#038;p=1331"},"modified":"2025-11-25T17:13:55","modified_gmt":"2025-11-25T17:13:55","slug":"nordictrack-t8-5s-sammenklappeligt-lobeband","status":"publish","type":"product","link":"https:\/\/bestfitnessstore.com\/da\/product\/nordictrack-t8-5s-folding-treadmill\/","title":{"rendered":"NordicTrack T8.5S sammenklappeligt l\u00f8beb\u00e5nd"},"content":{"rendered":"<div class=\"product-attribute-container-desktop desktop-only\">\n<div class=\"additional-attributes-wrapper table-wrapper\">\n<h4>PRODUKTINFORMATION<\/h4>\n<div class=\"attributes-container\">\n<ul class=\"product-attributes-container\">\n<li><span class=\"specification-title\">Pakkev\u00e6gt (KG):\u00a0<\/span><span class=\"specification-data\">116.000000<\/span><\/li>\n<li><span class=\"specification-title\">Effektmetode:\u00a0<\/span><span class=\"specification-data\">Elektricitet fra elnettet<\/span><\/li>\n<li><span class=\"specification-title\">Bluetooth:\u00a0<\/span><span class=\"specification-data\">Ja<\/span><\/li>\n<li><span class=\"specification-title\">Maksimal brugerv\u00e6gt (kg):\u00a0<\/span><span class=\"specification-data\">135,00 (kg)<\/span><\/li>\n<\/ul>\n<ul class=\"product-attributes-container\">\n<li><span class=\"specification-title\">Produktets v\u00e6gt (KG):\u00a0<\/span><span class=\"specification-data\">90<\/span><\/li>\n<li><span class=\"specification-title\">App-integration:\u00a0<\/span><span class=\"specification-data\">iFIT<\/span><\/li>\n<li><span class=\"specification-title\">Foldning:\u00a0<\/span><span class=\"specification-data\">Ja<\/span><\/li>\n<li><span class=\"specification-title\">M\u00e5l p\u00e5 kassen (LxBxH):\u00a0<\/span><span class=\"specification-data\">213 x 83 x 33 cm<\/span><\/li>\n<\/ul>\n<\/div>\n<\/div>\n<\/div>\n<div class=\"product-features\">\n<h4>YDERLIGERE FUNKTIONER<\/h4>\n<div class=\"more-container\">\n<div class=\"unshow-text\">\n<ul class=\"product-features-container\">\n<li><span class=\"specification-title\">Drevsystem:<\/span>\u00a0<span class=\"specification-data\">3,0 CHP-motor<\/span><\/li>\n<li><span class=\"specification-title\">Digital QuickIncline\u2122-kontrol:<\/span>\u00a0<span class=\"specification-data\">12%<\/span><\/li>\n<li><span class=\"specification-title\">Digital QuickSpeed\u00ae-kontrol:<\/span>\u00a0<span class=\"specification-data\">0-19 km\/t<\/span><\/li>\n<li><span class=\"specification-title\">B\u00e6lte p\u00e5 slidbanen:<\/span>\u00a0<span class=\"specification-data\">51 x 140 cm<\/span><\/li>\n<li><span class=\"specification-title\">Flex Select-st\u00f8dd\u00e6mpning:<\/span>\u00a0<span class=\"specification-data\">Reducer belastningen af dine led<\/span><\/li>\n<li><span class=\"specification-title\">Sk\u00e6rm:<\/span>\u00a0<span class=\"specification-data\">10\u201d ber\u00f8ringssk\u00e6rm i fuld farve<\/span><\/li>\n<li><span class=\"specification-title\">IFIT aktiveret:<\/span>\u00a0<span class=\"specification-data\">IFIT Pro-medlemskab p\u00e5kr\u00e6vet<\/span><\/li>\n<li><span class=\"specification-title\">Lyd:<\/span>\u00a0<span class=\"specification-data\">To 2\u201d h\u00f8jttalere; kompatibel med Bluetooth-hovedtelefoner<\/span><\/li>\n<li><span class=\"specification-title\">Sammenklappelig ramme:<\/span>\u00a0<span class=\"specification-data\">Spar gulvplads med Easy Lift Assist<\/span><\/li>\n<\/ul>\n<\/div>\n<\/div>\n<\/div>\n<div class=\"product-warranty\">\n<h4>GARANTI<\/h4>\n<div class=\"text-container\"><strong>Til hjemmebrug:<\/strong>\u00a0Levetid p\u00e5 stel, 10 \u00e5r p\u00e5 motor, to \u00e5r p\u00e5 dele og arbejdskraft (betingelser g\u00e6lder), forudsat at produktet registreres inden for 28 dage efter k\u00f8bet. Standardgarantien er 12 m\u00e5neder p\u00e5 dele og arbejdskraft. ICON er producent af NordicTrack og Pro-Form. Du finder deres garantipolitik nedenfor. ICON Health and Fitness, Inc. (ICON) garanterer, at dette produkt er fri for fabrikations- og materialefejl under normale brugs- og serviceforhold i en periode p\u00e5 12 m\u00e5neder fra den oprindelige k\u00f8bsdato. Bem\u00e6rk: Garantiforl\u00e6ngelser kan g\u00e6lde for dette produkt, hvis det registreres hos dit lokale kundeservicecenter inden for 28 dage efter k\u00f8bet. For at registrere dette produkt og kvalificere dig til eventuelle garantiudvidelser skal du udfylde garantiregistreringskortet og sende det sammen med dit k\u00f8bsbevis til den adresse, der er angivet p\u00e5 bagsiden af dette h\u00e6fte, eller registrere dig online p\u00e5 iconsupport.eu. Fuldst\u00e6ndige oplysninger om garantiudvidelser og ICON-producentens garanti kan f\u00e5s ved henvendelse til dit lokale kundeservicecenter eller online p\u00e5 iconsupport.eu. Vilk\u00e5r Denne garanti g\u00e6lder kun for den oprindelige k\u00f8ber (dig) og kan ikke overdrages. Garantien d\u00e6kker ikke: 1. normal slitage; 2. enhver tilpasning eller \u00e6ndring for at opgradere dette produkt fra dets normale form\u00e5l som beskrevet i din brugervejledning; 3. skader som f\u00f8lge af: a) transport; b) misbrug, forkert brug, manglende overholdelse af instruktioner eller forkert eller unormal brug; c) brug uden for hjemmet (herunder, men ikke begr\u00e6nset til, kommercielle, professionelle eller udlejningsform\u00e5l); d) reparationer, der ikke er udf\u00f8rt af en ICON-autoriseret serviceudbyder; e) ulykker, lynnedslag, vand, brand eller andre \u00e5rsager, som ICON ikke har kontrol over; f) forkert placering, herunder, men ikke begr\u00e6nset til, fugtige, st\u00f8vede eller udend\u00f8rs milj\u00f8er (eksempler: garager, k\u00e6ldre) ICON er ikke ansvarlig for indirekte, s\u00e6rlige eller f\u00f8lgeskader, der opst\u00e5r som f\u00f8lge af eller i forbindelse med brugen eller ydeevnen af produktet eller skader med hensyn til \u00f8konomisk tab, tab af ejendom, tab af indt\u00e6gter eller fortjeneste, tab af nydelse eller brug eller omkostninger til fjernelse eller installation. Denne garanti d\u00e6kker produkter, der er k\u00f8bt og brugt inden for EU, men ikke alle produkter distribueres i alle lande. Dette kan resultere i forsinkelser i garantid\u00e6kningen, hvis du har k\u00f8bt dette produkt i et andet land, og det ikke underst\u00f8ttes i dit bop\u00e6lsland. Det kan v\u00e6re n\u00f8dvendigt at udf\u00f8re reparationer p\u00e5 et ICON-autoriseret reparationscenter. ICON forbeholder sig ret til at udvide eller \u00f8ge d\u00e6kningen. Garantien er et supplement til og p\u00e5virker ikke p\u00e5 nogen m\u00e5de dine lovbestemte rettigheder i henhold til g\u00e6ldende national lovgivning eller dine rettigheder over for forhandleren i henhold til salgs-\/k\u00f8bskontrakten.<\/div>\n<\/div>\n<div class=\"product-next-day\">\n<h4>EKSPRESLEVERING<\/h4>\n<div class=\"text-container\">Mange af vores produkter har mulighed for ekspreslevering og levering p\u00e5 en bestemt dato, hvilket betyder, at du f\u00e5r dit produkt leveret allerede i morgen eller p\u00e5 en dato, der passer dig. Tjek venligst leveringsmulighederne ved kassen for at se tilg\u00e6ngeligheden for din kurv og dit postnummer. Leveringsbetingelserne g\u00e6lder.<\/div>\n<\/div>","protected":false},"excerpt":{"rendered":"<p>NordicTrack T8.5S Folding Treadmill 51 x 140 cm er udstyret med en 3,0 CHP-motor og er i stand til at n\u00e5 tophastigheder p\u00e5 19 km\/t og h\u00e6ldninger p\u00e5 op til 12%, begge dele kan nemt justeres undervejs med digitale hurtigkontroller. D\u00e6kket er forbedret med Flex Select Cushioning, som giver dig mulighed for at tilpasse f\u00f8lelsen og responsen af dit b\u00e6lte. En 10\u201d kapacitiv touch-sk\u00e6rm i fuld farve kan drejes, s\u00e5 den er nem at se, og giver dig mulighed for at streame kalorieforbr\u00e6ndende iFIT-studiesessioner med personlige tr\u00e6nere i verdensklasse, som styrer maskinens indstillinger i realtid for at maksimere din tr\u00e6ning. Med iFIT (kr\u00e6ver iFIT Pro-medlemskab) kan du f\u00e5 adgang til mere end 16.000 on-demand tr\u00e6ningsprogrammer n\u00e5r som helst p\u00e5 dagen, og du kan tr\u00e6ne over hele verden med det fantastiske Google Maps\u2122. T8.5S har ogs\u00e5 ActivePulse\u2122-teknologi (kr\u00e6ver SmartBeat-armb\u00e5nd), som automatisk justerer din hastighed og h\u00e6ldning for at holde din puls i den optimale zone. F\u00f8lg din instrukt\u00f8rs vejledning gennem de integrerede dobbelte 2\u201d h\u00f8jttalere, mens du holder dig afk\u00f8let takket v\u00e6re en indbygget AutoBreeze\u2122 tr\u00e6ningsventilator. T8.5S\u201d pladsbesparende design g\u00f8r det nemt at l\u00f8fte d\u00e6kket efter l\u00f8beturen for at maksimere gulvpladsen. Andre bem\u00e6rkelsesv\u00e6rdige funktioner omfatter en tilbeh\u00f8rsbakke og 1,9\" pr\u00e6cisionsafbalancerede ruller.<\/p>\n<div class=\"product-attribute-container-desktop desktop-only\">\n<div class=\"additional-attributes-wrapper table-wrapper\"><\/div>\n<\/div>","protected":false},"featured_media":1336,"comment_status":"open","ping_status":"closed","template":"","meta":{"site-sidebar-layout":"default","site-content-layout":"","ast-site-content-layout":"default","site-content-style":"default","site-sidebar-style":"default","ast-global-header-display":"","ast-banner-title-visibility":"","ast-main-header-display":"","ast-hfb-above-header-display":"","ast-hfb-below-header-display":"","ast-hfb-mobile-header-display":"","site-post-title":"","ast-breadcrumbs-content":"","ast-featured-img":"","footer-sml-layout":"","theme-transparent-header-meta":"default","adv-header-id-meta":"","stick-header-meta":"","header-above-stick-meta":"","header-main-stick-meta":"","header-below-stick-meta":"","astra-migrate-meta-layouts":"set","ast-page-background-enabled":"default","ast-page-background-meta":{"desktop":{"background-color":"var(--ast-global-color-5)","background-image":"","background-repeat":"repeat","background-position":"center center","background-size":"auto","background-attachment":"scroll","background-type":"","background-media":"","overlay-type":"","overlay-color":"","overlay-opacity":"","overlay-gradient":""},"tablet":{"background-color":"","background-image":"","background-repeat":"repeat","background-position":"center center","background-size":"auto","background-attachment":"scroll","background-type":"","background-media":"","overlay-type":"","overlay-color":"","overlay-opacity":"","overlay-gradient":""},"mobile":{"background-color":"","background-image":"","background-repeat":"repeat","background-position":"center center","background-size":"auto","background-attachment":"scroll","background-type":"","background-media":"","overlay-type":"","overlay-color":"","overlay-opacity":"","overlay-gradient":""}},"ast-content-background-meta":{"desktop":{"background-color":"var(--ast-global-color-4)","background-image":"","background-repeat":"repeat","background-position":"center center","background-size":"auto","background-attachment":"scroll","background-type":"","background-media":"","overlay-type":"","overlay-color":"","overlay-opacity":"","overlay-gradient":""},"tablet":{"background-color":"var(--ast-global-color-4)","background-image":"","background-repeat":"repeat","background-position":"center center","background-size":"auto","background-attachment":"scroll","background-type":"","background-media":"","overlay-type":"","overlay-color":"","overlay-opacity":"","overlay-gradient":""},"mobile":{"background-color":"var(--ast-global-color-4)","background-image":"","background-repeat":"repeat","background-position":"center center","background-size":"auto","background-attachment":"scroll","background-type":"","background-media":"","overlay-type":"","overlay-color":"","overlay-opacity":"","overlay-gradient":""}}},"product_brand":[],"product_cat":[21],"product_tag":[25],"class_list":{"0":"post-1331","1":"product","2":"type-product","3":"status-publish","4":"has-post-thumbnail","6":"product_cat-treadmills","7":"product_tag-treadmills","8":"desktop-align-left","9":"tablet-align-left","10":"mobile-align-left","12":"first","13":"instock","14":"sale","15":"taxable","16":"shipping-taxable","17":"purchasable","18":"product-type-simple"},"_links":{"self":[{"href":"https:\/\/bestfitnessstore.com\/da\/wp-json\/wp\/v2\/product\/1331","targetHints":{"allow":["GET"]}}],"collection":[{"href":"https:\/\/bestfitnessstore.com\/da\/wp-json\/wp\/v2\/product"}],"about":[{"href":"https:\/\/bestfitnessstore.com\/da\/wp-json\/wp\/v2\/types\/product"}],"replies":[{"embeddable":true,"href":"https:\/\/bestfitnessstore.com\/da\/wp-json\/wp\/v2\/comments?post=1331"}],"wp:featuredmedia":[{"embeddable":true,"href":"https:\/\/bestfitnessstore.com\/da\/wp-json\/wp\/v2\/media\/1336"}],"wp:attachment":[{"href":"https:\/\/bestfitnessstore.com\/da\/wp-json\/wp\/v2\/media?parent=1331"}],"wp:term":[{"taxonomy":"product_brand","embeddable":true,"href":"https:\/\/bestfitnessstore.com\/da\/wp-json\/wp\/v2\/product_brand?post=1331"},{"taxonomy":"product_cat","embeddable":true,"href":"https:\/\/bestfitnessstore.com\/da\/wp-json\/wp\/v2\/product_cat?post=1331"},{"taxonomy":"product_tag","embeddable":true,"href":"https:\/\/bestfitnessstore.com\/da\/wp-json\/wp\/v2\/product_tag?post=1331"}],"curies":[{"name":"wp","href":"https:\/\/api.w.org\/{rel}","templated":true}]}}