{"id":1008,"date":"2025-11-24T15:43:27","date_gmt":"2025-11-24T15:43:27","guid":{"rendered":"https:\/\/bestfitnessstore.com\/?post_type=product&#038;p=1008"},"modified":"2025-11-24T15:43:27","modified_gmt":"2025-11-24T15:43:27","slug":"body-solid-r300-endurance-light-commercial-air-rowing-machine","status":"publish","type":"product","link":"https:\/\/bestfitnessstore.com\/da\/product\/body-solid-r300-endurance-light-commercial-air-rowing-machine\/","title":{"rendered":"Body-Solid R300 Endurance Light Commercial Air Rowing Machine"},"content":{"rendered":"<div class=\"product-attribute-container-desktop desktop-only\">\n<div class=\"additional-attributes-wrapper table-wrapper\">\n<h4>PRODUKTINFORMATION<\/h4>\n<div class=\"attributes-container\">\n<ul class=\"product-attributes-container\">\n<li><span class=\"specification-title\">Pakkev\u00e6gt (KG):\u00a0<\/span><span class=\"specification-data\">45.000000<\/span><\/li>\n<li><span class=\"specification-title\">Effektmetode:\u00a0<\/span><span class=\"specification-data\">Selvforsynende<\/span><\/li>\n<li><span class=\"specification-title\">Bluetooth:\u00a0<\/span><span class=\"specification-data\">Nej<\/span><\/li>\n<li><span class=\"specification-title\">Transporthjul:\u00a0<\/span><span class=\"specification-data\">Nej<\/span><\/li>\n<li><span class=\"specification-title\">Justerbar modstand:\u00a0<\/span><span class=\"specification-data\">Ja<\/span><\/li>\n<li><span class=\"specification-title\">Indbyggede programmer:\u00a0<\/span><span class=\"specification-data\">8 forudindstillede tr\u00e6ningsprogrammer, inkl: Hurtig start, distance, tid, kalorier, spil, intervaller<\/span><\/li>\n<\/ul>\n<ul class=\"product-attributes-container\">\n<li><span class=\"specification-title\">Produktets v\u00e6gt (KG):\u00a0<\/span><span class=\"specification-data\">37<\/span><\/li>\n<li><span class=\"specification-title\">Holder til tablet:\u00a0<\/span><span class=\"specification-data\">Ja<\/span><\/li>\n<li><span class=\"specification-title\">Rower Type:\u00a0<\/span><span class=\"specification-data\">Luft \/ Hydraulik<\/span><\/li>\n<li><span class=\"specification-title\">Foldning:\u00a0<\/span><span class=\"specification-data\">Nej<\/span><\/li>\n<li><span class=\"specification-title\">Maksimal brugerv\u00e6gt (kg):\u00a0<\/span><span class=\"specification-data\">150.00 (kg)<\/span><\/li>\n<li><span class=\"specification-title\">Produktm\u00e5l (LxBxH):\u00a0<\/span><span class=\"specification-data\">241,50 x 62 x 101 cm<\/span><\/li>\n<\/ul>\n<\/div>\n<\/div>\n<\/div>\n<div class=\"product-features\">\n<h4>YDERLIGERE FUNKTIONER<\/h4>\n<div class=\"more-container\">\n<div class=\"unshow-text\">\n<ul class=\"product-features-container\">\n<li><span class=\"specification-title\">Effektiv tr\u00e6ning:<\/span>\u00a0<span class=\"specification-data\">Lav belastning og hele kroppen<\/span><\/li>\n<li><span class=\"specification-title\">Musklerne arbejdede:<\/span>\u00a0<span class=\"specification-data\">Quadriceps, hamstrings, mavemuskler, obliques, lats, biceps, triceps, hofteb\u00f8jere m.m.<\/span><\/li>\n<li><span class=\"specification-title\">Brugerkontrolleret modstand:<\/span>\u00a0<span class=\"specification-data\">Reagerer p\u00e5 dit intensitetsniveau og stiger, n\u00e5r du s\u00e6tter farten op<\/span><\/li>\n<li><span class=\"specification-title\">Pr\u00e6cisionskonstrueret svinghjul:<\/span>\u00a0<span class=\"specification-data\">St\u00f8j er reduceret til et minimum<\/span><\/li>\n<li><span class=\"specification-title\">Tekstureret, ergonomisk h\u00e5ndtag:<\/span>\u00a0<span class=\"specification-data\">Ro med naturlige h\u00e5nd- og armpositioner<\/span><\/li>\n<li><span class=\"specification-title\">Justerbare fodst\u00f8tter:<\/span>\u00a0<span class=\"specification-data\">Sikkert og behageligt fodf\u00e6ste<\/span><\/li>\n<li><span class=\"specification-title\">Interaktiv konsol:<\/span>\u00a0<span class=\"specification-data\">Rapporter om tid, puls, kalorier, pagajbredde, slagfrekvens, cykeldistance og watt<\/span><\/li>\n<li><span class=\"specification-title\">Polar-kompatibel:<\/span>\u00a0<span class=\"specification-data\">Brystb\u00e6lte medf\u00f8lger ikke - Polar T31 &amp; T34 ukodede b\u00e6lter, der sender ved 5 kHz, er kompatible<\/span><\/li>\n<li><span class=\"specification-title\">Forniklet k\u00e6de:<\/span>\u00a0<span class=\"specification-data\">Uovertruffen holdbarhed<\/span><\/li>\n<li><span class=\"specification-title\">Effektiv opbevaring:<\/span>\u00a0<span class=\"specification-data\">Kan nemt deles i flere stykker<\/span><\/li>\n<\/ul>\n<\/div>\n<\/div>\n<\/div>\n<div class=\"product-warranty\">\n<h4>GARANTI<\/h4>\n<div class=\"text-container\"><strong>Hjem og let kommerciel brug:<\/strong>\u00a03 \u00e5r for reservedele, 1 \u00e5r for arbejdskraft<\/div>\n<div><\/div>\n<\/div>\n<div class=\"product-next-day\">\n<h4>EKSPRESLEVERING<\/h4>\n<div class=\"text-container\">Mange af vores produkter har mulighed for ekspreslevering og levering p\u00e5 en bestemt dato, hvilket betyder, at du f\u00e5r dit produkt leveret allerede i morgen eller p\u00e5 en dato, der passer dig. Tjek venligst leveringsmulighederne ved kassen for at se tilg\u00e6ngeligheden for din kurv og dit postnummer. Leveringsbetingelserne g\u00e6lder.<\/div>\n<\/div>","protected":false},"excerpt":{"rendered":"<div id=\"fullDescription\" class=\"full-description\">\n<div class=\"text-container\">Endurance by Body-Solid R300 Indoor Rower giver en effektiv tr\u00e6ning af hele kroppen med lav belastning. Ikke alene giver robev\u00e6gelsen brugerne h\u00f8jintensiv kalorieforbr\u00e6ndende cardio, men tr\u00e6ner ogs\u00e5 quadriceps, hamstrings, mavemuskler, obliques, lats, biceps, triceps, hofteb\u00f8jere og meget mere. Den brugerstyrede luftmodstand giver brugeren fuld kontrol og en afbalanceret og koordineret tr\u00e6ning. Modstanden reagerer p\u00e5 dit intensitetsniveau og \u00f8ges, n\u00e5r du \u00f8ger hastigheden, men takket v\u00e6re det pr\u00e6cisionsdesignede svinghjul er st\u00f8jen reduceret til et minimum. Et struktureret, ergonomisk h\u00e5ndtag giver brugerne mulighed for at ro med naturlige h\u00e5nd- og armpositioner, mens fuldt justerbare fodst\u00f8tter giver brugerne en sikker og behagelig tr\u00e6ning p\u00e5 R300. Brugerne kan ogs\u00e5 blive underholdt eller f\u00f8lge deres tr\u00e6ningsfremskridt med den praktiske telefonholder. Den interaktive konsol rapporterer om tid, puls, kalorier, padlebredde, slagfrekvens, cykell\u00e6ngde og watt og er Polar-kompatibel (brystb\u00e6lte s\u00e6lges separat). Konsollen er sofistikeret, men nem at bruge, og der er indbygget 8 forskellige tr\u00e6ningsprogrammer, som sikrer, at din tr\u00e6ning forbliver varieret og motiverende. N\u00e5r du er f\u00e6rdig med at ro, kan R300 nemt skilles ad i flere dele for effektiv opbevaring.&nbsp;<\/p>\n<\/div>\n<\/div>\n<div class=\"product-attribute-container-desktop desktop-only\">\n<div class=\"additional-attributes-wrapper table-wrapper\"><\/div>\n<\/div>","protected":false},"featured_media":1009,"comment_status":"open","ping_status":"closed","template":"","meta":{"site-sidebar-layout":"default","site-content-layout":"","ast-site-content-layout":"default","site-content-style":"default","site-sidebar-style":"default","ast-global-header-display":"","ast-banner-title-visibility":"","ast-main-header-display":"","ast-hfb-above-header-display":"","ast-hfb-below-header-display":"","ast-hfb-mobile-header-display":"","site-post-title":"","ast-breadcrumbs-content":"","ast-featured-img":"","footer-sml-layout":"","theme-transparent-header-meta":"default","adv-header-id-meta":"","stick-header-meta":"","header-above-stick-meta":"","header-main-stick-meta":"","header-below-stick-meta":"","astra-migrate-meta-layouts":"set","ast-page-background-enabled":"default","ast-page-background-meta":{"desktop":{"background-color":"var(--ast-global-color-5)","background-image":"","background-repeat":"repeat","background-position":"center center","background-size":"auto","background-attachment":"scroll","background-type":"","background-media":"","overlay-type":"","overlay-color":"","overlay-opacity":"","overlay-gradient":""},"tablet":{"background-color":"","background-image":"","background-repeat":"repeat","background-position":"center center","background-size":"auto","background-attachment":"scroll","background-type":"","background-media":"","overlay-type":"","overlay-color":"","overlay-opacity":"","overlay-gradient":""},"mobile":{"background-color":"","background-image":"","background-repeat":"repeat","background-position":"center center","background-size":"auto","background-attachment":"scroll","background-type":"","background-media":"","overlay-type":"","overlay-color":"","overlay-opacity":"","overlay-gradient":""}},"ast-content-background-meta":{"desktop":{"background-color":"var(--ast-global-color-4)","background-image":"","background-repeat":"repeat","background-position":"center center","background-size":"auto","background-attachment":"scroll","background-type":"","background-media":"","overlay-type":"","overlay-color":"","overlay-opacity":"","overlay-gradient":""},"tablet":{"background-color":"var(--ast-global-color-4)","background-image":"","background-repeat":"repeat","background-position":"center center","background-size":"auto","background-attachment":"scroll","background-type":"","background-media":"","overlay-type":"","overlay-color":"","overlay-opacity":"","overlay-gradient":""},"mobile":{"background-color":"var(--ast-global-color-4)","background-image":"","background-repeat":"repeat","background-position":"center center","background-size":"auto","background-attachment":"scroll","background-type":"","background-media":"","overlay-type":"","overlay-color":"","overlay-opacity":"","overlay-gradient":""}}},"product_brand":[],"product_cat":[20],"product_tag":[24],"class_list":{"0":"post-1008","1":"product","2":"type-product","3":"status-publish","4":"has-post-thumbnail","6":"product_cat-rowing-machine","7":"product_tag-rowing-machines","8":"desktop-align-left","9":"tablet-align-left","10":"mobile-align-left","12":"first","13":"instock","14":"sale","15":"taxable","16":"shipping-taxable","17":"purchasable","18":"product-type-simple"},"_links":{"self":[{"href":"https:\/\/bestfitnessstore.com\/da\/wp-json\/wp\/v2\/product\/1008","targetHints":{"allow":["GET"]}}],"collection":[{"href":"https:\/\/bestfitnessstore.com\/da\/wp-json\/wp\/v2\/product"}],"about":[{"href":"https:\/\/bestfitnessstore.com\/da\/wp-json\/wp\/v2\/types\/product"}],"replies":[{"embeddable":true,"href":"https:\/\/bestfitnessstore.com\/da\/wp-json\/wp\/v2\/comments?post=1008"}],"wp:featuredmedia":[{"embeddable":true,"href":"https:\/\/bestfitnessstore.com\/da\/wp-json\/wp\/v2\/media\/1009"}],"wp:attachment":[{"href":"https:\/\/bestfitnessstore.com\/da\/wp-json\/wp\/v2\/media?parent=1008"}],"wp:term":[{"taxonomy":"product_brand","embeddable":true,"href":"https:\/\/bestfitnessstore.com\/da\/wp-json\/wp\/v2\/product_brand?post=1008"},{"taxonomy":"product_cat","embeddable":true,"href":"https:\/\/bestfitnessstore.com\/da\/wp-json\/wp\/v2\/product_cat?post=1008"},{"taxonomy":"product_tag","embeddable":true,"href":"https:\/\/bestfitnessstore.com\/da\/wp-json\/wp\/v2\/product_tag?post=1008"}],"curies":[{"name":"wp","href":"https:\/\/api.w.org\/{rel}","templated":true}]}}