{"id":986,"date":"2025-11-24T15:21:50","date_gmt":"2025-11-24T15:21:50","guid":{"rendered":"https:\/\/bestfitnessstore.com\/?post_type=product&#038;p=986"},"modified":"2025-11-24T15:21:51","modified_gmt":"2025-11-24T15:21:51","slug":"spirit-xbu55-ent-uppratt-cykel","status":"publish","type":"product","link":"http:\/\/bestfitnessstore.com\/sv\/product\/spirit-xbu55-ent-upright-bike\/","title":{"rendered":"Spirit XBU55 ENT Uppresningscykel"},"content":{"rendered":"<div class=\"product-attribute-container-desktop desktop-only\">\n<div class=\"additional-attributes-wrapper table-wrapper\">\n<h4>PRODUKTINFORMATION<\/h4>\n<div class=\"attributes-container\">\n<ul class=\"product-attributes-container\">\n<li><span class=\"specification-title\">F\u00f6rpackningens vikt (KG):\u00a0<\/span><span class=\"specification-data\">54.400002<\/span><\/li>\n<li><span class=\"specification-title\">Str\u00f6mf\u00f6rs\u00f6rjningsmetod:\u00a0<\/span><span class=\"specification-data\">Eln\u00e4t<\/span><\/li>\n<li><span class=\"specification-title\">H\u00e5llare f\u00f6r surfplatta:\u00a0<\/span><span class=\"specification-data\">Ja<\/span><\/li>\n<li><span class=\"specification-title\">Cykeltyp:\u00a0<\/span><span class=\"specification-data\">St\u00e5ende<\/span><\/li>\n<li><span class=\"specification-title\">Sv\u00e4nghjulets vikt (KG):\u00a0<\/span><span class=\"specification-data\">14<\/span><\/li>\n<li><span class=\"specification-title\">Maximal anv\u00e4ndarvikt (kg):\u00a0<\/span><span class=\"specification-data\">150,00 (kg)<\/span><\/li>\n<li><span class=\"specification-title\">Produktens m\u00e5tt (LxBxH):\u00a0<\/span><span class=\"specification-data\">108 x 55 x 157 cm<\/span><\/li>\n<\/ul>\n<ul class=\"product-attributes-container\">\n<li><span class=\"specification-title\">Produktens vikt (KG):\u00a0<\/span><span class=\"specification-data\">47.80<\/span><\/li>\n<li><span class=\"specification-title\">Integration av appar:\u00a0<\/span><span class=\"specification-data\">SPIRIT+, Zwift<\/span><\/li>\n<li><span class=\"specification-title\">Bluetooth:\u00a0<\/span><span class=\"specification-data\">Ja<\/span><\/li>\n<li><span class=\"specification-title\">Transporthjul:\u00a0<\/span><span class=\"specification-data\">Ja<\/span><\/li>\n<li><span class=\"specification-title\">\u00d6vervakning av hj\u00e4rtfrekvens:\u00a0<\/span><span class=\"specification-data\">Inbyggda sensorer och Bluetooth<\/span><\/li>\n<li><span class=\"specification-title\">Inbyggda program:\u00a0<\/span><span class=\"specification-data\">Manual, Hill, Fat Burn, Cardio, Strength, HIIT, Fusion, Target (tid, distans, kalorier), 8 Custom, 4 Heart Rate och Fitness Test (YMCA Protocol)<\/span><\/li>\n<li><span class=\"specification-title\">L\u00e5dans m\u00e5tt (LxBxH):\u00a0<\/span><span class=\"specification-data\">117,50 x 46 x 78 cm<\/span><\/li>\n<\/ul>\n<\/div>\n<\/div>\n<\/div>\n<div class=\"product-features\">\n<h4>YTTERLIGARE FUNKTIONER<\/h4>\n<div class=\"more-container\">\n<div class=\"unshow-text\">\n<ul class=\"product-features-container\">\n<li><span class=\"specification-title\">Konsol:<\/span>\u00a0<span class=\"specification-data\">10,1\u201d peksk\u00e4rm, telefonkant, lutande och vridbar h\u00e5llare f\u00f6r surfplatta, Bluetooth-h\u00f6gtalare, USB-laddningsport, justerbar fl\u00e4kt, barnl\u00e5s, ljuduttag, 12 f\u00f6rinstallerade appar<\/span><\/li>\n<li><span class=\"specification-title\">Hj\u00e4rtfrekvens:<\/span>\u00a0<span class=\"specification-data\">Kontakt och telemetrisk (5 kHz och Bluetooth), br\u00f6stband ing\u00e5r ej<\/span><\/li>\n<li><span class=\"specification-title\">Motst\u00e5ndsniv\u00e5er:<\/span>\u00a0<span class=\"specification-data\">20 niv\u00e5er<\/span><\/li>\n<li><span class=\"specification-title\">Sv\u00e4nghjul:<\/span>\u00a0<span class=\"specification-data\">14 kg<\/span><\/li>\n<li><span class=\"specification-title\">Sittplats:<\/span>\u00a0<span class=\"specification-data\">Stor vadderad sits<\/span><\/li>\n<li><span class=\"specification-title\">Pedaler:<\/span>\u00a0<span class=\"specification-data\">\u00d6verdimensionerad och sj\u00e4lvbalanserande med snabbl\u00e5sningssystem<\/span><\/li>\n<li><span class=\"specification-title\">V\u00e4nligen notera:<\/span>\u00a0<span class=\"specification-data\">Tabletten ing\u00e5r inte<\/span><\/li>\n<\/ul>\n<\/div>\n<\/div>\n<\/div>\n<div class=\"product-warranty\">\n<h4>GARANTI<\/h4>\n<div class=\"text-container\"><strong>Hemmabruk:<\/strong>\u00a010 \u00e5r p\u00e5 motor, 3 \u00e5r p\u00e5 delar och 3 \u00e5r p\u00e5 arbete. Produkten ska anv\u00e4ndas\/f\u00f6rvaras i en l\u00e4mplig milj\u00f6 (platser med fuktig, ot\u00e4tad betong eller omr\u00e5den med konstant luftfl\u00f6de till externa omr\u00e5den klassas inte som l\u00e4mpliga).<\/p>\n<\/div>\n<\/div>\n<div class=\"product-next-day\">\n<h4>EXPRESSLEVERANS<\/h4>\n<div class=\"text-container\">M\u00e5nga av v\u00e5ra produkter har expressleverans och leverans p\u00e5 utsatt datum, vilket inneb\u00e4r att du f\u00e5r din produkt levererad redan i morgon eller p\u00e5 ett datum som passar dig. Kontrollera leveransalternativen i kassan f\u00f6r att se tillg\u00e4ngligheten f\u00f6r din korg och ditt postnummer. Leveransvillkor g\u00e4ller.<\/div>\n<\/div>","protected":false},"excerpt":{"rendered":"<p>Spirit XBU55 ENT Upright Bike kombinerar komfort med prestanda och \u00e4r ett klokt tillskott till hemmagymmet f\u00f6r cykelfans. Varje tramp p\u00e5 pedalerna \u00e4r mjukt tack vare det 14 kg tunga sv\u00e4nghjulet, och 20 motst\u00e5ndsniv\u00e5er s\u00e4kerst\u00e4ller att varje cykeltur \u00e4r s\u00e5 utmanande som du beh\u00f6ver den. Med en fullt justerbar, d\u00e4mpad sits, \u00f6verdimensionerade pedaler med snabbkoppling och ett ergonomiskt utformat styre kan du snabbt s\u00e4tta dig tillr\u00e4tta p\u00e5 XBU55. Den 10,1\u201d stora peksk\u00e4rmen har ett intuitivt anv\u00e4ndargr\u00e4nssnitt som g\u00f6r det enkelt att navigera genom tr\u00e4ningsprogram och olika konditionstester. Det finns f\u00f6rinstallerade appar som Netflix, CNN med mera, samt inbyggda sk\u00e4rmspeglingsfunktioner och en USB-laddningsport f\u00f6r o\u00e4ndliga m\u00f6jligheter till underh\u00e5llning eller motivation. Det finns en m\u00e4ngd olika f\u00f6rinst\u00e4llda tr\u00e4ningsprogram att v\u00e4lja mellan, inklusive Manual, Hill, Fat Burn, Cardio, Strength, HIIT, Fusion, Target (tid, distans, kalorier), 8 Custom, 4 Heart Rate och Fitness Test (YMCA Protocol). XBU55 kan ocks\u00e5 anslutas till n\u00e5gra ledande tr\u00e4ningsappar som Zwift, Map My Fitness, Apple Health Kit med flera via Spirit+-appen. Konsolen \u00e4r komplett med en dedikerad titel och en vridbar h\u00e5llare f\u00f6r surfplattor ovanf\u00f6r sk\u00e4rmen, en justerbar kylfl\u00e4kt, en USB-laddningsport, motst\u00e5ndsknappar med direkt\u00e5tkomst och integrerade Bluetooth-h\u00f6gtalare.<\/p>\n<div class=\"product-attribute-container-desktop desktop-only\">\n<div class=\"additional-attributes-wrapper table-wrapper\"><\/div>\n<\/div>","protected":false},"featured_media":987,"comment_status":"open","ping_status":"closed","template":"","meta":{"site-sidebar-layout":"default","site-content-layout":"","ast-site-content-layout":"default","site-content-style":"default","site-sidebar-style":"default","ast-global-header-display":"","ast-banner-title-visibility":"","ast-main-header-display":"","ast-hfb-above-header-display":"","ast-hfb-below-header-display":"","ast-hfb-mobile-header-display":"","site-post-title":"","ast-breadcrumbs-content":"","ast-featured-img":"","footer-sml-layout":"","theme-transparent-header-meta":"default","adv-header-id-meta":"","stick-header-meta":"","header-above-stick-meta":"","header-main-stick-meta":"","header-below-stick-meta":"","astra-migrate-meta-layouts":"set","ast-page-background-enabled":"default","ast-page-background-meta":{"desktop":{"background-color":"var(--ast-global-color-5)","background-image":"","background-repeat":"repeat","background-position":"center center","background-size":"auto","background-attachment":"scroll","background-type":"","background-media":"","overlay-type":"","overlay-color":"","overlay-opacity":"","overlay-gradient":""},"tablet":{"background-color":"","background-image":"","background-repeat":"repeat","background-position":"center center","background-size":"auto","background-attachment":"scroll","background-type":"","background-media":"","overlay-type":"","overlay-color":"","overlay-opacity":"","overlay-gradient":""},"mobile":{"background-color":"","background-image":"","background-repeat":"repeat","background-position":"center center","background-size":"auto","background-attachment":"scroll","background-type":"","background-media":"","overlay-type":"","overlay-color":"","overlay-opacity":"","overlay-gradient":""}},"ast-content-background-meta":{"desktop":{"background-color":"var(--ast-global-color-4)","background-image":"","background-repeat":"repeat","background-position":"center center","background-size":"auto","background-attachment":"scroll","background-type":"","background-media":"","overlay-type":"","overlay-color":"","overlay-opacity":"","overlay-gradient":""},"tablet":{"background-color":"var(--ast-global-color-4)","background-image":"","background-repeat":"repeat","background-position":"center center","background-size":"auto","background-attachment":"scroll","background-type":"","background-media":"","overlay-type":"","overlay-color":"","overlay-opacity":"","overlay-gradient":""},"mobile":{"background-color":"var(--ast-global-color-4)","background-image":"","background-repeat":"repeat","background-position":"center center","background-size":"auto","background-attachment":"scroll","background-type":"","background-media":"","overlay-type":"","overlay-color":"","overlay-opacity":"","overlay-gradient":""}}},"product_brand":[],"product_cat":[19],"product_tag":[22],"class_list":{"0":"post-986","1":"product","2":"type-product","3":"status-publish","4":"has-post-thumbnail","6":"product_cat-excise-bikes","7":"product_tag-exercise-bikes","8":"desktop-align-left","9":"tablet-align-left","10":"mobile-align-left","12":"first","13":"instock","14":"sale","15":"taxable","16":"shipping-taxable","17":"purchasable","18":"product-type-simple"},"_links":{"self":[{"href":"http:\/\/bestfitnessstore.com\/sv\/wp-json\/wp\/v2\/product\/986","targetHints":{"allow":["GET"]}}],"collection":[{"href":"http:\/\/bestfitnessstore.com\/sv\/wp-json\/wp\/v2\/product"}],"about":[{"href":"http:\/\/bestfitnessstore.com\/sv\/wp-json\/wp\/v2\/types\/product"}],"replies":[{"embeddable":true,"href":"http:\/\/bestfitnessstore.com\/sv\/wp-json\/wp\/v2\/comments?post=986"}],"wp:featuredmedia":[{"embeddable":true,"href":"http:\/\/bestfitnessstore.com\/sv\/wp-json\/wp\/v2\/media\/987"}],"wp:attachment":[{"href":"http:\/\/bestfitnessstore.com\/sv\/wp-json\/wp\/v2\/media?parent=986"}],"wp:term":[{"taxonomy":"product_brand","embeddable":true,"href":"http:\/\/bestfitnessstore.com\/sv\/wp-json\/wp\/v2\/product_brand?post=986"},{"taxonomy":"product_cat","embeddable":true,"href":"http:\/\/bestfitnessstore.com\/sv\/wp-json\/wp\/v2\/product_cat?post=986"},{"taxonomy":"product_tag","embeddable":true,"href":"http:\/\/bestfitnessstore.com\/sv\/wp-json\/wp\/v2\/product_tag?post=986"}],"curies":[{"name":"wp","href":"https:\/\/api.w.org\/{rel}","templated":true}]}}