{"id":980,"date":"2025-11-24T15:19:14","date_gmt":"2025-11-24T15:19:14","guid":{"rendered":"https:\/\/bestfitnessstore.com\/?post_type=product&#038;p=980"},"modified":"2025-11-24T15:25:20","modified_gmt":"2025-11-24T15:25:20","slug":"bekvam-och-ergonomisk-spirit-xbr55-liggcykel-ger-en-kvalitetscykel-varje-gang-dess-genomgaende-design-gor-det-latt-att-kliva-pa-och-kora-med-overdimensionerade-pedaler-en-sits-med-hog-densitet-och-ad","status":"publish","type":"product","link":"http:\/\/bestfitnessstore.com\/sv\/product\/comfortable-and-ergonomic-the-spirit-xbr55-recumbent-bike-delivers-a-quality-ride-every-time-its-step-through-design-makes-it-easy-to-get-on-and-go-with-oversized-pedals-a-high-density-seat-and-ad\/","title":{"rendered":"Spirit XBU55 Uppresningscykel"},"content":{"rendered":"<div class=\"product-attribute-container-desktop desktop-only\">\n<div class=\"additional-attributes-wrapper table-wrapper\">\n<h4>PRODUKTINFORMATION<\/h4>\n<div class=\"attributes-container\">\n<ul class=\"product-attributes-container\">\n<li><span class=\"specification-title\">F\u00f6rpackningens vikt (KG):\u00a0<\/span><span class=\"specification-data\">74.300003<\/span><\/li>\n<li><span class=\"specification-title\">Integration av appar:\u00a0<\/span><span class=\"specification-data\">KinoMap, SPIRIT+, Zwift<\/span><\/li>\n<li><span class=\"specification-title\">Bluetooth:\u00a0<\/span><span class=\"specification-data\">Ja<\/span><\/li>\n<li><span class=\"specification-title\">Transporthjul:\u00a0<\/span><span class=\"specification-data\">Ja<\/span><\/li>\n<li><span class=\"specification-title\">\u00d6vervakning av hj\u00e4rtfrekvens:\u00a0<\/span><span class=\"specification-data\">Inbyggda sensorer och Bluetooth<\/span><\/li>\n<li><span class=\"specification-title\">Inbyggda program:\u00a0<\/span><span class=\"specification-data\">Manuell, backe, fettf\u00f6rbr\u00e4nning, cardio, styrka, HIIT, fusion, tid, distans, kalorier, 2 anpassade, 4 hj\u00e4rtfrekvens<\/span><\/li>\n<li><span class=\"specification-title\">L\u00e5dans m\u00e5tt (LxBxH):\u00a0<\/span><span class=\"specification-data\">146 x 46 x 77,50 cm<\/span><\/li>\n<\/ul>\n<ul class=\"product-attributes-container\">\n<li><span class=\"specification-title\">Str\u00f6mf\u00f6rs\u00f6rjningsmetod:\u00a0<\/span><span class=\"specification-data\">Eln\u00e4t<\/span><\/li>\n<li><span class=\"specification-title\">H\u00e5llare f\u00f6r surfplatta:\u00a0<\/span><span class=\"specification-data\">Ja<\/span><\/li>\n<li><span class=\"specification-title\">Cykeltyp:\u00a0<\/span><span class=\"specification-data\">Liggande<\/span><\/li>\n<li><span class=\"specification-title\">Sv\u00e4nghjulets vikt (KG):\u00a0<\/span><span class=\"specification-data\">10<\/span><\/li>\n<li><span class=\"specification-title\">Maximal anv\u00e4ndarvikt (kg):\u00a0<\/span><span class=\"specification-data\">150,00 (kg)<\/span><\/li>\n<li><span class=\"specification-title\">Produktens m\u00e5tt (LxBxH):\u00a0<\/span><span class=\"specification-data\">144 x 75 x 144 cm<\/span><\/li>\n<\/ul>\n<\/div>\n<\/div>\n<\/div>\n<div class=\"product-features\">\n<h4>YTTERLIGARE FUNKTIONER<\/h4>\n<div class=\"more-container\">\n<div class=\"unshow-text\">\n<ul class=\"product-features-container\">\n<li><span class=\"specification-title\">Konsol:<\/span>\u00a0<span class=\"specification-data\">7,5\u2033 flerf\u00e4rgs-LCD, hj\u00e4rtkurva, lutningsbar\/sv\u00e4ngbar h\u00e5llare f\u00f6r surfplatta, justerbar fl\u00e4kt, Bluetooth-h\u00f6gtalare, USB-laddningsport<\/span><\/li>\n<li><span class=\"specification-title\">Hj\u00e4rtfrekvens:<\/span>\u00a0<span class=\"specification-data\">Kontakt och telemetrisk (5 kHz och Bluetooth), fuskrem ing\u00e5r ej<\/span><\/li>\n<li><span class=\"specification-title\">Motst\u00e5ndsniv\u00e5er:<\/span>\u00a0<span class=\"specification-data\">20 niv\u00e5er<\/span><\/li>\n<li><span class=\"specification-title\">Sv\u00e4nghjul:<\/span>\u00a0<span class=\"specification-data\">10 kg<\/span><\/li>\n<li><span class=\"specification-title\">S\u00e4tesryggens vinkel:<\/span>\u00a0<span class=\"specification-data\">Justerbar<\/span><\/li>\n<li><span class=\"specification-title\">Pedaler:<\/span>\u00a0<span class=\"specification-data\">\u00d6verdimensionerad och sj\u00e4lvbalanserande med snabbl\u00e5sningssystem<\/span><\/li>\n<li><span class=\"specification-title\">Sittplatser:<\/span>\u00a0<span class=\"specification-data\">Sits med h\u00f6g densitet och justerbar rygg i nylonmesh<\/span><\/li>\n<li><span class=\"specification-title\">Fj\u00e4rrkontrollens knappar:<\/span>\u00a0<span class=\"specification-data\">Motst\u00e5nd, sits styrmonterad<\/span><\/li>\n<li><span class=\"specification-title\">V\u00e4nligen notera:<\/span>\u00a0<span class=\"specification-data\">Tabletten ing\u00e5r inte<\/span><\/li>\n<\/ul>\n<\/div>\n<\/div>\n<\/div>\n<div class=\"product-warranty\">\n<h4>GARANTI<\/h4>\n<div class=\"text-container\"><strong>Hemmabruk:<\/strong>\u00a010 \u00e5r p\u00e5 motor, 3 \u00e5r p\u00e5 delar och 3 \u00e5r p\u00e5 arbete. Produkten ska anv\u00e4ndas\/f\u00f6rvaras i en l\u00e4mplig milj\u00f6 (platser med fuktig, ot\u00e4tad betong eller omr\u00e5den med konstant luftfl\u00f6de till externa omr\u00e5den klassas inte som l\u00e4mpliga).<\/div>\n<\/div>\n<div class=\"product-next-day\">\n<h4>EXPRESSLEVERANS<\/h4>\n<div class=\"text-container\">M\u00e5nga av v\u00e5ra produkter har expressleverans och leverans p\u00e5 utsatt datum, vilket inneb\u00e4r att du f\u00e5r din produkt levererad redan i morgon eller p\u00e5 ett datum som passar dig. Kontrollera leveransalternativen i kassan f\u00f6r att se tillg\u00e4ngligheten f\u00f6r din korg och ditt postnummer. Leveransvillkor g\u00e4ller.<\/div>\n<\/div>","protected":false},"excerpt":{"rendered":"<p>Den bekv\u00e4ma och ergonomiska Spirit XBR55 Recumbent Bike ger en kvalitetstur varje g\u00e5ng. Dess stegvisa design g\u00f6r det enkelt att kliva p\u00e5 och k\u00f6ra, med \u00f6verdimensionerade pedaler, en sits med h\u00f6g densitet och justerbar rygg i nylonn\u00e4t som garanterar komfort \u00e4ven under de l\u00e4ngsta tr\u00e4ningspassen. Konsolen har en 7,5\u201d flerf\u00e4rgad LCD-display som visar all viktig tr\u00e4ningsstatistik och m\u00e4tv\u00e4rden, inklusive din hj\u00e4rtfrekvens, som kan m\u00e4tas antingen genom att h\u00e5lla i de integrerade kontaktpunkterna p\u00e5 handtagen vid sidorna eller via ett Bluetooth-br\u00f6stband (ing\u00e5r ej). Det finns en m\u00e4ngd olika f\u00f6rinst\u00e4llda tr\u00e4ningsprogram att v\u00e4lja mellan, inklusive Manual, Hill, Fat Burn, Cardio, Strength, HIIT, Fusion, Time, Distance, Calories, 2 Custom och 4 Heart Rate. XBR55 kan ocks\u00e5 anslutas till n\u00e5gra ledande tr\u00e4ningsappar, som Zwift och Kinomap, plus Map My Fitness, Apple Health Kit och mycket mer via Spirit + App. Konsolen kompletteras med en inbyggd surfplatteh\u00e5llare ovanf\u00f6r sk\u00e4rmen som kan lutas och vridas, motst\u00e5ndsknappar med direkt\u00e5tkomst f\u00f6r att arbeta dig upp genom 20 motst\u00e5ndsniv\u00e5er, en justerbar kylfl\u00e4kt, en USB-laddningsport och integrerade Bluetooth-h\u00f6gtalare.<\/p>\n<div class=\"product-attribute-container-desktop desktop-only\">\n<div class=\"additional-attributes-wrapper table-wrapper\"><\/div>\n<\/div>","protected":false},"featured_media":981,"comment_status":"open","ping_status":"closed","template":"","meta":{"site-sidebar-layout":"default","site-content-layout":"","ast-site-content-layout":"default","site-content-style":"default","site-sidebar-style":"default","ast-global-header-display":"","ast-banner-title-visibility":"","ast-main-header-display":"","ast-hfb-above-header-display":"","ast-hfb-below-header-display":"","ast-hfb-mobile-header-display":"","site-post-title":"","ast-breadcrumbs-content":"","ast-featured-img":"","footer-sml-layout":"","theme-transparent-header-meta":"default","adv-header-id-meta":"","stick-header-meta":"","header-above-stick-meta":"","header-main-stick-meta":"","header-below-stick-meta":"","astra-migrate-meta-layouts":"set","ast-page-background-enabled":"default","ast-page-background-meta":{"desktop":{"background-color":"var(--ast-global-color-5)","background-image":"","background-repeat":"repeat","background-position":"center center","background-size":"auto","background-attachment":"scroll","background-type":"","background-media":"","overlay-type":"","overlay-color":"","overlay-opacity":"","overlay-gradient":""},"tablet":{"background-color":"","background-image":"","background-repeat":"repeat","background-position":"center center","background-size":"auto","background-attachment":"scroll","background-type":"","background-media":"","overlay-type":"","overlay-color":"","overlay-opacity":"","overlay-gradient":""},"mobile":{"background-color":"","background-image":"","background-repeat":"repeat","background-position":"center center","background-size":"auto","background-attachment":"scroll","background-type":"","background-media":"","overlay-type":"","overlay-color":"","overlay-opacity":"","overlay-gradient":""}},"ast-content-background-meta":{"desktop":{"background-color":"var(--ast-global-color-4)","background-image":"","background-repeat":"repeat","background-position":"center center","background-size":"auto","background-attachment":"scroll","background-type":"","background-media":"","overlay-type":"","overlay-color":"","overlay-opacity":"","overlay-gradient":""},"tablet":{"background-color":"var(--ast-global-color-4)","background-image":"","background-repeat":"repeat","background-position":"center center","background-size":"auto","background-attachment":"scroll","background-type":"","background-media":"","overlay-type":"","overlay-color":"","overlay-opacity":"","overlay-gradient":""},"mobile":{"background-color":"var(--ast-global-color-4)","background-image":"","background-repeat":"repeat","background-position":"center center","background-size":"auto","background-attachment":"scroll","background-type":"","background-media":"","overlay-type":"","overlay-color":"","overlay-opacity":"","overlay-gradient":""}}},"product_brand":[],"product_cat":[19],"product_tag":[22],"class_list":{"0":"post-980","1":"product","2":"type-product","3":"status-publish","4":"has-post-thumbnail","6":"product_cat-excise-bikes","7":"product_tag-exercise-bikes","8":"desktop-align-left","9":"tablet-align-left","10":"mobile-align-left","12":"first","13":"instock","14":"sale","15":"taxable","16":"shipping-taxable","17":"purchasable","18":"product-type-simple"},"_links":{"self":[{"href":"http:\/\/bestfitnessstore.com\/sv\/wp-json\/wp\/v2\/product\/980","targetHints":{"allow":["GET"]}}],"collection":[{"href":"http:\/\/bestfitnessstore.com\/sv\/wp-json\/wp\/v2\/product"}],"about":[{"href":"http:\/\/bestfitnessstore.com\/sv\/wp-json\/wp\/v2\/types\/product"}],"replies":[{"embeddable":true,"href":"http:\/\/bestfitnessstore.com\/sv\/wp-json\/wp\/v2\/comments?post=980"}],"wp:featuredmedia":[{"embeddable":true,"href":"http:\/\/bestfitnessstore.com\/sv\/wp-json\/wp\/v2\/media\/981"}],"wp:attachment":[{"href":"http:\/\/bestfitnessstore.com\/sv\/wp-json\/wp\/v2\/media?parent=980"}],"wp:term":[{"taxonomy":"product_brand","embeddable":true,"href":"http:\/\/bestfitnessstore.com\/sv\/wp-json\/wp\/v2\/product_brand?post=980"},{"taxonomy":"product_cat","embeddable":true,"href":"http:\/\/bestfitnessstore.com\/sv\/wp-json\/wp\/v2\/product_cat?post=980"},{"taxonomy":"product_tag","embeddable":true,"href":"http:\/\/bestfitnessstore.com\/sv\/wp-json\/wp\/v2\/product_tag?post=980"}],"curies":[{"name":"wp","href":"https:\/\/api.w.org\/{rel}","templated":true}]}}