{"id":960,"date":"2025-11-24T15:03:20","date_gmt":"2025-11-24T15:03:20","guid":{"rendered":"https:\/\/bestfitnessstore.com\/?post_type=product&#038;p=960"},"modified":"2025-11-24T15:03:20","modified_gmt":"2025-11-24T15:03:20","slug":"spirit-cu800-led-ledcykel-grafitgra","status":"publish","type":"product","link":"http:\/\/bestfitnessstore.com\/sv\/product\/spirit-cu800-led-upright-bike-graphite-grey\/","title":{"rendered":"Spirit CU800+ LED-st\u00e5ende cykel (grafitgr\u00e5)"},"content":{"rendered":"<div class=\"product-attribute-container-desktop desktop-only\">\n<div class=\"additional-attributes-wrapper table-wrapper\">\n<h4>PRODUKTINFORMATION<\/h4>\n<div class=\"attributes-container\">\n<ul class=\"product-attributes-container\">\n<li><span class=\"specification-title\">F\u00f6rpackningens vikt (KG):\u00a0<\/span><span class=\"specification-data\">57.400002<\/span><\/li>\n<li><span class=\"specification-title\">Str\u00f6mf\u00f6rs\u00f6rjningsmetod:\u00a0<\/span><span class=\"specification-data\">Sj\u00e4lvf\u00f6rs\u00f6rjande<\/span><\/li>\n<li><span class=\"specification-title\">H\u00e5llare f\u00f6r surfplatta:\u00a0<\/span><span class=\"specification-data\">Ja<\/span><\/li>\n<li><span class=\"specification-title\">Pedaler:\u00a0<\/span><span class=\"specification-data\">Standard, rem<\/span><\/li>\n<li><span class=\"specification-title\">Cykeltyp:\u00a0<\/span><span class=\"specification-data\">St\u00e5ende<\/span><\/li>\n<li><span class=\"specification-title\">Motst\u00e5ndssystem:\u00a0<\/span><span class=\"specification-data\">Brushless Generator<\/span><\/li>\n<li><span class=\"specification-title\">Maximal anv\u00e4ndarvikt (kg):\u00a0<\/span><span class=\"specification-data\">205,00 (kg)<\/span><\/li>\n<li><span class=\"specification-title\">Produktens m\u00e5tt (LxBxH):\u00a0<\/span><span class=\"specification-data\">123 x 65 x 146,50 cm<\/span><\/li>\n<\/ul>\n<ul class=\"product-attributes-container\">\n<li><span class=\"specification-title\">Produktens vikt (KG):\u00a0<\/span><span class=\"specification-data\">57<\/span><\/li>\n<li><span class=\"specification-title\">Integration av appar:\u00a0<\/span><span class=\"specification-data\">KinoMap, Zwift<\/span><\/li>\n<li><span class=\"specification-title\">Bluetooth:\u00a0<\/span><span class=\"specification-data\">Ja<\/span><\/li>\n<li><span class=\"specification-title\">Justerbarhet f\u00f6r ram:\u00a0<\/span><span class=\"specification-data\">Sadel fram\u00e5t och bak\u00e5t, sadel upp och ner<\/span><\/li>\n<li><span class=\"specification-title\">Transporthjul:\u00a0<\/span><span class=\"specification-data\">Ja<\/span><\/li>\n<li><span class=\"specification-title\">Sv\u00e4nghjulets vikt (KG):\u00a0<\/span><span class=\"specification-data\">14<\/span><\/li>\n<li><span class=\"specification-title\">Inbyggda program:\u00a0<\/span><span class=\"specification-data\">Manuell, backe,fettf\u00f6rbr\u00e4nning,cardio,HIIT,intervall,2 hj\u00e4rtfrekvenser,anpassad,Fit Test,konstant effekt<\/span><\/li>\n<\/ul>\n<\/div>\n<\/div>\n<\/div>\n<div class=\"product-features\">\n<h4>YTTERLIGARE FUNKTIONER<\/h4>\n<div class=\"more-container\">\n<div class=\"unshow-text\">\n<ul class=\"product-features-container\">\n<li><span class=\"specification-title\">Kraft:<\/span>\u00a0<span class=\"specification-data\">Generator<\/span><\/li>\n<li><span class=\"specification-title\">Konsol:<\/span>\u00a0<span class=\"specification-data\">Stor vit LED med f\u00e4rgsektioner, svart botten, meddelandef\u00f6nster med 18 tecken, niv\u00e5f\u00f6nster, RPM-f\u00f6nster<\/span><\/li>\n<li><span class=\"specification-title\">Bluetooth:<\/span>\u00a0<span class=\"specification-data\">Anslut till br\u00f6stb\u00e4lte\/app\/h\u00f6rlurar<\/span><\/li>\n<li><span class=\"specification-title\">USB-port:<\/span>\u00a0<span class=\"specification-data\">F\u00f6r laddning av enheten<\/span><\/li>\n<li><span class=\"specification-title\">Fan:<\/span>\u00a0<span class=\"specification-data\">H\u00e5ll dig sval under tr\u00e4ningspasset<\/span><\/li>\n<li><span class=\"specification-title\">Sv\u00e4nghjul:<\/span>\u00a0<span class=\"specification-data\">14 kg \/ 30,87 lbs<\/span><\/li>\n<li><span class=\"specification-title\">Motst\u00e5ndsniv\u00e5er:<\/span>\u00a0<span class=\"specification-data\">1-40<\/span><\/li>\n<li><span class=\"specification-title\">Drivlina:<\/span>\u00a0<span class=\"specification-data\">Poly-V-b\u00e4lte med sj\u00e4lvsp\u00e4nnare<\/span><\/li>\n<li><span class=\"specification-title\">Sittplats:<\/span>\u00a0<span class=\"specification-data\">D\u00e4mpad med dubbla fj\u00e4drar<\/span><\/li>\n<li><span class=\"specification-title\">Pedaler i \u00f6verdimensionerad storlek:<\/span>\u00a0<span class=\"specification-data\">Med snabbl\u00e5sningssystem<\/span><\/li>\n<\/ul>\n<\/div>\n<\/div>\n<\/div>\n<div class=\"product-warranty\">\n<h4>GARANTI<\/h4>\n<div class=\"text-container\"><strong>Hem &amp; l\u00e4tt \/ fullst\u00e4ndig kommersiell anv\u00e4ndning:<\/strong>\u00a03 \u00e5r f\u00f6r delar och arbete. Produkten ska anv\u00e4ndas\/f\u00f6rvaras i en l\u00e4mplig milj\u00f6 (platser med fuktig, ot\u00e4tad betong eller omr\u00e5den med konstant luftfl\u00f6de till externa omr\u00e5den klassas inte som l\u00e4mpliga).<\/div>\n<\/div>","protected":false},"excerpt":{"rendered":"<p>Spirit CU800+ LED Upright Bike har en kompakt ram med ett sv\u00e4nghjul p\u00e5 14 kg och en integrerad generator f\u00f6r smidig och j\u00e4mn cykling. \u00d6verdimensionerade fotpedaler med snabbl\u00e5sningssystem ser till att dina f\u00f6tter sitter s\u00e4kert, medan en vadderad ergonomisk sits med full justering ger extra komfort. 40 motst\u00e5ndsniv\u00e5er tillgodoser behoven hos alla anv\u00e4ndare, fr\u00e5n nyb\u00f6rjare till avancerade motion\u00e4rer. Med kontakt och tr\u00e5dl\u00f6s pulsm\u00e4tning kan du h\u00e5lla koll p\u00e5 hur h\u00e5rt du arbetar, vilket hj\u00e4lper dig att h\u00e5lla dig i din effektiva tr\u00e4ningszon. F\u00f6lj ditt tr\u00e4ningspass (Manual, Hill, Fat burn, Cardio, HIIT, Interval, 2 Heart Rate, Custom, Fit Test, Constant Power) p\u00e5 den ljusvita LED-konsolen med flera f\u00f6nster, byt ut br\u00f6stbandet\/appen och h\u00f6rlurarna. Konsolen har en USB-port f\u00f6r laddning av enheter, en tr\u00e4ningsfl\u00e4kt f\u00f6r att h\u00e5lla dig sval under tr\u00e4ningspassen och Bluetooth f\u00f6r anslutning av pulsband\/app och h\u00f6rlurar.<\/p>\n<div class=\"product-attribute-container-desktop desktop-only\">\n<div class=\"additional-attributes-wrapper table-wrapper\"><\/div>\n<\/div>","protected":false},"featured_media":963,"comment_status":"open","ping_status":"closed","template":"","meta":{"site-sidebar-layout":"default","site-content-layout":"","ast-site-content-layout":"default","site-content-style":"default","site-sidebar-style":"default","ast-global-header-display":"","ast-banner-title-visibility":"","ast-main-header-display":"","ast-hfb-above-header-display":"","ast-hfb-below-header-display":"","ast-hfb-mobile-header-display":"","site-post-title":"","ast-breadcrumbs-content":"","ast-featured-img":"","footer-sml-layout":"","theme-transparent-header-meta":"default","adv-header-id-meta":"","stick-header-meta":"","header-above-stick-meta":"","header-main-stick-meta":"","header-below-stick-meta":"","astra-migrate-meta-layouts":"set","ast-page-background-enabled":"default","ast-page-background-meta":{"desktop":{"background-color":"var(--ast-global-color-5)","background-image":"","background-repeat":"repeat","background-position":"center center","background-size":"auto","background-attachment":"scroll","background-type":"","background-media":"","overlay-type":"","overlay-color":"","overlay-opacity":"","overlay-gradient":""},"tablet":{"background-color":"","background-image":"","background-repeat":"repeat","background-position":"center center","background-size":"auto","background-attachment":"scroll","background-type":"","background-media":"","overlay-type":"","overlay-color":"","overlay-opacity":"","overlay-gradient":""},"mobile":{"background-color":"","background-image":"","background-repeat":"repeat","background-position":"center center","background-size":"auto","background-attachment":"scroll","background-type":"","background-media":"","overlay-type":"","overlay-color":"","overlay-opacity":"","overlay-gradient":""}},"ast-content-background-meta":{"desktop":{"background-color":"var(--ast-global-color-4)","background-image":"","background-repeat":"repeat","background-position":"center center","background-size":"auto","background-attachment":"scroll","background-type":"","background-media":"","overlay-type":"","overlay-color":"","overlay-opacity":"","overlay-gradient":""},"tablet":{"background-color":"var(--ast-global-color-4)","background-image":"","background-repeat":"repeat","background-position":"center center","background-size":"auto","background-attachment":"scroll","background-type":"","background-media":"","overlay-type":"","overlay-color":"","overlay-opacity":"","overlay-gradient":""},"mobile":{"background-color":"var(--ast-global-color-4)","background-image":"","background-repeat":"repeat","background-position":"center center","background-size":"auto","background-attachment":"scroll","background-type":"","background-media":"","overlay-type":"","overlay-color":"","overlay-opacity":"","overlay-gradient":""}}},"product_brand":[],"product_cat":[19],"product_tag":[22],"class_list":{"0":"post-960","1":"product","2":"type-product","3":"status-publish","4":"has-post-thumbnail","6":"product_cat-excise-bikes","7":"product_tag-exercise-bikes","8":"desktop-align-left","9":"tablet-align-left","10":"mobile-align-left","12":"first","13":"instock","14":"sale","15":"taxable","16":"shipping-taxable","17":"purchasable","18":"product-type-simple"},"_links":{"self":[{"href":"http:\/\/bestfitnessstore.com\/sv\/wp-json\/wp\/v2\/product\/960","targetHints":{"allow":["GET"]}}],"collection":[{"href":"http:\/\/bestfitnessstore.com\/sv\/wp-json\/wp\/v2\/product"}],"about":[{"href":"http:\/\/bestfitnessstore.com\/sv\/wp-json\/wp\/v2\/types\/product"}],"replies":[{"embeddable":true,"href":"http:\/\/bestfitnessstore.com\/sv\/wp-json\/wp\/v2\/comments?post=960"}],"wp:featuredmedia":[{"embeddable":true,"href":"http:\/\/bestfitnessstore.com\/sv\/wp-json\/wp\/v2\/media\/963"}],"wp:attachment":[{"href":"http:\/\/bestfitnessstore.com\/sv\/wp-json\/wp\/v2\/media?parent=960"}],"wp:term":[{"taxonomy":"product_brand","embeddable":true,"href":"http:\/\/bestfitnessstore.com\/sv\/wp-json\/wp\/v2\/product_brand?post=960"},{"taxonomy":"product_cat","embeddable":true,"href":"http:\/\/bestfitnessstore.com\/sv\/wp-json\/wp\/v2\/product_cat?post=960"},{"taxonomy":"product_tag","embeddable":true,"href":"http:\/\/bestfitnessstore.com\/sv\/wp-json\/wp\/v2\/product_tag?post=960"}],"curies":[{"name":"wp","href":"https:\/\/api.w.org\/{rel}","templated":true}]}}