{"id":647,"date":"2025-11-22T14:53:48","date_gmt":"2025-11-22T14:53:48","guid":{"rendered":"https:\/\/bestfitnessstore.com\/?post_type=product&#038;p=647"},"modified":"2025-11-22T14:53:48","modified_gmt":"2025-11-22T14:53:48","slug":"life-fitness-ic3-indoor-cycle","status":"publish","type":"product","link":"http:\/\/bestfitnessstore.com\/sv\/product\/life-fitness-ic3-indoor-cycle\/","title":{"rendered":"Life Fitness IC3 inomhuscykel"},"content":{"rendered":"<div class=\"product-attribute-container-desktop desktop-only\">\n<div class=\"additional-attributes-wrapper table-wrapper\">\n<h4>PRODUKTINFORMATION<\/h4>\n<div class=\"attributes-container\">\n<ul class=\"product-attributes-container\">\n<li><span class=\"specification-title\">F\u00f6rpackningens vikt (KG):\u00a0<\/span><span class=\"specification-data\">50.230000<\/span><\/li>\n<li><span class=\"specification-title\">Str\u00f6mf\u00f6rs\u00f6rjningsmetod:\u00a0<\/span><span class=\"specification-data\">Eln\u00e4t<\/span><\/li>\n<li><span class=\"specification-title\">Bluetooth:\u00a0<\/span><span class=\"specification-data\">Ja<\/span><\/li>\n<li><span class=\"specification-title\">Justerbarhet f\u00f6r ram:\u00a0<\/span><span class=\"specification-data\">Styrst\u00e5ng upp och ner, sadel fram\u00e5t och bak\u00e5t, sadel upp och ner<\/span><\/li>\n<li><span class=\"specification-title\">Transporthjul:\u00a0<\/span><span class=\"specification-data\">Ja<\/span><\/li>\n<li><span class=\"specification-title\">Maximal anv\u00e4ndarvikt (kg):\u00a0<\/span><span class=\"specification-data\">150,00 (kg)<\/span><\/li>\n<li><span class=\"specification-title\">L\u00e5dans m\u00e5tt (LxBxH):\u00a0<\/span><span class=\"specification-data\">126 x 26 x 97 cm<\/span><\/li>\n<\/ul>\n<ul class=\"product-attributes-container\">\n<li><span class=\"specification-title\">Produktens vikt (KG):\u00a0<\/span><span class=\"specification-data\">44<\/span><\/li>\n<li><span class=\"specification-title\">Integration av appar:\u00a0<\/span><span class=\"specification-data\">ICG, Zwift<\/span><\/li>\n<li><span class=\"specification-title\">Pedaler:\u00a0<\/span><span class=\"specification-data\">SPD-kl\u00e4mmor, t\u00e5skydd<\/span><\/li>\n<li><span class=\"specification-title\">Cykeltyp:\u00a0<\/span><span class=\"specification-data\">Racer<\/span><\/li>\n<li><span class=\"specification-title\">Motst\u00e5ndssystem:\u00a0<\/span><span class=\"specification-data\">Magnetisk<\/span><\/li>\n<li><span class=\"specification-title\">Produktens m\u00e5tt (LxBxH):\u00a0<\/span><span class=\"specification-data\">123 x 53 x 108 cm<\/span><\/li>\n<\/ul>\n<\/div>\n<\/div>\n<\/div>\n<div class=\"product-features\">\n<h4>YTTERLIGARE FUNKTIONER<\/h4>\n<div class=\"more-container\">\n<div class=\"unshow-text\">\n<ul class=\"product-features-container\">\n<li><span class=\"specification-title\">Effektm\u00e4tning:<\/span>\u00a0<span class=\"specification-data\">WattRate\u00ae effektm\u00e4tare (EN ISO 20957-10)<\/span><\/li>\n<li><span class=\"specification-title\">Dator:<\/span>\u00a0<span class=\"specification-data\">WattRate\u00ae LCD Computer<\/span><\/li>\n<li><span class=\"specification-title\">Str\u00f6mf\u00f6rs\u00f6rjning f\u00f6r dator:<\/span>\u00a0<span class=\"specification-data\">Two D-cell Batteries<\/span><\/li>\n<li><span class=\"specification-title\">Guide f\u00f6r tr\u00e4ningsintensitet:<\/span>\u00a0<span class=\"specification-data\">Coach By Color\u00ae (user)<\/span><\/li>\n<li><span class=\"specification-title\">Anslut teknik:<\/span>\u00a0<span class=\"specification-data\">Bluetooth\u00ae och ANT+\u2122<\/span><\/li>\n<li><span class=\"specification-title\">Sp\u00e5rning av tr\u00e4ningspass:<\/span>\u00a0<span class=\"specification-data\">ICG\u00ae tr\u00e4ningsapp och Apple Watch<\/span><\/li>\n<li><span class=\"specification-title\">\u00d6verf\u00f6ring av tr\u00e4ningsdata:<\/span>\u00a0<span class=\"specification-data\">Strava, Garmin via ICG\u00ae tr\u00e4ningsapp<\/span><\/li>\n<li><span class=\"specification-title\">Third Party App Connectivity:<\/span>\u00a0<span class=\"specification-data\">Zwift<\/span><\/li>\n<li><span class=\"specification-title\">Motst\u00e5ndssystem:<\/span>\u00a0<span class=\"specification-data\">Magnetisk<\/span><\/li>\n<li><span class=\"specification-title\">N\u00f6dstopp:<\/span>\u00a0<span class=\"specification-data\">Tryck (EN ISO 20957-10)<\/span><\/li>\n<li><span class=\"specification-title\">Sv\u00e4nghjul:<\/span>\u00a0<span class=\"specification-data\">Front, aluminium, evenly-weighted<\/span><\/li>\n<li><span class=\"specification-title\">Drivlina:<\/span>\u00a0<span class=\"specification-data\">Poly-V Belt<\/span><\/li>\n<li><span class=\"specification-title\">Drivlina Utv\u00e4xlingsf\u00f6rh\u00e5llande:<\/span>\u00a0<span class=\"specification-data\">1;8<\/span><\/li>\n<li><span class=\"specification-title\">F\u00e4rg p\u00e5 ram:<\/span>\u00a0<span class=\"specification-data\">Kolsvart<\/span><\/li>\n<li><span class=\"specification-title\">Material i ramen:<\/span>\u00a0<span class=\"specification-data\">St\u00e5l<\/span><\/li>\n<li><span class=\"specification-title\">H\u00f6ljen\/Gardiner:<\/span>\u00a0<span class=\"specification-data\">Drivetrain and resistance<\/span><\/li>\n<li><span class=\"specification-title\">Ramkonstruktion:<\/span>\u00a0<span class=\"specification-data\">Parallell<\/span><\/li>\n<li><span class=\"specification-title\">Justeringstyp:<\/span>\u00a0<span class=\"specification-data\">Dials and levers<\/span><\/li>\n<li><span class=\"specification-title\">Posts and Sliders:<\/span>\u00a0<span class=\"specification-data\">Black aluminium, pin-to-lock adjustment<\/span><\/li>\n<li><span class=\"specification-title\">Q-faktor:<\/span>\u00a0<span class=\"specification-data\">178mm \/ 7.0\u201d<\/span><\/li>\n<li><span class=\"specification-title\">Typ av vev:<\/span>\u00a0<span class=\"specification-data\">CrMo 170mm \/ 6.7\u201d<\/span><\/li>\n<li><span class=\"specification-title\">Typ av pedal:<\/span>\u00a0<span class=\"specification-data\">Dual-sided SPD and toe cage<\/span><\/li>\n<li><span class=\"specification-title\">Styrst\u00e5ng:<\/span>\u00a0<span class=\"specification-data\">Ergo-formad, multi-position, mjuk PVC<\/span><\/li>\n<li><span class=\"specification-title\">Sadel:<\/span>\u00a0<span class=\"specification-data\">Unisex vadderad sportsadel<\/span><\/li>\n<li><span class=\"specification-title\">Nivellerande f\u00f6tter:<\/span>\u00a0<span class=\"specification-data\">4<\/span><\/li>\n<\/ul>\n<\/div>\n<\/div>\n<\/div>\n<div class=\"product-warranty\">\n<h4>GARANTI<\/h4>\n<div class=\"text-container\"><strong>Hem &amp; l\u00e4tt \/ fullst\u00e4ndig kommersiell anv\u00e4ndning:<\/strong>\u00a05 years on frame, 3 years parts and labour, 6 months on cosmetic items<\/div>\n<\/div>\n<div class=\"product-next-day\">\n<h4>EXPRESSLEVERANS<\/h4>\n<div class=\"text-container\">M\u00e5nga av v\u00e5ra produkter har expressleverans och leverans p\u00e5 utsatt datum, vilket inneb\u00e4r att du f\u00e5r din produkt levererad redan i morgon eller p\u00e5 ett datum som passar dig. Kontrollera leveransalternativen i kassan f\u00f6r att se tillg\u00e4ngligheten f\u00f6r din korg och ditt postnummer. Leveransvillkor g\u00e4ller.<\/div>\n<\/div>","protected":false},"excerpt":{"rendered":"<p>Featuring stylistic and functional improvements over the previous model, the Life Fitness IC3 Indoor Cycle is an ideal addition to group or solo cycling sessions. The WattRate\u00ae LCD computer features a fully-integrated LCD screen with a permanent backlight function. An LED indicator located above the LCD display provides the user with the option to utilise the Coach By Color\u00ae function. With Coach By Color\u00ae, an indicator above the screen changes colour so the exerciser knows exactly how hard they\u2019re working. The screen displays a wealth of valuable training data such as watts, heart rate, rpms, exercise duration and resistance level. The computer uses its inbuilt technology to send ride data to external devices, applications and ICG\u00ae Connect via Bluetooth\u2122 or ANT+. Thanks to the fitted WattRate\u00ae Power Meter, the IC3 displays a precise measurement of the user\u2019s effort in watts. This precision is achieved by using the patented flywheel run down technology and while riding, a positioning sensor measures the resistance applied to the magnetic brake system. Resistance is adjusted by twisting a dial positioned in front of the rider. The ergo-formed, soft PVC handlebars are height-adjustable, and include dual water bottle holders, while the unisex padded sport saddle can be adjusted both vertically and horizontally. Other features on the IC3 include a Poly-V belt drivetrain, with a 1:8 gear ratio, a Q Factor of 178mm \/ 7.0\u201d, a CrMo 170mm \/ 6.7\u201d crank type, dual-sided SPD and toe-cage pedals and a stable steel frame.<\/p>\n<div class=\"product-attribute-container-desktop desktop-only\">\n<div class=\"additional-attributes-wrapper table-wrapper\"><\/div>\n<\/div>","protected":false},"featured_media":648,"comment_status":"open","ping_status":"closed","template":"","meta":{"site-sidebar-layout":"default","site-content-layout":"","ast-site-content-layout":"default","site-content-style":"default","site-sidebar-style":"default","ast-global-header-display":"","ast-banner-title-visibility":"","ast-main-header-display":"","ast-hfb-above-header-display":"","ast-hfb-below-header-display":"","ast-hfb-mobile-header-display":"","site-post-title":"","ast-breadcrumbs-content":"","ast-featured-img":"","footer-sml-layout":"","theme-transparent-header-meta":"default","adv-header-id-meta":"","stick-header-meta":"","header-above-stick-meta":"","header-main-stick-meta":"","header-below-stick-meta":"","astra-migrate-meta-layouts":"set","ast-page-background-enabled":"default","ast-page-background-meta":{"desktop":{"background-color":"var(--ast-global-color-5)","background-image":"","background-repeat":"repeat","background-position":"center center","background-size":"auto","background-attachment":"scroll","background-type":"","background-media":"","overlay-type":"","overlay-color":"","overlay-opacity":"","overlay-gradient":""},"tablet":{"background-color":"","background-image":"","background-repeat":"repeat","background-position":"center center","background-size":"auto","background-attachment":"scroll","background-type":"","background-media":"","overlay-type":"","overlay-color":"","overlay-opacity":"","overlay-gradient":""},"mobile":{"background-color":"","background-image":"","background-repeat":"repeat","background-position":"center center","background-size":"auto","background-attachment":"scroll","background-type":"","background-media":"","overlay-type":"","overlay-color":"","overlay-opacity":"","overlay-gradient":""}},"ast-content-background-meta":{"desktop":{"background-color":"var(--ast-global-color-4)","background-image":"","background-repeat":"repeat","background-position":"center center","background-size":"auto","background-attachment":"scroll","background-type":"","background-media":"","overlay-type":"","overlay-color":"","overlay-opacity":"","overlay-gradient":""},"tablet":{"background-color":"var(--ast-global-color-4)","background-image":"","background-repeat":"repeat","background-position":"center center","background-size":"auto","background-attachment":"scroll","background-type":"","background-media":"","overlay-type":"","overlay-color":"","overlay-opacity":"","overlay-gradient":""},"mobile":{"background-color":"var(--ast-global-color-4)","background-image":"","background-repeat":"repeat","background-position":"center center","background-size":"auto","background-attachment":"scroll","background-type":"","background-media":"","overlay-type":"","overlay-color":"","overlay-opacity":"","overlay-gradient":""}}},"product_brand":[],"product_cat":[19],"product_tag":[22],"class_list":{"0":"post-647","1":"product","2":"type-product","3":"status-publish","4":"has-post-thumbnail","6":"product_cat-excise-bikes","7":"product_tag-exercise-bikes","8":"desktop-align-left","9":"tablet-align-left","10":"mobile-align-left","12":"first","13":"instock","14":"sale","15":"taxable","16":"shipping-taxable","17":"purchasable","18":"product-type-simple"},"_links":{"self":[{"href":"http:\/\/bestfitnessstore.com\/sv\/wp-json\/wp\/v2\/product\/647","targetHints":{"allow":["GET"]}}],"collection":[{"href":"http:\/\/bestfitnessstore.com\/sv\/wp-json\/wp\/v2\/product"}],"about":[{"href":"http:\/\/bestfitnessstore.com\/sv\/wp-json\/wp\/v2\/types\/product"}],"replies":[{"embeddable":true,"href":"http:\/\/bestfitnessstore.com\/sv\/wp-json\/wp\/v2\/comments?post=647"}],"wp:featuredmedia":[{"embeddable":true,"href":"http:\/\/bestfitnessstore.com\/sv\/wp-json\/wp\/v2\/media\/648"}],"wp:attachment":[{"href":"http:\/\/bestfitnessstore.com\/sv\/wp-json\/wp\/v2\/media?parent=647"}],"wp:term":[{"taxonomy":"product_brand","embeddable":true,"href":"http:\/\/bestfitnessstore.com\/sv\/wp-json\/wp\/v2\/product_brand?post=647"},{"taxonomy":"product_cat","embeddable":true,"href":"http:\/\/bestfitnessstore.com\/sv\/wp-json\/wp\/v2\/product_cat?post=647"},{"taxonomy":"product_tag","embeddable":true,"href":"http:\/\/bestfitnessstore.com\/sv\/wp-json\/wp\/v2\/product_tag?post=647"}],"curies":[{"name":"wp","href":"https:\/\/api.w.org\/{rel}","templated":true}]}}